{"id":25,"date":"2023-10-10T12:14:11","date_gmt":"2023-10-10T16:14:11","guid":{"rendered":"https:\/\/site.ac-martinique.fr\/bibliotheque-ressources\/?post_type=product&#038;p=25"},"modified":"2024-08-18T11:30:38","modified_gmt":"2024-08-18T15:30:38","slug":"ben-le-koala","status":"publish","type":"product","link":"https:\/\/site.ac-martinique.fr\/bibliotheque-ressources\/produit\/ben-le-koala\/","title":{"rendered":"Ben le Koala"},"content":{"rendered":"<p>Ben le Koala est un petit personnage anim\u00e9 qui apprend les gestes du quotidien aux enfants de 2 \u00e0 6 ans, avec et sans handicap. Disponible sur une application mobile gratuite, ce petit koala accompagne les enfants dans leurs apprentissages du quotidien et vers l\u2019autonomie.<\/p>\n<p>Usages p\u00e9dagogiques :<\/p>\n<ul>\n<li>Apprendre les gestes simples d&rsquo;\u00e9ducation \u00e0 l&rsquo;hygi\u00e8ne et \u00e0 la sant\u00e9.<\/li>\n<\/ul>\n","protected":false},"excerpt":{"rendered":"<p>Ben le Koala est un petit personnage anim\u00e9 qui apprend les gestes du quotidien aux enfants de 2 \u00e0 6 ans, avec et sans handicap. <a class=\"continue-reading-link\" href=\"https:\/\/site.ac-martinique.fr\/bibliotheque-ressources\/produit\/ben-le-koala\/\"> Continue reading <span class=\"meta-nav\">&rarr; <\/span><\/a><\/p>\n","protected":false},"featured_media":58,"comment_status":"closed","ping_status":"closed","template":"","meta":[],"product_brand":[],"product_cat":[22],"product_tag":[],"class_list":{"0":"post-25","1":"product","2":"type-product","3":"status-publish","4":"has-post-thumbnail","6":"product_cat-maternelle","8":"first","9":"instock","10":"shipping-taxable","11":"product-type-simple"},"_links":{"self":[{"href":"https:\/\/site.ac-martinique.fr\/bibliotheque-ressources\/wp-json\/wp\/v2\/product\/25","targetHints":{"allow":["GET"]}}],"collection":[{"href":"https:\/\/site.ac-martinique.fr\/bibliotheque-ressources\/wp-json\/wp\/v2\/product"}],"about":[{"href":"https:\/\/site.ac-martinique.fr\/bibliotheque-ressources\/wp-json\/wp\/v2\/types\/product"}],"replies":[{"embeddable":true,"href":"https:\/\/site.ac-martinique.fr\/bibliotheque-ressources\/wp-json\/wp\/v2\/comments?post=25"}],"wp:featuredmedia":[{"embeddable":true,"href":"https:\/\/site.ac-martinique.fr\/bibliotheque-ressources\/wp-json\/wp\/v2\/media\/58"}],"wp:attachment":[{"href":"https:\/\/site.ac-martinique.fr\/bibliotheque-ressources\/wp-json\/wp\/v2\/media?parent=25"}],"wp:term":[{"taxonomy":"product_brand","embeddable":true,"href":"https:\/\/site.ac-martinique.fr\/bibliotheque-ressources\/wp-json\/wp\/v2\/product_brand?post=25"},{"taxonomy":"product_cat","embeddable":true,"href":"https:\/\/site.ac-martinique.fr\/bibliotheque-ressources\/wp-json\/wp\/v2\/product_cat?post=25"},{"taxonomy":"product_tag","embeddable":true,"href":"https:\/\/site.ac-martinique.fr\/bibliotheque-ressources\/wp-json\/wp\/v2\/product_tag?post=25"}],"curies":[{"name":"wp","href":"https:\/\/api.w.org\/{rel}","templated":true}]}}