{"id":38,"date":"2023-10-11T08:13:51","date_gmt":"2023-10-11T12:13:51","guid":{"rendered":"https:\/\/site.ac-martinique.fr\/bibliotheque-ressources\/?post_type=product&#038;p=38"},"modified":"2024-08-19T03:02:21","modified_gmt":"2024-08-19T07:02:21","slug":"captain-kelly","status":"publish","type":"product","link":"https:\/\/site.ac-martinique.fr\/bibliotheque-ressources\/produit\/captain-kelly\/","title":{"rendered":"Captain Kelly"},"content":{"rendered":"<p>Captain Kelly est un assistant vocal pour l\u2019apprentissage de l\u2019anglais \u00e0 l\u2019\u00e9cole \u00e9l\u00e9mentaire. Cette ressource permet de travailler les connaissances lexicales et syntaxiques des \u00e9l\u00e8ves et d\u00e9velopper leur compr\u00e9hension orale ainsi que leur prononciation en anglais. Captain Kelly s&rsquo;inscrit en coh\u00e9rence avec le Plan langues vivantes.<\/p>\n","protected":false},"excerpt":{"rendered":"<p>Captain Kelly est un assistant vocal pour l\u2019apprentissage de l\u2019anglais \u00e0 l\u2019\u00e9cole \u00e9l\u00e9mentaire. <a class=\"continue-reading-link\" href=\"https:\/\/site.ac-martinique.fr\/bibliotheque-ressources\/produit\/captain-kelly\/\"> Continue reading <span class=\"meta-nav\">&rarr; <\/span><\/a><\/p>\n","protected":false},"featured_media":57,"comment_status":"closed","ping_status":"closed","template":"","meta":[],"product_brand":[],"product_cat":[23],"product_tag":[46,45,47],"class_list":{"0":"post-38","1":"product","2":"type-product","3":"status-publish","4":"has-post-thumbnail","6":"product_cat-ecole","7":"product_tag-ia","8":"product_tag-intelligence-artificielle","9":"product_tag-interaction-orale","11":"first","12":"instock","13":"downloadable","14":"shipping-taxable","15":"product-type-simple"},"_links":{"self":[{"href":"https:\/\/site.ac-martinique.fr\/bibliotheque-ressources\/wp-json\/wp\/v2\/product\/38","targetHints":{"allow":["GET"]}}],"collection":[{"href":"https:\/\/site.ac-martinique.fr\/bibliotheque-ressources\/wp-json\/wp\/v2\/product"}],"about":[{"href":"https:\/\/site.ac-martinique.fr\/bibliotheque-ressources\/wp-json\/wp\/v2\/types\/product"}],"replies":[{"embeddable":true,"href":"https:\/\/site.ac-martinique.fr\/bibliotheque-ressources\/wp-json\/wp\/v2\/comments?post=38"}],"wp:featuredmedia":[{"embeddable":true,"href":"https:\/\/site.ac-martinique.fr\/bibliotheque-ressources\/wp-json\/wp\/v2\/media\/57"}],"wp:attachment":[{"href":"https:\/\/site.ac-martinique.fr\/bibliotheque-ressources\/wp-json\/wp\/v2\/media?parent=38"}],"wp:term":[{"taxonomy":"product_brand","embeddable":true,"href":"https:\/\/site.ac-martinique.fr\/bibliotheque-ressources\/wp-json\/wp\/v2\/product_brand?post=38"},{"taxonomy":"product_cat","embeddable":true,"href":"https:\/\/site.ac-martinique.fr\/bibliotheque-ressources\/wp-json\/wp\/v2\/product_cat?post=38"},{"taxonomy":"product_tag","embeddable":true,"href":"https:\/\/site.ac-martinique.fr\/bibliotheque-ressources\/wp-json\/wp\/v2\/product_tag?post=38"}],"curies":[{"name":"wp","href":"https:\/\/api.w.org\/{rel}","templated":true}]}}