{"id":60,"date":"2024-09-10T14:53:31","date_gmt":"2024-09-10T18:53:31","guid":{"rendered":"https:\/\/site.ac-martinique.fr\/bibliotheque-ressources\/?post_type=product&#038;p=60"},"modified":"2024-09-10T15:07:34","modified_gmt":"2024-09-10T19:07:34","slug":"musicscool","status":"publish","type":"product","link":"https:\/\/site.ac-martinique.fr\/bibliotheque-ressources\/produit\/musicscool\/","title":{"rendered":"Music\u2019S\u2019Cool"},"content":{"rendered":"<p>Music\u2019S\u2019Cool est une application d\u00e9di\u00e9e \u00e0 l\u2019apprentissage de la musique, d\u00e9velopp\u00e9e par la soci\u00e9t\u00e9 Intuitive Instruments. Elle s\u2019appuie sur un clavier hexagonal innovant et intuitif, une nouvelle disposition des notes dans l\u2019espace qui offre un acc\u00e8s visuel et ergonomique aux concepts harmoniques.<\/p>\n<p>Gr\u00e2ce \u00e0 un syst\u00e8me de guide lumineux sous les touches servant de guide, un algorithme d\u2019\u00e9valuation du suivi d\u2019une partition interactive, et un r\u00e9pertoire de contenus num\u00e9riques musicaux et p\u00e9dagogiques (fiches projet), Music\u2019S\u2019Cool permet de r\u00e9aliser des projets musicaux d\u2019interpr\u00e9tation ou de cr\u00e9ation et d\u2019\u00e9couter, comparer et construire une culture musicale, de fa\u00e7on individuelle ou par petits groupes d\u2019\u00e9l\u00e8ves.<\/p>\n","protected":false},"excerpt":{"rendered":"<p>Music\u2019S\u2019Cool est une application d\u00e9di\u00e9e \u00e0 l\u2019apprentissage de la musique, d\u00e9velopp\u00e9e par la soci\u00e9t\u00e9 Intuitive Instruments. Elle s\u2019appuie sur un clavier hexagonal innovant et intuitif, une nouvelle disposition des notes dans l\u2019espace qui offre un acc\u00e8s visuel et ergonomique aux concepts harmoniques. <a class=\"continue-reading-link\" href=\"https:\/\/site.ac-martinique.fr\/bibliotheque-ressources\/produit\/musicscool\/\"> Continue reading <span class=\"meta-nav\">&rarr; <\/span><\/a><\/p>\n","protected":false},"featured_media":61,"comment_status":"closed","ping_status":"closed","template":"","meta":[],"product_brand":[],"product_cat":[24,25],"product_tag":[51,53,54,49,50,48,52],"class_list":{"0":"post-60","1":"product","2":"type-product","3":"status-publish","4":"has-post-thumbnail","6":"product_cat-college","7":"product_cat-lycee","8":"product_tag-accelerateur-dapprentissage","9":"product_tag-bibliotheque-de-sons","10":"product_tag-clavier","11":"product_tag-dualo","12":"product_tag-exquis","13":"product_tag-musique","14":"product_tag-notions-de-bases-de-lharmonie","16":"first","17":"instock","18":"shipping-taxable","19":"product-type-simple"},"_links":{"self":[{"href":"https:\/\/site.ac-martinique.fr\/bibliotheque-ressources\/wp-json\/wp\/v2\/product\/60","targetHints":{"allow":["GET"]}}],"collection":[{"href":"https:\/\/site.ac-martinique.fr\/bibliotheque-ressources\/wp-json\/wp\/v2\/product"}],"about":[{"href":"https:\/\/site.ac-martinique.fr\/bibliotheque-ressources\/wp-json\/wp\/v2\/types\/product"}],"replies":[{"embeddable":true,"href":"https:\/\/site.ac-martinique.fr\/bibliotheque-ressources\/wp-json\/wp\/v2\/comments?post=60"}],"wp:featuredmedia":[{"embeddable":true,"href":"https:\/\/site.ac-martinique.fr\/bibliotheque-ressources\/wp-json\/wp\/v2\/media\/61"}],"wp:attachment":[{"href":"https:\/\/site.ac-martinique.fr\/bibliotheque-ressources\/wp-json\/wp\/v2\/media?parent=60"}],"wp:term":[{"taxonomy":"product_brand","embeddable":true,"href":"https:\/\/site.ac-martinique.fr\/bibliotheque-ressources\/wp-json\/wp\/v2\/product_brand?post=60"},{"taxonomy":"product_cat","embeddable":true,"href":"https:\/\/site.ac-martinique.fr\/bibliotheque-ressources\/wp-json\/wp\/v2\/product_cat?post=60"},{"taxonomy":"product_tag","embeddable":true,"href":"https:\/\/site.ac-martinique.fr\/bibliotheque-ressources\/wp-json\/wp\/v2\/product_tag?post=60"}],"curies":[{"name":"wp","href":"https:\/\/api.w.org\/{rel}","templated":true}]}}