{"id":63,"date":"2024-09-10T15:50:40","date_gmt":"2024-09-10T19:50:40","guid":{"rendered":"https:\/\/site.ac-martinique.fr\/bibliotheque-ressources\/?post_type=product&#038;p=63"},"modified":"2024-09-12T12:06:54","modified_gmt":"2024-09-12T16:06:54","slug":"63","status":"publish","type":"product","link":"https:\/\/site.ac-martinique.fr\/bibliotheque-ressources\/produit\/63\/","title":{"rendered":"ELEDA"},"content":{"rendered":"<p>Eleda est une solution num\u00e9rique sp\u00e9cialis\u00e9e dans l&rsquo;apprentissage des math\u00e9matiques. Les \u00e9l\u00e8ves peuvent s&rsquo;exercer sans limite jusqu&rsquo;\u00e0 l&rsquo;acquisition des automatismes et des comp\u00e9tences vis\u00e9es en mode connect\u00e9 ou non connect\u00e9. Eleda est d\u00e9velopp\u00e9e par l\u2019entreprise KDetude.<\/p>\n<p>Eleda offre des activit\u00e9s p\u00e9dagogiques randomis\u00e9es et des r\u00e9troactions personnalis\u00e9es d\u00e9velopp\u00e9es par des enseignants en math\u00e9matiques pour les \u00e9l\u00e8ves du CP \u00e0 la Terminale.<\/p>\n<p>Toutes les activit\u00e9s de la plate-forme sont imm\u00e9diatement utilisables et facilement adaptables par les enseignants gr\u00e2ce \u00e0 notre langage No-Code.<\/p>\n<p>Les enseignants suivent \u00e9galement l&rsquo;\u00e9volution de leurs \u00e9l\u00e8ves gr\u00e2ce \u00e0 des tableaux de bord leur permettent d\u2019identifier les lacunes et les acquis de la classe.<\/p>\n","protected":false},"excerpt":{"rendered":"<p>Eleda offre des activit\u00e9s p\u00e9dagogiques randomis\u00e9es et des r\u00e9troactions personnalis\u00e9es d\u00e9velopp\u00e9es par des enseignants en math\u00e9matiques pour les \u00e9l\u00e8ves du CP \u00e0 la Terminale. <a class=\"continue-reading-link\" href=\"https:\/\/site.ac-martinique.fr\/bibliotheque-ressources\/produit\/63\/\"> Continue reading <span class=\"meta-nav\">&rarr; <\/span><\/a><\/p>\n","protected":false},"featured_media":64,"comment_status":"closed","ping_status":"closed","template":"","meta":[],"product_brand":[],"product_cat":[24,23,25],"product_tag":[60,57,62,63,55,64,61,58,56,59],"class_list":{"0":"post-63","1":"product","2":"type-product","3":"status-publish","4":"has-post-thumbnail","6":"product_cat-college","7":"product_cat-ecole","8":"product_cat-lycee","9":"product_tag-activites","10":"product_tag-automatismes","11":"product_tag-colleges","12":"product_tag-lycees","13":"product_tag-mathematiques","14":"product_tag-no-code","15":"product_tag-primaire","16":"product_tag-randomisation","17":"product_tag-retroactions-personnalisees","18":"product_tag-suivi","20":"first","21":"instock","22":"shipping-taxable","23":"product-type-simple"},"_links":{"self":[{"href":"https:\/\/site.ac-martinique.fr\/bibliotheque-ressources\/wp-json\/wp\/v2\/product\/63","targetHints":{"allow":["GET"]}}],"collection":[{"href":"https:\/\/site.ac-martinique.fr\/bibliotheque-ressources\/wp-json\/wp\/v2\/product"}],"about":[{"href":"https:\/\/site.ac-martinique.fr\/bibliotheque-ressources\/wp-json\/wp\/v2\/types\/product"}],"replies":[{"embeddable":true,"href":"https:\/\/site.ac-martinique.fr\/bibliotheque-ressources\/wp-json\/wp\/v2\/comments?post=63"}],"wp:featuredmedia":[{"embeddable":true,"href":"https:\/\/site.ac-martinique.fr\/bibliotheque-ressources\/wp-json\/wp\/v2\/media\/64"}],"wp:attachment":[{"href":"https:\/\/site.ac-martinique.fr\/bibliotheque-ressources\/wp-json\/wp\/v2\/media?parent=63"}],"wp:term":[{"taxonomy":"product_brand","embeddable":true,"href":"https:\/\/site.ac-martinique.fr\/bibliotheque-ressources\/wp-json\/wp\/v2\/product_brand?post=63"},{"taxonomy":"product_cat","embeddable":true,"href":"https:\/\/site.ac-martinique.fr\/bibliotheque-ressources\/wp-json\/wp\/v2\/product_cat?post=63"},{"taxonomy":"product_tag","embeddable":true,"href":"https:\/\/site.ac-martinique.fr\/bibliotheque-ressources\/wp-json\/wp\/v2\/product_tag?post=63"}],"curies":[{"name":"wp","href":"https:\/\/api.w.org\/{rel}","templated":true}]}}