{"id":13,"date":"2011-05-21T15:07:12","date_gmt":"2011-05-21T19:07:12","guid":{"rendered":"http:\/\/cms.ac-martinique.fr\/structure\/cardie\/?page_id=13"},"modified":"2018-10-12T15:18:51","modified_gmt":"2018-10-12T15:18:51","slug":"presentation","status":"publish","type":"page","link":"https:\/\/site.ac-martinique.fr\/cardie\/?page_id=13","title":{"rendered":"Pr\u00e9sentation"},"content":{"rendered":"<p style=\"text-align: justify\">\n<div><\/div>\n<p style=\"text-align: justify\"><span style=\"font-family: helvetica\"><strong><a href=\"\/cardie\/wp-content\/uploads\/sites\/8\/2011\/05\/Posts1.jpg\"><\/a>Lettre du CARDIE de Martinique.<\/strong><\/span><\/p>\n<p>Le champ de l\u2019Innovation et de l\u2019Exp\u00e9rimentation va conna\u00eetre une impulsion nouvelle au cours de cette ann\u00e9e scolaire 2015-2016. Des orientations nationales ont \u00e9t\u00e9 fix\u00e9es ; elles seront relay\u00e9es et d\u00e9clin\u00e9es au niveau acad\u00e9mique; toujours dans un but fondamental: favoriser la r\u00e9ussite des \u00e9l\u00e8ves, en am\u00e9liorant la capacit\u00e9 et le plaisir d\u2019apprendre.<\/p>\n<p>En 2015 dans l\u2019acad\u00e9mie de Martinique, les axes de travail suivants seront particuli\u00e8rement relay\u00e9s :<\/p>\n<p>-Les initiatives prises en lien avec la r\u00e9forme du coll\u00e8ge,<\/p>\n<p>-Une visibilit\u00e9 plus forte des actions du 1er degr\u00e9, en particulier li\u00e9es \u00e0 la scolarisation des \u00e9l\u00e8ves de moins de 3 ans et l\u2019organisation des contenus p\u00e9dagogiques de la semaine scolaire dans le cadre des nouveaux rythmes scolaires),<\/p>\n<p>-Les actions de pratique partag\u00e9e entre \u00e9l\u00e8ves ordinaires et \u00e9l\u00e8ves en situation d\u2019inaptitude ou de handicap,<\/p>\n<p>-L\u2019innovation p\u00e9dagogique dans les R\u00e9seaux d\u2019Education Prioritaire,<\/p>\n<p>-Le d\u00e9crochage scolaire et plus particuli\u00e8rement la pr\u00e9vention,<\/p>\n<p>-Le pilotage innovant des EPLE par les chefs d\u2019\u00e9tablissement (emploi de la DHG, num\u00e9rique \u00e9ducatif\u2026),<\/p>\n<p>-Une diffusion \u00e9largie des pratiques prometteuses de l\u2019enseignement professionnel.<\/p>\n<p>Afin que les initiatives lab\u00e9lis\u00e9es CARDIE soient connues et valoris\u00e9es, des r\u00e9seaux professionnels de diffusion sont \u00e0 disposition. Ils peuvent constituer autant de sources de documentation et d\u2019information :<\/p>\n<p>VIAEDUC (r\u00e9seau social des professionnels de l\u2019\u00e9ducation o\u00f9 les contributeurs partagent leurs ressources) et EXPERITHEQUE (Biblioth\u00e8que nationale des innovations et des exp\u00e9rimentations p\u00e9dagogiques).<\/p>\n<p>OSER exp\u00e9rimenter OSER innover, s\u2019ENGAGER seul ou \u00e0 plusieurs dans une d\u00e9marche nouvelle de pr\u00e9sentation des contenus d\u2019enseignement est de nature \u00e0 favoriser l\u2019\u00e9panouissement des enseignants au travers la construction de nouveaux gestes professionnels.<\/p>\n<p>La Cellule Acad\u00e9mique en Recherche Innovation Exp\u00e9rimentation en s\u2019appuyant sur ses accompagnateurs CARDIE est pr\u00eate \u00e0 vous aider et vous conseiller.<\/p>\n<p>Beno\u00eet THIERY<\/p>\n<p><img loading=\"lazy\" decoding=\"async\" src=\"\/cardie\/wp-content\/uploads\/sites\/8\/2013\/10\/image004-300x224.jpg\" alt=\"\" width=\"291\" height=\"193\" \/>\u00a0\u00a0\u00a0\u00a0\u00a0\u00a0\u00a0\u00a0\u00a0\u00a0\u00a0\u00a0\u00a0\u00a0\u00a0\u00a0\u00a0\u00a0\u00a0\u00a0\u00a0\u00a0\u00a0\u00a0\u00a0\u00a0\u00a0\u00a0\u00a0<img loading=\"lazy\" decoding=\"async\" src=\"\/cardie\/wp-content\/uploads\/sites\/8\/2013\/10\/image003-e1382635000439-150x150.jpg\" alt=\"\" width=\"222\" height=\"193\" \/><\/p>\n<p><img loading=\"lazy\" decoding=\"async\" src=\"\/cardie\/wp-content\/uploads\/sites\/8\/2013\/10\/image005-e1382633967852-150x84.jpg\" alt=\"\" width=\"290\" height=\"169\" \/>\u00a0\u00a0\u00a0\u00a0\u00a0\u00a0\u00a0\u00a0\u00a0\u00a0\u00a0\u00a0\u00a0\u00a0\u00a0\u00a0\u00a0\u00a0\u00a0\u00a0\u00a0\u00a0\u00a0\u00a0\u00a0\u00a0\u00a0\u00a0\u00a0<img loading=\"lazy\" decoding=\"async\" src=\"\/cardie\/wp-content\/uploads\/sites\/8\/2013\/10\/image0021-e1382634749717-150x107.jpg\" alt=\"\" width=\"227\" height=\"154\" \/>\u00a0<em>Remise du prix de l\u2019innovation\u00a0 UNESCO\u00a0 \u00a0 \u00a0 \u00a0 \u00a0 \u00a0 \u00a0 \u00a0 \u00a0 \u00a0 \u00a0 \u00a0 \u00a0 \u00a0 Journ\u00e9e de l\u2019exp\u00e9rimentation<\/em><em>\u00a0\u00a0\u00a0\u00a0\u00a0 Paris- mars 2013\u00a0\u00a0\u00a0\u00a0\u00a0\u00a0\u00a0\u00a0\u00a0\u00a0\u00a0\u00a0\u00a0\u00a0\u00a0\u00a0\u00a0\u00a0\u00a0\u00a0\u00a0\u00a0\u00a0\u00a0\u00a0\u00a0\u00a0\u00a0\u00a0\u00a0\u00a0\u00a0\u00a0\u00a0\u00a0\u00a0\u00a0\u00a0\u00a0\u00a0\u00a0\u00a0\u00a0\u00a0\u00a0\u00a0\u00a0\u00a0\u00a0\u00a0\u00a0\u00a0\u00a0\u00a0\u00a0\u00a0\u00a0\u00a0\u00a0\u00a0\u00a0\u00a0\u00a0\u00a0\u00a0\u00a0\u00a0\u00a0\u00a0\u00a0\u00a0cours le matin, sport l\u2019apr\u00e8s-midi<\/em><\/p>\n<p>&nbsp;<\/p>\n","protected":false},"excerpt":{"rendered":"<p>Lettre du CARDIE de Martinique. Le champ de l\u2019Innovation et de l\u2019Exp\u00e9rimentation va conna\u00eetre une impulsion nouvelle au cours de cette ann\u00e9e scolaire 2015-2016. Des orientations nationales ont \u00e9t\u00e9 fix\u00e9es ; elles seront relay\u00e9es et d\u00e9clin\u00e9es au niveau acad\u00e9mique; toujours dans un but fondamental: favoriser la r\u00e9ussite des \u00e9l\u00e8ves, en&#8230; <a class=\"continue-reading-link\" href=\"https:\/\/site.ac-martinique.fr\/cardie\/?page_id=13\"> Continue reading <span class=\"meta-nav\">&rarr; <\/span><\/a><\/p>\n","protected":false},"author":11,"featured_media":0,"parent":11,"menu_order":0,"comment_status":"closed","ping_status":"closed","template":"","meta":{"footnotes":""},"class_list":["post-13","page","type-page","status-publish","hentry"],"_links":{"self":[{"href":"https:\/\/site.ac-martinique.fr\/cardie\/index.php?rest_route=\/wp\/v2\/pages\/13","targetHints":{"allow":["GET"]}}],"collection":[{"href":"https:\/\/site.ac-martinique.fr\/cardie\/index.php?rest_route=\/wp\/v2\/pages"}],"about":[{"href":"https:\/\/site.ac-martinique.fr\/cardie\/index.php?rest_route=\/wp\/v2\/types\/page"}],"author":[{"embeddable":true,"href":"https:\/\/site.ac-martinique.fr\/cardie\/index.php?rest_route=\/wp\/v2\/users\/11"}],"replies":[{"embeddable":true,"href":"https:\/\/site.ac-martinique.fr\/cardie\/index.php?rest_route=%2Fwp%2Fv2%2Fcomments&post=13"}],"version-history":[{"count":5,"href":"https:\/\/site.ac-martinique.fr\/cardie\/index.php?rest_route=\/wp\/v2\/pages\/13\/revisions"}],"predecessor-version":[{"id":2442,"href":"https:\/\/site.ac-martinique.fr\/cardie\/index.php?rest_route=\/wp\/v2\/pages\/13\/revisions\/2442"}],"up":[{"embeddable":true,"href":"https:\/\/site.ac-martinique.fr\/cardie\/index.php?rest_route=\/wp\/v2\/pages\/11"}],"wp:attachment":[{"href":"https:\/\/site.ac-martinique.fr\/cardie\/index.php?rest_route=%2Fwp%2Fv2%2Fmedia&parent=13"}],"curies":[{"name":"wp","href":"https:\/\/api.w.org\/{rel}","templated":true}]}}