{"id":18,"date":"2011-05-21T15:08:15","date_gmt":"2011-05-21T19:08:15","guid":{"rendered":"http:\/\/cms.ac-martinique.fr\/structure\/cardie\/?page_id=18"},"modified":"2021-12-11T01:51:39","modified_gmt":"2021-12-11T01:51:39","slug":"textes-officiels","status":"publish","type":"page","link":"https:\/\/site.ac-martinique.fr\/cardie\/?page_id=18","title":{"rendered":"Les textes officiels"},"content":{"rendered":"\n<p>Le recours \u00e0 l&#8217;exp\u00e9rimentation par les \u00e9tablissements autoris\u00e9 par l&#8217;article <a href=\"https:\/\/www.legifrance.gouv.fr\/codes\/article_lc\/LEGIARTI000038902381\/\" data-type=\"URL\" data-id=\"https:\/\/www.legifrance.gouv.fr\/codes\/article_lc\/LEGIARTI000038902381\/\" target=\"_blank\" rel=\"noreferrer noopener\">L. 401-1 du code de l&#8217;\u00e9ducation<\/a><\/p>\n\n\n<p><span style=\"background-color: #ffffff;\"><strong><a href=\"\/cardie\/wp-content\/uploads\/sites\/8\/2011\/05\/Posts.jpg\"><br \/><\/a>Les textes de r\u00e9f\u00e9rence sur l\u2019exp\u00e9rimentation<\/strong><\/span><\/p>\n<h2><span style=\"color: #ff0000;\"><strong>l\u2019article L. 401-1 du code de l\u2019\u00e9ducation <\/strong><span style=\"color: #000000;\">autorise\u00a0<\/span><\/span>recours \u00e0 l\u2019exp\u00e9rimentation par les \u00e9tablissements.<\/h2>\n<p>Art. L. 401-1. \u2013 Dans chaque \u00e9cole et \u00e9tablissement d&#8217;enseignement scolaire public, un projet d&#8217;\u00e9cole ou d&#8217;\u00e9tablissement est \u00e9labor\u00e9 avec les repr\u00e9sentants de la communaut\u00e9 \u00e9ducative.<\/p>\n<p>Le projet est adopt\u00e9, pour une dur\u00e9e comprise entre trois et cinq ans, par le conseil d&#8217;\u00e9cole ou le conseil d&#8217;administration, sur proposition de l&#8217;\u00e9quipe p\u00e9dagogique de l&#8217;\u00e9cole ou du conseil p\u00e9dagogique de l&#8217;\u00e9tablissement pour ce qui concerne sa partie p\u00e9dagogique. Le projet d&#8217;\u00e9cole ou d&#8217;\u00e9tablissement d\u00e9finit les modalit\u00e9s particuli\u00e8res de mise en \u0153uvre des objectifs et des programmes nationaux et pr\u00e9cise les activit\u00e9s scolaires et p\u00e9riscolaires qui y concourent. Il pr\u00e9cise les voies et moyens qui sont mis en \u0153uvre pour assurer la r\u00e9ussite de tous les \u00e9l\u00e8ves et pour associer les parents \u00e0 cette fin. Il d\u00e9termine \u00e9galement les modalit\u00e9s d&#8217;\u00e9valuation des r\u00e9sultats atteints.<\/p>\n<p><strong>Sous r\u00e9serve de l&#8217;autorisation pr\u00e9alable des autorit\u00e9s acad\u00e9miques, le projet d&#8217;\u00e9cole ou d&#8217;\u00e9tablissement peut pr\u00e9voir la r\u00e9alisation d&#8217;exp\u00e9rimentations, pour une dur\u00e9e maximum de cinq ans, portant sur<\/strong><\/p>\n<ul>\n<li>l&#8217;enseignement des disciplines<\/li>\n<li>l&#8217;interdisciplinarit\u00e9<\/li>\n<li>l&#8217;organisation p\u00e9dagogique de la classe, de l&#8217;\u00e9cole ou de l&#8217;\u00e9tablissement<\/li>\n<li>la coop\u00e9ration avec les partenaires du syst\u00e8me \u00e9ducatif, les \u00e9changes ou le jumelage avec des \u00e9tablissements \u00e9trangers d&#8217;enseignement scolaire.<\/li>\n<\/ul>\n<p>Ces exp\u00e9rimentations font l&#8217;objet d&#8217;une \u00e9valuation annuelle. Le Haut Conseil de l&#8217;\u00e9ducation \u00e9tablit chaque ann\u00e9e un bilan des exp\u00e9rimentations men\u00e9es en application du pr\u00e9sent article.<\/p>\n<p><a href=\"http:\/\/cache.media.education.gouv.fr\/file\/2013\/92\/3\/2013-057-Le-recours-a-l-experimentation-par-les-etablissements_277923.pdf\">Le rapport &#8211; n\u00b0 2013-057 ` Juillet 2013\u00a0de l&#8217;inspection g\u00e9n\u00e9rale<\/a><\/p>\n<p><a href=\"\/cardie\/wp-content\/uploads\/sites\/8\/2011\/05\/2013-057-Le-recours-a-l-experimentation-par-les-etablissements_277923.pdf\">2013-057-Le-recours-a-l-experimentation-par-les-etablissements_277923<\/a><\/p>\n<h3 class=\"header__title\"><a href=\"https:\/\/www.education.gouv.fr\/les-territoires-de-l-education-des-approches-nouvelles-des-enjeux-renouveles-education-formations-323741\">Les territoires de l\u2019\u00e9ducation : des approches nouvelles, des enjeux renouvel\u00e9s [\u00c9ducation &amp; formations n\u00b0 102]<\/a><\/h3>\n<p>\u00a0<\/p>\n\n\n<p><\/p>\n","protected":false},"excerpt":{"rendered":"<p>Le recours \u00e0 l&#8217;exp\u00e9rimentation par les \u00e9tablissements autoris\u00e9 par l&#8217;article L. 401-1 du code de l&#8217;\u00e9ducation Les textes de r\u00e9f\u00e9rence sur l\u2019exp\u00e9rimentation l\u2019article L. 401-1 du code de l\u2019\u00e9ducation autorise\u00a0recours \u00e0 l\u2019exp\u00e9rimentation par les \u00e9tablissements. Art. L. 401-1. \u2013 Dans chaque \u00e9cole et \u00e9tablissement d&#8217;enseignement scolaire public, un projet d&#8217;\u00e9cole&#8230; <a class=\"continue-reading-link\" href=\"https:\/\/site.ac-martinique.fr\/cardie\/?page_id=18\"> Continue reading <span class=\"meta-nav\">&rarr; <\/span><\/a><\/p>\n","protected":false},"author":11,"featured_media":0,"parent":11,"menu_order":0,"comment_status":"closed","ping_status":"closed","template":"","meta":{"footnotes":""},"class_list":["post-18","page","type-page","status-publish","hentry"],"_links":{"self":[{"href":"https:\/\/site.ac-martinique.fr\/cardie\/index.php?rest_route=\/wp\/v2\/pages\/18","targetHints":{"allow":["GET"]}}],"collection":[{"href":"https:\/\/site.ac-martinique.fr\/cardie\/index.php?rest_route=\/wp\/v2\/pages"}],"about":[{"href":"https:\/\/site.ac-martinique.fr\/cardie\/index.php?rest_route=\/wp\/v2\/types\/page"}],"author":[{"embeddable":true,"href":"https:\/\/site.ac-martinique.fr\/cardie\/index.php?rest_route=\/wp\/v2\/users\/11"}],"replies":[{"embeddable":true,"href":"https:\/\/site.ac-martinique.fr\/cardie\/index.php?rest_route=%2Fwp%2Fv2%2Fcomments&post=18"}],"version-history":[{"count":7,"href":"https:\/\/site.ac-martinique.fr\/cardie\/index.php?rest_route=\/wp\/v2\/pages\/18\/revisions"}],"predecessor-version":[{"id":2783,"href":"https:\/\/site.ac-martinique.fr\/cardie\/index.php?rest_route=\/wp\/v2\/pages\/18\/revisions\/2783"}],"up":[{"embeddable":true,"href":"https:\/\/site.ac-martinique.fr\/cardie\/index.php?rest_route=\/wp\/v2\/pages\/11"}],"wp:attachment":[{"href":"https:\/\/site.ac-martinique.fr\/cardie\/index.php?rest_route=%2Fwp%2Fv2%2Fmedia&parent=18"}],"curies":[{"name":"wp","href":"https:\/\/api.w.org\/{rel}","templated":true}]}}