{"id":2651,"date":"2021-06-06T21:01:36","date_gmt":"2021-06-06T21:01:36","guid":{"rendered":"https:\/\/site.ac-martinique.fr\/cardie\/?page_id=2651"},"modified":"2021-12-13T13:28:03","modified_gmt":"2021-12-13T13:28:03","slug":"accompagner-le-travail-de-leleve-dans-les-nouvelles-situations-dapprentissage","status":"publish","type":"page","link":"https:\/\/site.ac-martinique.fr\/cardie\/?page_id=2651","title":{"rendered":"Accompagner le travail de l\u2019\u00e9l\u00e8ve dans les nouvelles situations d\u2019apprentissage"},"content":{"rendered":"\n<p>\u00ab Accompagner le travail de l\u2019\u00e9l\u00e8ve dans les nouvelles situations d\u2019apprentissage \u00bb est un webinaire de deux demi-journ\u00e9es organis\u00e9es par l\u2019acad\u00e9mie de Martinique et visant \u00e0 alimenter la r\u00e9flexion sur la place \u00e0 donner au travail de l\u2019\u00e9l\u00e8ve dans un enseignement hybride articulant pr\u00e9sentiel et distanciel.&nbsp; <\/p>\n\n\n\n<figure class=\"wp-block-image size-large is-resized\"><a href=\"https:\/\/site.ac-martinique.fr\/cardie\/wp-content\/uploads\/sites\/8\/2021\/06\/Visuel-Webinaire-1415-juin-2021-2-1.gif\"><img loading=\"lazy\" decoding=\"async\" src=\"https:\/\/site.ac-martinique.fr\/cardie\/wp-content\/uploads\/sites\/8\/2021\/06\/Visuel-Webinaire-1415-juin-2021-2-1.gif\" alt=\"\" class=\"wp-image-2653\" width=\"670\" height=\"950\"\/><\/a><\/figure>\n\n\n\n<p>La crise sanitaire a impos\u00e9 \u00e0 tous la mise en place en urgence de nouvelles organisations p\u00e9dagogiques selon des modalit\u00e9s vari\u00e9es et parfois contrast\u00e9es. Un point d\u2019\u00e9tape s\u2019av\u00e8re donc n\u00e9cessaire pour repositionner quelques fondamentaux et tenir compte des retours d\u2019exp\u00e9riences afin d\u2019\u00eatre mieux pr\u00e9par\u00e9 \u00e0 l\u2019avenir.&nbsp;<\/p>\n\n\n\n<p>Que faut-il conserver de nos pratiques r\u00e9alis\u00e9es, que faut-il ne plus refaire ?&nbsp;<\/p>\n\n\n\n<p>Quelle place accorder au \u201ctravail personnel de l\u2019\u00e9l\u00e8ve\u201d ?&nbsp;<\/p>\n\n\n\n<p>En p\u00e9riode de confinement, comment articuler \u201ccontinuit\u00e9 \u00e9ducative\u201d et \u201ccontinuit\u00e9 p\u00e9dagogique\u201d, pr\u00e9sentiel et distanciel ?&nbsp;<\/p>\n\n\n\n<p>Comment fluidifier le travail de l\u2019\u00e9l\u00e8ve \u00ab dans la classe et hors la classe \u00bb ?&nbsp;<\/p>\n\n\n\n<p>Nous interrogerons \u00e9galement les nouvelles postures \u00e0 adopter et la place des interactions entre \u00e9l\u00e8ves et adultes pour accompagner efficacement les apprentissages dans des formes scolaires courantes ou nouvelles.&nbsp;<\/p>\n\n\n\n<p>La DRANE, la CARDIE et le directeur de la p\u00e9dagogie vous convient lundi 14 et mardi 15 juin 2021 \u00e0 six conf\u00e9rences, temps d\u2019\u00e9changes et t\u00e9moignages.<\/p>\n\n\n\n<p><\/p>\n\n\n\n<p><\/p>\n\n\n\n<p><\/p>\n\n\n\n<figure class=\"wp-block-image size-large\"><a href=\"https:\/\/site.ac-martinique.fr\/cardie\/wp-content\/uploads\/sites\/8\/2021\/06\/Conf-Bisson-Vaivre.png\"><img loading=\"lazy\" decoding=\"async\" width=\"1024\" height=\"576\" src=\"https:\/\/site.ac-martinique.fr\/cardie\/wp-content\/uploads\/sites\/8\/2021\/06\/Conf-Bisson-Vaivre-1024x576.png\" alt=\"\" class=\"wp-image-2655\" srcset=\"https:\/\/site.ac-martinique.fr\/cardie\/wp-content\/uploads\/sites\/8\/2021\/06\/Conf-Bisson-Vaivre-1024x576.png 1024w, https:\/\/site.ac-martinique.fr\/cardie\/wp-content\/uploads\/sites\/8\/2021\/06\/Conf-Bisson-Vaivre-300x169.png 300w, https:\/\/site.ac-martinique.fr\/cardie\/wp-content\/uploads\/sites\/8\/2021\/06\/Conf-Bisson-Vaivre-768x432.png 768w, https:\/\/site.ac-martinique.fr\/cardie\/wp-content\/uploads\/sites\/8\/2021\/06\/Conf-Bisson-Vaivre.png 1280w\" sizes=\"auto, (max-width: 1024px) 100vw, 1024px\" \/><\/a><\/figure>\n\n\n\n<p><strong>Prise en compte du travail personnel de l&#8217;\u00e9l\u00e8ve en situation de continuit\u00e9 p\u00e9dagogique<\/strong><\/p>\n\n\n\n<p><em>Intervenant :&nbsp;Claude BISSON-VAIVRE &#8211; @bisson_vaivre &#8211; Inspecteur g\u00e9n\u00e9ral de l&#8217;Education nationale honoraire &#8211; M\u00e9diateur de l&#8217;\u00e9ducation nationale.<\/em><\/p>\n\n\n\n<figure class=\"wp-block-embed is-type-wp-embed is-provider-peertube wp-block-embed-peertube\"><div class=\"wp-block-embed__wrapper\">\nhttps:\/\/tube-outremer.beta.education.fr\/videos\/watch\/932c40ed-6486-45c2-9d50-eaa7f7b83b98\n<\/div><\/figure>\n\n\n\n<div class=\"wp-block-group\"><div class=\"wp-block-group__inner-container is-layout-flow wp-block-group-is-layout-flow\">\n<div class=\"wp-block-columns is-layout-flex wp-container-core-columns-is-layout-abceabcf wp-block-columns-is-layout-flex\">\n<div class=\"wp-block-column is-layout-flow wp-block-column-is-layout-flow\" style=\"--col-width:100%;flex-basis:100%\">\n<div class=\"wp-block-group\"><div class=\"wp-block-group__inner-container is-layout-flow wp-block-group-is-layout-flow\">\n<figure class=\"wp-block-gallery columns-1 is-cropped wp-block-gallery-1 is-layout-flex wp-block-gallery-is-layout-flex\"><ul class=\"blocks-gallery-grid\"><li class=\"blocks-gallery-item\"><figure><a href=\"https:\/\/site.ac-martinique.fr\/cardie\/wp-content\/uploads\/sites\/8\/2021\/06\/Conf-Jean-Charles-CAILLIEZ.png\"><img loading=\"lazy\" decoding=\"async\" width=\"1024\" height=\"576\" src=\"https:\/\/site.ac-martinique.fr\/cardie\/wp-content\/uploads\/sites\/8\/2021\/06\/Conf-Jean-Charles-CAILLIEZ-1024x576.png\" alt=\"\" data-id=\"2659\" data-full-url=\"https:\/\/site.ac-martinique.fr\/cardie\/wp-content\/uploads\/sites\/8\/2021\/06\/Conf-Jean-Charles-CAILLIEZ.png\" data-link=\"https:\/\/site.ac-martinique.fr\/cardie\/?attachment_id=2659\" class=\"wp-image-2659\" srcset=\"https:\/\/site.ac-martinique.fr\/cardie\/wp-content\/uploads\/sites\/8\/2021\/06\/Conf-Jean-Charles-CAILLIEZ-1024x576.png 1024w, https:\/\/site.ac-martinique.fr\/cardie\/wp-content\/uploads\/sites\/8\/2021\/06\/Conf-Jean-Charles-CAILLIEZ-300x169.png 300w, https:\/\/site.ac-martinique.fr\/cardie\/wp-content\/uploads\/sites\/8\/2021\/06\/Conf-Jean-Charles-CAILLIEZ-768x432.png 768w, https:\/\/site.ac-martinique.fr\/cardie\/wp-content\/uploads\/sites\/8\/2021\/06\/Conf-Jean-Charles-CAILLIEZ.png 1280w\" sizes=\"auto, (max-width: 1024px) 100vw, 1024px\" \/><\/a><\/figure><\/li><\/ul><\/figure>\n<\/div><\/div>\n<\/div>\n<\/div>\n<\/div><\/div>\n\n\n\n<p><strong>La classe renvers\u00e9e en 100% distanciel\u00a0<\/strong><br><br><em>Intervenant :Jean-Charles CAILLIEZ &#8211; @JCCAILLEZ\u00a0&#8211;\u00a0Professeur de biologie cellulaire et mol\u00e9culaire.\u00a0Vice-pr\u00e9sident Innovation de l\u2019Universit\u00e9 catholique de Lille.<br><\/em><\/p>\n\n\n\n<figure class=\"wp-block-embed is-type-wp-embed is-provider-peertube wp-block-embed-peertube\"><div class=\"wp-block-embed__wrapper\">\nhttps:\/\/tube-outremer.beta.education.fr\/videos\/watch\/02b0c7c9-9cbb-4c37-8d6a-73a681d68485\n<\/div><\/figure>\n\n\n\n<figure class=\"wp-block-image size-large\"><a href=\"https:\/\/site.ac-martinique.fr\/cardie\/wp-content\/uploads\/sites\/8\/2021\/06\/Conf-Marie-SOULIE.png\"><img loading=\"lazy\" decoding=\"async\" width=\"1024\" height=\"576\" src=\"https:\/\/site.ac-martinique.fr\/cardie\/wp-content\/uploads\/sites\/8\/2021\/06\/Conf-Marie-SOULIE-1024x576.png\" alt=\"\" class=\"wp-image-2658\" srcset=\"https:\/\/site.ac-martinique.fr\/cardie\/wp-content\/uploads\/sites\/8\/2021\/06\/Conf-Marie-SOULIE-1024x576.png 1024w, https:\/\/site.ac-martinique.fr\/cardie\/wp-content\/uploads\/sites\/8\/2021\/06\/Conf-Marie-SOULIE-300x169.png 300w, https:\/\/site.ac-martinique.fr\/cardie\/wp-content\/uploads\/sites\/8\/2021\/06\/Conf-Marie-SOULIE-768x432.png 768w, https:\/\/site.ac-martinique.fr\/cardie\/wp-content\/uploads\/sites\/8\/2021\/06\/Conf-Marie-SOULIE.png 1280w\" sizes=\"auto, (max-width: 1024px) 100vw, 1024px\" \/><\/a><\/figure>\n\n\n\n<p><strong>Changer de posture pour s\u2019adapter aux changements de l\u2019\u00e9cole\u00a0<\/strong><em>Intervenant : Marie SOULIE &#8211; @marie34 &#8211;\u00a0Professeure de fran\u00e7ais au coll\u00e8ge Daniel Argote d\u2019Orthez, interlocutrice acad\u00e9mique au num\u00e9rique (IAN) en Lettres pour l\u2019acad\u00e9mie de Bordeaux.<\/em><\/p>\n\n\n\n<figure class=\"wp-block-embed is-type-wp-embed is-provider-peertube wp-block-embed-peertube\"><div class=\"wp-block-embed__wrapper\">\nhttps:\/\/tube-outremer.beta.education.fr\/videos\/watch\/d52da4d0-736a-467c-912c-75f572b99fae\n<\/div><\/figure>\n\n\n\n<figure class=\"wp-block-image size-large\"><a href=\"https:\/\/site.ac-martinique.fr\/cardie\/wp-content\/uploads\/sites\/8\/2021\/06\/Conf-Sylvain-CONNAC.png\"><img loading=\"lazy\" decoding=\"async\" width=\"1024\" height=\"576\" src=\"https:\/\/site.ac-martinique.fr\/cardie\/wp-content\/uploads\/sites\/8\/2021\/06\/Conf-Sylvain-CONNAC-1024x576.png\" alt=\"\" class=\"wp-image-2656\" srcset=\"https:\/\/site.ac-martinique.fr\/cardie\/wp-content\/uploads\/sites\/8\/2021\/06\/Conf-Sylvain-CONNAC-1024x576.png 1024w, https:\/\/site.ac-martinique.fr\/cardie\/wp-content\/uploads\/sites\/8\/2021\/06\/Conf-Sylvain-CONNAC-300x169.png 300w, https:\/\/site.ac-martinique.fr\/cardie\/wp-content\/uploads\/sites\/8\/2021\/06\/Conf-Sylvain-CONNAC-768x432.png 768w, https:\/\/site.ac-martinique.fr\/cardie\/wp-content\/uploads\/sites\/8\/2021\/06\/Conf-Sylvain-CONNAC.png 1280w\" sizes=\"auto, (max-width: 1024px) 100vw, 1024px\" \/><\/a><\/figure>\n\n\n\n<p><strong>Quelle articulation des temps d\u2019apprentissage entre pr\u00e9sentiel et distanciel pour accompagner au mieux les \u00e9l\u00e8ves ?<\/strong>&nbsp;<\/p>\n\n\n\n<p><em>Intervenant :&nbsp;Sylvain CONNAC &#8211; @ConnacSylvain&nbsp;&#8211;&nbsp;Ma\u00eetre de Conf\u00e9rences en Sciences de l&#8217;Education \u00e0 l\u2019universit\u00e9 Paul Val\u00e9ry de Montpellier.&nbsp;Membre du Laboratoire Interdisciplinaire de Recherches en Didactique Education et Formation<\/em><\/p>\n\n\n\n<figure class=\"wp-block-embed is-type-wp-embed is-provider-peertube wp-block-embed-peertube\"><div class=\"wp-block-embed__wrapper\">\n https:\/\/tube-outremer.beta.education.fr\/videos\/watch\/fe0f5560-ed6b-435a-836a-c236d2f2dd0b\n<\/div><\/figure>\n\n\n\n<figure class=\"wp-block-image size-large\"><a href=\"https:\/\/site.ac-martinique.fr\/cardie\/wp-content\/uploads\/sites\/8\/2021\/06\/Conf-Pierre-Olivier-Weiss.png\"><img loading=\"lazy\" decoding=\"async\" width=\"1024\" height=\"576\" src=\"https:\/\/site.ac-martinique.fr\/cardie\/wp-content\/uploads\/sites\/8\/2021\/06\/Conf-Pierre-Olivier-Weiss-1024x576.png\" alt=\"\" class=\"wp-image-2657\" srcset=\"https:\/\/site.ac-martinique.fr\/cardie\/wp-content\/uploads\/sites\/8\/2021\/06\/Conf-Pierre-Olivier-Weiss-1024x576.png 1024w, https:\/\/site.ac-martinique.fr\/cardie\/wp-content\/uploads\/sites\/8\/2021\/06\/Conf-Pierre-Olivier-Weiss-300x169.png 300w, https:\/\/site.ac-martinique.fr\/cardie\/wp-content\/uploads\/sites\/8\/2021\/06\/Conf-Pierre-Olivier-Weiss-768x432.png 768w, https:\/\/site.ac-martinique.fr\/cardie\/wp-content\/uploads\/sites\/8\/2021\/06\/Conf-Pierre-Olivier-Weiss.png 1280w\" sizes=\"auto, (max-width: 1024px) 100vw, 1024px\" \/><\/a><\/figure>\n\n\n\n<p><strong>Mise en perspective de r\u00e9sultats de recherche : quelle continuit\u00e9 p\u00e9dagogique en Martinique en p\u00e9riode de confinement pour les enseignants stagiaires ?&nbsp;<\/strong><\/p>\n\n\n\n<p><em>Intervenant :&nbsp;Pierre Olivier WEISS &#8211; @INSPEMartinique&nbsp;&#8211;&nbsp;Chercheur&nbsp;post-doctorant&nbsp;en sociologie \u00e0 l&#8217;Universit\u00e9 des Antilles. Fondateur de l\u2019Observatoire du Climat Scolaire dans la Cara\u00efbe.<\/em><\/p>\n\n\n\n<figure class=\"wp-block-embed is-type-wp-embed is-provider-peertube wp-block-embed-peertube\"><div class=\"wp-block-embed__wrapper\">\nhttps:\/\/tube-outremer.beta.education.fr\/videos\/watch\/de0baec0-c82f-4f0d-99d1-31ff5f3352bc\n<\/div><\/figure>\n","protected":false},"excerpt":{"rendered":"<p>\u00ab Accompagner le travail de l\u2019\u00e9l\u00e8ve dans les nouvelles situations d\u2019apprentissage \u00bb est un webinaire de deux demi-journ\u00e9es organis\u00e9es par l\u2019acad\u00e9mie de Martinique et visant \u00e0 alimenter la r\u00e9flexion sur la place \u00e0 donner au travail de l\u2019\u00e9l\u00e8ve dans un enseignement hybride articulant pr\u00e9sentiel et distanciel.&nbsp; La crise sanitaire a&#8230; <a class=\"continue-reading-link\" href=\"https:\/\/site.ac-martinique.fr\/cardie\/?page_id=2651\"> Continue reading <span class=\"meta-nav\">&rarr; <\/span><\/a><\/p>\n","protected":false},"author":11,"featured_media":0,"parent":0,"menu_order":0,"comment_status":"closed","ping_status":"closed","template":"","meta":{"footnotes":""},"class_list":["post-2651","page","type-page","status-publish","hentry"],"_links":{"self":[{"href":"https:\/\/site.ac-martinique.fr\/cardie\/index.php?rest_route=\/wp\/v2\/pages\/2651","targetHints":{"allow":["GET"]}}],"collection":[{"href":"https:\/\/site.ac-martinique.fr\/cardie\/index.php?rest_route=\/wp\/v2\/pages"}],"about":[{"href":"https:\/\/site.ac-martinique.fr\/cardie\/index.php?rest_route=\/wp\/v2\/types\/page"}],"author":[{"embeddable":true,"href":"https:\/\/site.ac-martinique.fr\/cardie\/index.php?rest_route=\/wp\/v2\/users\/11"}],"replies":[{"embeddable":true,"href":"https:\/\/site.ac-martinique.fr\/cardie\/index.php?rest_route=%2Fwp%2Fv2%2Fcomments&post=2651"}],"version-history":[{"count":17,"href":"https:\/\/site.ac-martinique.fr\/cardie\/index.php?rest_route=\/wp\/v2\/pages\/2651\/revisions"}],"predecessor-version":[{"id":2793,"href":"https:\/\/site.ac-martinique.fr\/cardie\/index.php?rest_route=\/wp\/v2\/pages\/2651\/revisions\/2793"}],"wp:attachment":[{"href":"https:\/\/site.ac-martinique.fr\/cardie\/index.php?rest_route=%2Fwp%2Fv2%2Fmedia&parent=2651"}],"curies":[{"name":"wp","href":"https:\/\/api.w.org\/{rel}","templated":true}]}}