{"id":2809,"date":"2023-12-11T02:25:24","date_gmt":"2023-12-11T02:25:24","guid":{"rendered":"https:\/\/site.ac-martinique.fr\/cardie\/?page_id=2809"},"modified":"2023-12-11T02:50:01","modified_gmt":"2023-12-11T02:50:01","slug":"fip","status":"publish","type":"page","link":"https:\/\/site.ac-martinique.fr\/cardie\/?page_id=2809","title":{"rendered":"FIP"},"content":{"rendered":"\n<p>Fonds d&#8217;innovation<em> <\/em>p\u00e9dagogique<\/p>\n\n\n\n<p>Les projets \u00e9labor\u00e9s dans le cadre de la d\u00e9marche \u00ab&nbsp;Notre \u00e9cole, faisons-la ensemble&nbsp;\u00bb visent \u00e0 apporter une r\u00e9ponse nouvelle, innovante, transformante \u00e0 des questionnements p\u00e9dagogiques et ou \u00e9ducatifs. <\/p>\n\n\n\n<p>Les \u00e9coles et \u00e9tablissements pour lesquels le projet n\u00e9cessite un soutien financier peuvent b\u00e9n\u00e9ficier d\u2019un accompagnement d\u00e9di\u00e9 dans le cadre du fonds d\u2019innovation p\u00e9dagogique. L\u2019\u00e9laboration des projets n\u2019\u00e9tant pas contrainte par un calendrier, ce soutien peut \u00eatre sollicit\u00e9 \u00e0 tout moment\u00a0: il peut \u00eatre ponctuel ou pluriannuel en fonction de la nature du projet.<\/p>\n\n\n\n<p class=\"has-text-align-center\">Contactez l&#8217;\u00e9quipe acd\u00e9mique : <a href=\"mailto:fip@ac-martinique.fr\" target=\"_blank\" rel=\"noreferrer noopener\">fip@ac-martinique.fr<\/a><\/p>\n\n\n\n<div data-wp-interactive=\"core\/file\" class=\"wp-block-file\"><object data-wp-bind--hidden=\"!state.hasPdfPreview\" hidden class=\"wp-block-file__embed\" data=\"https:\/\/site.ac-martinique.fr\/cardie\/wp-content\/uploads\/sites\/8\/2023\/12\/infog_processus_instruction_v4b.pdf\" type=\"application\/pdf\" style=\"width:100%;height:600px\" aria-label=\"Contenu embarqu\u00e9 infog_processus_instruction_v4b.\"><\/object><a id=\"wp-block-file--media-9831c032-2fbb-4ef3-a252-681e5ab8f297\" href=\"https:\/\/site.ac-martinique.fr\/cardie\/wp-content\/uploads\/sites\/8\/2023\/12\/infog_processus_instruction_v4b.pdf\">infog_processus_instruction_v4b<\/a><a href=\"https:\/\/site.ac-martinique.fr\/cardie\/wp-content\/uploads\/sites\/8\/2023\/12\/infog_processus_instruction_v4b.pdf\" class=\"wp-block-file__button wp-element-button\" download aria-describedby=\"wp-block-file--media-9831c032-2fbb-4ef3-a252-681e5ab8f297\">T\u00e9l\u00e9charger<\/a><\/div>\n\n\n\n<div data-wp-interactive=\"core\/file\" class=\"wp-block-file\"><object data-wp-bind--hidden=\"!state.hasPdfPreview\" hidden class=\"wp-block-file__embed\" data=\"https:\/\/site.ac-martinique.fr\/cardie\/wp-content\/uploads\/sites\/8\/2023\/12\/infographie_indicateurs.pdf\" type=\"application\/pdf\" style=\"width:100%;height:600px\" aria-label=\"Contenu embarqu\u00e9 infographie_indicateurs.\"><\/object><a id=\"wp-block-file--media-ff194723-6a5f-484a-bd6f-a4c300a1f9a3\" href=\"https:\/\/site.ac-martinique.fr\/cardie\/wp-content\/uploads\/sites\/8\/2023\/12\/infographie_indicateurs.pdf\">infographie_indicateurs<\/a><a href=\"https:\/\/site.ac-martinique.fr\/cardie\/wp-content\/uploads\/sites\/8\/2023\/12\/infographie_indicateurs.pdf\" class=\"wp-block-file__button wp-element-button\" download aria-describedby=\"wp-block-file--media-ff194723-6a5f-484a-bd6f-a4c300a1f9a3\">T\u00e9l\u00e9charger<\/a><\/div>\n","protected":false},"excerpt":{"rendered":"<p>Fonds d&#8217;innovation p\u00e9dagogique Les projets \u00e9labor\u00e9s dans le cadre de la d\u00e9marche \u00ab&nbsp;Notre \u00e9cole, faisons-la ensemble&nbsp;\u00bb visent \u00e0 apporter une r\u00e9ponse nouvelle, innovante, transformante \u00e0 des questionnements p\u00e9dagogiques et ou \u00e9ducatifs. Les \u00e9coles et \u00e9tablissements pour lesquels le projet n\u00e9cessite un soutien financier peuvent b\u00e9n\u00e9ficier d\u2019un accompagnement d\u00e9di\u00e9 dans le&#8230; <a class=\"continue-reading-link\" href=\"https:\/\/site.ac-martinique.fr\/cardie\/?page_id=2809\"> Continue reading <span class=\"meta-nav\">&rarr; <\/span><\/a><\/p>\n","protected":false},"author":11,"featured_media":0,"parent":0,"menu_order":0,"comment_status":"closed","ping_status":"closed","template":"","meta":{"footnotes":""},"class_list":["post-2809","page","type-page","status-publish","hentry"],"_links":{"self":[{"href":"https:\/\/site.ac-martinique.fr\/cardie\/index.php?rest_route=\/wp\/v2\/pages\/2809","targetHints":{"allow":["GET"]}}],"collection":[{"href":"https:\/\/site.ac-martinique.fr\/cardie\/index.php?rest_route=\/wp\/v2\/pages"}],"about":[{"href":"https:\/\/site.ac-martinique.fr\/cardie\/index.php?rest_route=\/wp\/v2\/types\/page"}],"author":[{"embeddable":true,"href":"https:\/\/site.ac-martinique.fr\/cardie\/index.php?rest_route=\/wp\/v2\/users\/11"}],"replies":[{"embeddable":true,"href":"https:\/\/site.ac-martinique.fr\/cardie\/index.php?rest_route=%2Fwp%2Fv2%2Fcomments&post=2809"}],"version-history":[{"count":5,"href":"https:\/\/site.ac-martinique.fr\/cardie\/index.php?rest_route=\/wp\/v2\/pages\/2809\/revisions"}],"predecessor-version":[{"id":2826,"href":"https:\/\/site.ac-martinique.fr\/cardie\/index.php?rest_route=\/wp\/v2\/pages\/2809\/revisions\/2826"}],"wp:attachment":[{"href":"https:\/\/site.ac-martinique.fr\/cardie\/index.php?rest_route=%2Fwp%2Fv2%2Fmedia&parent=2809"}],"curies":[{"name":"wp","href":"https:\/\/api.w.org\/{rel}","templated":true}]}}