{"id":393,"date":"2011-06-13T12:55:41","date_gmt":"2011-06-13T16:55:41","guid":{"rendered":"http:\/\/cms.ac-martinique.fr\/structure\/cardie\/?page_id=393"},"modified":"2019-02-21T17:50:52","modified_gmt":"2019-02-21T17:50:52","slug":"experimentations","status":"publish","type":"page","link":"https:\/\/site.ac-martinique.fr\/cardie\/?page_id=393","title":{"rendered":"Les projets de la CARDIE"},"content":{"rendered":"<p>Les projets de la diffusion acad\u00e9mique des projets de la CARDIE pour 2018 &#8211; 2019:<\/p>\n<p><a href=\"\/cardie\/wp-content\/uploads\/sites\/8\/2011\/06\/Diffusion-acade\u0301mique-2017-sans-fond.png\"><img loading=\"lazy\" decoding=\"async\" class=\"alignnone size-large wp-image-2385\" src=\"\/cardie\/wp-content\/uploads\/sites\/8\/2011\/06\/Diffusion-acade\u0301mique-2017-sans-fond-1024x672.png\" alt=\"\" width=\"640\" height=\"420\" srcset=\"https:\/\/site.ac-martinique.fr\/cardie\/wp-content\/uploads\/sites\/8\/2011\/06\/Diffusion-acade\u0301mique-2017-sans-fond-1024x672.png 1024w, https:\/\/site.ac-martinique.fr\/cardie\/wp-content\/uploads\/sites\/8\/2011\/06\/Diffusion-acade\u0301mique-2017-sans-fond-300x197.png 300w, https:\/\/site.ac-martinique.fr\/cardie\/wp-content\/uploads\/sites\/8\/2011\/06\/Diffusion-acade\u0301mique-2017-sans-fond-768x504.png 768w, https:\/\/site.ac-martinique.fr\/cardie\/wp-content\/uploads\/sites\/8\/2011\/06\/Diffusion-acade\u0301mique-2017-sans-fond.png 1206w\" sizes=\"auto, (max-width: 640px) 100vw, 640px\" \/><\/a><\/p>\n<ul>\n<li>Co-observer pour favoriser le d\u00e9veloppement professionnel:<\/li>\n<\/ul>\n[youtube]https:\/\/youtu.be\/UyBtoqavVjM[\/youtube]\n<ul>\n<li>Arc en ciel :<\/li>\n<\/ul>\n<p><iframe loading=\"lazy\" title=\"Arc en ciel\" src=\"https:\/\/player.vimeo.com\/video\/204882945?h=5b79e8f710&amp;dnt=1&amp;app_id=122963\" width=\"1000\" height=\"563\" frameborder=\"0\" allow=\"autoplay; fullscreen; picture-in-picture\" allowfullscreen><\/iframe><\/p>\n<p>Les projets lab\u00e9lis\u00e9s CARDIE de l&#8217;acad\u00e9mie de Martinique<br \/>\nAnn\u00e9e scolaire 2018 &#8211; 2019<\/p>\n<table style=\"width: 710px\">\n<tbody>\n<tr>\n<td style=\"width: 321px\">\u00a0\u00a0\u00a0\u00a0\u00a0\u00a0\u00a0\u00a0\u00a0\u00a0 Projets<\/td>\n<td style=\"width: 296px\">Etablissements<\/td>\n<\/tr>\n<tr>\n<td style=\"width: 321px\">Ba yo An Pal<\/td>\n<td style=\"width: 296px\">Coll\u00e8ge Aim\u00e9 CESAIRE<\/td>\n<\/tr>\n<tr>\n<td style=\"width: 321px\">Le cr\u00e9ole comme un levier p\u00e9dagogique<\/td>\n<td style=\"width: 296px\">Coll\u00e8ge Aim\u00e9 CESAIRE<\/td>\n<\/tr>\n<tr>\n<td style=\"width: 321px\">Emergence d&#8217;une UP2A<\/td>\n<td style=\"width: 296px\">Coll\u00e8ge Aim\u00e9 C\u00e9saire ( FDF)<\/td>\n<\/tr>\n<tr>\n<td style=\"width: 321px\">Diffusion acad\u00e9mique &#8220;Co-observation avec le cycle 3&#8221;<\/td>\n<td style=\"width: 296px\">Coll\u00e8ge Aim\u00e9 C\u00e9saire (Basse Pointe)<\/td>\n<\/tr>\n<tr>\n<td style=\"width: 321px\">Atelier de strat\u00e9gie de r\u00e9ussite scolaire et personnel<\/td>\n<td style=\"width: 296px\">Coll\u00e8ge ASSELIN de BEAUVILLE<\/td>\n<\/tr>\n<tr>\n<td style=\"width: 321px\">L\u2019escape game pour enseigner autrement<\/td>\n<td style=\"width: 296px\">Coll\u00e8ge Asselin de Beauville<\/td>\n<\/tr>\n<tr>\n<td style=\"width: 321px\">M\u00e9thode educative 3C<\/td>\n<td style=\"width: 296px\">Coll\u00e8ge Asselin de Beauville<\/td>\n<\/tr>\n<tr>\n<td style=\"width: 321px\">Diffusion acad\u00e9mique &#8220;Co-observation&#8221;<\/td>\n<td style=\"width: 296px\">Coll\u00e8ge Asselin de Beauville<\/td>\n<\/tr>\n<tr>\n<td style=\"width: 321px\">Ateliers p\u00e9dagogiques CPS<\/td>\n<td style=\"width: 296px\">Coll\u00e8ge Christiane EDA-PIERRE<\/td>\n<\/tr>\n<tr>\n<td style=\"width: 321px\">CM2 code au coll\u00e8ge<\/td>\n<td style=\"width: 296px\">Coll\u00e8ge Constant Le Ray<\/td>\n<\/tr>\n<tr>\n<td style=\"width: 321px\">La pratique th\u00e9\u00e2trale au service de l&#8217;oral en classe d&#8217;Espagnol et de Fran\u00e7ais<\/td>\n<td style=\"width: 296px\">Coll\u00e8ge Constant Le Ray<\/td>\n<\/tr>\n<tr>\n<td style=\"width: 321px\">Le cr\u00e9ole: tremplin pour la ma\u00eetrise de l&#8217;anglais<\/td>\n<td style=\"width: 296px\">Coll\u00e8ge Constant Le Ray<\/td>\n<\/tr>\n<tr>\n<td style=\"width: 321px\">Diffusion acad\u00e9mique &#8220;V\u00e9randa cr\u00e9ole&#8221;<\/td>\n<td style=\"width: 296px\">Coll\u00e8ge de BEAUSEJOUR<\/td>\n<\/tr>\n<tr>\n<td style=\"width: 321px\">Arts et Patrimoine<\/td>\n<td style=\"width: 296px\">Coll\u00e8ge des TROIS-ILETS<\/td>\n<\/tr>\n<tr>\n<td style=\"width: 321px\">Parents enseignants Action<\/td>\n<td style=\"width: 296px\">Coll\u00e8ge DILLON 2<\/td>\n<\/tr>\n<tr>\n<td style=\"width: 321px\">Le num\u00e9rique un outil incontournable dans l&#8217;enseignement la classe inverse\u0301e<\/td>\n<td style=\"width: 296px\">Coll\u00e8ge du Diamant<\/td>\n<\/tr>\n<tr>\n<td style=\"width: 321px\">Les sciences et la plong\u00e9e<\/td>\n<td style=\"width: 296px\">Coll\u00e8ge du Diamant<\/td>\n<\/tr>\n<tr>\n<td style=\"width: 321px\">Diffusion acad\u00e9mique &#8220;Co-observation&#8221;<\/td>\n<td style=\"width: 296px\">Coll\u00e8ge du Diamant<\/td>\n<\/tr>\n<tr>\n<td style=\"width: 321px\">Arc en ciel (agir r\u00e9ussir coop\u00e9rer)<\/td>\n<td style=\"width: 296px\">Coll\u00e8ge du MORNE des ESSES<\/td>\n<\/tr>\n<tr>\n<td style=\"width: 321px\">Discipline non linguistique SVT\/Anglais en 6\u00e8me \u00ab Little Scientists \u00bb<\/td>\n<td style=\"width: 296px\">Coll\u00e8ge Edmond Lucien VALARD<\/td>\n<\/tr>\n<tr>\n<td style=\"width: 321px\">M\u00e9thode \u00e9ducative 3C<\/td>\n<td style=\"width: 296px\">Coll\u00e8ge Edmond Lucien VALARD<\/td>\n<\/tr>\n<tr>\n<td style=\"width: 321px\">Un coll\u00e8ge tourn\u00e9 vers le d\u00e9veloppement durable<\/td>\n<td style=\"width: 296px\">Coll\u00e8ge Edmond Lucien VALARD<\/td>\n<\/tr>\n<tr>\n<td style=\"width: 321px\">Juniors rangers<\/td>\n<td style=\"width: 296px\">Coll\u00e8ge Edouard Glissant<\/td>\n<\/tr>\n<tr>\n<td style=\"width: 321px\">Diffusion acad\u00e9mique &#8220;DYS-positif&#8221;<\/td>\n<td style=\"width: 296px\">Coll\u00e8ge Edouard Glissant<\/td>\n<\/tr>\n<tr>\n<td style=\"width: 321px\">Diffusion Acad\u00e9mique: Arc en ciel<\/td>\n<td style=\"width: 296px\">Coll\u00e8ge Edouard Glissant<\/td>\n<\/tr>\n<tr>\n<td style=\"width: 321px\">Co enseignement\/Observation en natation en cycle 3<\/td>\n<td style=\"width: 296px\">Coll\u00e8ge Emmanuel SALDES<\/td>\n<\/tr>\n<tr>\n<td style=\"width: 321px\">Le cr\u00e9ole au service de la langue<\/td>\n<td style=\"width: 296px\">Coll\u00e8ge Emmanuel SALDES<\/td>\n<\/tr>\n<tr>\n<td style=\"width: 321px\">Les cadets de la s\u00e9curit\u00e9 civile<\/td>\n<td style=\"width: 296px\">Coll\u00e8ge Emmanuel SALDES<\/td>\n<\/tr>\n<tr>\n<td style=\"width: 321px\">Diffusion acad\u00e9mique &#8220;Co-observation&#8221;<\/td>\n<td style=\"width: 296px\">Coll\u00e8ge Emmanuel SALDES<\/td>\n<\/tr>\n<tr>\n<td style=\"width: 321px\">La v\u00e9randa Kreyol D\u00e9 mo kat pawol<\/td>\n<td style=\"width: 296px\">Coll\u00e8ge Eug\u00e8ne MONA<\/td>\n<\/tr>\n<tr>\n<td style=\"width: 321px\">La DNL au service de la culture scientifique<\/td>\n<td style=\"width: 296px\">Coll\u00e8ge Fran\u00e7ois-Auguste\u00a0 PERRINON<\/td>\n<\/tr>\n<tr>\n<td style=\"width: 321px\">Mieux apprendre avec les intelligences multiples<\/td>\n<td style=\"width: 296px\">Coll\u00e8ge\u00a0 PERRINON<\/td>\n<\/tr>\n<tr>\n<td style=\"width: 321px\">Festival d&#8217;astronomie<\/td>\n<td style=\"width: 296px\">Coll\u00e8ge Jacques Roumain<\/td>\n<\/tr>\n<tr>\n<td style=\"width: 321px\">Vers l\u2019excellence Scientifique<\/td>\n<td style=\"width: 296px\">Coll\u00e8ge Jacques Roumain<\/td>\n<\/tr>\n<tr>\n<td style=\"width: 321px\">Diffusion acad\u00e9mique &#8220;DYS-positif&#8221;<\/td>\n<td style=\"width: 296px\">Coll\u00e8ge Jacques Roumain<\/td>\n<\/tr>\n<tr>\n<td style=\"width: 321px\">Co-intervenir pour un d\u00e9veloppement professionnel au service des apprentissages<\/td>\n<td style=\"width: 296px\">Coll\u00e8ge Jaqueline Julius<\/td>\n<\/tr>\n<tr>\n<td style=\"width: 321px\">Apporte ton appareil en cours<\/td>\n<td style=\"width: 296px\">Coll\u00e8ge Jeanne et Emile ADENET<\/td>\n<\/tr>\n<tr>\n<td style=\"width: 321px\">La caravane des 10 mots<\/td>\n<td style=\"width: 296px\">Coll\u00e8ge Julia Nicolas<\/td>\n<\/tr>\n<tr>\n<td style=\"width: 321px\">M\u00e9thode \u00e9ducative 3C<\/td>\n<td style=\"width: 296px\">Coll\u00e8ge Petit Manoir<\/td>\n<\/tr>\n<tr>\n<td style=\"width: 321px\">Classe cadets de la protection civile<\/td>\n<td style=\"width: 296px\">Coll\u00e8ge Roger CASTENDET<\/td>\n<\/tr>\n<tr>\n<td style=\"width: 321px\">Les traverses de l&#8217;APPN et les chemins de comp\u00e9tences<\/td>\n<td style=\"width: 296px\">Coll\u00e8ge Rose SAINT-JUST<\/td>\n<\/tr>\n<tr>\n<td style=\"width: 321px\">Diffusion acad\u00e9mique &#8220;DYS-positif&#8221;<\/td>\n<td style=\"width: 296px\">Coll\u00e8ge Tartenson<\/td>\n<\/tr>\n<tr>\n<td style=\"width: 321px\">L\u2019\u00e9cole au coll\u00e8ge<\/td>\n<td style=\"width: 296px\">Coll\u00e8ge Trianon<\/td>\n<\/tr>\n<tr>\n<td style=\"width: 321px\">Le journal du lecteur \u00ab R\u00eaves amers \u00bb Maryse Cond\u00e9<\/td>\n<td style=\"width: 296px\">Coll\u00e8ge Trianon<\/td>\n<\/tr>\n<tr>\n<td style=\"width: 321px\">Les coll\u00e9giens expliquent aux primaires &#8211;\u00a0 F\u00eate des parents<\/td>\n<td style=\"width: 296px\">Coll\u00e8ge Trianon<\/td>\n<\/tr>\n<tr>\n<td style=\"width: 321px\">RacOnte moi une histoire<\/td>\n<td style=\"width: 296px\">Coll\u00e8ge Trianon<\/td>\n<\/tr>\n<tr>\n<td style=\"width: 321px\">Renforcement pratique linguistique<\/td>\n<td style=\"width: 296px\">Coll\u00e8ge Trianon<\/td>\n<\/tr>\n<tr>\n<td style=\"width: 321px\">Diffusion acad\u00e9mique &#8220;DYS-positif&#8221;<\/td>\n<td style=\"width: 296px\">Coll\u00e8ge Vauclin<\/td>\n<\/tr>\n<tr>\n<td style=\"width: 321px\">Des \u00eelots et des ponts<\/td>\n<td style=\"width: 296px\">Coll\u00e8ge Vincent PLACOLY<\/td>\n<\/tr>\n<tr>\n<td style=\"width: 321px\">Et pourquoi pas l\u2019Igname\u00a0?<\/td>\n<td style=\"width: 296px\">LGT Acajou 1<\/td>\n<\/tr>\n<tr>\n<td style=\"width: 321px\">Valorisation des algues sargasses<\/td>\n<td style=\"width: 296px\">LGT Bellevue<\/td>\n<\/tr>\n<tr>\n<td style=\"width: 321px\">Classe projet\u00a0: Ekoclass<\/td>\n<td style=\"width: 296px\">LGT Joseph Gaillard<\/td>\n<\/tr>\n<tr>\n<td style=\"width: 321px\">Semaine de sensibilisation \u00e0 l\u2019entreprenariat f\u00e9minin<\/td>\n<td style=\"width: 296px\">LGT Joseph Gaillard<\/td>\n<\/tr>\n<tr>\n<td style=\"width: 321px\">Tutorat neurosciences<\/td>\n<td style=\"width: 296px\">LGT Montg\u00e9rald<\/td>\n<\/tr>\n<tr>\n<td style=\"width: 321px\">Arrow Flow<\/td>\n<td style=\"width: 296px\">LP\u00a0 Frantz FANON<\/td>\n<\/tr>\n<tr>\n<td style=\"width: 321px\">Co-animation dans la fili\u00e8re MVA<\/td>\n<td style=\"width: 296px\">LP\u00a0 Frantz FANON<\/td>\n<\/tr>\n<tr>\n<td style=\"width: 321px\">Les 3D au LP<\/td>\n<td style=\"width: 296px\">LP\u00a0 Frantz FANON<\/td>\n<\/tr>\n<tr>\n<td style=\"width: 321px\">Recycler pour ins\u00e9rer<\/td>\n<td style=\"width: 296px\">LP\u00a0 Frantz FANON<\/td>\n<\/tr>\n<tr>\n<td style=\"width: 321px\">M\u00e9thode \u00e9ducative 3C<\/td>\n<td style=\"width: 296px\">LP Dillon<\/td>\n<\/tr>\n<tr>\n<td style=\"width: 321px\">Valorisation des algues sargasses<\/td>\n<td style=\"width: 296px\">LP Jean-Joseph DUMAS<\/td>\n<\/tr>\n<tr>\n<td style=\"width: 321px\">Co-animation dans la fili\u00e8re MVA<\/td>\n<td style=\"width: 296px\">LP Raymond N\u00e9ris<\/td>\n<\/tr>\n<tr>\n<td style=\"width: 321px\">Festival portuaire autour du LP NERIS<\/td>\n<td style=\"width: 296px\">LP Raymond N\u00e9ris<\/td>\n<\/tr>\n<tr>\n<td style=\"width: 321px\">Co-animation dans la fili\u00e8re MVA<\/td>\n<td style=\"width: 296px\">LPO Acajou 2<\/td>\n<\/tr>\n<tr>\n<td style=\"width: 321px\">Semaine d&#8217;immersion et de gestion d&#8217;une unit\u00e9 d&#8217;h\u00f4tellerie-restauration<\/td>\n<td style=\"width: 296px\">LPO H\u00f4telier Nord-Cara\u00efbes<\/td>\n<\/tr>\n<tr>\n<td style=\"width: 321px\">Arrow flow<\/td>\n<td style=\"width: 296px\">LPO Joseph Pernock<\/td>\n<\/tr>\n<tr>\n<td style=\"width: 321px\">Co-animation dans la fili\u00e8re MVA<\/td>\n<td style=\"width: 296px\">LPO Joseph Pernock<\/td>\n<\/tr>\n<tr>\n<td style=\"width: 321px\">Concours de l&#8217;innovation et de la production<\/td>\n<td style=\"width: 296px\">LPO Joseph Pernock<\/td>\n<\/tr>\n<tr>\n<td style=\"width: 321px\">Externalisation des apprentissages en CAP<\/td>\n<td style=\"width: 296px\">LPO Joseph Pernock<\/td>\n<\/tr>\n<tr>\n<td style=\"width: 321px\">Valorisation des algues sargasses<\/td>\n<td style=\"width: 296px\">LPO Joseph Pernock<\/td>\n<\/tr>\n<tr>\n<td style=\"width: 321px\">Cultivons notre jardin<\/td>\n<td style=\"width: 296px\">LPO Joseph Zobel<\/td>\n<\/tr>\n<tr>\n<td style=\"width: 321px\">Vivre ensemble LES MARDIS de ZOBEL<\/td>\n<td style=\"width: 296px\">LPO Joseph Zobel<\/td>\n<\/tr>\n<tr>\n<td style=\"width: 321px\">Escape game<\/td>\n<td style=\"width: 296px\">LPO La Jet\u00e9e<\/td>\n<\/tr>\n<tr>\n<td style=\"width: 321px\">Diffusion acad\u00e9mique &#8220;DYS-positif&#8221;<\/td>\n<td style=\"width: 296px\">LPO la Jet\u00e9\u00e9<\/td>\n<\/tr>\n<tr>\n<td style=\"width: 321px\">Pr\u00e9pa Sup PACES<\/td>\n<td style=\"width: 296px\">LPO La Jet\u00e9e<\/td>\n<\/tr>\n<tr>\n<td style=\"width: 321px\">Viva Eloquentia !<\/td>\n<td style=\"width: 296px\">LPO Nord Atlantique<\/td>\n<\/tr>\n<tr>\n<td style=\"width: 321px\">Diffusion acad\u00e9mique &#8220;DYS-positif&#8221;<\/td>\n<td style=\"width: 296px\">LPO Nord Cara\u00efbe<\/td>\n<\/tr>\n<tr>\n<td style=\"width: 321px\">Espace de d\u00e9bat citoyen<\/td>\n<td style=\"width: 296px\">Lyc\u00e9e centre sud<\/td>\n<\/tr>\n<\/tbody>\n<\/table>\n<p>&nbsp;<\/p>\n","protected":false},"excerpt":{"rendered":"<p>Les projets de la diffusion acad\u00e9mique des projets de la CARDIE pour 2018 &#8211; 2019: Co-observer pour favoriser le d\u00e9veloppement professionnel: [youtube]https:\/\/youtu.be\/UyBtoqavVjM[\/youtube] Arc en ciel : Les projets lab\u00e9lis\u00e9s CARDIE de l&#8217;acad\u00e9mie de Martinique Ann\u00e9e scolaire 2018 &#8211; 2019 \u00a0\u00a0\u00a0\u00a0\u00a0\u00a0\u00a0\u00a0\u00a0\u00a0 Projets Etablissements Ba yo An Pal Coll\u00e8ge Aim\u00e9 CESAIRE Le&#8230; <a class=\"continue-reading-link\" href=\"https:\/\/site.ac-martinique.fr\/cardie\/?page_id=393\"> Continue reading <span class=\"meta-nav\">&rarr; <\/span><\/a><\/p>\n","protected":false},"author":11,"featured_media":0,"parent":0,"menu_order":0,"comment_status":"closed","ping_status":"closed","template":"","meta":{"footnotes":""},"class_list":["post-393","page","type-page","status-publish","hentry"],"_links":{"self":[{"href":"https:\/\/site.ac-martinique.fr\/cardie\/index.php?rest_route=\/wp\/v2\/pages\/393","targetHints":{"allow":["GET"]}}],"collection":[{"href":"https:\/\/site.ac-martinique.fr\/cardie\/index.php?rest_route=\/wp\/v2\/pages"}],"about":[{"href":"https:\/\/site.ac-martinique.fr\/cardie\/index.php?rest_route=\/wp\/v2\/types\/page"}],"author":[{"embeddable":true,"href":"https:\/\/site.ac-martinique.fr\/cardie\/index.php?rest_route=\/wp\/v2\/users\/11"}],"replies":[{"embeddable":true,"href":"https:\/\/site.ac-martinique.fr\/cardie\/index.php?rest_route=%2Fwp%2Fv2%2Fcomments&post=393"}],"version-history":[{"count":39,"href":"https:\/\/site.ac-martinique.fr\/cardie\/index.php?rest_route=\/wp\/v2\/pages\/393\/revisions"}],"predecessor-version":[{"id":2473,"href":"https:\/\/site.ac-martinique.fr\/cardie\/index.php?rest_route=\/wp\/v2\/pages\/393\/revisions\/2473"}],"wp:attachment":[{"href":"https:\/\/site.ac-martinique.fr\/cardie\/index.php?rest_route=%2Fwp%2Fv2%2Fmedia&parent=393"}],"curies":[{"name":"wp","href":"https:\/\/api.w.org\/{rel}","templated":true}]}}