{"id":134,"date":"2024-02-26T12:05:27","date_gmt":"2024-02-26T16:05:27","guid":{"rendered":"https:\/\/site.ac-martinique.fr\/cio-fort-de-france\/?page_id=134"},"modified":"2026-03-13T11:56:45","modified_gmt":"2026-03-13T15:56:45","slug":"colleges","status":"publish","type":"page","link":"https:\/\/site.ac-martinique.fr\/cio-fort-de-france\/?page_id=134","title":{"rendered":"Coll\u00e8ges"},"content":{"rendered":"\n<figure class=\"wp-block-image size-large\"><a href=\"https:\/\/www.calameo.com\/read\/000037547d7e851482e5b\"><img decoding=\"async\" src=\"https:\/\/site.ac-martinique.fr\/cio-fort-de-france\/wp-content\/uploads\/sites\/142\/2024\/12\/Affiche-Apres-3eme-724x1024.png\" alt=\"\" class=\"wp-image-846\"\/><\/a><\/figure>\n\n\n\n<figure class=\"wp-block-gallery has-nested-images columns-default is-cropped wp-block-gallery-1 is-layout-flex wp-block-gallery-is-layout-flex\">\n<figure class=\"wp-block-image size-large\"><img loading=\"lazy\" decoding=\"async\" width=\"696\" height=\"537\" data-id=\"955\" src=\"https:\/\/site.ac-martinique.fr\/cio-fort-de-france\/wp-content\/uploads\/sites\/142\/2026\/03\/College-Belle-Etoile-05-03-26.jpeg\" alt=\"\" class=\"wp-image-955\" srcset=\"https:\/\/site.ac-martinique.fr\/cio-fort-de-france\/wp-content\/uploads\/sites\/142\/2026\/03\/College-Belle-Etoile-05-03-26.jpeg 696w, https:\/\/site.ac-martinique.fr\/cio-fort-de-france\/wp-content\/uploads\/sites\/142\/2026\/03\/College-Belle-Etoile-05-03-26-300x231.jpeg 300w\" sizes=\"auto, (max-width: 696px) 100vw, 696px\" \/><\/figure>\n<\/figure>\n\n\n\n<figure class=\"wp-block-gallery has-nested-images columns-default is-cropped wp-block-gallery-2 is-layout-flex wp-block-gallery-is-layout-flex\">\n<figure class=\"wp-block-image size-large\"><img loading=\"lazy\" decoding=\"async\" width=\"1024\" height=\"768\" data-id=\"956\" src=\"https:\/\/site.ac-martinique.fr\/cio-fort-de-france\/wp-content\/uploads\/sites\/142\/2026\/03\/Belle-etoile-jeudi-5-03-26-1024x768.jpeg\" alt=\"\" class=\"wp-image-956\" srcset=\"https:\/\/site.ac-martinique.fr\/cio-fort-de-france\/wp-content\/uploads\/sites\/142\/2026\/03\/Belle-etoile-jeudi-5-03-26-1024x768.jpeg 1024w, https:\/\/site.ac-martinique.fr\/cio-fort-de-france\/wp-content\/uploads\/sites\/142\/2026\/03\/Belle-etoile-jeudi-5-03-26-300x225.jpeg 300w, https:\/\/site.ac-martinique.fr\/cio-fort-de-france\/wp-content\/uploads\/sites\/142\/2026\/03\/Belle-etoile-jeudi-5-03-26-768x576.jpeg 768w, https:\/\/site.ac-martinique.fr\/cio-fort-de-france\/wp-content\/uploads\/sites\/142\/2026\/03\/Belle-etoile-jeudi-5-03-26-1536x1152.jpeg 1536w, https:\/\/site.ac-martinique.fr\/cio-fort-de-france\/wp-content\/uploads\/sites\/142\/2026\/03\/Belle-etoile-jeudi-5-03-26.jpeg 1600w\" sizes=\"auto, (max-width: 1024px) 100vw, 1024px\" \/><\/figure>\n<\/figure>\n\n\n\n<p>Participation des \u00e9l\u00e8ves du Coll\u00e8ge de Belle Etoile \u00e0 l&rsquo;atetier \u00ab\u00a0D\u00e9couverte des M\u00e9tiers\u00a0\u00bb le jeudi 5 mars au CIO de Fort de France<\/p>\n","protected":false},"excerpt":{"rendered":"<p>Participation des \u00e9l\u00e8ves du Coll\u00e8ge de Belle Etoile \u00e0 l&rsquo;atetier \u00ab\u00a0D\u00e9couverte des M\u00e9tiers\u00a0\u00bb le jeudi 5 mars au CIO de [&hellip;]<\/p>\n","protected":false},"author":507,"featured_media":0,"parent":0,"menu_order":0,"comment_status":"closed","ping_status":"closed","template":"","meta":{"site-sidebar-layout":"default","site-content-layout":"","ast-site-content-layout":"default","site-content-style":"default","site-sidebar-style":"default","ast-global-header-display":"","ast-banner-title-visibility":"","ast-main-header-display":"","ast-hfb-above-header-display":"","ast-hfb-below-header-display":"","ast-hfb-mobile-header-display":"","site-post-title":"","ast-breadcrumbs-content":"","ast-featured-img":"","footer-sml-layout":"","ast-disable-related-posts":"","theme-transparent-header-meta":"","adv-header-id-meta":"","stick-header-meta":"","header-above-stick-meta":"","header-main-stick-meta":"","header-below-stick-meta":"","astra-migrate-meta-layouts":"default","ast-page-background-enabled":"default","ast-page-background-meta":{"desktop":{"background-color":"var(--ast-global-color-4)","background-image":"","background-repeat":"repeat","background-position":"center center","background-size":"auto","background-attachment":"scroll","background-type":"","background-media":"","overlay-type":"","overlay-color":"","overlay-opacity":"","overlay-gradient":""},"tablet":{"background-color":"","background-image":"","background-repeat":"repeat","background-position":"center center","background-size":"auto","background-attachment":"scroll","background-type":"","background-media":"","overlay-type":"","overlay-color":"","overlay-opacity":"","overlay-gradient":""},"mobile":{"background-color":"","background-image":"","background-repeat":"repeat","background-position":"center center","background-size":"auto","background-attachment":"scroll","background-type":"","background-media":"","overlay-type":"","overlay-color":"","overlay-opacity":"","overlay-gradient":""}},"ast-content-background-meta":{"desktop":{"background-color":"var(--ast-global-color-5)","background-image":"","background-repeat":"repeat","background-position":"center center","background-size":"auto","background-attachment":"scroll","background-type":"","background-media":"","overlay-type":"","overlay-color":"","overlay-opacity":"","overlay-gradient":""},"tablet":{"background-color":"var(--ast-global-color-5)","background-image":"","background-repeat":"repeat","background-position":"center center","background-size":"auto","background-attachment":"scroll","background-type":"","background-media":"","overlay-type":"","overlay-color":"","overlay-opacity":"","overlay-gradient":""},"mobile":{"background-color":"var(--ast-global-color-5)","background-image":"","background-repeat":"repeat","background-position":"center center","background-size":"auto","background-attachment":"scroll","background-type":"","background-media":"","overlay-type":"","overlay-color":"","overlay-opacity":"","overlay-gradient":""}},"footnotes":""},"class_list":["post-134","page","type-page","status-publish","hentry"],"_links":{"self":[{"href":"https:\/\/site.ac-martinique.fr\/cio-fort-de-france\/index.php?rest_route=\/wp\/v2\/pages\/134","targetHints":{"allow":["GET"]}}],"collection":[{"href":"https:\/\/site.ac-martinique.fr\/cio-fort-de-france\/index.php?rest_route=\/wp\/v2\/pages"}],"about":[{"href":"https:\/\/site.ac-martinique.fr\/cio-fort-de-france\/index.php?rest_route=\/wp\/v2\/types\/page"}],"author":[{"embeddable":true,"href":"https:\/\/site.ac-martinique.fr\/cio-fort-de-france\/index.php?rest_route=\/wp\/v2\/users\/507"}],"replies":[{"embeddable":true,"href":"https:\/\/site.ac-martinique.fr\/cio-fort-de-france\/index.php?rest_route=%2Fwp%2Fv2%2Fcomments&post=134"}],"version-history":[{"count":6,"href":"https:\/\/site.ac-martinique.fr\/cio-fort-de-france\/index.php?rest_route=\/wp\/v2\/pages\/134\/revisions"}],"predecessor-version":[{"id":957,"href":"https:\/\/site.ac-martinique.fr\/cio-fort-de-france\/index.php?rest_route=\/wp\/v2\/pages\/134\/revisions\/957"}],"wp:attachment":[{"href":"https:\/\/site.ac-martinique.fr\/cio-fort-de-france\/index.php?rest_route=%2Fwp%2Fv2%2Fmedia&parent=134"}],"curies":[{"name":"wp","href":"https:\/\/api.w.org\/{rel}","templated":true}]}}