{"id":67,"date":"2022-06-30T11:43:07","date_gmt":"2022-06-30T15:43:07","guid":{"rendered":"https:\/\/site.ac-martinique.fr\/cio-marin\/?page_id=67"},"modified":"2023-04-24T14:43:48","modified_gmt":"2023-04-24T18:43:48","slug":"pourquoi-se-rendre-au-cio-du-marin","status":"publish","type":"page","link":"https:\/\/site.ac-martinique.fr\/cio-marin\/?page_id=67","title":{"rendered":"Pourquoi se rendre au CIO du Marin ?\u00a0"},"content":{"rendered":"\n<h4 class=\"wp-block-heading\">En se r\u00e9f\u00e9rant au site du Minist\u00e8re de l&rsquo;Education Nationale, l&rsquo;objectif du C.I.O du Marin est de favoriser:&nbsp;<\/h4>\n\n\n\n<ul class=\"has-black-color has-text-color wp-block-list\"><li>l&rsquo;accueil de tout public en demande d&rsquo;information sur les \u00e9tudes, les formations professionnelles, les qualifications et les professions,<\/li><li>le conseil individuel,<\/li><li>l&rsquo;observation, l&rsquo;analyse des transformations locales du syst\u00e8me \u00e9ducatif et des \u00e9volutions du march\u00e9 du travail et la production de documents de synth\u00e8se \u00e0 destination des \u00e9quipes \u00e9ducatives ou des \u00e9l\u00e8ves,<\/li><li>l &lsquo;animation des \u00e9changes et des r\u00e9flexions entre les partenaires du syst\u00e8me \u00e9ducatif, les parents, les jeunes, les d\u00e9cideurs locaux et les responsables \u00e9conomiques.<\/li><\/ul>\n\n\n\n<figure class=\"wp-block-image size-large is-style-tw-frame\"><img loading=\"lazy\" decoding=\"async\" width=\"1024\" height=\"461\" src=\"https:\/\/site.ac-martinique.fr\/cio-marin\/wp-content\/uploads\/sites\/124\/2022\/06\/20220630_095202-1024x461.jpg\" alt=\"\" class=\"wp-image-68\" srcset=\"https:\/\/site.ac-martinique.fr\/cio-marin\/wp-content\/uploads\/sites\/124\/2022\/06\/20220630_095202-1024x461.jpg 1024w, https:\/\/site.ac-martinique.fr\/cio-marin\/wp-content\/uploads\/sites\/124\/2022\/06\/20220630_095202-300x135.jpg 300w, https:\/\/site.ac-martinique.fr\/cio-marin\/wp-content\/uploads\/sites\/124\/2022\/06\/20220630_095202-768x346.jpg 768w, https:\/\/site.ac-martinique.fr\/cio-marin\/wp-content\/uploads\/sites\/124\/2022\/06\/20220630_095202-1536x692.jpg 1536w, https:\/\/site.ac-martinique.fr\/cio-marin\/wp-content\/uploads\/sites\/124\/2022\/06\/20220630_095202-2048x922.jpg 2048w\" sizes=\"auto, (max-width: 1024px) 100vw, 1024px\" \/><\/figure>\n\n\n\n<p>Pour plus d&rsquo;informations sur le fonctionnement des C.I.O, vous pouvez consulter le site suivant: <a href=\"https:\/\/www.education.gouv.fr\/reussir-au-lycee\/les-lieux-d-information-de-l-orientation-4274\">https:\/\/www.education.gouv.fr\/reussir-au-lycee\/les-lieux-d-information-de-l-orientation-4274<\/a><\/p>\n","protected":false},"excerpt":{"rendered":"<p>En se r\u00e9f\u00e9rant au site du Minist\u00e8re de l&rsquo;Education Nationale, l&rsquo;objectif du C.I.O du Marin est de favoriser:&nbsp; l&rsquo;accueil de tout public en demande d&rsquo;information sur les \u00e9tudes, les formations professionnelles, les qualifications et les&#8230;<\/p>\n","protected":false},"author":307,"featured_media":0,"parent":0,"menu_order":0,"comment_status":"closed","ping_status":"closed","template":"","meta":{"footnotes":""},"class_list":["post-67","page","type-page","status-publish","hentry"],"_links":{"self":[{"href":"https:\/\/site.ac-martinique.fr\/cio-marin\/index.php?rest_route=\/wp\/v2\/pages\/67","targetHints":{"allow":["GET"]}}],"collection":[{"href":"https:\/\/site.ac-martinique.fr\/cio-marin\/index.php?rest_route=\/wp\/v2\/pages"}],"about":[{"href":"https:\/\/site.ac-martinique.fr\/cio-marin\/index.php?rest_route=\/wp\/v2\/types\/page"}],"author":[{"embeddable":true,"href":"https:\/\/site.ac-martinique.fr\/cio-marin\/index.php?rest_route=\/wp\/v2\/users\/307"}],"replies":[{"embeddable":true,"href":"https:\/\/site.ac-martinique.fr\/cio-marin\/index.php?rest_route=%2Fwp%2Fv2%2Fcomments&post=67"}],"version-history":[{"count":3,"href":"https:\/\/site.ac-martinique.fr\/cio-marin\/index.php?rest_route=\/wp\/v2\/pages\/67\/revisions"}],"predecessor-version":[{"id":132,"href":"https:\/\/site.ac-martinique.fr\/cio-marin\/index.php?rest_route=\/wp\/v2\/pages\/67\/revisions\/132"}],"wp:attachment":[{"href":"https:\/\/site.ac-martinique.fr\/cio-marin\/index.php?rest_route=%2Fwp%2Fv2%2Fmedia&parent=67"}],"curies":[{"name":"wp","href":"https:\/\/api.w.org\/{rel}","templated":true}]}}