{"id":71,"date":"2022-06-30T11:52:47","date_gmt":"2022-06-30T15:52:47","guid":{"rendered":"https:\/\/site.ac-martinique.fr\/cio-marin\/?page_id=71"},"modified":"2023-04-24T14:43:48","modified_gmt":"2023-04-24T18:43:48","slug":"qui-peut-maccompagner-au-cio-du-marin","status":"publish","type":"page","link":"https:\/\/site.ac-martinique.fr\/cio-marin\/?page_id=71","title":{"rendered":"Qui peut m\u2019accompagner au CIO du Marin ?"},"content":{"rendered":"\n<h1 class=\"wp-block-heading\"><\/h1>\n\n\n\n<h3 class=\"wp-block-heading\">Le\/la psychologue de l\u2019Education Nationale (psy-en) de la sp\u00e9cialit\u00e9 \u201c<em>\u00e9ducation, d\u00e9veloppement et conseil en orientation scolaire et professionnelle<\/em>\u201c. Il exerce dans les centres d\u2019information et d\u2019orientation (CIO) et les \u00e9tablissements scolaires qui rel\u00e8vent du secteur du CIO.&nbsp;<\/h3>\n\n\n\n<h4 class=\"wp-block-heading\"><strong>En CIO, le\/la psy-en :<\/strong><\/h4>\n\n\n\n<h4 class=\"wp-block-heading\">\u2013 assure le premier accueil pour toute personne en recherche de solutions pour son orientation en lien avec le service public r\u00e9gional d\u2019orientation,<\/h4>\n\n\n\n<h4 class=\"wp-block-heading\">\u2013&nbsp; s\u2019appuie sur des outils et des m\u00e9thodes psychologiques adapt\u00e9s:<\/h4>\n\n\n\n<ul class=\"wp-block-list\"><li><strong>entretiens :<\/strong>&nbsp;avec l\u2019\u00e9l\u00e8ve et\/ou accompagn\u00e9 de ses&nbsp;parents, avec l\u2019\u00e9quipe \u00e9ducative,<\/li><li><strong>bilans :<\/strong>&nbsp;orientation, centres d\u2019int\u00e9r\u00eats, capacit\u00e9s cognitives, personnalit\u00e9\u2026<\/li><li><strong>ateliers:<\/strong><\/li><\/ul>\n\n\n\n<ol class=\"wp-block-list\"><li>aide \u00e0 l\u2019\u00e9laboration de projet,<\/li><li>\u00e9changes avec des professionnels et des partenaires<\/li><li>information des Professeur(e)s Principaux(les) (PP),<\/li><li>estime de soi, gestion des \u00e9motions, gestion du stress,<\/li><li>harc\u00e8lement scolaire,<\/li><li>\u00e9changes avec les parents sur les probl\u00e9matiques li\u00e9es \u00e0 l\u2019adolescence,<\/li><li>prise en charge des \u00e9l\u00e8ves \u00e0 besoins \u00e9ducatifs particuliers etc.<\/li><\/ol>\n\n\n\n<ul class=\"wp-block-list\"><li><strong>ateliers th\u00e9matiques\/r\u00e9unions:<\/strong>&nbsp;vie pratique de l\u2019\u00e9tudiant, plateforme postbac\u2026&nbsp;<\/li><\/ul>\n\n\n\n<figure class=\"wp-block-image size-large is-style-tw-rounded-corners\"><img loading=\"lazy\" decoding=\"async\" width=\"1024\" height=\"461\" src=\"https:\/\/site.ac-martinique.fr\/cio-marin\/wp-content\/uploads\/sites\/124\/2022\/06\/20220630_114946-1024x461.jpg\" alt=\"\" class=\"wp-image-76\" srcset=\"https:\/\/site.ac-martinique.fr\/cio-marin\/wp-content\/uploads\/sites\/124\/2022\/06\/20220630_114946-1024x461.jpg 1024w, https:\/\/site.ac-martinique.fr\/cio-marin\/wp-content\/uploads\/sites\/124\/2022\/06\/20220630_114946-300x135.jpg 300w, https:\/\/site.ac-martinique.fr\/cio-marin\/wp-content\/uploads\/sites\/124\/2022\/06\/20220630_114946-768x346.jpg 768w, https:\/\/site.ac-martinique.fr\/cio-marin\/wp-content\/uploads\/sites\/124\/2022\/06\/20220630_114946-1536x692.jpg 1536w, https:\/\/site.ac-martinique.fr\/cio-marin\/wp-content\/uploads\/sites\/124\/2022\/06\/20220630_114946-2048x922.jpg 2048w\" sizes=\"auto, (max-width: 1024px) 100vw, 1024px\" \/><\/figure>\n\n\n\n<ul class=\"wp-block-list\"><li><strong>Missions<\/strong><br><a rel=\"noreferrer noopener\" href=\"http:\/\/www.education.gouv.fr\/pid285\/bulletin_officiel.html?cid_bo=115951\" target=\"_blank\">circulaire n\u00b0 2017-079 du 28 avril 2017<\/a><\/li><li><strong>R\u00e9f\u00e9rentiel de connaissances et de comp\u00e9tences<\/strong><br><a rel=\"noreferrer noopener\" href=\"http:\/\/www.education.gouv.fr\/pid285\/bulletin_officiel.html?cid_bo=115971\" target=\"_blank\">arr\u00eat\u00e9 du 26 avril 2017 &#8211; J.O. du 30 avril 2017<\/a><\/li><li><strong>Modalit\u00e9s de mise en place du corps des psychologues de l&rsquo;\u00e9ducation nationale au titre de l&rsquo;ann\u00e9e scolaire 2017<\/strong><br><a rel=\"noreferrer noopener\" href=\"http:\/\/www.education.gouv.fr\/pid285\/bulletin_officiel.html?cid_bo=113621\" target=\"_blank\">note de service n\u00b0 2017-042 du 28 f\u00e9vrier 2017<\/a><\/li><li><strong>D\u00e9cret du 1er f\u00e9vrier portant dispositions statutaires relatives au nouveau corps de psychologues de l\u2019\u00c9ducation nationale<\/strong><br><a rel=\"noreferrer noopener\" href=\"https:\/\/www.legifrance.gouv.fr\/eli\/decret\/2017\/2\/1\/MENH1635376D\/jo\" target=\"_blank\">d\u00e9cret n\u00b0 2017-120 du 1er f\u00e9vrier 2017<\/a><\/li><\/ul>\n\n\n\n<p>cf. <a href=\"https:\/\/www.education.gouv.fr\/\" data-type=\"URL\" data-id=\"https:\/\/www.education.gouv.fr\/\">https:\/\/www.education.gouv.fr\/<\/a><\/p>\n","protected":false},"excerpt":{"rendered":"<p>Le\/la psychologue de l\u2019Education Nationale (psy-en) de la sp\u00e9cialit\u00e9 \u201c\u00e9ducation, d\u00e9veloppement et conseil en orientation scolaire et professionnelle\u201c. Il exerce dans les centres d\u2019information et d\u2019orientation (CIO) et les \u00e9tablissements scolaires qui rel\u00e8vent du secteur&#8230;<\/p>\n","protected":false},"author":307,"featured_media":0,"parent":0,"menu_order":0,"comment_status":"closed","ping_status":"closed","template":"","meta":{"footnotes":""},"class_list":["post-71","page","type-page","status-publish","hentry"],"_links":{"self":[{"href":"https:\/\/site.ac-martinique.fr\/cio-marin\/index.php?rest_route=\/wp\/v2\/pages\/71","targetHints":{"allow":["GET"]}}],"collection":[{"href":"https:\/\/site.ac-martinique.fr\/cio-marin\/index.php?rest_route=\/wp\/v2\/pages"}],"about":[{"href":"https:\/\/site.ac-martinique.fr\/cio-marin\/index.php?rest_route=\/wp\/v2\/types\/page"}],"author":[{"embeddable":true,"href":"https:\/\/site.ac-martinique.fr\/cio-marin\/index.php?rest_route=\/wp\/v2\/users\/307"}],"replies":[{"embeddable":true,"href":"https:\/\/site.ac-martinique.fr\/cio-marin\/index.php?rest_route=%2Fwp%2Fv2%2Fcomments&post=71"}],"version-history":[{"count":2,"href":"https:\/\/site.ac-martinique.fr\/cio-marin\/index.php?rest_route=\/wp\/v2\/pages\/71\/revisions"}],"predecessor-version":[{"id":134,"href":"https:\/\/site.ac-martinique.fr\/cio-marin\/index.php?rest_route=\/wp\/v2\/pages\/71\/revisions\/134"}],"wp:attachment":[{"href":"https:\/\/site.ac-martinique.fr\/cio-marin\/index.php?rest_route=%2Fwp%2Fv2%2Fmedia&parent=71"}],"curies":[{"name":"wp","href":"https:\/\/api.w.org\/{rel}","templated":true}]}}