{"id":1018,"date":"2022-10-04T08:48:13","date_gmt":"2022-10-04T12:48:13","guid":{"rendered":"https:\/\/site.ac-martinique.fr\/cio-nordatlantique\/?page_id=1018"},"modified":"2023-12-08T11:14:54","modified_gmt":"2023-12-08T15:14:54","slug":"le-concours-de-la-bd-scolaire-2022-2023-est-lance","status":"publish","type":"page","link":"https:\/\/site.ac-martinique.fr\/cio-nordatlantique\/le-concours-de-la-bd-scolaire-2022-2023-est-lance\/","title":{"rendered":"LE CONCOURS DE LA BD SCOLAIRE 2023-2024 EST LANCE !!!"},"content":{"rendered":"\n<h1 class=\"wp-block-heading\">ET SI VOTRE CLASSE DONNAIT NAISSANCE AUX NOUVEAUX AUTEUR\u00b7ICE\u00b7S DE BD DE DEMAIN ?<\/h1>\n\n\n\n<figure class=\"wp-block-image size-large\"><img loading=\"lazy\" decoding=\"async\" width=\"1024\" height=\"635\" src=\"https:\/\/site.ac-martinique.fr\/cio-nordatlantique\/wp-content\/uploads\/sites\/107\/2023\/12\/2024-affichebdscolaire-40x60cm-apercuweb-1024x635.jpg\" alt=\"\" class=\"wp-image-1928\" srcset=\"https:\/\/site.ac-martinique.fr\/cio-nordatlantique\/wp-content\/uploads\/sites\/107\/2023\/12\/2024-affichebdscolaire-40x60cm-apercuweb-1024x635.jpg 1024w, https:\/\/site.ac-martinique.fr\/cio-nordatlantique\/wp-content\/uploads\/sites\/107\/2023\/12\/2024-affichebdscolaire-40x60cm-apercuweb-300x186.jpg 300w, https:\/\/site.ac-martinique.fr\/cio-nordatlantique\/wp-content\/uploads\/sites\/107\/2023\/12\/2024-affichebdscolaire-40x60cm-apercuweb-768x477.jpg 768w, https:\/\/site.ac-martinique.fr\/cio-nordatlantique\/wp-content\/uploads\/sites\/107\/2023\/12\/2024-affichebdscolaire-40x60cm-apercuweb-1140x707.jpg 1140w, https:\/\/site.ac-martinique.fr\/cio-nordatlantique\/wp-content\/uploads\/sites\/107\/2023\/12\/2024-affichebdscolaire-40x60cm-apercuweb.jpg 1410w\" sizes=\"auto, (max-width: 1024px) 100vw, 1024px\" \/><\/figure>\n\n\n\n<p><a href=\"https:\/\/www.bdangouleme.com\/edition-2023-2024-du-concours-de-la-bande-dessinee-scolaire\">ELEMENTS POUR L&rsquo;INSCRIPTION A TELECHARGER ICI<\/a><\/p>\n\n\n\n<h2 class=\"wp-block-heading\">LE CONCOURS DE LA BD SCOLAIRE EST OFFICIELLEMENT LANC\u00c9 ET C\u00c9L\u00c8BRE CETTE ANN\u00c9E SES 50 ANS, EN PARTENARIAT AVEC MGEN.<\/h2>\n\n\n\n<p>C\u2019est l\u2019occasion de \u201c<em>se prouver \u00e0 soi m\u00eame qu\u2019on peut finir une bande dessin\u00e9e<\/em>\u201d conseille Jasmine, 12 ans, participante de l\u2019\u00e9dition 2022-2023 du Concours de la BD scolaire.<\/p>\n\n\n\n<p>Ce d\u00e9fi \u00e0 destination de tous les enfants scolaris\u00e9s de la grande section de maternelle \u00e0 la terminale s\u2019\u00e9tendra du 4 octobre au 4 mars 2024.<\/p>\n\n\n\n<p>\u201c<em>J\u2019\u00e9tais fi\u00e8re de moi et surprise \u00e0 la fois<\/em>\u201d se rem\u00e9more Camille, 11 ans, lorsqu\u2019elle a d\u00e9couvert qu\u2019elle faisait partie de la liste des Petits Fauves d\u2019Argent 2023,&nbsp; \u201c<em>je ne pensais pas que j\u2019avais une chance de gagner<\/em>\u201d poursuit-elle.<\/p>\n\n\n\n<h2 class=\"wp-block-heading\">POURQUOI PAS VOUS ?<\/h2>\n\n\n\n<p>En avril 2024, un jury de professionnels de la BD, d\u00e9cernera 40 Petits Fauve d\u2019Or et parmi eux, les prix suivants : le Prix du Sc\u00e9nario, le Prix du Graphisme, le Prix Espoir, le Prix Coup de C\u0153ur MGEN, et le Prix d\u2019Angoul\u00eame de la Bande Dessin\u00e9e Scolaire. Les 40 Petits Fauves d&rsquo;Or seront invit\u00e9s au Festival d&rsquo;Angoul\u00eame. Les \u0153uvres prim\u00e9es seront mises \u00e0 l&rsquo;honneur dans une exposition lors de l\u2019\u00e9dition 2025 du Festival.<\/p>\n\n\n\n<p>\u201c<em>Voir les bandes dessin\u00e9es expos\u00e9es au c\u0153ur du Quartier Jeunesse du Festival, c\u2019est magique<\/em>\u201d, nous confie Jessy, enseignante et encadrante d\u2019un groupe de participants depuis plusieurs ann\u00e9es.<\/p>\n\n\n\n<p>Consid\u00e9r\u00e9 comme un v\u00e9ritable tremplin dans le monde de la bande dessin\u00e9e professionnelle, le concours a r\u00e9v\u00e9l\u00e9 de nombreux auteurs aujourd\u2019hui reconnus. Catherine Meurisse, J\u00e9r\u00e9mie Moreau, C\u00e9cile Bidault, ou encore Beno\u00eet Ers font partie de la longue liste des laur\u00e9ats qui ne cesse de s&rsquo;\u00e9tendre. Cette ann\u00e9e encore, le concours a pour objectif de d\u00e9couvrir les plus jeunes talents, qui deviendront peut-\u00eatre les auteur\u00b7ice\u00b7s de bande dessin\u00e9e de demain !<\/p>\n\n\n\n<h2 class=\"wp-block-heading\">GRATUIT ET OUVERT \u00c0 TOUS<\/h2>\n\n\n\n<p>Le concours, enti\u00e8rement gratuit, est ouvert \u00e0 tous les \u00e9l\u00e8ves scolaris\u00e9s en \u00e9tablissement scolaire, en unit\u00e9 d\u2019enseignement d\u2019\u00e9tablissements m\u00e9dico-sociaux et dans les \u00e9tablissements scolaires fran\u00e7ais \u00e0 l\u2019\u00e9tranger relevant du Minist\u00e8re de l\u2019\u00e9ducation nationale et de la jeunesse, ainsi qu\u2019aux structures sociales et culturelles (C.S.C.S., centres de loisirs, ateliers d&rsquo;arts plastiques&#8230;).<\/p>\n\n\n\n<p>En ouvrant le concours \u00e0 tous les \u00e9l\u00e8ves sans distinction, le festival s\u2019inscrit dans la perspective d\u2019une \u00e9cole toujours plus inclusive. C\u2019est pourquoi la cat\u00e9gorie \u00ab classe sp\u00e9cialis\u00e9e \u00bb dispara\u00eet. Chaque participant sera directement rattach\u00e9 \u00e0 sa tranche d\u2019\u00e2ge.<\/p>\n\n\n\n<p>Le Concours de la BD scolaire 2023-2024 est pr\u00e9sid\u00e9 par J\u00e9r\u00e9mie Moreau, laur\u00e9at du prix de la BD scolaire en 2005, et Fauve d&rsquo;Or, en janvier 2018, pour&nbsp;<em>La Saga de Grimr (Delcourt)<\/em>.<\/p>\n\n\n\n<p>Laur\u00e9ate du Fauve Jeunesse en 2022 avec&nbsp;<em>Berg\u00e8res Guerri\u00e8res<\/em>&nbsp;(Gl\u00e9nat), Am\u00e9lie Fl\u00e9chais est la marraine de cette \u00e9dition. Elle en a \u00e9galement r\u00e9alis\u00e9 l\u2019affiche.<\/p>\n\n\n\n<p>Nous vous invitons donc \u00e0 participer \u00e0 cette \u00e9dition, ouverte du lundi 4 octobre 2023 au vendredi 4 mars 2024.<\/p>\n\n\n\n<p><strong>Voici quelques extraits des modalit\u00e9s d&rsquo;inscription et d&rsquo;envoi :<\/strong><\/p>\n\n\n\n<p>Ce concours consiste \u00e0 r\u00e9aliser une bande dessin\u00e9e dont le th\u00e8me est libre.<\/p>\n\n\n\n<p>Les r\u00e9alisations peuvent \u00eatre :<\/p>\n\n\n\n<ul class=\"wp-block-list\">\n<li>individuelles ou collectives de 5 \u00e0 10 ans ;&nbsp;<\/li>\n\n\n\n<li>imp\u00e9rativement individuelles \u00e0 partir de 11 ans ;&nbsp;<\/li>\n\n\n\n<li>num\u00e9rot\u00e9es au recto et au verso ;&nbsp;<\/li>\n\n\n\n<li>format&nbsp;<strong>vertical<\/strong>&nbsp;(<strong>A4 ou A3<\/strong>) uniquement en recto ;<\/li>\n<\/ul>\n\n\n\n<p>Chaque participant.e (\u0153uvre individuelle ou collective) devra pr\u00e9senter une bande dessin\u00e9e (planches, strips&#8230;) d\u2019une planche minimum, en s\u2019appuyant sur un sc\u00e9nario comportant obligatoirement un titre (le titre devant \u00eatre visible au recto de la planche), un d\u00e9but et une fin. Les r\u00e9alisations&nbsp;<strong>individuelles<\/strong>&nbsp;doivent comporter&nbsp;<strong>2 planches<\/strong>&nbsp;maximum, les r\u00e9alisations&nbsp;<strong>collectives<\/strong>&nbsp;doivent comporter&nbsp;<strong>3 planches<\/strong>&nbsp;maximum.<\/p>\n\n\n\n<p><strong>La date limite de remise des travaux est le 4 mars 2024.<\/strong><\/p>\n\n\n\n<p>L\u2019envoi des travaux devra imp\u00e9rativement \u00eatre accompagn\u00e9 du bordereau d\u2019envoi des \u0153uvres correctement rempli (t\u00e9l\u00e9chargeable sur cette page). Les bandes dessin\u00e9es devront \u00eatre suffisamment prot\u00e9g\u00e9es pour le transport, \u00eatre exp\u00e9di\u00e9es \u00e0 plat (ni pli\u00e9es, ni conditionn\u00e9es dans un tube, ni plastifi\u00e9es) et correctement affranchies \u00e0 l\u2019adresse suivante :<\/p>\n\n\n\n<p>Festival International de la Bande Dessin\u00e9e d\u2019Angoul\u00eame\u2028<br>Concours de la Bande Dessin\u00e9e scolaire &#8211; 71 rue Herg\u00e9 &#8211; 16000 ANGOUL\u00caME<\/p>\n\n\n\n<p>Pour toute information compl\u00e9mentaire, \u00e9crire \u00e0 : concoursbdscolaire@bdangouleme.com<\/p>\n\n\n\n<p>Tous les laur\u00e9at.e.s seront inform\u00e9.e.s des r\u00e9sultats \u00e0 l\u2019adresse de leur \u00e9tablissement scolaire ou de leur structure sociale et culturelle.<\/p>\n\n\n\n<p>Bon concours \u00e0 tous ! Pour toute demande d\u2019information compl\u00e9mentaire : concoursbdscolaire@bdangouleme.com ou posez-nous toutes vos questions sur les r\u00e9seaux.<\/p>\n\n\n\n<p><\/p>\n","protected":false},"excerpt":{"rendered":"<p>ET SI VOTRE CLASSE DONNAIT NAISSANCE AUX NOUVEAUX AUTEUR\u00b7ICE\u00b7S DE BD DE DEMAIN ? ELEMENTS POUR L&rsquo;INSCRIPTION A TELECHARGER ICI LE CONCOURS DE LA BD SCOLAIRE EST OFFICIELLEMENT LANC\u00c9 ET C\u00c9L\u00c8BRE CETTE ANN\u00c9E SES 50 ANS, EN PARTENARIAT AVEC MGEN. C\u2019est l\u2019occasion de \u201cse prouver \u00e0 soi m\u00eame qu\u2019on peut finir une bande dessin\u00e9e\u201d conseille Jasmine, 12 ans, participante de l\u2019\u00e9dition 2022-2023 du Concours de la BD scolaire. Ce d\u00e9fi \u00e0 destination de tous les enfants scolaris\u00e9s de la grande section de maternelle \u00e0 la terminale s\u2019\u00e9tendra du 4 octobre au 4 mars 2024. \u201cJ\u2019\u00e9tais fi\u00e8re de moi et surprise \u00e0 la fois\u201d se rem\u00e9more Camille, 11 ans, lorsqu\u2019elle a d\u00e9couvert qu\u2019elle faisait partie de la liste des Petits Fauves d\u2019Argent 2023,&nbsp; \u201cje ne pensais pas que j\u2019avais une chance de gagner\u201d poursuit-elle. POURQUOI PAS VOUS ? En avril 2024, un jury de professionnels de la BD, d\u00e9cernera 40 Petits Fauve d\u2019Or et parmi eux, les prix suivants : le Prix du Sc\u00e9nario, le Prix du Graphisme, le Prix Espoir, le Prix Coup de C\u0153ur MGEN, et le Prix d\u2019Angoul\u00eame de la Bande Dessin\u00e9e Scolaire. Les 40 Petits Fauves d&rsquo;Or seront invit\u00e9s au Festival d&rsquo;Angoul\u00eame. Les \u0153uvres prim\u00e9es seront mises \u00e0 l&rsquo;honneur dans une exposition lors de l\u2019\u00e9dition 2025 du Festival. \u201cVoir les bandes dessin\u00e9es expos\u00e9es au c\u0153ur du Quartier Jeunesse du Festival, c\u2019est magique\u201d, nous confie Jessy, enseignante et encadrante d\u2019un groupe de participants depuis plusieurs ann\u00e9es. Consid\u00e9r\u00e9 comme un v\u00e9ritable tremplin dans le monde de la bande dessin\u00e9e professionnelle, le concours a r\u00e9v\u00e9l\u00e9 de nombreux auteurs aujourd\u2019hui reconnus. Catherine Meurisse, J\u00e9r\u00e9mie Moreau, C\u00e9cile Bidault, ou encore Beno\u00eet Ers font partie de la longue liste des laur\u00e9ats qui ne cesse de s&rsquo;\u00e9tendre. Cette ann\u00e9e encore, le concours a pour objectif de d\u00e9couvrir les plus jeunes talents, qui deviendront peut-\u00eatre les auteur\u00b7ice\u00b7s de bande dessin\u00e9e de demain ! GRATUIT ET OUVERT \u00c0 TOUS Le concours, enti\u00e8rement gratuit, est ouvert \u00e0 tous les \u00e9l\u00e8ves scolaris\u00e9s en \u00e9tablissement scolaire, en unit\u00e9 d\u2019enseignement d\u2019\u00e9tablissements m\u00e9dico-sociaux et dans les \u00e9tablissements scolaires fran\u00e7ais \u00e0 l\u2019\u00e9tranger relevant du Minist\u00e8re de l\u2019\u00e9ducation nationale et de la jeunesse, ainsi qu\u2019aux structures sociales et culturelles (C.S.C.S., centres de loisirs, ateliers d&rsquo;arts plastiques&#8230;). En ouvrant le concours \u00e0 tous les \u00e9l\u00e8ves sans distinction, le festival s\u2019inscrit dans la perspective d\u2019une \u00e9cole toujours plus inclusive. C\u2019est pourquoi la cat\u00e9gorie \u00ab classe sp\u00e9cialis\u00e9e \u00bb dispara\u00eet. Chaque participant sera directement rattach\u00e9 \u00e0 sa tranche d\u2019\u00e2ge. Le Concours de la BD scolaire 2023-2024 est pr\u00e9sid\u00e9 par J\u00e9r\u00e9mie Moreau, laur\u00e9at du prix de la BD scolaire en 2005, et Fauve d&rsquo;Or, en janvier 2018, pour&nbsp;La Saga de Grimr (Delcourt). Laur\u00e9ate du Fauve Jeunesse en 2022 avec&nbsp;Berg\u00e8res Guerri\u00e8res&nbsp;(Gl\u00e9nat), Am\u00e9lie Fl\u00e9chais est la marraine de cette \u00e9dition. Elle en a \u00e9galement r\u00e9alis\u00e9 l\u2019affiche. Nous vous invitons donc \u00e0 participer \u00e0 cette \u00e9dition, ouverte du lundi 4 octobre 2023 au vendredi 4 mars 2024. Voici quelques extraits des modalit\u00e9s d&rsquo;inscription et d&rsquo;envoi : Ce concours consiste \u00e0 r\u00e9aliser une bande dessin\u00e9e dont le th\u00e8me est libre. Les r\u00e9alisations peuvent \u00eatre : Chaque participant.e (\u0153uvre individuelle ou collective) devra pr\u00e9senter une bande dessin\u00e9e (planches, strips&#8230;) d\u2019une planche minimum, en s\u2019appuyant sur un sc\u00e9nario comportant obligatoirement un titre (le titre devant \u00eatre visible au recto de la planche), un d\u00e9but et une fin. Les r\u00e9alisations&nbsp;individuelles&nbsp;doivent comporter&nbsp;2 planches&nbsp;maximum, les r\u00e9alisations&nbsp;collectives&nbsp;doivent comporter&nbsp;3 planches&nbsp;maximum. La date limite de remise des travaux est le 4 mars 2024. L\u2019envoi des travaux devra imp\u00e9rativement \u00eatre accompagn\u00e9 du bordereau d\u2019envoi des \u0153uvres correctement rempli (t\u00e9l\u00e9chargeable sur cette page). Les bandes dessin\u00e9es devront \u00eatre suffisamment prot\u00e9g\u00e9es pour le transport, \u00eatre exp\u00e9di\u00e9es \u00e0 plat (ni pli\u00e9es, ni conditionn\u00e9es dans un tube, ni plastifi\u00e9es) et correctement affranchies \u00e0 l\u2019adresse suivante : Festival International de la Bande Dessin\u00e9e d\u2019Angoul\u00eame\u2028Concours de la Bande Dessin\u00e9e scolaire &#8211; 71 rue Herg\u00e9 &#8211; 16000 ANGOUL\u00caME Pour toute information compl\u00e9mentaire, \u00e9crire \u00e0 : concoursbdscolaire@bdangouleme.com Tous les laur\u00e9at.e.s seront inform\u00e9.e.s des r\u00e9sultats \u00e0 l\u2019adresse de leur \u00e9tablissement scolaire ou de leur structure sociale et culturelle. Bon concours \u00e0 tous ! Pour toute demande d\u2019information compl\u00e9mentaire : concoursbdscolaire@bdangouleme.com ou posez-nous toutes vos questions sur les r\u00e9seaux.<\/p>\n","protected":false},"author":314,"featured_media":0,"parent":0,"menu_order":0,"comment_status":"closed","ping_status":"closed","template":"","meta":{"footnotes":""},"class_list":["post-1018","page","type-page","status-publish","hentry"],"_links":{"self":[{"href":"https:\/\/site.ac-martinique.fr\/cio-nordatlantique\/wp-json\/wp\/v2\/pages\/1018","targetHints":{"allow":["GET"]}}],"collection":[{"href":"https:\/\/site.ac-martinique.fr\/cio-nordatlantique\/wp-json\/wp\/v2\/pages"}],"about":[{"href":"https:\/\/site.ac-martinique.fr\/cio-nordatlantique\/wp-json\/wp\/v2\/types\/page"}],"author":[{"embeddable":true,"href":"https:\/\/site.ac-martinique.fr\/cio-nordatlantique\/wp-json\/wp\/v2\/users\/314"}],"replies":[{"embeddable":true,"href":"https:\/\/site.ac-martinique.fr\/cio-nordatlantique\/wp-json\/wp\/v2\/comments?post=1018"}],"version-history":[{"count":2,"href":"https:\/\/site.ac-martinique.fr\/cio-nordatlantique\/wp-json\/wp\/v2\/pages\/1018\/revisions"}],"predecessor-version":[{"id":1929,"href":"https:\/\/site.ac-martinique.fr\/cio-nordatlantique\/wp-json\/wp\/v2\/pages\/1018\/revisions\/1929"}],"wp:attachment":[{"href":"https:\/\/site.ac-martinique.fr\/cio-nordatlantique\/wp-json\/wp\/v2\/media?parent=1018"}],"curies":[{"name":"wp","href":"https:\/\/api.w.org\/{rel}","templated":true}]}}