{"id":102,"date":"2021-10-09T12:35:03","date_gmt":"2021-10-09T16:35:03","guid":{"rendered":"https:\/\/site.ac-martinique.fr\/cio-nordatlantique\/?page_id=102"},"modified":"2024-02-01T13:08:22","modified_gmt":"2024-02-01T17:08:22","slug":"je-me-prepare-a-parcoursup","status":"publish","type":"page","link":"https:\/\/site.ac-martinique.fr\/cio-nordatlantique\/je-me-prepare-a-parcoursup\/","title":{"rendered":"Je me pr\u00e9pare \u00e0 PARCOURSUP"},"content":{"rendered":"\n<p class=\"has-vivid-purple-color has-text-color has-link-color has-medium-font-size wp-elements-366c7baa1d159c047646cb6909412e21\"><strong>Je fais le point <\/strong><\/p>\n\n\n\n<div data-wp-interactive=\"core\/file\" class=\"wp-block-file\"><object data-wp-bind--hidden=\"!state.hasPdfPreview\" hidden class=\"wp-block-file__embed\" data=\"https:\/\/site.ac-martinique.fr\/cio-nordatlantique\/wp-content\/uploads\/sites\/107\/2024\/01\/FE_JE_FAIS_LE_POINT_2023.pdf\" type=\"application\/pdf\" style=\"width:100%;height:600px\" aria-label=\"Contenu embarqu\u00e9 FE_JE_FAIS_LE_POINT_2023.\"><\/object><a id=\"wp-block-file--media-fcd4c2e9-6665-42fb-827b-42f7c9f2d68b\" href=\"https:\/\/site.ac-martinique.fr\/cio-nordatlantique\/wp-content\/uploads\/sites\/107\/2024\/01\/FE_JE_FAIS_LE_POINT_2023.pdf\">FE_JE_FAIS_LE_POINT_2023<\/a><a href=\"https:\/\/site.ac-martinique.fr\/cio-nordatlantique\/wp-content\/uploads\/sites\/107\/2024\/01\/FE_JE_FAIS_LE_POINT_2023.pdf\" class=\"wp-block-file__button wp-element-button\" download aria-describedby=\"wp-block-file--media-fcd4c2e9-6665-42fb-827b-42f7c9f2d68b\">T\u00e9l\u00e9charger<\/a><\/div>\n\n\n\n<p class=\"has-vivid-purple-color has-text-color has-medium-font-size\"><strong>Je me pr\u00e9pare \u00e0 remplir la rubrique Activit\u00e9s et Centre d&rsquo;Int\u00e9r\u00eat<\/strong><\/p>\n\n\n\n<div class=\"wp-block-file\"><a id=\"wp-block-file--media-ab971217-4805-42c6-9345-90c70c123c2c\" href=\"https:\/\/site.ac-martinique.fr\/cio-nordatlantique\/wp-content\/uploads\/sites\/107\/2024\/02\/AIDE-FORMULATION-RUBRIQUE-INTERETS-ACTIVITES-CIO-NORD-ATLANTIQUE.docx\">AIDE-FORMULATION-RUBRIQUE-INTERETS-ACTIVITES-CIO-NORD-ATLANTIQUE<\/a><a href=\"https:\/\/site.ac-martinique.fr\/cio-nordatlantique\/wp-content\/uploads\/sites\/107\/2024\/02\/AIDE-FORMULATION-RUBRIQUE-INTERETS-ACTIVITES-CIO-NORD-ATLANTIQUE.docx\" class=\"wp-block-file__button wp-element-button\" download aria-describedby=\"wp-block-file--media-ab971217-4805-42c6-9345-90c70c123c2c\">T\u00e9l\u00e9charger<\/a><\/div>\n\n\n\n<div data-wp-interactive=\"core\/file\" class=\"wp-block-file\"><object data-wp-bind--hidden=\"!state.hasPdfPreview\" hidden class=\"wp-block-file__embed\" data=\"https:\/\/site.ac-martinique.fr\/cio-nordatlantique\/wp-content\/uploads\/sites\/107\/2024\/01\/FEE_ACTIVITES_ET_CENTRES_INTERET_0124.pdf\" type=\"application\/pdf\" style=\"width:100%;height:600px\" aria-label=\"Contenu embarqu\u00e9 FEE_ACTIVITES_ET_CENTRES_INTERET_0124.\"><\/object><a id=\"wp-block-file--media-5727894a-1ce0-4eff-9c0c-08e68885c470\" href=\"https:\/\/site.ac-martinique.fr\/cio-nordatlantique\/wp-content\/uploads\/sites\/107\/2024\/01\/FEE_ACTIVITES_ET_CENTRES_INTERET_0124.pdf\">FEE_ACTIVITES_ET_CENTRES_INTERET_0124<\/a><a href=\"https:\/\/site.ac-martinique.fr\/cio-nordatlantique\/wp-content\/uploads\/sites\/107\/2024\/01\/FEE_ACTIVITES_ET_CENTRES_INTERET_0124.pdf\" class=\"wp-block-file__button wp-element-button\" download aria-describedby=\"wp-block-file--media-5727894a-1ce0-4eff-9c0c-08e68885c470\">T\u00e9l\u00e9charger<\/a><\/div>\n\n\n\n<p class=\"has-vivid-purple-color has-text-color has-medium-font-size\"><strong>Je me pr\u00e9pare \u00e0 r\u00e9diger la lettre de motivation<\/strong><\/p>\n\n\n\n<div class=\"wp-block-file\"><a id=\"wp-block-file--media-b98a7583-9de1-4588-b786-72af8def29e6\" href=\"https:\/\/site.ac-martinique.fr\/cio-nordatlantique\/wp-content\/uploads\/sites\/107\/2024\/02\/AIDE-A-LA-FORMULATION-DU-PROJET-DE-FORMATION-MOTIVE.docx\">AIDE-A-LA-FORMULATION-LETTRE -DE -MOTIVATION<\/a><a href=\"https:\/\/site.ac-martinique.fr\/cio-nordatlantique\/wp-content\/uploads\/sites\/107\/2024\/02\/AIDE-A-LA-FORMULATION-DU-PROJET-DE-FORMATION-MOTIVE.docx\" class=\"wp-block-file__button wp-element-button\" download aria-describedby=\"wp-block-file--media-b98a7583-9de1-4588-b786-72af8def29e6\">T\u00e9l\u00e9charger<\/a><\/div>\n\n\n\n<div data-wp-interactive=\"core\/file\" class=\"wp-block-file\"><object data-wp-bind--hidden=\"!state.hasPdfPreview\" hidden class=\"wp-block-file__embed\" data=\"https:\/\/site.ac-martinique.fr\/cio-nordatlantique\/wp-content\/uploads\/sites\/107\/2024\/01\/FEE_REDIGER_LETTRE_DE_MOTIVATION_0124.pdf\" type=\"application\/pdf\" style=\"width:100%;height:600px\" aria-label=\"Contenu embarqu\u00e9 FEE_REDIGER_LETTRE_DE_MOTIVATION_0124.\"><\/object><a id=\"wp-block-file--media-af420e64-9c64-4a94-96f7-808652b2c358\" href=\"https:\/\/site.ac-martinique.fr\/cio-nordatlantique\/wp-content\/uploads\/sites\/107\/2024\/01\/FEE_REDIGER_LETTRE_DE_MOTIVATION_0124.pdf\">FEE_REDIGER_LETTRE_DE_MOTIVATION_0124<\/a><a href=\"https:\/\/site.ac-martinique.fr\/cio-nordatlantique\/wp-content\/uploads\/sites\/107\/2024\/01\/FEE_REDIGER_LETTRE_DE_MOTIVATION_0124.pdf\" class=\"wp-block-file__button wp-element-button\" download aria-describedby=\"wp-block-file--media-af420e64-9c64-4a94-96f7-808652b2c358\">T\u00e9l\u00e9charger<\/a><\/div>\n\n\n\n<p class=\"has-vivid-purple-color has-text-color has-link-color wp-elements-a4c7326f975ced30c43dea0b5b3556bf\"><strong>Je me pr\u00e9pare pour mon entretien personnalis\u00e9<\/strong><\/p>\n\n\n\n<div data-wp-interactive=\"core\/file\" class=\"wp-block-file\"><object data-wp-bind--hidden=\"!state.hasPdfPreview\" hidden class=\"wp-block-file__embed\" data=\"https:\/\/site.ac-martinique.fr\/cio-nordatlantique\/wp-content\/uploads\/sites\/107\/2024\/01\/FE_LENTRETIEN_PERSONNALISE_DORIENTATION_2023.pdf\" type=\"application\/pdf\" style=\"width:100%;height:600px\" aria-label=\"Contenu embarqu\u00e9 FE_LENTRETIEN_PERSONNALISE_DORIENTATION_2023.\"><\/object><a id=\"wp-block-file--media-dd5882bc-4c44-49e7-a9c0-13a72acd3480\" href=\"https:\/\/site.ac-martinique.fr\/cio-nordatlantique\/wp-content\/uploads\/sites\/107\/2024\/01\/FE_LENTRETIEN_PERSONNALISE_DORIENTATION_2023.pdf\">FE_LENTRETIEN_PERSONNALISE_DORIENTATION_2023<\/a><a href=\"https:\/\/site.ac-martinique.fr\/cio-nordatlantique\/wp-content\/uploads\/sites\/107\/2024\/01\/FE_LENTRETIEN_PERSONNALISE_DORIENTATION_2023.pdf\" class=\"wp-block-file__button wp-element-button\" download aria-describedby=\"wp-block-file--media-dd5882bc-4c44-49e7-a9c0-13a72acd3480\">T\u00e9l\u00e9charger<\/a><\/div>\n","protected":false},"excerpt":{"rendered":"<p>Je fais le point Je me pr\u00e9pare \u00e0 remplir la rubrique Activit\u00e9s et Centre d&rsquo;Int\u00e9r\u00eat Je me pr\u00e9pare \u00e0 r\u00e9diger la lettre de motivation Je me pr\u00e9pare pour mon entretien personnalis\u00e9<\/p>\n","protected":false},"author":314,"featured_media":0,"parent":0,"menu_order":0,"comment_status":"closed","ping_status":"closed","template":"","meta":{"footnotes":""},"class_list":["post-102","page","type-page","status-publish","hentry"],"_links":{"self":[{"href":"https:\/\/site.ac-martinique.fr\/cio-nordatlantique\/wp-json\/wp\/v2\/pages\/102","targetHints":{"allow":["GET"]}}],"collection":[{"href":"https:\/\/site.ac-martinique.fr\/cio-nordatlantique\/wp-json\/wp\/v2\/pages"}],"about":[{"href":"https:\/\/site.ac-martinique.fr\/cio-nordatlantique\/wp-json\/wp\/v2\/types\/page"}],"author":[{"embeddable":true,"href":"https:\/\/site.ac-martinique.fr\/cio-nordatlantique\/wp-json\/wp\/v2\/users\/314"}],"replies":[{"embeddable":true,"href":"https:\/\/site.ac-martinique.fr\/cio-nordatlantique\/wp-json\/wp\/v2\/comments?post=102"}],"version-history":[{"count":7,"href":"https:\/\/site.ac-martinique.fr\/cio-nordatlantique\/wp-json\/wp\/v2\/pages\/102\/revisions"}],"predecessor-version":[{"id":2013,"href":"https:\/\/site.ac-martinique.fr\/cio-nordatlantique\/wp-json\/wp\/v2\/pages\/102\/revisions\/2013"}],"wp:attachment":[{"href":"https:\/\/site.ac-martinique.fr\/cio-nordatlantique\/wp-json\/wp\/v2\/media?parent=102"}],"curies":[{"name":"wp","href":"https:\/\/api.w.org\/{rel}","templated":true}]}}