{"id":1027,"date":"2022-10-04T10:18:35","date_gmt":"2022-10-04T14:18:35","guid":{"rendered":"https:\/\/site.ac-martinique.fr\/cio-nordatlantique\/?page_id=1027"},"modified":"2022-11-23T08:32:08","modified_gmt":"2022-11-23T12:32:08","slug":"la-martinique-en-route-vers-le-developpement-durable","status":"publish","type":"page","link":"https:\/\/site.ac-martinique.fr\/cio-nordatlantique\/la-martinique-en-route-vers-le-developpement-durable\/","title":{"rendered":"LA MARTINIQUE EN ROUTE VERS LE DEVELOPPEMENT DURABLE &#8211; POUR ALLER PLUS LOIN"},"content":{"rendered":"\n<figure class=\"wp-block-image size-full is-resized\"><img loading=\"lazy\" decoding=\"async\" src=\"https:\/\/site.ac-martinique.fr\/cio-nordatlantique\/wp-content\/uploads\/sites\/107\/2022\/10\/LOGO-LA-MARTINIQUE-EN-ROUTE-VERS-LE-DEVELOPPEMENT-DURABLE.png\" alt=\"\" class=\"wp-image-1024\" width=\"375\" height=\"375\" srcset=\"https:\/\/site.ac-martinique.fr\/cio-nordatlantique\/wp-content\/uploads\/sites\/107\/2022\/10\/LOGO-LA-MARTINIQUE-EN-ROUTE-VERS-LE-DEVELOPPEMENT-DURABLE.png 1000w, https:\/\/site.ac-martinique.fr\/cio-nordatlantique\/wp-content\/uploads\/sites\/107\/2022\/10\/LOGO-LA-MARTINIQUE-EN-ROUTE-VERS-LE-DEVELOPPEMENT-DURABLE-300x300.png 300w, https:\/\/site.ac-martinique.fr\/cio-nordatlantique\/wp-content\/uploads\/sites\/107\/2022\/10\/LOGO-LA-MARTINIQUE-EN-ROUTE-VERS-LE-DEVELOPPEMENT-DURABLE-150x150.png 150w, https:\/\/site.ac-martinique.fr\/cio-nordatlantique\/wp-content\/uploads\/sites\/107\/2022\/10\/LOGO-LA-MARTINIQUE-EN-ROUTE-VERS-LE-DEVELOPPEMENT-DURABLE-768x768.png 768w, https:\/\/site.ac-martinique.fr\/cio-nordatlantique\/wp-content\/uploads\/sites\/107\/2022\/10\/LOGO-LA-MARTINIQUE-EN-ROUTE-VERS-LE-DEVELOPPEMENT-DURABLE-75x75.png 75w\" sizes=\"auto, (max-width: 375px) 100vw, 375px\" \/><\/figure>\n\n\n\n<p><a href=\"https:\/\/www.youtube.com\/watch?v=_bquoSTUSzU\">SOURCE LE CENTRE SONGHAI AU BENIN &#8211; le d\u00e9veloppement de l&rsquo;entrepreneuriat en agriculture<\/a><\/p>\n\n\n\n<p><a href=\"https:\/\/www.brut.media\/fr\/entertainment\/elle-cree-des-vetements-uniques-a-partir-de-tissus-de-luxe-dfdea3b6-1b81-4867-973e-f41db7a77f60\">SOURCE BRUT &#8211; Rencontrez Morgane qui donne vie aux chutes de tissus de luxe<\/a><\/p>\n\n\n\n<p><a href=\"https:\/\/www.iedafrique.org\/Le-Biochar-un-charbon-biologique.html\">SOURCE IED AFRIQUE &#8211; Qu&rsquo;est-ce que le BIOCHAR ?<\/a><\/p>\n\n\n\n<p><a href=\"https:\/\/www.neo.tv\/video\/63317119a81aef0bcb553831\/Arles : ce riziculteur s\u2019aide de canards pour d\u00e9sherber ses rizi\u00e8res\">SOURCE NEO TV &#8211; Des canards pour d\u00e9sherber les rizi\u00e8res !!<\/a><\/p>\n\n\n\n<p><a href=\"https:\/\/fb.watch\/fX_Gl6qLfK\/\">SOURCE FRANCE CULTURE &#8211; De la dentelle pour sauver les coraux <\/a><\/p>\n\n\n\n<p><a href=\"https:\/\/www.rtbf.be\/article\/quatre-adolescentes-creent-un-generateur-d-electricite-alimente-a-l-urine-7871420\">SOURCE RTBF &#8211; un g\u00e9n\u00e9rateur d&rsquo;\u00e9lectricit\u00e9 qui fonctionne \u00e0 &#8230;. L&rsquo;URINE !!!<\/a><\/p>\n\n\n\n<p><a href=\"https:\/\/www.rtbf.be\/article\/lurine-humaine-un-engrais-inattendu-mais-efficace-et-moins-polluant-10982819\">SOURCE RTBF &#8211; L&rsquo;urine humaine, un engrais inattendu !!!<\/a><\/p>\n\n\n\n<p><a href=\"https:\/\/la1ere.francetvinfo.fr\/reunion\/madagascar-un-ciment-a-base-de-chaux-et-de-balle-de-riz-1327680.html\">SOURCE REUNION LA PREMIERE &#8211; un ciment \u00e0 base de chaux et de balle de riz ?!?<\/a><\/p>\n\n\n\n<p><a href=\"https:\/\/www.brut.media\/fr\/nature\/alsace-une-maison-ecologique-aux-allures-de-dome-1141e5b4-bc53-4b12-b53a-52e7674959fc\">SOURCE BRUT &#8211; D\u00e9couvrez ce qu&rsquo;est un  l&rsquo;HELIODOME !!<\/a><\/p>\n\n\n\n<p><a href=\"https:\/\/www.mixcloud.com\/NordFM\/nord-fm-le-rdv-humanity-for-the-world-la-cybers%C3%A9curit%C3%A9-les-odd-16-17-0322\/\">INTERVIEW DE MME POMIER-FLOBINUS &#8211; ONG HUMANITY FOR THE WORLD &#8211; NORD FM RADIO<\/a><\/p>\n\n\n\n<p class=\"has-vivid-green-cyan-color has-text-color\"><a href=\"https:\/\/www.lassomer.fr\/\">SITE INTERNET DE L&rsquo;ASSO-MER<\/a><\/p>\n\n\n\n<p class=\"has-vivid-green-cyan-color has-text-color\"><a href=\"https:\/\/youtu.be\/-dM9k-J6JWg\">PRESENTATION DU METIER DE CHERCHEUR EN ECOLOGIE MARINE<\/a><\/p>\n","protected":false},"excerpt":{"rendered":"<p>SOURCE LE CENTRE SONGHAI AU BENIN &#8211; le d\u00e9veloppement de l&rsquo;entrepreneuriat en agriculture SOURCE BRUT &#8211; Rencontrez Morgane qui donne vie aux chutes de tissus de luxe SOURCE IED AFRIQUE &#8211; Qu&rsquo;est-ce que le BIOCHAR ? SOURCE NEO TV &#8211; Des canards pour d\u00e9sherber les rizi\u00e8res !! SOURCE FRANCE CULTURE &#8211; De la dentelle pour sauver les coraux SOURCE RTBF &#8211; un g\u00e9n\u00e9rateur d&rsquo;\u00e9lectricit\u00e9 qui fonctionne \u00e0 &#8230;. L&rsquo;URINE !!! SOURCE RTBF &#8211; L&rsquo;urine humaine, un engrais inattendu !!! SOURCE REUNION LA PREMIERE &#8211; un ciment \u00e0 base de chaux et de balle de riz ?!? SOURCE BRUT &#8211; D\u00e9couvrez ce qu&rsquo;est un l&rsquo;HELIODOME !! INTERVIEW DE MME POMIER-FLOBINUS &#8211; ONG HUMANITY FOR THE WORLD &#8211; NORD FM RADIO SITE INTERNET DE L&rsquo;ASSO-MER PRESENTATION DU METIER DE CHERCHEUR EN ECOLOGIE MARINE<\/p>\n","protected":false},"author":314,"featured_media":0,"parent":0,"menu_order":0,"comment_status":"closed","ping_status":"closed","template":"","meta":{"footnotes":""},"class_list":["post-1027","page","type-page","status-publish","hentry"],"_links":{"self":[{"href":"https:\/\/site.ac-martinique.fr\/cio-nordatlantique\/wp-json\/wp\/v2\/pages\/1027","targetHints":{"allow":["GET"]}}],"collection":[{"href":"https:\/\/site.ac-martinique.fr\/cio-nordatlantique\/wp-json\/wp\/v2\/pages"}],"about":[{"href":"https:\/\/site.ac-martinique.fr\/cio-nordatlantique\/wp-json\/wp\/v2\/types\/page"}],"author":[{"embeddable":true,"href":"https:\/\/site.ac-martinique.fr\/cio-nordatlantique\/wp-json\/wp\/v2\/users\/314"}],"replies":[{"embeddable":true,"href":"https:\/\/site.ac-martinique.fr\/cio-nordatlantique\/wp-json\/wp\/v2\/comments?post=1027"}],"version-history":[{"count":6,"href":"https:\/\/site.ac-martinique.fr\/cio-nordatlantique\/wp-json\/wp\/v2\/pages\/1027\/revisions"}],"predecessor-version":[{"id":1242,"href":"https:\/\/site.ac-martinique.fr\/cio-nordatlantique\/wp-json\/wp\/v2\/pages\/1027\/revisions\/1242"}],"wp:attachment":[{"href":"https:\/\/site.ac-martinique.fr\/cio-nordatlantique\/wp-json\/wp\/v2\/media?parent=1027"}],"curies":[{"name":"wp","href":"https:\/\/api.w.org\/{rel}","templated":true}]}}