{"id":1187,"date":"2022-11-17T10:48:45","date_gmt":"2022-11-17T14:48:45","guid":{"rendered":"https:\/\/site.ac-martinique.fr\/cio-nordatlantique\/?page_id=1187"},"modified":"2022-11-17T16:55:01","modified_gmt":"2022-11-17T20:55:01","slug":"retour-en-images-sur-la-martinique-en-route-vers-le-developpement-durable-avec-mme-shirley-billot","status":"publish","type":"page","link":"https:\/\/site.ac-martinique.fr\/cio-nordatlantique\/retour-en-images-sur-la-martinique-en-route-vers-le-developpement-durable-avec-mme-shirley-billot\/","title":{"rendered":"RETOUR EN IMAGES SUR LA MARTINIQUE EN ROUTE VERS LE DEVELOPPEMENT DURABLE avec Mme Shirley BILLOT"},"content":{"rendered":"\n<p>Des \u00e9l\u00e8ves du NORD ATLANTIQUE ont fait la d\u00e9marche de venir avec leurs, enseignant.e.s, infirmi\u00e8re (\ud83d\ude09 Marylou) ou CPE ce mercredi 16 novembre pour \u00e9couter le t\u00e9moignage mais surtout LE MESSAGE de Mme Shirley BILLOT &#8211; fondatrice de la marque <a href=\"https:\/\/www.youtube.com\/watch?v=GbyBYLg-6Hk\">KADALYS<\/a> et MARRAINE de notre ANNEE DEVELOPPEMENT DURABLE !! <\/p>\n\n\n\n<p class=\"has-text-align-center has-vivid-cyan-blue-color has-text-color has-large-font-size\">\ud83e\udd1c\ud83c\udffd <strong>AYEZ DE L&rsquo;AUDACE CAR TOUT EST POSSIBLE<\/strong>\ud83e\udd1b\ud83c\udffd<\/p>\n\n\n\n<figure class=\"wp-block-image size-large is-style-tw-shadow\"><img loading=\"lazy\" decoding=\"async\" width=\"1024\" height=\"683\" src=\"https:\/\/site.ac-martinique.fr\/cio-nordatlantique\/wp-content\/uploads\/sites\/107\/2022\/11\/IMG_0916-1024x683.jpg\" alt=\"\" class=\"wp-image-1190\" srcset=\"https:\/\/site.ac-martinique.fr\/cio-nordatlantique\/wp-content\/uploads\/sites\/107\/2022\/11\/IMG_0916-1024x683.jpg 1024w, https:\/\/site.ac-martinique.fr\/cio-nordatlantique\/wp-content\/uploads\/sites\/107\/2022\/11\/IMG_0916-300x200.jpg 300w, https:\/\/site.ac-martinique.fr\/cio-nordatlantique\/wp-content\/uploads\/sites\/107\/2022\/11\/IMG_0916-768x512.jpg 768w, https:\/\/site.ac-martinique.fr\/cio-nordatlantique\/wp-content\/uploads\/sites\/107\/2022\/11\/IMG_0916-1536x1024.jpg 1536w, https:\/\/site.ac-martinique.fr\/cio-nordatlantique\/wp-content\/uploads\/sites\/107\/2022\/11\/IMG_0916-2048x1366.jpg 2048w, https:\/\/site.ac-martinique.fr\/cio-nordatlantique\/wp-content\/uploads\/sites\/107\/2022\/11\/IMG_0916-1140x760.jpg 1140w\" sizes=\"auto, (max-width: 1024px) 100vw, 1024px\" \/><\/figure>\n\n\n\n<figure class=\"wp-block-image size-large is-style-tw-shadow\"><img loading=\"lazy\" decoding=\"async\" width=\"1024\" height=\"683\" src=\"https:\/\/site.ac-martinique.fr\/cio-nordatlantique\/wp-content\/uploads\/sites\/107\/2022\/11\/IMG_0917-1024x683.jpg\" alt=\"\" class=\"wp-image-1191\" srcset=\"https:\/\/site.ac-martinique.fr\/cio-nordatlantique\/wp-content\/uploads\/sites\/107\/2022\/11\/IMG_0917-1024x683.jpg 1024w, https:\/\/site.ac-martinique.fr\/cio-nordatlantique\/wp-content\/uploads\/sites\/107\/2022\/11\/IMG_0917-300x200.jpg 300w, https:\/\/site.ac-martinique.fr\/cio-nordatlantique\/wp-content\/uploads\/sites\/107\/2022\/11\/IMG_0917-768x512.jpg 768w, https:\/\/site.ac-martinique.fr\/cio-nordatlantique\/wp-content\/uploads\/sites\/107\/2022\/11\/IMG_0917-1536x1024.jpg 1536w, https:\/\/site.ac-martinique.fr\/cio-nordatlantique\/wp-content\/uploads\/sites\/107\/2022\/11\/IMG_0917-2048x1366.jpg 2048w, https:\/\/site.ac-martinique.fr\/cio-nordatlantique\/wp-content\/uploads\/sites\/107\/2022\/11\/IMG_0917-1140x760.jpg 1140w\" sizes=\"auto, (max-width: 1024px) 100vw, 1024px\" \/><\/figure>\n\n\n\n<p class=\"has-text-align-center\">Merci \u00e0 la direction des coll\u00e8ges EUZHAN PALCY et ROSE ST JUST et des lyc\u00e9es FRANTZ FANON et JOSEPH PERNOCK.<\/p>\n\n\n\n<p class=\"has-text-align-center has-vivid-cyan-blue-color has-text-color has-medium-font-size\"><strong>WOULO BRAVO aux accompagnateur.trice.s qui se sont investi.e.s depuis le d\u00e9but de l&rsquo;aventure.<\/strong><\/p>\n","protected":false},"excerpt":{"rendered":"<p>Des \u00e9l\u00e8ves du NORD ATLANTIQUE ont fait la d\u00e9marche de venir avec leurs, enseignant.e.s, infirmi\u00e8re (\ud83d\ude09 Marylou) ou CPE ce mercredi 16 novembre pour \u00e9couter le t\u00e9moignage mais surtout LE MESSAGE de Mme Shirley BILLOT &#8211; fondatrice de la marque KADALYS et MARRAINE de notre ANNEE DEVELOPPEMENT DURABLE !! \ud83e\udd1c\ud83c\udffd AYEZ DE L&rsquo;AUDACE CAR TOUT EST POSSIBLE\ud83e\udd1b\ud83c\udffd Merci \u00e0 la direction des coll\u00e8ges EUZHAN PALCY et ROSE ST JUST et des lyc\u00e9es FRANTZ FANON et JOSEPH PERNOCK. WOULO BRAVO aux accompagnateur.trice.s qui se sont investi.e.s depuis le d\u00e9but de l&rsquo;aventure.<\/p>\n","protected":false},"author":314,"featured_media":0,"parent":0,"menu_order":0,"comment_status":"closed","ping_status":"closed","template":"","meta":{"footnotes":""},"class_list":["post-1187","page","type-page","status-publish","hentry"],"_links":{"self":[{"href":"https:\/\/site.ac-martinique.fr\/cio-nordatlantique\/wp-json\/wp\/v2\/pages\/1187","targetHints":{"allow":["GET"]}}],"collection":[{"href":"https:\/\/site.ac-martinique.fr\/cio-nordatlantique\/wp-json\/wp\/v2\/pages"}],"about":[{"href":"https:\/\/site.ac-martinique.fr\/cio-nordatlantique\/wp-json\/wp\/v2\/types\/page"}],"author":[{"embeddable":true,"href":"https:\/\/site.ac-martinique.fr\/cio-nordatlantique\/wp-json\/wp\/v2\/users\/314"}],"replies":[{"embeddable":true,"href":"https:\/\/site.ac-martinique.fr\/cio-nordatlantique\/wp-json\/wp\/v2\/comments?post=1187"}],"version-history":[{"count":3,"href":"https:\/\/site.ac-martinique.fr\/cio-nordatlantique\/wp-json\/wp\/v2\/pages\/1187\/revisions"}],"predecessor-version":[{"id":1209,"href":"https:\/\/site.ac-martinique.fr\/cio-nordatlantique\/wp-json\/wp\/v2\/pages\/1187\/revisions\/1209"}],"wp:attachment":[{"href":"https:\/\/site.ac-martinique.fr\/cio-nordatlantique\/wp-json\/wp\/v2\/media?parent=1187"}],"curies":[{"name":"wp","href":"https:\/\/api.w.org\/{rel}","templated":true}]}}