{"id":1334,"date":"2022-12-15T15:47:07","date_gmt":"2022-12-15T19:47:07","guid":{"rendered":"https:\/\/site.ac-martinique.fr\/cio-nordatlantique\/?page_id=1334"},"modified":"2022-12-15T15:47:08","modified_gmt":"2022-12-15T19:47:08","slug":"bourse-au-recrutement-armee-de-terre","status":"publish","type":"page","link":"https:\/\/site.ac-martinique.fr\/cio-nordatlantique\/bourse-au-recrutement-armee-de-terre\/","title":{"rendered":"BOURSE AU RECRUTEMENT &#8211; ARMEE DE TERRE"},"content":{"rendered":"\n<p><strong>La bourse au recrutement est un dispositif d\u2019aide au recrutement utilis\u00e9 par l\u2019arm\u00e9e de Terre pour aider les \u00e9tudiants d\u00e9sireux de s\u2019engager \u00e0 poursuivre leurs \u00e9tudes, avec l\u2019assurance d\u2019\u00eatre recrut\u00e9s ensuite. Sans exclure un domaine, les \u00e9tudes men\u00e9es doivent pr\u00e9f\u00e9rentiellement concerner des champs techniques ou scientifiques, par exemple les syst\u00e8mes d\u2019information et de communication, la maintenance, le renseignement.<\/strong><\/p>\n\n\n\n<p>L\u2019allocation financi\u00e8re est vers\u00e9e \u00e0 des \u00e9l\u00e8ves ou des \u00e9tudiants qui s\u2019engagent en contrepartie \u00e0 servir dans l\u2019arm\u00e9e de Terre apr\u00e8s l\u2019obtention d\u2019un dipl\u00f4me ou d\u2019une formation. En fonction du niveau d&rsquo;\u00e9tudes, les contrats sont sign\u00e9s en tant que militaire du rang, sous-officier ou officier.<\/p>\n\n\n\n<p>\u2192 L\u2019\u00e9tudiant qui b\u00e9n\u00e9ficie de la bourse au recrutement s\u2019engage par convention \u00e0 rejoindre l\u2019arm\u00e9e de Terre \u00e0 l\u2019issue de sa scolarit\u00e9 et l\u2019obtention de son dipl\u00f4me&nbsp;; \u00e0 d\u00e9faut il devra rembourser les sommes per\u00e7ues.<\/p>\n\n\n\n<p>Le tableau r\u00e9capitulatif ci-dessous apporte quelques pr\u00e9cisions sur le niveau scolaire, le montant de la bourse allou\u00e9e et le type de recrutement\u00a0:<\/p>\n\n\n\n<figure class=\"wp-block-image size-full is-resized\"><img loading=\"lazy\" decoding=\"async\" src=\"https:\/\/site.ac-martinique.fr\/cio-nordatlantique\/wp-content\/uploads\/sites\/107\/2022\/12\/bourse-militaire-RECAP.jpg\" alt=\"\" class=\"wp-image-1336\" width=\"842\" height=\"287\" srcset=\"https:\/\/site.ac-martinique.fr\/cio-nordatlantique\/wp-content\/uploads\/sites\/107\/2022\/12\/bourse-militaire-RECAP.jpg 810w, https:\/\/site.ac-martinique.fr\/cio-nordatlantique\/wp-content\/uploads\/sites\/107\/2022\/12\/bourse-militaire-RECAP-300x102.jpg 300w, https:\/\/site.ac-martinique.fr\/cio-nordatlantique\/wp-content\/uploads\/sites\/107\/2022\/12\/bourse-militaire-RECAP-768x262.jpg 768w\" sizes=\"auto, (max-width: 842px) 100vw, 842px\" \/><\/figure>\n\n\n\n<p class=\"has-large-font-size\"><a href=\"https:\/\/www.sengager.fr\/financez-vos-etudes\"><strong>PLUS D&rsquo;INFOS !!<\/strong><\/a><\/p>\n\n\n\n<figure class=\"wp-block-image size-full\"><img loading=\"lazy\" decoding=\"async\" width=\"901\" height=\"600\" src=\"https:\/\/site.ac-martinique.fr\/cio-nordatlantique\/wp-content\/uploads\/sites\/107\/2022\/12\/bourse-militaire.jpg\" alt=\"\" class=\"wp-image-1335\" srcset=\"https:\/\/site.ac-martinique.fr\/cio-nordatlantique\/wp-content\/uploads\/sites\/107\/2022\/12\/bourse-militaire.jpg 901w, https:\/\/site.ac-martinique.fr\/cio-nordatlantique\/wp-content\/uploads\/sites\/107\/2022\/12\/bourse-militaire-300x200.jpg 300w, https:\/\/site.ac-martinique.fr\/cio-nordatlantique\/wp-content\/uploads\/sites\/107\/2022\/12\/bourse-militaire-768x511.jpg 768w\" sizes=\"auto, (max-width: 901px) 100vw, 901px\" \/><\/figure>\n","protected":false},"excerpt":{"rendered":"<p>La bourse au recrutement est un dispositif d\u2019aide au recrutement utilis\u00e9 par l\u2019arm\u00e9e de Terre pour aider les \u00e9tudiants d\u00e9sireux de s\u2019engager \u00e0 poursuivre leurs \u00e9tudes, avec l\u2019assurance d\u2019\u00eatre recrut\u00e9s ensuite. Sans exclure un domaine, les \u00e9tudes men\u00e9es doivent pr\u00e9f\u00e9rentiellement concerner des champs techniques ou scientifiques, par exemple les syst\u00e8mes d\u2019information et de communication, la maintenance, le renseignement. L\u2019allocation financi\u00e8re est vers\u00e9e \u00e0 des \u00e9l\u00e8ves ou des \u00e9tudiants qui s\u2019engagent en contrepartie \u00e0 servir dans l\u2019arm\u00e9e de Terre apr\u00e8s l\u2019obtention d\u2019un dipl\u00f4me ou d\u2019une formation. En fonction du niveau d&rsquo;\u00e9tudes, les contrats sont sign\u00e9s en tant que militaire du rang, sous-officier ou officier. \u2192 L\u2019\u00e9tudiant qui b\u00e9n\u00e9ficie de la bourse au recrutement s\u2019engage par convention \u00e0 rejoindre l\u2019arm\u00e9e de Terre \u00e0 l\u2019issue de sa scolarit\u00e9 et l\u2019obtention de son dipl\u00f4me&nbsp;; \u00e0 d\u00e9faut il devra rembourser les sommes per\u00e7ues. Le tableau r\u00e9capitulatif ci-dessous apporte quelques pr\u00e9cisions sur le niveau scolaire, le montant de la bourse allou\u00e9e et le type de recrutement\u00a0: PLUS D&rsquo;INFOS !!<\/p>\n","protected":false},"author":314,"featured_media":0,"parent":0,"menu_order":0,"comment_status":"closed","ping_status":"closed","template":"","meta":{"footnotes":""},"class_list":["post-1334","page","type-page","status-publish","hentry"],"_links":{"self":[{"href":"https:\/\/site.ac-martinique.fr\/cio-nordatlantique\/wp-json\/wp\/v2\/pages\/1334","targetHints":{"allow":["GET"]}}],"collection":[{"href":"https:\/\/site.ac-martinique.fr\/cio-nordatlantique\/wp-json\/wp\/v2\/pages"}],"about":[{"href":"https:\/\/site.ac-martinique.fr\/cio-nordatlantique\/wp-json\/wp\/v2\/types\/page"}],"author":[{"embeddable":true,"href":"https:\/\/site.ac-martinique.fr\/cio-nordatlantique\/wp-json\/wp\/v2\/users\/314"}],"replies":[{"embeddable":true,"href":"https:\/\/site.ac-martinique.fr\/cio-nordatlantique\/wp-json\/wp\/v2\/comments?post=1334"}],"version-history":[{"count":1,"href":"https:\/\/site.ac-martinique.fr\/cio-nordatlantique\/wp-json\/wp\/v2\/pages\/1334\/revisions"}],"predecessor-version":[{"id":1337,"href":"https:\/\/site.ac-martinique.fr\/cio-nordatlantique\/wp-json\/wp\/v2\/pages\/1334\/revisions\/1337"}],"wp:attachment":[{"href":"https:\/\/site.ac-martinique.fr\/cio-nordatlantique\/wp-json\/wp\/v2\/media?parent=1334"}],"curies":[{"name":"wp","href":"https:\/\/api.w.org\/{rel}","templated":true}]}}