{"id":1358,"date":"2023-01-05T12:20:02","date_gmt":"2023-01-05T16:20:02","guid":{"rendered":"https:\/\/site.ac-martinique.fr\/cio-nordatlantique\/?page_id=1358"},"modified":"2023-01-05T12:21:18","modified_gmt":"2023-01-05T16:21:18","slug":"les-filles-envie-de-coder-decouvrez-technovation-montreal","status":"publish","type":"page","link":"https:\/\/site.ac-martinique.fr\/cio-nordatlantique\/les-filles-envie-de-coder-decouvrez-technovation-montreal\/","title":{"rendered":"LES FILLES ?!! Envie de CODER !!? DECOUVREZ TECHNOVATION MONTREAL"},"content":{"rendered":"\n<p>Qui a dit que les technologies, les sciences et le monde des affaires \u00e9taient r\u00e9serv\u00e9s aux hommes\u00a0? Ou plus encore, aux adultes\u00a0? <a href=\"https:\/\/www.technovationmontreal.com\/\">Technovation Montr\u00e9al<\/a> se fait une mission quotidienne d\u2019abattre ces pr\u00e9jug\u00e9s. Cette comp\u00e9tition r\u00e9serv\u00e9e aux jeunes filles stimule l\u2019entreprenariat, le travail d\u2019\u00e9quipe ainsi que les comp\u00e9tences technologiques chez celles-ci.<\/p>\n\n\n\n<p class=\"has-vivid-green-cyan-color has-text-color has-large-font-size\"><strong>OUI LES FILLES DES DROM-COM PEUVENT PARTICIPER !!!<\/strong><\/p>\n\n\n\n<p class=\"has-large-font-size\"><strong>TECHNOVATION MONTREAL est ouvert A L&rsquo;INTERNATIONAL !!<\/strong><\/p>\n\n\n\n<p class=\"has-large-font-size\"><a href=\"https:\/\/www.technovationmontreal.com\/technovation\"><strong>INSCRIVEZ -VOUS ICI !! <\/strong><\/a><\/p>\n\n\n\n<figure class=\"wp-block-image size-large\"><img loading=\"lazy\" decoding=\"async\" width=\"1024\" height=\"482\" src=\"https:\/\/site.ac-martinique.fr\/cio-nordatlantique\/wp-content\/uploads\/sites\/107\/2023\/01\/Technovation-Montreal-1024x482.jpg\" alt=\"\" class=\"wp-image-1359\" srcset=\"https:\/\/site.ac-martinique.fr\/cio-nordatlantique\/wp-content\/uploads\/sites\/107\/2023\/01\/Technovation-Montreal-1024x482.jpg 1024w, https:\/\/site.ac-martinique.fr\/cio-nordatlantique\/wp-content\/uploads\/sites\/107\/2023\/01\/Technovation-Montreal-300x141.jpg 300w, https:\/\/site.ac-martinique.fr\/cio-nordatlantique\/wp-content\/uploads\/sites\/107\/2023\/01\/Technovation-Montreal-768x362.jpg 768w, https:\/\/site.ac-martinique.fr\/cio-nordatlantique\/wp-content\/uploads\/sites\/107\/2023\/01\/Technovation-Montreal-1536x724.jpg 1536w, https:\/\/site.ac-martinique.fr\/cio-nordatlantique\/wp-content\/uploads\/sites\/107\/2023\/01\/Technovation-Montreal-1140x537.jpg 1140w, https:\/\/site.ac-martinique.fr\/cio-nordatlantique\/wp-content\/uploads\/sites\/107\/2023\/01\/Technovation-Montreal.jpg 1902w\" sizes=\"auto, (max-width: 1024px) 100vw, 1024px\" \/><\/figure>\n\n\n\n<p class=\"has-medium-font-size\"><strong>Pour l&rsquo;inscription<\/strong> : tableau d&rsquo;\u00e9quivalence des niveaux scolaires Qu\u00e9becois et Fran\u00e7ais.<\/p>\n\n\n\n<figure class=\"wp-block-image size-full\"><img loading=\"lazy\" decoding=\"async\" width=\"1024\" height=\"790\" src=\"https:\/\/site.ac-martinique.fr\/cio-nordatlantique\/wp-content\/uploads\/sites\/107\/2023\/01\/Monblogquebec_Immigrer_lecoleauquebec_Systemescolairequebecois-1024x790-1.png\" alt=\"\" class=\"wp-image-1360\" srcset=\"https:\/\/site.ac-martinique.fr\/cio-nordatlantique\/wp-content\/uploads\/sites\/107\/2023\/01\/Monblogquebec_Immigrer_lecoleauquebec_Systemescolairequebecois-1024x790-1.png 1024w, https:\/\/site.ac-martinique.fr\/cio-nordatlantique\/wp-content\/uploads\/sites\/107\/2023\/01\/Monblogquebec_Immigrer_lecoleauquebec_Systemescolairequebecois-1024x790-1-300x231.png 300w, https:\/\/site.ac-martinique.fr\/cio-nordatlantique\/wp-content\/uploads\/sites\/107\/2023\/01\/Monblogquebec_Immigrer_lecoleauquebec_Systemescolairequebecois-1024x790-1-768x593.png 768w\" sizes=\"auto, (max-width: 1024px) 100vw, 1024px\" \/><\/figure>\n","protected":false},"excerpt":{"rendered":"<p>Qui a dit que les technologies, les sciences et le monde des affaires \u00e9taient r\u00e9serv\u00e9s aux hommes\u00a0? Ou plus encore, aux adultes\u00a0? Technovation Montr\u00e9al se fait une mission quotidienne d\u2019abattre ces pr\u00e9jug\u00e9s. Cette comp\u00e9tition r\u00e9serv\u00e9e aux jeunes filles stimule l\u2019entreprenariat, le travail d\u2019\u00e9quipe ainsi que les comp\u00e9tences technologiques chez celles-ci. OUI LES FILLES DES DROM-COM PEUVENT PARTICIPER !!! TECHNOVATION MONTREAL est ouvert A L&rsquo;INTERNATIONAL !! INSCRIVEZ -VOUS ICI !! Pour l&rsquo;inscription : tableau d&rsquo;\u00e9quivalence des niveaux scolaires Qu\u00e9becois et Fran\u00e7ais.<\/p>\n","protected":false},"author":314,"featured_media":0,"parent":0,"menu_order":0,"comment_status":"closed","ping_status":"closed","template":"","meta":{"footnotes":""},"class_list":["post-1358","page","type-page","status-publish","hentry"],"_links":{"self":[{"href":"https:\/\/site.ac-martinique.fr\/cio-nordatlantique\/wp-json\/wp\/v2\/pages\/1358","targetHints":{"allow":["GET"]}}],"collection":[{"href":"https:\/\/site.ac-martinique.fr\/cio-nordatlantique\/wp-json\/wp\/v2\/pages"}],"about":[{"href":"https:\/\/site.ac-martinique.fr\/cio-nordatlantique\/wp-json\/wp\/v2\/types\/page"}],"author":[{"embeddable":true,"href":"https:\/\/site.ac-martinique.fr\/cio-nordatlantique\/wp-json\/wp\/v2\/users\/314"}],"replies":[{"embeddable":true,"href":"https:\/\/site.ac-martinique.fr\/cio-nordatlantique\/wp-json\/wp\/v2\/comments?post=1358"}],"version-history":[{"count":2,"href":"https:\/\/site.ac-martinique.fr\/cio-nordatlantique\/wp-json\/wp\/v2\/pages\/1358\/revisions"}],"predecessor-version":[{"id":1362,"href":"https:\/\/site.ac-martinique.fr\/cio-nordatlantique\/wp-json\/wp\/v2\/pages\/1358\/revisions\/1362"}],"wp:attachment":[{"href":"https:\/\/site.ac-martinique.fr\/cio-nordatlantique\/wp-json\/wp\/v2\/media?parent=1358"}],"curies":[{"name":"wp","href":"https:\/\/api.w.org\/{rel}","templated":true}]}}