{"id":1370,"date":"2023-01-06T13:40:03","date_gmt":"2023-01-06T17:40:03","guid":{"rendered":"https:\/\/site.ac-martinique.fr\/cio-nordatlantique\/?page_id=1370"},"modified":"2026-05-05T15:00:19","modified_gmt":"2026-05-05T19:00:19","slug":"passer-un-examen-en-candidat-libre-candidat-individuel-source-academie-martinique","status":"publish","type":"page","link":"https:\/\/site.ac-martinique.fr\/cio-nordatlantique\/passer-un-examen-en-candidat-libre-candidat-individuel-source-academie-martinique\/","title":{"rendered":"PASSER UN EXAMEN EN CANDIDAT INDIVIDUEL &#8211; source ACADEMIE MARTINIQUE"},"content":{"rendered":"\n<p>Retrouvez les <a href=\"https:\/\/www.ac-martinique.fr\/examens-et-diplomes-121876\">calendriers, conditions et modalit\u00e9s d&rsquo;organisation des examens et dipl\u00f4mes<\/a> d\u00e9livr\u00e9s par l&rsquo;acad\u00e9mie de Martinique :<\/p>\n\n\n\n<p class=\"has-vivid-red-color has-text-color has-link-color has-medium-font-size wp-elements-05c0fa47c70f8a23a3972ead34b768ff\"><strong>CONNECTEZ-VOUS<\/strong> <strong>AU MOIS D&rsquo;OCTOBRE POUR CONNAITRE LES MODALITES D&rsquo;ORGANISATION NECESSAIRES POUR PASSER VOTRE EXAMEN EN TANT QUE CANDIDAT INDIVIDUEL.<\/strong><\/p>\n\n\n\n<p class=\"has-vivid-cyan-blue-color has-text-color has-medium-font-size\"><a href=\"https:\/\/www.ac-martinique.fr\/baccalaureat-general-et-technologique-121459\">ici pour la voie g\u00e9n\u00e9rale et technologique<\/a><\/p>\n\n\n\n<p class=\"has-medium-font-size\"><a href=\"https:\/\/www.ac-martinique.fr\/examens-de-la-voie-professionnelle-bac-pro-brevet-pro-cap-mc-121864\">ici pour la voie professionnelle<\/a><\/p>\n\n\n<div class=\"wp-block-image\">\n<figure class=\"aligncenter size-full\"><img loading=\"lazy\" decoding=\"async\" width=\"626\" height=\"417\" src=\"https:\/\/site.ac-martinique.fr\/cio-nordatlantique\/wp-content\/uploads\/sites\/107\/2026\/05\/etudiants-universitaires-differentes-ethnies-bachotant_23-21498912171.jpg\" alt=\"\" class=\"wp-image-2256\" srcset=\"https:\/\/site.ac-martinique.fr\/cio-nordatlantique\/wp-content\/uploads\/sites\/107\/2026\/05\/etudiants-universitaires-differentes-ethnies-bachotant_23-21498912171.jpg 626w, https:\/\/site.ac-martinique.fr\/cio-nordatlantique\/wp-content\/uploads\/sites\/107\/2026\/05\/etudiants-universitaires-differentes-ethnies-bachotant_23-21498912171-300x200.jpg 300w\" sizes=\"auto, (max-width: 626px) 100vw, 626px\" \/><\/figure>\n<\/div>\n\n\n<figure class=\"wp-block-image size-full\"><img loading=\"lazy\" decoding=\"async\" width=\"778\" height=\"179\" src=\"https:\/\/site.ac-martinique.fr\/cio-nordatlantique\/wp-content\/uploads\/sites\/107\/2023\/01\/ACMARTINIQUE.jpg\" alt=\"\" class=\"wp-image-1372\" srcset=\"https:\/\/site.ac-martinique.fr\/cio-nordatlantique\/wp-content\/uploads\/sites\/107\/2023\/01\/ACMARTINIQUE.jpg 778w, https:\/\/site.ac-martinique.fr\/cio-nordatlantique\/wp-content\/uploads\/sites\/107\/2023\/01\/ACMARTINIQUE-300x69.jpg 300w, https:\/\/site.ac-martinique.fr\/cio-nordatlantique\/wp-content\/uploads\/sites\/107\/2023\/01\/ACMARTINIQUE-768x177.jpg 768w\" sizes=\"auto, (max-width: 778px) 100vw, 778px\" \/><\/figure>\n\n\n\n<p><\/p>\n","protected":false},"excerpt":{"rendered":"<p>Retrouvez les calendriers, conditions et modalit\u00e9s d&rsquo;organisation des examens et dipl\u00f4mes d\u00e9livr\u00e9s par l&rsquo;acad\u00e9mie de Martinique : CONNECTEZ-VOUS AU MOIS D&rsquo;OCTOBRE POUR CONNAITRE LES MODALITES D&rsquo;ORGANISATION NECESSAIRES POUR PASSER VOTRE EXAMEN EN TANT QUE CANDIDAT INDIVIDUEL. ici pour la voie g\u00e9n\u00e9rale et technologique ici pour la voie professionnelle<\/p>\n","protected":false},"author":314,"featured_media":0,"parent":0,"menu_order":0,"comment_status":"closed","ping_status":"closed","template":"","meta":{"footnotes":""},"class_list":["post-1370","page","type-page","status-publish","hentry"],"_links":{"self":[{"href":"https:\/\/site.ac-martinique.fr\/cio-nordatlantique\/wp-json\/wp\/v2\/pages\/1370","targetHints":{"allow":["GET"]}}],"collection":[{"href":"https:\/\/site.ac-martinique.fr\/cio-nordatlantique\/wp-json\/wp\/v2\/pages"}],"about":[{"href":"https:\/\/site.ac-martinique.fr\/cio-nordatlantique\/wp-json\/wp\/v2\/types\/page"}],"author":[{"embeddable":true,"href":"https:\/\/site.ac-martinique.fr\/cio-nordatlantique\/wp-json\/wp\/v2\/users\/314"}],"replies":[{"embeddable":true,"href":"https:\/\/site.ac-martinique.fr\/cio-nordatlantique\/wp-json\/wp\/v2\/comments?post=1370"}],"version-history":[{"count":2,"href":"https:\/\/site.ac-martinique.fr\/cio-nordatlantique\/wp-json\/wp\/v2\/pages\/1370\/revisions"}],"predecessor-version":[{"id":2257,"href":"https:\/\/site.ac-martinique.fr\/cio-nordatlantique\/wp-json\/wp\/v2\/pages\/1370\/revisions\/2257"}],"wp:attachment":[{"href":"https:\/\/site.ac-martinique.fr\/cio-nordatlantique\/wp-json\/wp\/v2\/media?parent=1370"}],"curies":[{"name":"wp","href":"https:\/\/api.w.org\/{rel}","templated":true}]}}