{"id":1445,"date":"2023-02-08T10:01:00","date_gmt":"2023-02-08T14:01:00","guid":{"rendered":"https:\/\/site.ac-martinique.fr\/cio-nordatlantique\/?page_id=1445"},"modified":"2024-03-14T09:58:20","modified_gmt":"2024-03-14T13:58:20","slug":"bourse-dexcellence-fondation-francis-bouygues","status":"publish","type":"page","link":"https:\/\/site.ac-martinique.fr\/cio-nordatlantique\/bourse-dexcellence-fondation-francis-bouygues\/","title":{"rendered":"BOURSE D&rsquo;EXCELLENCE &#8211; FONDATION FRANCIS BOUYGUES"},"content":{"rendered":"\n<h3 class=\"wp-block-heading\">1 &#8211; Quels sont les crit\u00e8res pour devenir boursier ?<\/h3>\n\n\n\n<p><img loading=\"lazy\" decoding=\"async\" width=\"16\" height=\"16\" src=\"http:\/\/francis-bouygues-prod.publicorp.net\/wp-content\/uploads\/2019\/01\/play-button.png\" alt=\"\"> <strong>\u00catre \u00e9l\u00e8ve de terminale fran\u00e7ais<\/strong> ou \u00e9tranger de culture fran\u00e7aise ;<br><img loading=\"lazy\" decoding=\"async\" width=\"16\" height=\"16\" src=\"http:\/\/francis-bouygues-prod.publicorp.net\/wp-content\/uploads\/2019\/01\/play-button.png\" alt=\"\"> <strong>D\u00e9crocher un baccalaur\u00e9at g\u00e9n\u00e9ral ou technologique<\/strong> fran\u00e7ais, <strong>mention <em>Tr\u00e8s Bien<\/em> ou <em>Bien<\/em><\/strong> ;<br><img loading=\"lazy\" decoding=\"async\" width=\"16\" height=\"16\" src=\"http:\/\/francis-bouygues-prod.publicorp.net\/wp-content\/uploads\/2019\/01\/play-button.png\" alt=\"\"> Rencontrer des difficult\u00e9s financi\u00e8res pour financer ses \u00e9tudes sup\u00e9rieures. <\/p>\n\n\n\n<p>    <strong>Les revenus de la famille ne  doivent pas exc\u00e9der 20 000 \u20ac\/an<\/strong> ;<br><img loading=\"lazy\" decoding=\"async\" width=\"16\" height=\"16\" src=\"http:\/\/francis-bouygues-prod.publicorp.net\/wp-content\/uploads\/2019\/01\/play-button.png\" alt=\"\"> Faire preuve d\u2019une <strong>forte motivation<\/strong>.<\/p>\n\n\n\n<h3 class=\"wp-block-heading\"><a href=\"https:\/\/www.fondationfrancisbouygues.com\/wp-content\/uploads\/2024\/01\/2024-_DOSSIER_CONFIDENTIEL_DE_CANDIDATURE.pdf\" target=\"_blank\" rel=\"noreferrer noopener\">2 &#8211; T\u00e9l\u00e9charger le dossier de candidature<\/a><\/h3>\n\n\n\n<p>La Fondation Francis Bouygues r\u00e9alise un appel \u00e0 projets, <strong>entre le 1er et 31 mai<\/strong>. Seules les candidatures re\u00e7ues pendant cette p\u00e9riode d\u2019appel \u00e0 projets seront \u00e9tudi\u00e9es. <strong><a rel=\"noreferrer noopener\" href=\"http:\/\/www.fondationfrancisbouygues.com\/wp-content\/uploads\/2023\/01\/2023-_DOSSIER_CONFIDENTIEL_DE_CANDIDATURE.pdf\" target=\"_blank\">T\u00e9l\u00e9chargez le dossier<\/a><\/strong><\/p>\n\n\n\n<p class=\"has-medium-font-size\"><strong>Plus d&rsquo;infos <\/strong>: <a href=\"http:\/\/www.fondationfrancisbouygues.com\/devenir-boursier\/\"><strong>http:\/\/www.fondationfrancisbouygues.com\/devenir-boursier\/<\/strong><\/a><\/p>\n\n\n<div class=\"wp-block-image\">\n<figure class=\"aligncenter size-full\"><img loading=\"lazy\" decoding=\"async\" width=\"632\" height=\"860\" src=\"https:\/\/site.ac-martinique.fr\/cio-nordatlantique\/wp-content\/uploads\/sites\/107\/2024\/03\/bouygues-affiche.jpg\" alt=\"\" class=\"wp-image-2054\" srcset=\"https:\/\/site.ac-martinique.fr\/cio-nordatlantique\/wp-content\/uploads\/sites\/107\/2024\/03\/bouygues-affiche.jpg 632w, https:\/\/site.ac-martinique.fr\/cio-nordatlantique\/wp-content\/uploads\/sites\/107\/2024\/03\/bouygues-affiche-220x300.jpg 220w\" sizes=\"auto, (max-width: 632px) 100vw, 632px\" \/><\/figure>\n<\/div>\n\n\n<div class=\"wp-block-columns is-layout-flex wp-container-core-columns-is-layout-d0b3c9c8 wp-block-columns-is-layout-flex\">\n<div class=\"wp-block-column is-layout-flow wp-block-column-is-layout-flow\">\n<div data-wp-interactive=\"core\/file\" class=\"wp-block-file\"><object data-wp-bind--hidden=\"!state.hasPdfPreview\" hidden class=\"wp-block-file__embed\" data=\"https:\/\/site.ac-martinique.fr\/cio-nordatlantique\/wp-content\/uploads\/sites\/107\/2024\/03\/BYSA-FFB-KIT-INFORMATIF-2024_Affiche-A2-3-LIGHT.pdf\" type=\"application\/pdf\" style=\"width:100%;height:600px\" aria-label=\"Contenu embarqu\u00e9 BYSA-FFB-KIT-INFORMATIF-2024_Affiche-A2-3-LIGHT.\"><\/object><a id=\"wp-block-file--media-dcac0151-ef8f-4db2-a5b4-a4d15819e3f1\" href=\"https:\/\/site.ac-martinique.fr\/cio-nordatlantique\/wp-content\/uploads\/sites\/107\/2024\/03\/BYSA-FFB-KIT-INFORMATIF-2024_Affiche-A2-3-LIGHT.pdf\">BYSA-FFB-KIT-INFORMATIF-2024_Affiche-A2-3-LIGHT<\/a><a href=\"https:\/\/site.ac-martinique.fr\/cio-nordatlantique\/wp-content\/uploads\/sites\/107\/2024\/03\/BYSA-FFB-KIT-INFORMATIF-2024_Affiche-A2-3-LIGHT.pdf\" class=\"wp-block-file__button wp-element-button\" download aria-describedby=\"wp-block-file--media-dcac0151-ef8f-4db2-a5b4-a4d15819e3f1\">T\u00e9l\u00e9charger<\/a><\/div>\n<\/div>\n\n\n\n<div class=\"wp-block-column is-layout-flow wp-block-column-is-layout-flow\">\n<div data-wp-interactive=\"core\/file\" class=\"wp-block-file\"><object data-wp-bind--hidden=\"!state.hasPdfPreview\" hidden class=\"wp-block-file__embed\" data=\"https:\/\/site.ac-martinique.fr\/cio-nordatlantique\/wp-content\/uploads\/sites\/107\/2024\/03\/2024-_DOSSIER_CONFIDENTIEL_DE_CANDIDATURE.pdf\" type=\"application\/pdf\" style=\"width:100%;height:600px\" aria-label=\"Contenu embarqu\u00e9 2024-_DOSSIER_CONFIDENTIEL_DE_CANDIDATURE.\"><\/object><a id=\"wp-block-file--media-6228aae7-0724-4254-8b6f-fdab5a48d77f\" href=\"https:\/\/site.ac-martinique.fr\/cio-nordatlantique\/wp-content\/uploads\/sites\/107\/2024\/03\/2024-_DOSSIER_CONFIDENTIEL_DE_CANDIDATURE.pdf\">2024-_DOSSIER_CONFIDENTIEL_DE_CANDIDATURE<\/a><a href=\"https:\/\/site.ac-martinique.fr\/cio-nordatlantique\/wp-content\/uploads\/sites\/107\/2024\/03\/2024-_DOSSIER_CONFIDENTIEL_DE_CANDIDATURE.pdf\" class=\"wp-block-file__button wp-element-button\" download aria-describedby=\"wp-block-file--media-6228aae7-0724-4254-8b6f-fdab5a48d77f\">T\u00e9l\u00e9charger<\/a><\/div>\n<\/div>\n\n\n\n<div class=\"wp-block-column is-layout-flow wp-block-column-is-layout-flow\">\n<div data-wp-interactive=\"core\/file\" class=\"wp-block-file\"><object data-wp-bind--hidden=\"!state.hasPdfPreview\" hidden class=\"wp-block-file__embed\" data=\"https:\/\/site.ac-martinique.fr\/cio-nordatlantique\/wp-content\/uploads\/sites\/107\/2024\/03\/BYSA-FFB-KIT-INFORMATIF-2024_Depliant-A5-4-LIGHT-pap.pdf\" type=\"application\/pdf\" style=\"width:100%;height:600px\" aria-label=\"Contenu embarqu\u00e9 BYSA-FFB-KIT-INFORMATIF-2024_Depliant-A5-4-LIGHT-pap.\"><\/object><a id=\"wp-block-file--media-613a805a-782f-4f2c-8350-ea4c47e17449\" href=\"https:\/\/site.ac-martinique.fr\/cio-nordatlantique\/wp-content\/uploads\/sites\/107\/2024\/03\/BYSA-FFB-KIT-INFORMATIF-2024_Depliant-A5-4-LIGHT-pap.pdf\">BYSA-FFB-KIT-INFORMATIF-2024_Depliant-A5-4-LIGHT-pap<\/a><a href=\"https:\/\/site.ac-martinique.fr\/cio-nordatlantique\/wp-content\/uploads\/sites\/107\/2024\/03\/BYSA-FFB-KIT-INFORMATIF-2024_Depliant-A5-4-LIGHT-pap.pdf\" class=\"wp-block-file__button wp-element-button\" download aria-describedby=\"wp-block-file--media-613a805a-782f-4f2c-8350-ea4c47e17449\">T\u00e9l\u00e9charger<\/a><\/div>\n<\/div>\n<\/div>\n","protected":false},"excerpt":{"rendered":"<p>1 &#8211; Quels sont les crit\u00e8res pour devenir boursier ? \u00catre \u00e9l\u00e8ve de terminale fran\u00e7ais ou \u00e9tranger de culture fran\u00e7aise ; D\u00e9crocher un baccalaur\u00e9at g\u00e9n\u00e9ral ou technologique fran\u00e7ais, mention Tr\u00e8s Bien ou Bien ; Rencontrer des difficult\u00e9s financi\u00e8res pour financer ses \u00e9tudes sup\u00e9rieures. Les revenus de la famille ne doivent pas exc\u00e9der 20 000 \u20ac\/an ; Faire preuve d\u2019une forte motivation. 2 &#8211; T\u00e9l\u00e9charger le dossier de candidature La Fondation Francis Bouygues r\u00e9alise un appel \u00e0 projets, entre le 1er et 31 mai. Seules les candidatures re\u00e7ues pendant cette p\u00e9riode d\u2019appel \u00e0 projets seront \u00e9tudi\u00e9es. T\u00e9l\u00e9chargez le dossier Plus d&rsquo;infos : http:\/\/www.fondationfrancisbouygues.com\/devenir-boursier\/<\/p>\n","protected":false},"author":314,"featured_media":0,"parent":0,"menu_order":0,"comment_status":"closed","ping_status":"closed","template":"","meta":{"footnotes":""},"class_list":["post-1445","page","type-page","status-publish","hentry"],"_links":{"self":[{"href":"https:\/\/site.ac-martinique.fr\/cio-nordatlantique\/wp-json\/wp\/v2\/pages\/1445","targetHints":{"allow":["GET"]}}],"collection":[{"href":"https:\/\/site.ac-martinique.fr\/cio-nordatlantique\/wp-json\/wp\/v2\/pages"}],"about":[{"href":"https:\/\/site.ac-martinique.fr\/cio-nordatlantique\/wp-json\/wp\/v2\/types\/page"}],"author":[{"embeddable":true,"href":"https:\/\/site.ac-martinique.fr\/cio-nordatlantique\/wp-json\/wp\/v2\/users\/314"}],"replies":[{"embeddable":true,"href":"https:\/\/site.ac-martinique.fr\/cio-nordatlantique\/wp-json\/wp\/v2\/comments?post=1445"}],"version-history":[{"count":2,"href":"https:\/\/site.ac-martinique.fr\/cio-nordatlantique\/wp-json\/wp\/v2\/pages\/1445\/revisions"}],"predecessor-version":[{"id":2059,"href":"https:\/\/site.ac-martinique.fr\/cio-nordatlantique\/wp-json\/wp\/v2\/pages\/1445\/revisions\/2059"}],"wp:attachment":[{"href":"https:\/\/site.ac-martinique.fr\/cio-nordatlantique\/wp-json\/wp\/v2\/media?parent=1445"}],"curies":[{"name":"wp","href":"https:\/\/api.w.org\/{rel}","templated":true}]}}