{"id":1486,"date":"2023-03-02T11:54:15","date_gmt":"2023-03-02T15:54:15","guid":{"rendered":"https:\/\/site.ac-martinique.fr\/cio-nordatlantique\/?page_id=1486"},"modified":"2023-03-02T14:32:57","modified_gmt":"2023-03-02T18:32:57","slug":"le-lpo-nord-atlantique","status":"publish","type":"page","link":"https:\/\/site.ac-martinique.fr\/cio-nordatlantique\/le-lpo-nord-atlantique\/","title":{"rendered":"LE LPO NORD ATLANTIQUE"},"content":{"rendered":"\n<p class=\"has-vivid-cyan-blue-color has-text-color has-medium-font-size\">Avec une <strong>infrastructure neuve<\/strong>, des <strong>\u00e9quipements modernes<\/strong>, une <strong>\u00e9quipe de direction offensive<\/strong>, des <strong>enseignants \u00e0 la pointe de l&rsquo;innovation p\u00e9dagogique<\/strong>, <strong>des \u00e9l\u00e8ves HEUREUX d&rsquo;\u00eatre l\u00e0<\/strong>&#8230;<\/p>\n\n\n\n<p class=\"has-medium-font-size\"><strong>.. LE LPO NORD ATLANTIQUE EST L&rsquo;UN DES JOYAUX DE NOTRE C\u00d4TE ATLANTIQUE !!!<\/strong><\/p>\n\n\n\n<p>N&rsquo;h\u00e9sitez pas \u00e0 les contacter pour de plus amples renseignements <strong>au 0596 690 121 !!<\/strong><\/p>\n\n\n\n<p>Allez naviguer sur leur site internet pour un premier contact : <a href=\"https:\/\/lycee-nordatlantique.fr\/\">https:\/\/lycee-nordatlantique.fr\/<\/a><\/p>\n\n\n\n<div class=\"wp-block-columns is-layout-flex wp-container-core-columns-is-layout-d0b3c9c8 wp-block-columns-is-layout-flex\">\n<div class=\"wp-block-column is-layout-flow wp-block-column-is-layout-flow\">\n<figure class=\"wp-block-video\"><video height=\"1280\" style=\"aspect-ratio: 720 \/ 1280;\" width=\"720\" controls src=\"https:\/\/site.ac-martinique.fr\/cio-nordatlantique\/wp-content\/uploads\/sites\/107\/2023\/03\/STORY-INSTAGRAM-3101-1.mov\"><\/video><\/figure>\n<\/div>\n\n\n\n<div class=\"wp-block-column is-layout-flow wp-block-column-is-layout-flow\">\n<figure class=\"wp-block-video\"><video height=\"1280\" style=\"aspect-ratio: 720 \/ 1280;\" width=\"720\" controls src=\"https:\/\/site.ac-martinique.fr\/cio-nordatlantique\/wp-content\/uploads\/sites\/107\/2023\/03\/d6a4e4fd16934e72bdf440409c21dee6.mov\"><\/video><\/figure>\n<\/div>\n<\/div>\n","protected":false},"excerpt":{"rendered":"<p>Avec une infrastructure neuve, des \u00e9quipements modernes, une \u00e9quipe de direction offensive, des enseignants \u00e0 la pointe de l&rsquo;innovation p\u00e9dagogique, des \u00e9l\u00e8ves HEUREUX d&rsquo;\u00eatre l\u00e0&#8230; .. LE LPO NORD ATLANTIQUE EST L&rsquo;UN DES JOYAUX DE NOTRE C\u00d4TE ATLANTIQUE !!! N&rsquo;h\u00e9sitez pas \u00e0 les contacter pour de plus amples renseignements au 0596 690 121 !! Allez naviguer sur leur site internet pour un premier contact : https:\/\/lycee-nordatlantique.fr\/<\/p>\n","protected":false},"author":314,"featured_media":0,"parent":0,"menu_order":0,"comment_status":"closed","ping_status":"closed","template":"","meta":{"footnotes":""},"class_list":["post-1486","page","type-page","status-publish","hentry"],"_links":{"self":[{"href":"https:\/\/site.ac-martinique.fr\/cio-nordatlantique\/wp-json\/wp\/v2\/pages\/1486","targetHints":{"allow":["GET"]}}],"collection":[{"href":"https:\/\/site.ac-martinique.fr\/cio-nordatlantique\/wp-json\/wp\/v2\/pages"}],"about":[{"href":"https:\/\/site.ac-martinique.fr\/cio-nordatlantique\/wp-json\/wp\/v2\/types\/page"}],"author":[{"embeddable":true,"href":"https:\/\/site.ac-martinique.fr\/cio-nordatlantique\/wp-json\/wp\/v2\/users\/314"}],"replies":[{"embeddable":true,"href":"https:\/\/site.ac-martinique.fr\/cio-nordatlantique\/wp-json\/wp\/v2\/comments?post=1486"}],"version-history":[{"count":2,"href":"https:\/\/site.ac-martinique.fr\/cio-nordatlantique\/wp-json\/wp\/v2\/pages\/1486\/revisions"}],"predecessor-version":[{"id":1492,"href":"https:\/\/site.ac-martinique.fr\/cio-nordatlantique\/wp-json\/wp\/v2\/pages\/1486\/revisions\/1492"}],"wp:attachment":[{"href":"https:\/\/site.ac-martinique.fr\/cio-nordatlantique\/wp-json\/wp\/v2\/media?parent=1486"}],"curies":[{"name":"wp","href":"https:\/\/api.w.org\/{rel}","templated":true}]}}