{"id":1552,"date":"2023-03-28T12:26:21","date_gmt":"2023-03-28T16:26:21","guid":{"rendered":"https:\/\/site.ac-martinique.fr\/cio-nordatlantique\/?page_id=1552"},"modified":"2023-03-28T12:26:21","modified_gmt":"2023-03-28T16:26:21","slug":"retour-sur-shirley-billot-avec-le-clg-rose-saint-just","status":"publish","type":"page","link":"https:\/\/site.ac-martinique.fr\/cio-nordatlantique\/retour-sur-shirley-billot-avec-le-clg-rose-saint-just\/","title":{"rendered":"RETOUR SUR &#8211; Shirley BILLOT avec le CLG ROSE SAINT-JUST"},"content":{"rendered":"\n<p class=\"has-black-color has-light-green-cyan-background-color has-text-color has-background\"><em>\u00ab\u00a0<strong>Apr\u00e8s \u00ab\u00a0d\u2019Icare \u00e0 Thomas Pesquet\u00a0\u00bb, le CIO Nord Atlantique accompagne nos \u00e9l\u00e8ves sur le th\u00e8me du d\u00e9veloppement durable<\/strong>\u00a0:<\/em><\/p>\n\n\n\n<p class=\"has-black-color has-light-green-cyan-background-color has-text-color has-background\"><strong><em>LA MARTINIQUE EN ROUTE VERS LE DEVELOPPEMENT DURABLE \u2013 Je d\u00e9couvre les m\u00e9tiers de l\u2019AGRICULTURE, de l\u2019IAA et du DEVELOPPEMENT DURABLE dans l\u2019INDUSTRIE<\/em><\/strong><\/p>\n\n\n\n<p class=\"has-black-color has-light-green-cyan-background-color has-text-color has-background\"><em>Mais qui est Shirley BILLOT? Fondatrice de la marque de cosm\u00e9tique bio KADALYS qui utilise les bananes \u00ab\u00a0moches\u00a0\u00bb qui ne peuvent \u00eatre vendues&#8230;\u00a0\u00bb<\/em><\/p>\n\n\n\n<p class=\"has-large-font-size\"><strong>D\u00e9couvrez la suite de <a href=\"https:\/\/site.ac-martinique.fr\/clg-rosesaintjust\/2022\/11\/23\/le-cio-nord-atlantique-accompagne-la-martinique-en-route-vers-le-developpement-durable\/\">CET ARTICLE<\/a> r\u00e9dig\u00e9 par Mme LONGIN, CPE au coll\u00e8ge ROSE SAINT JUST. <\/strong><\/p>\n\n\n\n<p><\/p>\n","protected":false},"excerpt":{"rendered":"<p>\u00ab\u00a0Apr\u00e8s \u00ab\u00a0d\u2019Icare \u00e0 Thomas Pesquet\u00a0\u00bb, le CIO Nord Atlantique accompagne nos \u00e9l\u00e8ves sur le th\u00e8me du d\u00e9veloppement durable\u00a0: LA MARTINIQUE EN ROUTE VERS LE DEVELOPPEMENT DURABLE \u2013 Je d\u00e9couvre les m\u00e9tiers de l\u2019AGRICULTURE, de l\u2019IAA et du DEVELOPPEMENT DURABLE dans l\u2019INDUSTRIE Mais qui est Shirley BILLOT? Fondatrice de la marque de cosm\u00e9tique bio KADALYS qui utilise les bananes \u00ab\u00a0moches\u00a0\u00bb qui ne peuvent \u00eatre vendues&#8230;\u00a0\u00bb D\u00e9couvrez la suite de CET ARTICLE r\u00e9dig\u00e9 par Mme LONGIN, CPE au coll\u00e8ge ROSE SAINT JUST.<\/p>\n","protected":false},"author":314,"featured_media":0,"parent":0,"menu_order":0,"comment_status":"closed","ping_status":"closed","template":"","meta":{"footnotes":""},"class_list":["post-1552","page","type-page","status-publish","hentry"],"_links":{"self":[{"href":"https:\/\/site.ac-martinique.fr\/cio-nordatlantique\/wp-json\/wp\/v2\/pages\/1552","targetHints":{"allow":["GET"]}}],"collection":[{"href":"https:\/\/site.ac-martinique.fr\/cio-nordatlantique\/wp-json\/wp\/v2\/pages"}],"about":[{"href":"https:\/\/site.ac-martinique.fr\/cio-nordatlantique\/wp-json\/wp\/v2\/types\/page"}],"author":[{"embeddable":true,"href":"https:\/\/site.ac-martinique.fr\/cio-nordatlantique\/wp-json\/wp\/v2\/users\/314"}],"replies":[{"embeddable":true,"href":"https:\/\/site.ac-martinique.fr\/cio-nordatlantique\/wp-json\/wp\/v2\/comments?post=1552"}],"version-history":[{"count":1,"href":"https:\/\/site.ac-martinique.fr\/cio-nordatlantique\/wp-json\/wp\/v2\/pages\/1552\/revisions"}],"predecessor-version":[{"id":1553,"href":"https:\/\/site.ac-martinique.fr\/cio-nordatlantique\/wp-json\/wp\/v2\/pages\/1552\/revisions\/1553"}],"wp:attachment":[{"href":"https:\/\/site.ac-martinique.fr\/cio-nordatlantique\/wp-json\/wp\/v2\/media?parent=1552"}],"curies":[{"name":"wp","href":"https:\/\/api.w.org\/{rel}","templated":true}]}}