{"id":1554,"date":"2023-03-28T12:34:45","date_gmt":"2023-03-28T16:34:45","guid":{"rendered":"https:\/\/site.ac-martinique.fr\/cio-nordatlantique\/?page_id=1554"},"modified":"2023-03-28T12:34:46","modified_gmt":"2023-03-28T16:34:46","slug":"retour-sur-le-mars-de-lorientation-avec-le-clg-rose-saint-just","status":"publish","type":"page","link":"https:\/\/site.ac-martinique.fr\/cio-nordatlantique\/retour-sur-le-mars-de-lorientation-avec-le-clg-rose-saint-just\/","title":{"rendered":"RETOUR SUR &#8211; LE MARS DE L&rsquo;ORIENTATION avec le CLG ROSE SAINT-JUST"},"content":{"rendered":"\n<p class=\"has-black-color has-light-green-cyan-background-color has-text-color has-background\"><em>\u00ab\u00a0<strong>Ce mercredi 22 mars 2023, au r\u00e9fectoire de la cit\u00e9 Belle Etoile ,\u00a0 le CIO nous a invit\u00e9 une nouvelle fois \u00e0 des rencontres\u00a0 passionnantes sur le th\u00e8me de \u00ab\u00a0la Martinique en route vers le d\u00e9veloppement durable\u00a0\u00bb.<\/strong>\u00ab\u00a0<\/em><\/p>\n\n\n\n<p>La suite de <a href=\"https:\/\/site.ac-martinique.fr\/clg-rosesaintjust\/2023\/03\/28\/le-cio-nord-atlantique-accompagne-la-martinique-en-route-vers-le-developpement-durable-mercredi-22-mars-2023-a-la-rencontre-de-trois-personnalites-aux-parcours-passionnants\/\">CET ARTICLE<\/a> r\u00e9dig\u00e9 par Mme LONGIN, CPE au Coll\u00e8ge ROSE SAINT-JUST.<\/p>\n\n\n\n<div class=\"wp-block-columns is-layout-flex wp-container-core-columns-is-layout-d0b3c9c8 wp-block-columns-is-layout-flex\">\n<div class=\"wp-block-column is-layout-flow wp-block-column-is-layout-flow\">\n<figure class=\"wp-block-image size-large\"><img loading=\"lazy\" decoding=\"async\" width=\"725\" height=\"1024\" src=\"https:\/\/site.ac-martinique.fr\/cio-nordatlantique\/wp-content\/uploads\/sites\/107\/2023\/03\/mars-orientation2203-2-725x1024.jpg\" alt=\"\" class=\"wp-image-1556\" srcset=\"https:\/\/site.ac-martinique.fr\/cio-nordatlantique\/wp-content\/uploads\/sites\/107\/2023\/03\/mars-orientation2203-2-725x1024.jpg 725w, https:\/\/site.ac-martinique.fr\/cio-nordatlantique\/wp-content\/uploads\/sites\/107\/2023\/03\/mars-orientation2203-2-213x300.jpg 213w, https:\/\/site.ac-martinique.fr\/cio-nordatlantique\/wp-content\/uploads\/sites\/107\/2023\/03\/mars-orientation2203-2-768x1084.jpg 768w, https:\/\/site.ac-martinique.fr\/cio-nordatlantique\/wp-content\/uploads\/sites\/107\/2023\/03\/mars-orientation2203-2-1088x1536.jpg 1088w, https:\/\/site.ac-martinique.fr\/cio-nordatlantique\/wp-content\/uploads\/sites\/107\/2023\/03\/mars-orientation2203-2-1451x2048.jpg 1451w, https:\/\/site.ac-martinique.fr\/cio-nordatlantique\/wp-content\/uploads\/sites\/107\/2023\/03\/mars-orientation2203-2-1140x1609.jpg 1140w, https:\/\/site.ac-martinique.fr\/cio-nordatlantique\/wp-content\/uploads\/sites\/107\/2023\/03\/mars-orientation2203-2-scaled.jpg 1813w\" sizes=\"auto, (max-width: 725px) 100vw, 725px\" \/><\/figure>\n<\/div>\n\n\n\n<div class=\"wp-block-column is-layout-flow wp-block-column-is-layout-flow\">\n<figure class=\"wp-block-image size-large is-resized\"><img loading=\"lazy\" decoding=\"async\" src=\"https:\/\/site.ac-martinique.fr\/cio-nordatlantique\/wp-content\/uploads\/sites\/107\/2023\/03\/IMG_5483-768x1024.jpg\" alt=\"\" class=\"wp-image-1557\" width=\"424\" height=\"565\" srcset=\"https:\/\/site.ac-martinique.fr\/cio-nordatlantique\/wp-content\/uploads\/sites\/107\/2023\/03\/IMG_5483-768x1024.jpg 768w, https:\/\/site.ac-martinique.fr\/cio-nordatlantique\/wp-content\/uploads\/sites\/107\/2023\/03\/IMG_5483-225x300.jpg 225w, https:\/\/site.ac-martinique.fr\/cio-nordatlantique\/wp-content\/uploads\/sites\/107\/2023\/03\/IMG_5483-1152x1536.jpg 1152w, https:\/\/site.ac-martinique.fr\/cio-nordatlantique\/wp-content\/uploads\/sites\/107\/2023\/03\/IMG_5483-1536x2048.jpg 1536w, https:\/\/site.ac-martinique.fr\/cio-nordatlantique\/wp-content\/uploads\/sites\/107\/2023\/03\/IMG_5483-1140x1520.jpg 1140w, https:\/\/site.ac-martinique.fr\/cio-nordatlantique\/wp-content\/uploads\/sites\/107\/2023\/03\/IMG_5483-scaled.jpg 1920w\" sizes=\"auto, (max-width: 424px) 100vw, 424px\" \/><\/figure>\n<\/div>\n<\/div>\n","protected":false},"excerpt":{"rendered":"<p>\u00ab\u00a0Ce mercredi 22 mars 2023, au r\u00e9fectoire de la cit\u00e9 Belle Etoile ,\u00a0 le CIO nous a invit\u00e9 une nouvelle fois \u00e0 des rencontres\u00a0 passionnantes sur le th\u00e8me de \u00ab\u00a0la Martinique en route vers le d\u00e9veloppement durable\u00a0\u00bb.\u00ab\u00a0 La suite de CET ARTICLE r\u00e9dig\u00e9 par Mme LONGIN, CPE au Coll\u00e8ge ROSE SAINT-JUST.<\/p>\n","protected":false},"author":314,"featured_media":0,"parent":0,"menu_order":0,"comment_status":"closed","ping_status":"closed","template":"","meta":{"footnotes":""},"class_list":["post-1554","page","type-page","status-publish","hentry"],"_links":{"self":[{"href":"https:\/\/site.ac-martinique.fr\/cio-nordatlantique\/wp-json\/wp\/v2\/pages\/1554","targetHints":{"allow":["GET"]}}],"collection":[{"href":"https:\/\/site.ac-martinique.fr\/cio-nordatlantique\/wp-json\/wp\/v2\/pages"}],"about":[{"href":"https:\/\/site.ac-martinique.fr\/cio-nordatlantique\/wp-json\/wp\/v2\/types\/page"}],"author":[{"embeddable":true,"href":"https:\/\/site.ac-martinique.fr\/cio-nordatlantique\/wp-json\/wp\/v2\/users\/314"}],"replies":[{"embeddable":true,"href":"https:\/\/site.ac-martinique.fr\/cio-nordatlantique\/wp-json\/wp\/v2\/comments?post=1554"}],"version-history":[{"count":1,"href":"https:\/\/site.ac-martinique.fr\/cio-nordatlantique\/wp-json\/wp\/v2\/pages\/1554\/revisions"}],"predecessor-version":[{"id":1558,"href":"https:\/\/site.ac-martinique.fr\/cio-nordatlantique\/wp-json\/wp\/v2\/pages\/1554\/revisions\/1558"}],"wp:attachment":[{"href":"https:\/\/site.ac-martinique.fr\/cio-nordatlantique\/wp-json\/wp\/v2\/media?parent=1554"}],"curies":[{"name":"wp","href":"https:\/\/api.w.org\/{rel}","templated":true}]}}