{"id":162,"date":"2021-10-09T19:44:49","date_gmt":"2021-10-09T23:44:49","guid":{"rendered":"https:\/\/site.ac-martinique.fr\/cio-nordatlantique\/?page_id=162"},"modified":"2022-12-06T09:50:59","modified_gmt":"2022-12-06T13:50:59","slug":"fun-mooc","status":"publish","type":"page","link":"https:\/\/site.ac-martinique.fr\/cio-nordatlantique\/fun-mooc\/","title":{"rendered":"JE M&rsquo;ORIENTE APRES LE LYCEE &#8211; FUN MOOC"},"content":{"rendered":"\n<figure class=\"wp-block-image size-large\"><img loading=\"lazy\" decoding=\"async\" width=\"1024\" height=\"209\" src=\"https:\/\/site.ac-martinique.fr\/cio-nordatlantique\/wp-content\/uploads\/sites\/107\/2022\/12\/MOOC-PROJET-SUP-1024x209.jpg\" alt=\"\" class=\"wp-image-1292\" srcset=\"https:\/\/site.ac-martinique.fr\/cio-nordatlantique\/wp-content\/uploads\/sites\/107\/2022\/12\/MOOC-PROJET-SUP-1024x209.jpg 1024w, https:\/\/site.ac-martinique.fr\/cio-nordatlantique\/wp-content\/uploads\/sites\/107\/2022\/12\/MOOC-PROJET-SUP-300x61.jpg 300w, https:\/\/site.ac-martinique.fr\/cio-nordatlantique\/wp-content\/uploads\/sites\/107\/2022\/12\/MOOC-PROJET-SUP-768x157.jpg 768w, https:\/\/site.ac-martinique.fr\/cio-nordatlantique\/wp-content\/uploads\/sites\/107\/2022\/12\/MOOC-PROJET-SUP-1140x233.jpg 1140w, https:\/\/site.ac-martinique.fr\/cio-nordatlantique\/wp-content\/uploads\/sites\/107\/2022\/12\/MOOC-PROJET-SUP.jpg 1240w\" sizes=\"auto, (max-width: 1024px) 100vw, 1024px\" \/><\/figure>\n\n\n\n<p><a href=\"https:\/\/www.fun-mooc.fr\/fr\/categories\/collections\/projet-sup\/\">CLIQUEZ ICI<\/a><\/p>\n\n\n\n<p>Des cours en ligne pour se rep\u00e9rer et s\u2019orienter apr\u00e8s le lyc\u00e9e. M\u00e9tiers, fili\u00e8res, universit\u00e9 ou grandes \u00e9coles : d\u00e9couvrez quel domaine est fait pour vous !<\/p>\n\n\n\n<p>L\u2019offre de formation dans l\u2019enseignement sup\u00e9rieur est dense et il est parfois difficile de trouver des informations fiables pour construire un projet d\u2019\u00e9tude. Dans un souci d\u2019\u00e9gal acc\u00e8s \u00e0 l\u2019information et de r\u00e9duction des in\u00e9galit\u00e9s, France Universit\u00e9 Num\u00e9rique propose un ensemble de MOOC qui permet aux lyc\u00e9ens, aux \u00e9quipes \u00e9ducatives des lyc\u00e9es (professeur principal, professeur documentaliste, PsyEN) et aux parents d\u2018avoir des outils \u00e9clairant pour l\u2019aide \u00e0 l\u2019orientation. Gr\u00e2ce \u00e0 ces cours en ligne, vous disposez d\u2019informations fiables et v\u00e9rifi\u00e9es concernant diff\u00e9rentes formations du sup\u00e9rieur et leurs d\u00e9bouch\u00e9s professionnels. Gr\u00e2ce aux forums de chaque cours, vous aurez la possibilit\u00e9 de poser des questions personnalis\u00e9es, directement aux \u00e9quipes p\u00e9dagogiques des MOOC. La pr\u00e9sentation des cursus vaut pour l&rsquo;ensemble des enseignements dans cette discipline, quel que soit l&rsquo;\u00e9tablissement o\u00f9 le lyc\u00e9en va postuler.<\/p>\n","protected":false},"excerpt":{"rendered":"<p>CLIQUEZ ICI Des cours en ligne pour se rep\u00e9rer et s\u2019orienter apr\u00e8s le lyc\u00e9e. M\u00e9tiers, fili\u00e8res, universit\u00e9 ou grandes \u00e9coles : d\u00e9couvrez quel domaine est fait pour vous ! L\u2019offre de formation dans l\u2019enseignement sup\u00e9rieur est dense et il est parfois difficile de trouver des informations fiables pour construire un projet d\u2019\u00e9tude. Dans un souci d\u2019\u00e9gal acc\u00e8s \u00e0 l\u2019information et de r\u00e9duction des in\u00e9galit\u00e9s, France Universit\u00e9 Num\u00e9rique propose un ensemble de MOOC qui permet aux lyc\u00e9ens, aux \u00e9quipes \u00e9ducatives des lyc\u00e9es (professeur principal, professeur documentaliste, PsyEN) et aux parents d\u2018avoir des outils \u00e9clairant pour l\u2019aide \u00e0 l\u2019orientation. Gr\u00e2ce \u00e0 ces cours en ligne, vous disposez d\u2019informations fiables et v\u00e9rifi\u00e9es concernant diff\u00e9rentes formations du sup\u00e9rieur et leurs d\u00e9bouch\u00e9s professionnels. Gr\u00e2ce aux forums de chaque cours, vous aurez la possibilit\u00e9 de poser des questions personnalis\u00e9es, directement aux \u00e9quipes p\u00e9dagogiques des MOOC. La pr\u00e9sentation des cursus vaut pour l&rsquo;ensemble des enseignements dans cette discipline, quel que soit l&rsquo;\u00e9tablissement o\u00f9 le lyc\u00e9en va postuler.<\/p>\n","protected":false},"author":314,"featured_media":0,"parent":0,"menu_order":0,"comment_status":"closed","ping_status":"closed","template":"","meta":{"footnotes":""},"class_list":["post-162","page","type-page","status-publish","hentry"],"_links":{"self":[{"href":"https:\/\/site.ac-martinique.fr\/cio-nordatlantique\/wp-json\/wp\/v2\/pages\/162","targetHints":{"allow":["GET"]}}],"collection":[{"href":"https:\/\/site.ac-martinique.fr\/cio-nordatlantique\/wp-json\/wp\/v2\/pages"}],"about":[{"href":"https:\/\/site.ac-martinique.fr\/cio-nordatlantique\/wp-json\/wp\/v2\/types\/page"}],"author":[{"embeddable":true,"href":"https:\/\/site.ac-martinique.fr\/cio-nordatlantique\/wp-json\/wp\/v2\/users\/314"}],"replies":[{"embeddable":true,"href":"https:\/\/site.ac-martinique.fr\/cio-nordatlantique\/wp-json\/wp\/v2\/comments?post=162"}],"version-history":[{"count":2,"href":"https:\/\/site.ac-martinique.fr\/cio-nordatlantique\/wp-json\/wp\/v2\/pages\/162\/revisions"}],"predecessor-version":[{"id":1294,"href":"https:\/\/site.ac-martinique.fr\/cio-nordatlantique\/wp-json\/wp\/v2\/pages\/162\/revisions\/1294"}],"wp:attachment":[{"href":"https:\/\/site.ac-martinique.fr\/cio-nordatlantique\/wp-json\/wp\/v2\/media?parent=162"}],"curies":[{"name":"wp","href":"https:\/\/api.w.org\/{rel}","templated":true}]}}