{"id":1948,"date":"2023-12-15T12:10:57","date_gmt":"2023-12-15T16:10:57","guid":{"rendered":"https:\/\/site.ac-martinique.fr\/cio-nordatlantique\/?page_id=1948"},"modified":"2023-12-15T12:10:57","modified_gmt":"2023-12-15T16:10:57","slug":"trouvez-votre-parcours-dorientation-adapte","status":"publish","type":"page","link":"https:\/\/site.ac-martinique.fr\/cio-nordatlantique\/trouvez-votre-parcours-dorientation-adapte\/","title":{"rendered":"TROUVEZ VOTRE PARCOURS D&rsquo;ORIENTATION ADAPTE"},"content":{"rendered":"\n<p class=\"has-vivid-cyan-blue-color has-text-color has-link-color has-large-font-size wp-elements-f52bf3b6304b942f3e4a6337678aac64\"><a href=\"https:\/\/grainesdavenir.didask.com\/modules\/graines-davenir-vf\/contents\"><strong>D\u00e9couvrez LES GRAINES D&rsquo;AVENIR !!!<\/strong><\/a><\/p>\n\n\n\n<p>Aider les jeunes \u00e0 trouver un parcours d&rsquo;orientation adapt\u00e9 en questionnant les st\u00e9r\u00e9otypes positifs et n\u00e9gatifs qu&rsquo;ils peuvent avoir sur un secteur ou des fili\u00e8res d&rsquo;\u00e9tude, c&rsquo;est tout l&rsquo;objectif du dispositif Graines d&rsquo;Avenir. A l&rsquo;aide d&rsquo;un format digital \u00e9prouv\u00e9 pour son efficacit\u00e9 cognitive et en s&rsquo;appuyant sur l&rsquo;expertise des acteurs clefs de l&rsquo;orientation en France, Graines d&rsquo;Avenir les confronte et apporte des r\u00e9ponses \u00e0 leurs id\u00e9es re\u00e7ues sur l&rsquo;orientation.<\/p>\n","protected":false},"excerpt":{"rendered":"<p>D\u00e9couvrez LES GRAINES D&rsquo;AVENIR !!! Aider les jeunes \u00e0 trouver un parcours d&rsquo;orientation adapt\u00e9 en questionnant les st\u00e9r\u00e9otypes positifs et n\u00e9gatifs qu&rsquo;ils peuvent avoir sur un secteur ou des fili\u00e8res d&rsquo;\u00e9tude, c&rsquo;est tout l&rsquo;objectif du dispositif Graines d&rsquo;Avenir. A l&rsquo;aide d&rsquo;un format digital \u00e9prouv\u00e9 pour son efficacit\u00e9 cognitive et en s&rsquo;appuyant sur l&rsquo;expertise des acteurs clefs de l&rsquo;orientation en France, Graines d&rsquo;Avenir les confronte et apporte des r\u00e9ponses \u00e0 leurs id\u00e9es re\u00e7ues sur l&rsquo;orientation.<\/p>\n","protected":false},"author":314,"featured_media":0,"parent":0,"menu_order":0,"comment_status":"closed","ping_status":"closed","template":"","meta":{"footnotes":""},"class_list":["post-1948","page","type-page","status-publish","hentry"],"_links":{"self":[{"href":"https:\/\/site.ac-martinique.fr\/cio-nordatlantique\/wp-json\/wp\/v2\/pages\/1948","targetHints":{"allow":["GET"]}}],"collection":[{"href":"https:\/\/site.ac-martinique.fr\/cio-nordatlantique\/wp-json\/wp\/v2\/pages"}],"about":[{"href":"https:\/\/site.ac-martinique.fr\/cio-nordatlantique\/wp-json\/wp\/v2\/types\/page"}],"author":[{"embeddable":true,"href":"https:\/\/site.ac-martinique.fr\/cio-nordatlantique\/wp-json\/wp\/v2\/users\/314"}],"replies":[{"embeddable":true,"href":"https:\/\/site.ac-martinique.fr\/cio-nordatlantique\/wp-json\/wp\/v2\/comments?post=1948"}],"version-history":[{"count":1,"href":"https:\/\/site.ac-martinique.fr\/cio-nordatlantique\/wp-json\/wp\/v2\/pages\/1948\/revisions"}],"predecessor-version":[{"id":1949,"href":"https:\/\/site.ac-martinique.fr\/cio-nordatlantique\/wp-json\/wp\/v2\/pages\/1948\/revisions\/1949"}],"wp:attachment":[{"href":"https:\/\/site.ac-martinique.fr\/cio-nordatlantique\/wp-json\/wp\/v2\/media?parent=1948"}],"curies":[{"name":"wp","href":"https:\/\/api.w.org\/{rel}","templated":true}]}}