{"id":2005,"date":"2024-01-31T09:05:18","date_gmt":"2024-01-31T13:05:18","guid":{"rendered":"https:\/\/site.ac-martinique.fr\/cio-nordatlantique\/?page_id=2005"},"modified":"2024-01-31T09:05:19","modified_gmt":"2024-01-31T13:05:19","slug":"recrutement-cadets-de-la-republique-source-dtpn-martinique","status":"publish","type":"page","link":"https:\/\/site.ac-martinique.fr\/cio-nordatlantique\/recrutement-cadets-de-la-republique-source-dtpn-martinique\/","title":{"rendered":"RECRUTEMENT CADETS DE LA REPUBLIQUE &#8211; SOURCE DTPN MARTINIQUE"},"content":{"rendered":"\n<p>La direction territoriale de la police nationale de Martinique recrute 12 cadets de la r\u00e9publique afin de les former au m\u00e9tier de policier adjoint.<br>La formation se d\u00e9roule \u00e0 l&rsquo;h\u00f4tel de Police du Lamentin \u00e0 partir du mois de septembre 2024.<br>A l&rsquo;issue de la formation de 1 an les cadets de la r\u00e9publique sont employ\u00e9s au sein de nos services 2 ans renouvelable 3 ans avec une r\u00e9mun\u00e9rations de 1500 \u20ac environ.<\/p>\n\n\n\n<h2 class=\"wp-block-heading\"><a href=\"https:\/\/www.inscription-concours.interieur.gouv.fr\/sicmi\/listerSessions.do?codeCorps=CDT&amp;Buro=MART\">INSCRIPTION<\/a><\/h2>\n\n\n\n<div data-wp-interactive=\"core\/file\" class=\"wp-block-file\"><object data-wp-bind--hidden=\"!state.hasPdfPreview\" hidden class=\"wp-block-file__embed\" data=\"https:\/\/site.ac-martinique.fr\/cio-nordatlantique\/wp-content\/uploads\/sites\/107\/2024\/01\/AVIS-DE-RECRUTEMENT-DE-12-CADETS-DE-LA-REPUBLIQUE-SESSION-2024.pdf\" type=\"application\/pdf\" style=\"width:100%;height:600px\" aria-label=\"Contenu embarqu\u00e9 AVIS-DE-RECRUTEMENT-DE-12-CADETS-DE-LA-REPUBLIQUE-SESSION-2024.\"><\/object><a id=\"wp-block-file--media-560dac8f-9f07-4ceb-a6be-673a0c127c43\" href=\"https:\/\/site.ac-martinique.fr\/cio-nordatlantique\/wp-content\/uploads\/sites\/107\/2024\/01\/AVIS-DE-RECRUTEMENT-DE-12-CADETS-DE-LA-REPUBLIQUE-SESSION-2024.pdf\">AVIS-DE-RECRUTEMENT-DE-12-CADETS-DE-LA-REPUBLIQUE-SESSION-2024<\/a><a href=\"https:\/\/site.ac-martinique.fr\/cio-nordatlantique\/wp-content\/uploads\/sites\/107\/2024\/01\/AVIS-DE-RECRUTEMENT-DE-12-CADETS-DE-LA-REPUBLIQUE-SESSION-2024.pdf\" class=\"wp-block-file__button wp-element-button\" download aria-describedby=\"wp-block-file--media-560dac8f-9f07-4ceb-a6be-673a0c127c43\">T\u00e9l\u00e9charger<\/a><\/div>\n","protected":false},"excerpt":{"rendered":"<p>La direction territoriale de la police nationale de Martinique recrute 12 cadets de la r\u00e9publique afin de les former au m\u00e9tier de policier adjoint.La formation se d\u00e9roule \u00e0 l&rsquo;h\u00f4tel de Police du Lamentin \u00e0 partir du mois de septembre 2024.A l&rsquo;issue de la formation de 1 an les cadets de la r\u00e9publique sont employ\u00e9s au sein de nos services 2 ans renouvelable 3 ans avec une r\u00e9mun\u00e9rations de 1500 \u20ac environ. INSCRIPTION<\/p>\n","protected":false},"author":314,"featured_media":0,"parent":0,"menu_order":0,"comment_status":"closed","ping_status":"closed","template":"","meta":{"footnotes":""},"class_list":["post-2005","page","type-page","status-publish","hentry"],"_links":{"self":[{"href":"https:\/\/site.ac-martinique.fr\/cio-nordatlantique\/wp-json\/wp\/v2\/pages\/2005","targetHints":{"allow":["GET"]}}],"collection":[{"href":"https:\/\/site.ac-martinique.fr\/cio-nordatlantique\/wp-json\/wp\/v2\/pages"}],"about":[{"href":"https:\/\/site.ac-martinique.fr\/cio-nordatlantique\/wp-json\/wp\/v2\/types\/page"}],"author":[{"embeddable":true,"href":"https:\/\/site.ac-martinique.fr\/cio-nordatlantique\/wp-json\/wp\/v2\/users\/314"}],"replies":[{"embeddable":true,"href":"https:\/\/site.ac-martinique.fr\/cio-nordatlantique\/wp-json\/wp\/v2\/comments?post=2005"}],"version-history":[{"count":1,"href":"https:\/\/site.ac-martinique.fr\/cio-nordatlantique\/wp-json\/wp\/v2\/pages\/2005\/revisions"}],"predecessor-version":[{"id":2007,"href":"https:\/\/site.ac-martinique.fr\/cio-nordatlantique\/wp-json\/wp\/v2\/pages\/2005\/revisions\/2007"}],"wp:attachment":[{"href":"https:\/\/site.ac-martinique.fr\/cio-nordatlantique\/wp-json\/wp\/v2\/media?parent=2005"}],"curies":[{"name":"wp","href":"https:\/\/api.w.org\/{rel}","templated":true}]}}