{"id":208,"date":"2021-10-09T22:58:14","date_gmt":"2021-10-10T02:58:14","guid":{"rendered":"https:\/\/site.ac-martinique.fr\/cio-nordatlantique\/?page_id=208"},"modified":"2023-12-15T12:49:58","modified_gmt":"2023-12-15T16:49:58","slug":"bienvenue-sur-notre-nouveau-site","status":"publish","type":"page","link":"https:\/\/site.ac-martinique.fr\/cio-nordatlantique\/bienvenue-sur-notre-nouveau-site\/","title":{"rendered":"Bienvenue sur notre  site acad\u00e9mique !!"},"content":{"rendered":"\n<p>Le CIO NORD ATLANTIQUE est \u00e0 vos c\u00f4t\u00e9s pour vous aider dans vos choix d\u2019orientation, de reconversion, de projet professionnel !!<\/p>\n\n\n\n<p>N\u2019h\u00e9sitez pas \u00e0 consulter ce site pour trouver des solutions et des informations que vous soyez \u00c9LEVE, ENSEIGNANT.E ou PARENT !!<\/p>\n\n\n\n<ul class=\"wp-block-list\">\n<li><strong>NOUS TROUVER<\/strong> &#8211; ZA BELLE ETOILE (derri\u00e8re HO HIO HEN) &#8211; RUE ELARA &#8211; 97230 SAINTE-MARIE &#8211; COORDONNEES GPS :14\u00b046\u201929.6&nbsp;\u00bbN 60\u00b059\u201914.0&nbsp;\u00bbW <a href=\"https:\/\/goo.gl\/maps\/h17qP5ofe5dxKLPc6\">https:\/\/goo.gl\/maps\/h17qP5ofe5dxKLPc6<\/a><\/li>\n\n\n\n<li><strong>NOUS CONTACTER<\/strong>\n<ul class=\"wp-block-list\">\n<li>\u260e\ufe0f 0596 52 88 20 <\/li>\n\n\n\n<li>\ud83d\udcf1 0696 25 74 27 (WHATSAPP) &#8211;<\/li>\n\n\n\n<li>\ud83d\udce7 cionord-atlantique@ac-martinique.fr <\/li>\n<\/ul>\n<\/li>\n<\/ul>\n\n\n\n<h2 class=\"wp-block-heading\"><a href=\"https:\/\/site.ac-martinique.fr\/cio-nordatlantique\/\">RETOUR PAGE D&rsquo;ACCUEIL<\/a><\/h2>\n","protected":false},"excerpt":{"rendered":"<p>Le CIO NORD ATLANTIQUE est \u00e0 vos c\u00f4t\u00e9s pour vous aider dans vos choix d\u2019orientation, de reconversion, de projet professionnel !! N\u2019h\u00e9sitez pas \u00e0 consulter ce site pour trouver des solutions et des informations que vous soyez \u00c9LEVE, ENSEIGNANT.E ou PARENT !! RETOUR PAGE D&rsquo;ACCUEIL<\/p>\n","protected":false},"author":314,"featured_media":0,"parent":0,"menu_order":0,"comment_status":"closed","ping_status":"closed","template":"","meta":{"footnotes":""},"class_list":["post-208","page","type-page","status-publish","hentry"],"_links":{"self":[{"href":"https:\/\/site.ac-martinique.fr\/cio-nordatlantique\/wp-json\/wp\/v2\/pages\/208","targetHints":{"allow":["GET"]}}],"collection":[{"href":"https:\/\/site.ac-martinique.fr\/cio-nordatlantique\/wp-json\/wp\/v2\/pages"}],"about":[{"href":"https:\/\/site.ac-martinique.fr\/cio-nordatlantique\/wp-json\/wp\/v2\/types\/page"}],"author":[{"embeddable":true,"href":"https:\/\/site.ac-martinique.fr\/cio-nordatlantique\/wp-json\/wp\/v2\/users\/314"}],"replies":[{"embeddable":true,"href":"https:\/\/site.ac-martinique.fr\/cio-nordatlantique\/wp-json\/wp\/v2\/comments?post=208"}],"version-history":[{"count":4,"href":"https:\/\/site.ac-martinique.fr\/cio-nordatlantique\/wp-json\/wp\/v2\/pages\/208\/revisions"}],"predecessor-version":[{"id":1960,"href":"https:\/\/site.ac-martinique.fr\/cio-nordatlantique\/wp-json\/wp\/v2\/pages\/208\/revisions\/1960"}],"wp:attachment":[{"href":"https:\/\/site.ac-martinique.fr\/cio-nordatlantique\/wp-json\/wp\/v2\/media?parent=208"}],"curies":[{"name":"wp","href":"https:\/\/api.w.org\/{rel}","templated":true}]}}