{"id":2288,"date":"2026-05-13T15:13:18","date_gmt":"2026-05-13T19:13:18","guid":{"rendered":"https:\/\/site.ac-martinique.fr\/cio-nordatlantique\/?page_id=2288"},"modified":"2026-05-13T15:13:18","modified_gmt":"2026-05-13T19:13:18","slug":"rejoignez-la-douane","status":"publish","type":"page","link":"https:\/\/site.ac-martinique.fr\/cio-nordatlantique\/rejoignez-la-douane\/","title":{"rendered":"REJOIGNEZ LA DOUANE !!"},"content":{"rendered":"\n<figure class=\"wp-block-image size-large\"><img loading=\"lazy\" decoding=\"async\" width=\"740\" height=\"1024\" src=\"https:\/\/site.ac-martinique.fr\/cio-nordatlantique\/wp-content\/uploads\/sites\/107\/2026\/05\/IMG_4237-740x1024.jpeg\" alt=\"\" class=\"wp-image-2289\" srcset=\"https:\/\/site.ac-martinique.fr\/cio-nordatlantique\/wp-content\/uploads\/sites\/107\/2026\/05\/IMG_4237-740x1024.jpeg 740w, https:\/\/site.ac-martinique.fr\/cio-nordatlantique\/wp-content\/uploads\/sites\/107\/2026\/05\/IMG_4237-217x300.jpeg 217w, https:\/\/site.ac-martinique.fr\/cio-nordatlantique\/wp-content\/uploads\/sites\/107\/2026\/05\/IMG_4237-768x1062.jpeg 768w, https:\/\/site.ac-martinique.fr\/cio-nordatlantique\/wp-content\/uploads\/sites\/107\/2026\/05\/IMG_4237-1111x1536.jpeg 1111w, https:\/\/site.ac-martinique.fr\/cio-nordatlantique\/wp-content\/uploads\/sites\/107\/2026\/05\/IMG_4237-1140x1577.jpeg 1140w, https:\/\/site.ac-martinique.fr\/cio-nordatlantique\/wp-content\/uploads\/sites\/107\/2026\/05\/IMG_4237.jpeg 1170w\" sizes=\"auto, (max-width: 740px) 100vw, 740px\" \/><figcaption class=\"wp-element-caption\">FLYER DOUANE CONCOURS<\/figcaption><\/figure>\n\n\n\n<div data-wp-interactive=\"core\/file\" class=\"wp-block-file\"><object data-wp-bind--hidden=\"!state.hasPdfPreview\" hidden class=\"wp-block-file__embed\" data=\"https:\/\/site.ac-martinique.fr\/cio-nordatlantique\/wp-content\/uploads\/sites\/107\/2026\/05\/CP-DOUANE-Nouveau-Concours-National-a-Affectation-Regionale-Antilles-Guyane-AD.pdf\" type=\"application\/pdf\" style=\"width:100%;height:600px\" aria-label=\"Contenu embarqu\u00e9 CP DOUANE - [Nouveau] Concours National \u00e0 Affectation R\u00e9gionale Antilles-Guyane - AD.\"><\/object><a id=\"wp-block-file--media-be6c7d0d-b467-4659-8606-1fdebf072d34\" href=\"https:\/\/site.ac-martinique.fr\/cio-nordatlantique\/wp-content\/uploads\/sites\/107\/2026\/05\/CP-DOUANE-Nouveau-Concours-National-a-Affectation-Regionale-Antilles-Guyane-AD.pdf\">CP DOUANE &#8211; [Nouveau] Concours National \u00e0 Affectation R\u00e9gionale Antilles-Guyane &#8211; AD<\/a><a href=\"https:\/\/site.ac-martinique.fr\/cio-nordatlantique\/wp-content\/uploads\/sites\/107\/2026\/05\/CP-DOUANE-Nouveau-Concours-National-a-Affectation-Regionale-Antilles-Guyane-AD.pdf\" class=\"wp-block-file__button wp-element-button\" download aria-describedby=\"wp-block-file--media-be6c7d0d-b467-4659-8606-1fdebf072d34\">T\u00e9l\u00e9charger<\/a><\/div>\n\n\n\n<p><\/p>\n","protected":false},"excerpt":{"rendered":"","protected":false},"author":314,"featured_media":0,"parent":0,"menu_order":0,"comment_status":"closed","ping_status":"closed","template":"","meta":{"footnotes":""},"class_list":["post-2288","page","type-page","status-publish","hentry"],"_links":{"self":[{"href":"https:\/\/site.ac-martinique.fr\/cio-nordatlantique\/wp-json\/wp\/v2\/pages\/2288","targetHints":{"allow":["GET"]}}],"collection":[{"href":"https:\/\/site.ac-martinique.fr\/cio-nordatlantique\/wp-json\/wp\/v2\/pages"}],"about":[{"href":"https:\/\/site.ac-martinique.fr\/cio-nordatlantique\/wp-json\/wp\/v2\/types\/page"}],"author":[{"embeddable":true,"href":"https:\/\/site.ac-martinique.fr\/cio-nordatlantique\/wp-json\/wp\/v2\/users\/314"}],"replies":[{"embeddable":true,"href":"https:\/\/site.ac-martinique.fr\/cio-nordatlantique\/wp-json\/wp\/v2\/comments?post=2288"}],"version-history":[{"count":1,"href":"https:\/\/site.ac-martinique.fr\/cio-nordatlantique\/wp-json\/wp\/v2\/pages\/2288\/revisions"}],"predecessor-version":[{"id":2291,"href":"https:\/\/site.ac-martinique.fr\/cio-nordatlantique\/wp-json\/wp\/v2\/pages\/2288\/revisions\/2291"}],"wp:attachment":[{"href":"https:\/\/site.ac-martinique.fr\/cio-nordatlantique\/wp-json\/wp\/v2\/media?parent=2288"}],"curies":[{"name":"wp","href":"https:\/\/api.w.org\/{rel}","templated":true}]}}