{"id":358,"date":"2021-11-23T15:26:09","date_gmt":"2021-11-23T19:26:09","guid":{"rendered":"https:\/\/site.ac-martinique.fr\/cio-nordatlantique\/?page_id=358"},"modified":"2023-03-01T12:41:32","modified_gmt":"2023-03-01T16:41:32","slug":"liste-des-eds-en-martinique","status":"publish","type":"page","link":"https:\/\/site.ac-martinique.fr\/cio-nordatlantique\/liste-des-eds-en-martinique\/","title":{"rendered":"LISTE DES EDS en MARTINIQUE non actualis\u00e9e"},"content":{"rendered":"\n<p><a href=\"https:\/\/www.ac-martinique.fr\/enseignements-de-specialite-dans-l-academie-de-martinique-121523\"><strong>D\u00e9couvrez les EDS de l&rsquo;acad\u00e9mie en vid\u00e9os<\/strong><\/a><\/p>\n\n\n\n<figure class=\"wp-block-image size-full\"><img loading=\"lazy\" decoding=\"async\" width=\"607\" height=\"872\" src=\"https:\/\/site.ac-martinique.fr\/cio-nordatlantique\/wp-content\/uploads\/sites\/107\/2021\/11\/AA54659E-524C-4684-9EAA-101D503D2445.jpeg\" alt=\"\" class=\"wp-image-359\" srcset=\"https:\/\/site.ac-martinique.fr\/cio-nordatlantique\/wp-content\/uploads\/sites\/107\/2021\/11\/AA54659E-524C-4684-9EAA-101D503D2445.jpeg 607w, https:\/\/site.ac-martinique.fr\/cio-nordatlantique\/wp-content\/uploads\/sites\/107\/2021\/11\/AA54659E-524C-4684-9EAA-101D503D2445-209x300.jpeg 209w, https:\/\/site.ac-martinique.fr\/cio-nordatlantique\/wp-content\/uploads\/sites\/107\/2021\/11\/AA54659E-524C-4684-9EAA-101D503D2445-104x150.jpeg 104w\" sizes=\"auto, (max-width: 607px) 100vw, 607px\" \/><\/figure>\n","protected":false},"excerpt":{"rendered":"<p>D\u00e9couvrez les EDS de l&rsquo;acad\u00e9mie en vid\u00e9os<\/p>\n","protected":false},"author":314,"featured_media":0,"parent":0,"menu_order":0,"comment_status":"closed","ping_status":"closed","template":"","meta":{"footnotes":""},"class_list":["post-358","page","type-page","status-publish","hentry"],"_links":{"self":[{"href":"https:\/\/site.ac-martinique.fr\/cio-nordatlantique\/wp-json\/wp\/v2\/pages\/358","targetHints":{"allow":["GET"]}}],"collection":[{"href":"https:\/\/site.ac-martinique.fr\/cio-nordatlantique\/wp-json\/wp\/v2\/pages"}],"about":[{"href":"https:\/\/site.ac-martinique.fr\/cio-nordatlantique\/wp-json\/wp\/v2\/types\/page"}],"author":[{"embeddable":true,"href":"https:\/\/site.ac-martinique.fr\/cio-nordatlantique\/wp-json\/wp\/v2\/users\/314"}],"replies":[{"embeddable":true,"href":"https:\/\/site.ac-martinique.fr\/cio-nordatlantique\/wp-json\/wp\/v2\/comments?post=358"}],"version-history":[{"count":2,"href":"https:\/\/site.ac-martinique.fr\/cio-nordatlantique\/wp-json\/wp\/v2\/pages\/358\/revisions"}],"predecessor-version":[{"id":1464,"href":"https:\/\/site.ac-martinique.fr\/cio-nordatlantique\/wp-json\/wp\/v2\/pages\/358\/revisions\/1464"}],"wp:attachment":[{"href":"https:\/\/site.ac-martinique.fr\/cio-nordatlantique\/wp-json\/wp\/v2\/media?parent=358"}],"curies":[{"name":"wp","href":"https:\/\/api.w.org\/{rel}","templated":true}]}}