{"id":379,"date":"2021-11-23T18:13:29","date_gmt":"2021-11-23T22:13:29","guid":{"rendered":"https:\/\/site.ac-martinique.fr\/cio-nordatlantique\/?page_id=379"},"modified":"2021-11-23T18:20:44","modified_gmt":"2021-11-23T22:20:44","slug":"decouvrez-papang-outre-mer","status":"publish","type":"page","link":"https:\/\/site.ac-martinique.fr\/cio-nordatlantique\/decouvrez-papang-outre-mer\/","title":{"rendered":"D\u00c9COUVREZ PAPANG OUTRE-MER"},"content":{"rendered":"\n<p><strong>Varinka PONAMALE<\/strong>, <strong>Erika VELIO<\/strong> et <strong>Mimose MIRARAVOUTIN<\/strong> sont \u00e0 l\u2019origine de cette association dont le travail consiste \u00e0 mettre en contact <span class=\"has-inline-color has-vivid-cyan-blue-color\">des \u00e9tudiants du coll\u00e8ge aux \u00e9tudes sup\u00e9rieures avec des&nbsp;professionnels inspirants et d\u00e9vou\u00e9s<\/span>&nbsp;pour les <em>accompagner pendant leur parcours scolaire<\/em> mais aussi <em>pendant&nbsp;leur adaptation \u00e0 leur nouveau lieu de vie lorsqu&rsquo;ils sont en mobilit\u00e9<\/em>. <\/p>\n\n\n\n<p>Contactez-les si vous sentez le besoin d\u2019\u00eatre accompagn\u00e9-e et soutenu-e dans votre parcours scolaire. <br><br>\ud83d\udccdENSEIGNANTS et ENSEIGNANTES n\u2019h\u00e9sitez pas \u00e0 les contacter dans le cadre d\u2019un projet pour votre classe ou pour des \u00e9l\u00e8ves en particulier. <\/p>\n\n\n\n<p><a href=\"https:\/\/papangom974.wixsite.com\/website\">https:\/\/papangom974.wixsite.com\/website<\/a><\/p>\n\n\n\n<figure class=\"wp-block-image size-full\"><img loading=\"lazy\" decoding=\"async\" width=\"828\" height=\"606\" src=\"https:\/\/site.ac-martinique.fr\/cio-nordatlantique\/wp-content\/uploads\/sites\/107\/2021\/11\/266BE54D-1D5B-41C5-9529-934F0A4C8A61.jpeg\" alt=\"\" class=\"wp-image-382\" srcset=\"https:\/\/site.ac-martinique.fr\/cio-nordatlantique\/wp-content\/uploads\/sites\/107\/2021\/11\/266BE54D-1D5B-41C5-9529-934F0A4C8A61.jpeg 828w, https:\/\/site.ac-martinique.fr\/cio-nordatlantique\/wp-content\/uploads\/sites\/107\/2021\/11\/266BE54D-1D5B-41C5-9529-934F0A4C8A61-300x220.jpeg 300w, https:\/\/site.ac-martinique.fr\/cio-nordatlantique\/wp-content\/uploads\/sites\/107\/2021\/11\/266BE54D-1D5B-41C5-9529-934F0A4C8A61-768x562.jpeg 768w, https:\/\/site.ac-martinique.fr\/cio-nordatlantique\/wp-content\/uploads\/sites\/107\/2021\/11\/266BE54D-1D5B-41C5-9529-934F0A4C8A61-150x110.jpeg 150w, https:\/\/site.ac-martinique.fr\/cio-nordatlantique\/wp-content\/uploads\/sites\/107\/2021\/11\/266BE54D-1D5B-41C5-9529-934F0A4C8A61-205x150.jpeg 205w\" sizes=\"auto, (max-width: 828px) 100vw, 828px\" \/><\/figure>\n","protected":false},"excerpt":{"rendered":"<p>Varinka PONAMALE, Erika VELIO et Mimose MIRARAVOUTIN sont \u00e0 l\u2019origine de cette association dont le travail consiste \u00e0 mettre en contact des \u00e9tudiants du coll\u00e8ge aux \u00e9tudes sup\u00e9rieures avec des&nbsp;professionnels inspirants et d\u00e9vou\u00e9s&nbsp;pour les accompagner pendant leur parcours scolaire mais aussi pendant&nbsp;leur adaptation \u00e0 leur nouveau lieu de vie lorsqu&rsquo;ils sont en mobilit\u00e9. Contactez-les si vous sentez le besoin d\u2019\u00eatre accompagn\u00e9-e et soutenu-e dans votre parcours scolaire. \ud83d\udccdENSEIGNANTS et ENSEIGNANTES n\u2019h\u00e9sitez pas \u00e0 les contacter dans le cadre d\u2019un projet pour votre classe ou pour des \u00e9l\u00e8ves en particulier. https:\/\/papangom974.wixsite.com\/website<\/p>\n","protected":false},"author":314,"featured_media":0,"parent":0,"menu_order":0,"comment_status":"closed","ping_status":"closed","template":"","meta":{"footnotes":""},"class_list":["post-379","page","type-page","status-publish","hentry"],"_links":{"self":[{"href":"https:\/\/site.ac-martinique.fr\/cio-nordatlantique\/wp-json\/wp\/v2\/pages\/379","targetHints":{"allow":["GET"]}}],"collection":[{"href":"https:\/\/site.ac-martinique.fr\/cio-nordatlantique\/wp-json\/wp\/v2\/pages"}],"about":[{"href":"https:\/\/site.ac-martinique.fr\/cio-nordatlantique\/wp-json\/wp\/v2\/types\/page"}],"author":[{"embeddable":true,"href":"https:\/\/site.ac-martinique.fr\/cio-nordatlantique\/wp-json\/wp\/v2\/users\/314"}],"replies":[{"embeddable":true,"href":"https:\/\/site.ac-martinique.fr\/cio-nordatlantique\/wp-json\/wp\/v2\/comments?post=379"}],"version-history":[{"count":2,"href":"https:\/\/site.ac-martinique.fr\/cio-nordatlantique\/wp-json\/wp\/v2\/pages\/379\/revisions"}],"predecessor-version":[{"id":383,"href":"https:\/\/site.ac-martinique.fr\/cio-nordatlantique\/wp-json\/wp\/v2\/pages\/379\/revisions\/383"}],"wp:attachment":[{"href":"https:\/\/site.ac-martinique.fr\/cio-nordatlantique\/wp-json\/wp\/v2\/media?parent=379"}],"curies":[{"name":"wp","href":"https:\/\/api.w.org\/{rel}","templated":true}]}}