{"id":430,"date":"2021-11-30T16:13:22","date_gmt":"2021-11-30T20:13:22","guid":{"rendered":"https:\/\/site.ac-martinique.fr\/cio-nordatlantique\/?page_id=430"},"modified":"2021-11-30T16:13:22","modified_gmt":"2021-11-30T20:13:22","slug":"ecole-a-la-maison-didask","status":"publish","type":"page","link":"https:\/\/site.ac-martinique.fr\/cio-nordatlantique\/ecole-a-la-maison-didask\/","title":{"rendered":"ECOLE A LA MAISON &#8211; DIDASK"},"content":{"rendered":"\n<p>Vous subissez l&rsquo;exp\u00e9rience in\u00e9dite de l&rsquo;\u00e9cole \u00e0 la maison ? Et oui, accompagner un ou des enfants dans ces conditions n&rsquo;est pas facile, d&rsquo;autant plus lorsque l&rsquo;environnement n&rsquo;est pas le plus propice \u00e0 l&rsquo;apprentissage. Pour vous accompagner dans cette nouvelle mission, la STARTUP DIDASK vous a concoct\u00e9 la formation en ligne \u00ab\u00a0L&rsquo;\u00e9cole \u00e0 la maison\u00a0\u00bb, qui, \u00e0 l&rsquo;aide des sciences cognitives vous donnera de pr\u00e9cieux conseils concrets et directement applicables ! <\/p>\n\n\n\n<p><a href=\"https:\/\/public.didask.com\/modules\/ecolealamaison\/seeds\/5e8d98c5c66bfcb88bf3d520\" data-type=\"URL\" data-id=\"https:\/\/public.didask.com\/modules\/ecolealamaison\/seeds\/5e8d98c5c66bfcb88bf3d520\">https:\/\/public.didask.com\/modules\/ecolealamaison\/seeds\/5e8d98c5c66bfcb88bf3d520<\/a><\/p>\n\n\n\n<figure class=\"wp-block-image size-large\"><img loading=\"lazy\" decoding=\"async\" width=\"1024\" height=\"494\" src=\"https:\/\/site.ac-martinique.fr\/cio-nordatlantique\/wp-content\/uploads\/sites\/107\/2021\/11\/DIDASK-PARENTS-1024x494.jpg\" alt=\"\" class=\"wp-image-431\" srcset=\"https:\/\/site.ac-martinique.fr\/cio-nordatlantique\/wp-content\/uploads\/sites\/107\/2021\/11\/DIDASK-PARENTS-1024x494.jpg 1024w, https:\/\/site.ac-martinique.fr\/cio-nordatlantique\/wp-content\/uploads\/sites\/107\/2021\/11\/DIDASK-PARENTS-300x145.jpg 300w, https:\/\/site.ac-martinique.fr\/cio-nordatlantique\/wp-content\/uploads\/sites\/107\/2021\/11\/DIDASK-PARENTS-768x371.jpg 768w, https:\/\/site.ac-martinique.fr\/cio-nordatlantique\/wp-content\/uploads\/sites\/107\/2021\/11\/DIDASK-PARENTS-1536x741.jpg 1536w, https:\/\/site.ac-martinique.fr\/cio-nordatlantique\/wp-content\/uploads\/sites\/107\/2021\/11\/DIDASK-PARENTS-150x72.jpg 150w, https:\/\/site.ac-martinique.fr\/cio-nordatlantique\/wp-content\/uploads\/sites\/107\/2021\/11\/DIDASK-PARENTS-250x121.jpg 250w, https:\/\/site.ac-martinique.fr\/cio-nordatlantique\/wp-content\/uploads\/sites\/107\/2021\/11\/DIDASK-PARENTS.jpg 1892w\" sizes=\"auto, (max-width: 1024px) 100vw, 1024px\" \/><\/figure>\n","protected":false},"excerpt":{"rendered":"<p>Vous subissez l&rsquo;exp\u00e9rience in\u00e9dite de l&rsquo;\u00e9cole \u00e0 la maison ? Et oui, accompagner un ou des enfants dans ces conditions n&rsquo;est pas facile, d&rsquo;autant plus lorsque l&rsquo;environnement n&rsquo;est pas le plus propice \u00e0 l&rsquo;apprentissage. Pour vous accompagner dans cette nouvelle mission, la STARTUP DIDASK vous a concoct\u00e9 la formation en ligne \u00ab\u00a0L&rsquo;\u00e9cole \u00e0 la maison\u00a0\u00bb, qui, \u00e0 l&rsquo;aide des sciences cognitives vous donnera de pr\u00e9cieux conseils concrets et directement applicables ! https:\/\/public.didask.com\/modules\/ecolealamaison\/seeds\/5e8d98c5c66bfcb88bf3d520<\/p>\n","protected":false},"author":314,"featured_media":0,"parent":0,"menu_order":0,"comment_status":"closed","ping_status":"closed","template":"","meta":{"footnotes":""},"class_list":["post-430","page","type-page","status-publish","hentry"],"_links":{"self":[{"href":"https:\/\/site.ac-martinique.fr\/cio-nordatlantique\/wp-json\/wp\/v2\/pages\/430","targetHints":{"allow":["GET"]}}],"collection":[{"href":"https:\/\/site.ac-martinique.fr\/cio-nordatlantique\/wp-json\/wp\/v2\/pages"}],"about":[{"href":"https:\/\/site.ac-martinique.fr\/cio-nordatlantique\/wp-json\/wp\/v2\/types\/page"}],"author":[{"embeddable":true,"href":"https:\/\/site.ac-martinique.fr\/cio-nordatlantique\/wp-json\/wp\/v2\/users\/314"}],"replies":[{"embeddable":true,"href":"https:\/\/site.ac-martinique.fr\/cio-nordatlantique\/wp-json\/wp\/v2\/comments?post=430"}],"version-history":[{"count":1,"href":"https:\/\/site.ac-martinique.fr\/cio-nordatlantique\/wp-json\/wp\/v2\/pages\/430\/revisions"}],"predecessor-version":[{"id":432,"href":"https:\/\/site.ac-martinique.fr\/cio-nordatlantique\/wp-json\/wp\/v2\/pages\/430\/revisions\/432"}],"wp:attachment":[{"href":"https:\/\/site.ac-martinique.fr\/cio-nordatlantique\/wp-json\/wp\/v2\/media?parent=430"}],"curies":[{"name":"wp","href":"https:\/\/api.w.org\/{rel}","templated":true}]}}