{"id":440,"date":"2021-12-01T14:17:49","date_gmt":"2021-12-01T18:17:49","guid":{"rendered":"https:\/\/site.ac-martinique.fr\/cio-nordatlantique\/?page_id=440"},"modified":"2021-12-01T14:23:06","modified_gmt":"2021-12-01T18:23:06","slug":"semaine-des-metiers-cgenial","status":"publish","type":"page","link":"https:\/\/site.ac-martinique.fr\/cio-nordatlantique\/semaine-des-metiers-cgenial\/","title":{"rendered":"SEMAINE DES METIERS &#8211; CGENIAL"},"content":{"rendered":"\n<p><strong>Du 13 au 17 d\u00e9cembre, la FONDATION CGENIAL vous donne rendez-vous pour 5 jours de visioconf\u00e9rence pour que vos \u00e9l\u00e8ves rencontrent et \u00e9changent avec des pros !<\/strong> <a href=\"https:\/\/www.cgenial.org\/231-la-semaine-des-metiers\">https:\/\/www.cgenial.org\/231-la-semaine-des-metiers<\/a><\/p>\n\n\n\n<figure class=\"wp-block-image size-full\"><img loading=\"lazy\" decoding=\"async\" width=\"596\" height=\"842\" src=\"https:\/\/site.ac-martinique.fr\/cio-nordatlantique\/wp-content\/uploads\/sites\/107\/2021\/12\/affiche-SDM-13-17-dec.jpg\" alt=\"\" class=\"wp-image-441\" srcset=\"https:\/\/site.ac-martinique.fr\/cio-nordatlantique\/wp-content\/uploads\/sites\/107\/2021\/12\/affiche-SDM-13-17-dec.jpg 596w, https:\/\/site.ac-martinique.fr\/cio-nordatlantique\/wp-content\/uploads\/sites\/107\/2021\/12\/affiche-SDM-13-17-dec-212x300.jpg 212w, https:\/\/site.ac-martinique.fr\/cio-nordatlantique\/wp-content\/uploads\/sites\/107\/2021\/12\/affiche-SDM-13-17-dec-106x150.jpg 106w\" sizes=\"auto, (max-width: 596px) 100vw, 596px\" \/><\/figure>\n\n\n\n<p>Au programme et \u00e0 la carte, 16 sessions d\u20191h entre 9h et 16h30 pour d\u00e9couvrir :<\/p>\n\n\n\n<p>&#8211; des formations et des m\u00e9tiers ;<\/p>\n\n\n\n<p>&#8211; des secteurs d&rsquo;activit\u00e9 (le num\u00e9rique, le spatial, l\u2019automobile, etc.) ;<\/p>\n\n\n\n<p>&#8211; un atelier sur l&rsquo;orientation ;<\/p>\n\n\n\n<p>&#8211; une table ronde sur les femmes dans les sciences.<\/p>\n\n\n\n<p>Le tout \u00e0 travers le t\u00e9moignage de professionnels sur leurs formations et leurs m\u00e9tiers !<\/p>\n\n\n\n<p>Inscrivez-vous via le lien <a href=\"https:\/\/forms.gle\/HYCvSAbWvBQWxvvQ9\">https:\/\/forms.gle\/HYCvSAbWvBQWxvvQ9<\/a><\/p>\n\n\n\n<p>D\u00e9couvrez le programme !! A t\u00e9l\u00e9charger <\/p>\n\n\n\n<div data-wp-interactive=\"core\/file\" class=\"wp-block-file aligncenter\"><object data-wp-bind--hidden=\"!state.hasPdfPreview\" hidden class=\"wp-block-file__embed\" data=\"https:\/\/site.ac-martinique.fr\/cio-nordatlantique\/wp-content\/uploads\/sites\/107\/2021\/12\/programme-detaille-SDM-13-17-decembre.pdf\" type=\"application\/pdf\" style=\"width:100%;height:600px\" aria-label=\"Contenu embarqu\u00e9 Contenu embarqu\u00e9 programme-detaille-SDM-13-17-decembre..\"><\/object><a href=\"https:\/\/site.ac-martinique.fr\/cio-nordatlantique\/wp-content\/uploads\/sites\/107\/2021\/12\/programme-detaille-SDM-13-17-decembre.pdf\">programme-detaille-SDM-13-17-decembre<\/a><a href=\"https:\/\/site.ac-martinique.fr\/cio-nordatlantique\/wp-content\/uploads\/sites\/107\/2021\/12\/programme-detaille-SDM-13-17-decembre.pdf\" class=\"wp-block-file__button\" download>T\u00e9l\u00e9charger<\/a><\/div>\n","protected":false},"excerpt":{"rendered":"<p>Du 13 au 17 d\u00e9cembre, la FONDATION CGENIAL vous donne rendez-vous pour 5 jours de visioconf\u00e9rence pour que vos \u00e9l\u00e8ves rencontrent et \u00e9changent avec des pros ! https:\/\/www.cgenial.org\/231-la-semaine-des-metiers Au programme et \u00e0 la carte, 16 sessions d\u20191h entre 9h et 16h30 pour d\u00e9couvrir : &#8211; des formations et des m\u00e9tiers ; &#8211; des secteurs d&rsquo;activit\u00e9 (le num\u00e9rique, le spatial, l\u2019automobile, etc.) ; &#8211; un atelier sur l&rsquo;orientation ; &#8211; une table ronde sur les femmes dans les sciences. Le tout \u00e0 travers le t\u00e9moignage de professionnels sur leurs formations et leurs m\u00e9tiers ! Inscrivez-vous via le lien https:\/\/forms.gle\/HYCvSAbWvBQWxvvQ9 D\u00e9couvrez le programme !! A t\u00e9l\u00e9charger<\/p>\n","protected":false},"author":314,"featured_media":0,"parent":0,"menu_order":0,"comment_status":"closed","ping_status":"closed","template":"","meta":{"footnotes":""},"class_list":["post-440","page","type-page","status-publish","hentry"],"_links":{"self":[{"href":"https:\/\/site.ac-martinique.fr\/cio-nordatlantique\/wp-json\/wp\/v2\/pages\/440","targetHints":{"allow":["GET"]}}],"collection":[{"href":"https:\/\/site.ac-martinique.fr\/cio-nordatlantique\/wp-json\/wp\/v2\/pages"}],"about":[{"href":"https:\/\/site.ac-martinique.fr\/cio-nordatlantique\/wp-json\/wp\/v2\/types\/page"}],"author":[{"embeddable":true,"href":"https:\/\/site.ac-martinique.fr\/cio-nordatlantique\/wp-json\/wp\/v2\/users\/314"}],"replies":[{"embeddable":true,"href":"https:\/\/site.ac-martinique.fr\/cio-nordatlantique\/wp-json\/wp\/v2\/comments?post=440"}],"version-history":[{"count":2,"href":"https:\/\/site.ac-martinique.fr\/cio-nordatlantique\/wp-json\/wp\/v2\/pages\/440\/revisions"}],"predecessor-version":[{"id":447,"href":"https:\/\/site.ac-martinique.fr\/cio-nordatlantique\/wp-json\/wp\/v2\/pages\/440\/revisions\/447"}],"wp:attachment":[{"href":"https:\/\/site.ac-martinique.fr\/cio-nordatlantique\/wp-json\/wp\/v2\/media?parent=440"}],"curies":[{"name":"wp","href":"https:\/\/api.w.org\/{rel}","templated":true}]}}