{"id":538,"date":"2022-04-07T12:48:35","date_gmt":"2022-04-07T16:48:35","guid":{"rendered":"https:\/\/site.ac-martinique.fr\/cio-nordatlantique\/?page_id=538"},"modified":"2024-02-07T14:59:21","modified_gmt":"2024-02-07T18:59:21","slug":"le-snu-service-national-universel","status":"publish","type":"page","link":"https:\/\/site.ac-martinique.fr\/cio-nordatlantique\/le-snu-service-national-universel\/","title":{"rendered":"LE SNU (Service National Universel)"},"content":{"rendered":"\n<p class=\"has-medium-font-size\">D\u00e9couvre le SNU <a href=\"https:\/\/youtu.be\/VPhkPxBtrWU\">ici<\/a> !!!<\/p>\n\n\n\n<p class=\"has-medium-font-size\">V\u00e9rifie ton \u00e9ligibilit\u00e9 <a href=\"https:\/\/moncompte.snu.gouv.fr\/preinscription\">ici<\/a><\/p>\n\n\n\n<p><strong>LE REFERENT SNU pour la MARTINIQUE : <\/strong><\/p>\n\n\n\n<p><strong>Mme MARIE-OLIVE Claudie \u260e 0596 52 29 53 &#8211; \ud83d\udce7 claudie.marie-olive@ac-martinique.fr<\/strong><\/p>\n\n\n\n<div data-wp-interactive=\"core\/file\" class=\"wp-block-file\"><object data-wp-bind--hidden=\"!state.hasPdfPreview\" hidden class=\"wp-block-file__embed\" data=\"https:\/\/site.ac-martinique.fr\/cio-nordatlantique\/wp-content\/uploads\/sites\/107\/2024\/02\/2024_Depliant_SNU_HTS.pdf\" type=\"application\/pdf\" style=\"width:100%;height:600px\" aria-label=\"Contenu embarqu\u00e9 2024_Depliant_SNU_HTS.\"><\/object><a id=\"wp-block-file--media-d1992bdd-be39-4620-8f79-1afa5905833a\" href=\"https:\/\/site.ac-martinique.fr\/cio-nordatlantique\/wp-content\/uploads\/sites\/107\/2024\/02\/2024_Depliant_SNU_HTS.pdf\">2024_Depliant_SNU_HTS<\/a><a href=\"https:\/\/site.ac-martinique.fr\/cio-nordatlantique\/wp-content\/uploads\/sites\/107\/2024\/02\/2024_Depliant_SNU_HTS.pdf\" class=\"wp-block-file__button wp-element-button\" download aria-describedby=\"wp-block-file--media-d1992bdd-be39-4620-8f79-1afa5905833a\">T\u00e9l\u00e9charger<\/a><\/div>\n\n\n\n<figure class=\"wp-block-image size-full\"><img loading=\"lazy\" decoding=\"async\" width=\"1080\" height=\"1080\" src=\"https:\/\/site.ac-martinique.fr\/cio-nordatlantique\/wp-content\/uploads\/sites\/107\/2024\/02\/2023_SNU_RS_4.jpg\" alt=\"\" class=\"wp-image-2025\" srcset=\"https:\/\/site.ac-martinique.fr\/cio-nordatlantique\/wp-content\/uploads\/sites\/107\/2024\/02\/2023_SNU_RS_4.jpg 1080w, https:\/\/site.ac-martinique.fr\/cio-nordatlantique\/wp-content\/uploads\/sites\/107\/2024\/02\/2023_SNU_RS_4-300x300.jpg 300w, https:\/\/site.ac-martinique.fr\/cio-nordatlantique\/wp-content\/uploads\/sites\/107\/2024\/02\/2023_SNU_RS_4-1024x1024.jpg 1024w, https:\/\/site.ac-martinique.fr\/cio-nordatlantique\/wp-content\/uploads\/sites\/107\/2024\/02\/2023_SNU_RS_4-150x150.jpg 150w, https:\/\/site.ac-martinique.fr\/cio-nordatlantique\/wp-content\/uploads\/sites\/107\/2024\/02\/2023_SNU_RS_4-768x768.jpg 768w, https:\/\/site.ac-martinique.fr\/cio-nordatlantique\/wp-content\/uploads\/sites\/107\/2024\/02\/2023_SNU_RS_4-75x75.jpg 75w\" sizes=\"auto, (max-width: 1080px) 100vw, 1080px\" \/><\/figure>\n","protected":false},"excerpt":{"rendered":"<p>D\u00e9couvre le SNU ici !!! V\u00e9rifie ton \u00e9ligibilit\u00e9 ici LE REFERENT SNU pour la MARTINIQUE : Mme MARIE-OLIVE Claudie \u260e 0596 52 29 53 &#8211; \ud83d\udce7 claudie.marie-olive@ac-martinique.fr<\/p>\n","protected":false},"author":314,"featured_media":0,"parent":0,"menu_order":0,"comment_status":"closed","ping_status":"closed","template":"","meta":{"footnotes":""},"class_list":["post-538","page","type-page","status-publish","hentry"],"_links":{"self":[{"href":"https:\/\/site.ac-martinique.fr\/cio-nordatlantique\/wp-json\/wp\/v2\/pages\/538","targetHints":{"allow":["GET"]}}],"collection":[{"href":"https:\/\/site.ac-martinique.fr\/cio-nordatlantique\/wp-json\/wp\/v2\/pages"}],"about":[{"href":"https:\/\/site.ac-martinique.fr\/cio-nordatlantique\/wp-json\/wp\/v2\/types\/page"}],"author":[{"embeddable":true,"href":"https:\/\/site.ac-martinique.fr\/cio-nordatlantique\/wp-json\/wp\/v2\/users\/314"}],"replies":[{"embeddable":true,"href":"https:\/\/site.ac-martinique.fr\/cio-nordatlantique\/wp-json\/wp\/v2\/comments?post=538"}],"version-history":[{"count":3,"href":"https:\/\/site.ac-martinique.fr\/cio-nordatlantique\/wp-json\/wp\/v2\/pages\/538\/revisions"}],"predecessor-version":[{"id":2027,"href":"https:\/\/site.ac-martinique.fr\/cio-nordatlantique\/wp-json\/wp\/v2\/pages\/538\/revisions\/2027"}],"wp:attachment":[{"href":"https:\/\/site.ac-martinique.fr\/cio-nordatlantique\/wp-json\/wp\/v2\/media?parent=538"}],"curies":[{"name":"wp","href":"https:\/\/api.w.org\/{rel}","templated":true}]}}