{"id":695,"date":"2022-05-18T19:45:56","date_gmt":"2022-05-18T23:45:56","guid":{"rendered":"https:\/\/site.ac-martinique.fr\/cio-nordatlantique\/?page_id=695"},"modified":"2022-05-18T19:45:56","modified_gmt":"2022-05-18T23:45:56","slug":"ctm-bourse-a-la-formation-culturelle-et-artistique","status":"publish","type":"page","link":"https:\/\/site.ac-martinique.fr\/cio-nordatlantique\/ctm-bourse-a-la-formation-culturelle-et-artistique\/","title":{"rendered":"CTM &#8211; BOURSE A LA FORMATION CULTURELLE ET ARTISTIQUE"},"content":{"rendered":"\n<p><strong>Vous souhaitez faire carri\u00e8re dans le domaine culturel et artistique, obtenir une bourse pour vous former, la CTM vous permet d\u2019obtenir une bourse pour suivre des formations non dispens\u00e9es en Martinique<\/strong><\/p>\n\n\n\n<p>Le Pr\u00e9sident du Conseil ex\u00e9cutif de la Collectivit\u00e9 Territoriale de Martinique informe que les dossiers de bourse \u00e0 la formation culturelle et artistique pour l\u2019ann\u00e9e scolaire 2022\/2023 peuvent \u00eatre adress\u00e9s par voie postale, par mail \u00e0 l\u2019adresse suivante :\u00a0\u00a0<a href=\"mailto:service.culture@collectivitedemartinique.mq\">service.culture@collectivitedemartinique.mq<\/a>\u00a0\u00a0ou remis \u00e0 l\u2019accueil de l\u2019H\u00f4tel de la CTM<\/p>\n\n\n\n<p>Ces bourses sont attribu\u00e9es, selon des crit\u00e8res d\u00e9finis, \u00e0 des jeunes qui envisagent de suivre&nbsp;<strong>des formations non dispens\u00e9es en Martinique<\/strong>&nbsp;dans les domaines de la musique, de la danse, du th\u00e9\u00e2tre, des arts visuels et de l\u2019audiovisuel.<strong>&nbsp;Dans le cadre de ce dispositif, la limite d\u2019\u00e2ge est fix\u00e9e \u00e0 26 ans.<\/strong><\/p>\n\n\n\n<p>La liste des pi\u00e8ces est consultable sur le site de la CTM (www.collectivitedemartinique.mq) ou peut \u00eatre retir\u00e9e aupr\u00e8s de la Direction des politiques culturelles \u2013 site de la Pointe de Jaham -.<\/p>\n\n\n\n<p>Les demandes de renouvellement seront examin\u00e9es sur pr\u00e9sentation :<br>\u2013 d\u2019un courrier adress\u00e9 au Pr\u00e9sident du Conseil ex\u00e9cutif,<br>\u2013 des r\u00e9sultats obtenus au cours de l\u2019ann\u00e9e \u00e9coul\u00e9e<br>\u2013 et d\u2019un certificat de scolarit\u00e9 pour l\u2019ann\u00e9e scolaire 2022\/2023.<\/p>\n\n\n\n<figure class=\"wp-block-image size-large\"><img loading=\"lazy\" decoding=\"async\" width=\"721\" height=\"1024\" src=\"https:\/\/site.ac-martinique.fr\/cio-nordatlantique\/wp-content\/uploads\/sites\/107\/2022\/05\/2C5E6E3A-B33B-4FC4-A29E-A36B509FFDE8-721x1024.jpeg\" alt=\"\" class=\"wp-image-696\" srcset=\"https:\/\/site.ac-martinique.fr\/cio-nordatlantique\/wp-content\/uploads\/sites\/107\/2022\/05\/2C5E6E3A-B33B-4FC4-A29E-A36B509FFDE8-721x1024.jpeg 721w, https:\/\/site.ac-martinique.fr\/cio-nordatlantique\/wp-content\/uploads\/sites\/107\/2022\/05\/2C5E6E3A-B33B-4FC4-A29E-A36B509FFDE8-211x300.jpeg 211w, https:\/\/site.ac-martinique.fr\/cio-nordatlantique\/wp-content\/uploads\/sites\/107\/2022\/05\/2C5E6E3A-B33B-4FC4-A29E-A36B509FFDE8-768x1091.jpeg 768w, https:\/\/site.ac-martinique.fr\/cio-nordatlantique\/wp-content\/uploads\/sites\/107\/2022\/05\/2C5E6E3A-B33B-4FC4-A29E-A36B509FFDE8-1081x1536.jpeg 1081w, https:\/\/site.ac-martinique.fr\/cio-nordatlantique\/wp-content\/uploads\/sites\/107\/2022\/05\/2C5E6E3A-B33B-4FC4-A29E-A36B509FFDE8-106x150.jpeg 106w, https:\/\/site.ac-martinique.fr\/cio-nordatlantique\/wp-content\/uploads\/sites\/107\/2022\/05\/2C5E6E3A-B33B-4FC4-A29E-A36B509FFDE8.jpeg 1424w\" sizes=\"auto, (max-width: 721px) 100vw, 721px\" \/><\/figure>\n","protected":false},"excerpt":{"rendered":"<p>Vous souhaitez faire carri\u00e8re dans le domaine culturel et artistique, obtenir une bourse pour vous former, la CTM vous permet d\u2019obtenir une bourse pour suivre des formations non dispens\u00e9es en Martinique Le Pr\u00e9sident du Conseil ex\u00e9cutif de la Collectivit\u00e9 Territoriale de Martinique informe que les dossiers de bourse \u00e0 la formation culturelle et artistique pour l\u2019ann\u00e9e scolaire 2022\/2023 peuvent \u00eatre adress\u00e9s par voie postale, par mail \u00e0 l\u2019adresse suivante :\u00a0\u00a0service.culture@collectivitedemartinique.mq\u00a0\u00a0ou remis \u00e0 l\u2019accueil de l\u2019H\u00f4tel de la CTM Ces bourses sont attribu\u00e9es, selon des crit\u00e8res d\u00e9finis, \u00e0 des jeunes qui envisagent de suivre&nbsp;des formations non dispens\u00e9es en Martinique&nbsp;dans les domaines de la musique, de la danse, du th\u00e9\u00e2tre, des arts visuels et de l\u2019audiovisuel.&nbsp;Dans le cadre de ce dispositif, la limite d\u2019\u00e2ge est fix\u00e9e \u00e0 26 ans. La liste des pi\u00e8ces est consultable sur le site de la CTM (www.collectivitedemartinique.mq) ou peut \u00eatre retir\u00e9e aupr\u00e8s de la Direction des politiques culturelles \u2013 site de la Pointe de Jaham -. Les demandes de renouvellement seront examin\u00e9es sur pr\u00e9sentation :\u2013 d\u2019un courrier adress\u00e9 au Pr\u00e9sident du Conseil ex\u00e9cutif,\u2013 des r\u00e9sultats obtenus au cours de l\u2019ann\u00e9e \u00e9coul\u00e9e\u2013 et d\u2019un certificat de scolarit\u00e9 pour l\u2019ann\u00e9e scolaire 2022\/2023.<\/p>\n","protected":false},"author":314,"featured_media":0,"parent":0,"menu_order":0,"comment_status":"closed","ping_status":"closed","template":"","meta":{"footnotes":""},"class_list":["post-695","page","type-page","status-publish","hentry"],"_links":{"self":[{"href":"https:\/\/site.ac-martinique.fr\/cio-nordatlantique\/wp-json\/wp\/v2\/pages\/695","targetHints":{"allow":["GET"]}}],"collection":[{"href":"https:\/\/site.ac-martinique.fr\/cio-nordatlantique\/wp-json\/wp\/v2\/pages"}],"about":[{"href":"https:\/\/site.ac-martinique.fr\/cio-nordatlantique\/wp-json\/wp\/v2\/types\/page"}],"author":[{"embeddable":true,"href":"https:\/\/site.ac-martinique.fr\/cio-nordatlantique\/wp-json\/wp\/v2\/users\/314"}],"replies":[{"embeddable":true,"href":"https:\/\/site.ac-martinique.fr\/cio-nordatlantique\/wp-json\/wp\/v2\/comments?post=695"}],"version-history":[{"count":1,"href":"https:\/\/site.ac-martinique.fr\/cio-nordatlantique\/wp-json\/wp\/v2\/pages\/695\/revisions"}],"predecessor-version":[{"id":697,"href":"https:\/\/site.ac-martinique.fr\/cio-nordatlantique\/wp-json\/wp\/v2\/pages\/695\/revisions\/697"}],"wp:attachment":[{"href":"https:\/\/site.ac-martinique.fr\/cio-nordatlantique\/wp-json\/wp\/v2\/media?parent=695"}],"curies":[{"name":"wp","href":"https:\/\/api.w.org\/{rel}","templated":true}]}}