{"id":3332,"date":"2023-06-02T17:36:25","date_gmt":"2023-06-02T21:36:25","guid":{"rendered":"https:\/\/site.ac-martinique.fr\/circonscription-lamentin\/?page_id=3332"},"modified":"2024-05-07T08:32:29","modified_gmt":"2024-05-07T12:32:29","slug":"eps","status":"publish","type":"page","link":"https:\/\/site.ac-martinique.fr\/circonscription-lamentin\/?page_id=3332","title":{"rendered":"EPS"},"content":{"rendered":"\n\n<ul class=\"wp-block-latest-posts__list is-grid columns-3 wp-block-latest-posts\"><li><div class=\"wp-block-latest-posts__featured-image\"><img loading=\"lazy\" decoding=\"async\" width=\"150\" height=\"150\" src=\"https:\/\/site.ac-martinique.fr\/circonscription-lamentin\/wp-content\/uploads\/sites\/73\/2026\/02\/PHOTO-2025-12-18-15-30-19-15-150x150.jpg\" class=\"attachment-thumbnail size-thumbnail wp-post-image\" alt=\"\" style=\"max-width:113px;max-height:113px;\" srcset=\"https:\/\/site.ac-martinique.fr\/circonscription-lamentin\/wp-content\/uploads\/sites\/73\/2026\/02\/PHOTO-2025-12-18-15-30-19-15-150x150.jpg 150w, https:\/\/site.ac-martinique.fr\/circonscription-lamentin\/wp-content\/uploads\/sites\/73\/2026\/02\/PHOTO-2025-12-18-15-30-19-15-100x100.jpg 100w\" sizes=\"auto, 100vw\" \/><\/div><a class=\"wp-block-latest-posts__post-title\" href=\"https:\/\/site.ac-martinique.fr\/circonscription-lamentin\/?p=4665\">Une journ\u00e9e athl\u00e9tique plac\u00e9e sous le signe du sport et du partage<\/a><\/li>\n<li><div class=\"wp-block-latest-posts__featured-image\"><img loading=\"lazy\" decoding=\"async\" width=\"150\" height=\"150\" src=\"https:\/\/site.ac-martinique.fr\/circonscription-lamentin\/wp-content\/uploads\/sites\/73\/2024\/09\/WhatsApp-Image-2024-09-27-at-09.27.09-150x150.jpeg\" class=\"attachment-thumbnail size-thumbnail wp-post-image\" alt=\"\" style=\"max-width:113px;max-height:113px;\" srcset=\"https:\/\/site.ac-martinique.fr\/circonscription-lamentin\/wp-content\/uploads\/sites\/73\/2024\/09\/WhatsApp-Image-2024-09-27-at-09.27.09-150x150.jpeg 150w, https:\/\/site.ac-martinique.fr\/circonscription-lamentin\/wp-content\/uploads\/sites\/73\/2024\/09\/WhatsApp-Image-2024-09-27-at-09.27.09-100x100.jpeg 100w\" sizes=\"auto, 100vw\" \/><\/div><a class=\"wp-block-latest-posts__post-title\" href=\"https:\/\/site.ac-martinique.fr\/circonscription-lamentin\/?p=4419\">Semaine du sport \u00e0 l&rsquo;\u00e9cole Maternelle D-Petit Manoir<\/a><\/li>\n<li><div class=\"wp-block-latest-posts__featured-image\"><img loading=\"lazy\" decoding=\"async\" width=\"150\" height=\"150\" src=\"https:\/\/site.ac-martinique.fr\/circonscription-lamentin\/wp-content\/uploads\/sites\/73\/2024\/06\/WhatsApp-Image-2024-06-17-at-09.55.31-150x150.jpeg\" class=\"attachment-thumbnail size-thumbnail wp-post-image\" alt=\"\" style=\"max-width:113px;max-height:113px;\" srcset=\"https:\/\/site.ac-martinique.fr\/circonscription-lamentin\/wp-content\/uploads\/sites\/73\/2024\/06\/WhatsApp-Image-2024-06-17-at-09.55.31-150x150.jpeg 150w, https:\/\/site.ac-martinique.fr\/circonscription-lamentin\/wp-content\/uploads\/sites\/73\/2024\/06\/WhatsApp-Image-2024-06-17-at-09.55.31-100x100.jpeg 100w\" sizes=\"auto, 100vw\" \/><\/div><a class=\"wp-block-latest-posts__post-title\" href=\"https:\/\/site.ac-martinique.fr\/circonscription-lamentin\/?p=4390\">La semaine des Olympiades<\/a><\/li>\n<li><div class=\"wp-block-latest-posts__featured-image\"><img loading=\"lazy\" decoding=\"async\" width=\"150\" height=\"150\" src=\"https:\/\/site.ac-martinique.fr\/circonscription-lamentin\/wp-content\/uploads\/sites\/73\/2024\/06\/a02df3b9-9707-43d2-94f7-2e9ab89d581d-1-150x150.jpg\" class=\"attachment-thumbnail size-thumbnail wp-post-image\" alt=\"\" style=\"max-width:113px;max-height:113px;\" srcset=\"https:\/\/site.ac-martinique.fr\/circonscription-lamentin\/wp-content\/uploads\/sites\/73\/2024\/06\/a02df3b9-9707-43d2-94f7-2e9ab89d581d-1-150x150.jpg 150w, https:\/\/site.ac-martinique.fr\/circonscription-lamentin\/wp-content\/uploads\/sites\/73\/2024\/06\/a02df3b9-9707-43d2-94f7-2e9ab89d581d-1-100x100.jpg 100w\" sizes=\"auto, 100vw\" \/><\/div><a class=\"wp-block-latest-posts__post-title\" href=\"https:\/\/site.ac-martinique.fr\/circonscription-lamentin\/?p=4352\">D\u00e9couverte d&rsquo;un sport en maternelle<\/a><\/li>\n<li><div class=\"wp-block-latest-posts__featured-image\"><img loading=\"lazy\" decoding=\"async\" width=\"150\" height=\"150\" src=\"https:\/\/site.ac-martinique.fr\/circonscription-lamentin\/wp-content\/uploads\/sites\/73\/2024\/05\/IMG_0266-150x150.png\" class=\"attachment-thumbnail size-thumbnail wp-post-image\" alt=\"\" style=\"max-width:113px;max-height:113px;\" srcset=\"https:\/\/site.ac-martinique.fr\/circonscription-lamentin\/wp-content\/uploads\/sites\/73\/2024\/05\/IMG_0266-150x150.png 150w, https:\/\/site.ac-martinique.fr\/circonscription-lamentin\/wp-content\/uploads\/sites\/73\/2024\/05\/IMG_0266-100x100.png 100w\" sizes=\"auto, 100vw\" \/><\/div><a class=\"wp-block-latest-posts__post-title\" href=\"https:\/\/site.ac-martinique.fr\/circonscription-lamentin\/?p=4289\">Rencontre avec Leslie ARDON<\/a><\/li>\n<\/ul>","protected":false},"excerpt":{"rendered":"","protected":false},"author":421,"featured_media":0,"parent":0,"menu_order":0,"comment_status":"closed","ping_status":"closed","template":"","meta":{"_uag_custom_page_level_css":"","footnotes":""},"class_list":["post-3332","page","type-page","status-publish","hentry"],"uagb_featured_image_src":{"full":false,"thumbnail":false,"medium":false,"medium_large":false,"large":false,"1536x1536":false,"2048x2048":false,"lambadalite-featured-image":false,"lambadalite-thumbnail-avatar":false},"uagb_author_info":{"display_name":"Amandine ISEL","author_link":"https:\/\/site.ac-martinique.fr\/circonscription-lamentin\/?author=421"},"uagb_comment_info":0,"uagb_excerpt":null,"_links":{"self":[{"href":"https:\/\/site.ac-martinique.fr\/circonscription-lamentin\/index.php?rest_route=\/wp\/v2\/pages\/3332","targetHints":{"allow":["GET"]}}],"collection":[{"href":"https:\/\/site.ac-martinique.fr\/circonscription-lamentin\/index.php?rest_route=\/wp\/v2\/pages"}],"about":[{"href":"https:\/\/site.ac-martinique.fr\/circonscription-lamentin\/index.php?rest_route=\/wp\/v2\/types\/page"}],"author":[{"embeddable":true,"href":"https:\/\/site.ac-martinique.fr\/circonscription-lamentin\/index.php?rest_route=\/wp\/v2\/users\/421"}],"replies":[{"embeddable":true,"href":"https:\/\/site.ac-martinique.fr\/circonscription-lamentin\/index.php?rest_route=%2Fwp%2Fv2%2Fcomments&post=3332"}],"version-history":[{"count":2,"href":"https:\/\/site.ac-martinique.fr\/circonscription-lamentin\/index.php?rest_route=\/wp\/v2\/pages\/3332\/revisions"}],"predecessor-version":[{"id":4222,"href":"https:\/\/site.ac-martinique.fr\/circonscription-lamentin\/index.php?rest_route=\/wp\/v2\/pages\/3332\/revisions\/4222"}],"wp:attachment":[{"href":"https:\/\/site.ac-martinique.fr\/circonscription-lamentin\/index.php?rest_route=%2Fwp%2Fv2%2Fmedia&parent=3332"}],"curies":[{"name":"wp","href":"https:\/\/api.w.org\/{rel}","templated":true}]}}