{"id":3333,"date":"2023-06-02T17:36:25","date_gmt":"2023-06-02T21:36:25","guid":{"rendered":"https:\/\/site.ac-martinique.fr\/circonscription-lamentin\/?page_id=3333"},"modified":"2024-05-03T15:47:31","modified_gmt":"2024-05-03T19:47:31","slug":"lve","status":"publish","type":"page","link":"https:\/\/site.ac-martinique.fr\/circonscription-lamentin\/?page_id=3333","title":{"rendered":"LVE"},"content":{"rendered":"<ul class=\"wp-block-latest-posts__list is-grid columns-3 wp-block-latest-posts\"><li><div class=\"wp-block-latest-posts__featured-image\"><img loading=\"lazy\" decoding=\"async\" width=\"150\" height=\"150\" src=\"https:\/\/site.ac-martinique.fr\/circonscription-lamentin\/wp-content\/uploads\/sites\/73\/2024\/12\/IMG_9803-2_blur-150x150.jpg\" class=\"attachment-thumbnail size-thumbnail wp-post-image\" alt=\"\" style=\"\" srcset=\"https:\/\/site.ac-martinique.fr\/circonscription-lamentin\/wp-content\/uploads\/sites\/73\/2024\/12\/IMG_9803-2_blur-150x150.jpg 150w, https:\/\/site.ac-martinique.fr\/circonscription-lamentin\/wp-content\/uploads\/sites\/73\/2024\/12\/IMG_9803-2_blur-100x100.jpg 100w\" sizes=\"auto, 100vw\" \/><\/div><a class=\"wp-block-latest-posts__post-title\" href=\"https:\/\/site.ac-martinique.fr\/circonscription-lamentin\/?p=4504\">Une premi\u00e8re : \u00e9valuations diagnostiques num\u00e9riques en LVE pour les CM2<\/a><\/li>\n<li><div class=\"wp-block-latest-posts__featured-image\"><img loading=\"lazy\" decoding=\"async\" width=\"150\" height=\"150\" src=\"https:\/\/site.ac-martinique.fr\/circonscription-lamentin\/wp-content\/uploads\/sites\/73\/2024\/05\/Boiteaoutils-1-150x150.png\" class=\"attachment-thumbnail size-thumbnail wp-post-image\" alt=\"\" style=\"\" srcset=\"https:\/\/site.ac-martinique.fr\/circonscription-lamentin\/wp-content\/uploads\/sites\/73\/2024\/05\/Boiteaoutils-1-150x150.png 150w, https:\/\/site.ac-martinique.fr\/circonscription-lamentin\/wp-content\/uploads\/sites\/73\/2024\/05\/Boiteaoutils-1-100x100.png 100w\" sizes=\"auto, 100vw\" \/><\/div><a class=\"wp-block-latest-posts__post-title\" href=\"https:\/\/site.ac-martinique.fr\/circonscription-lamentin\/?p=4244\">Bo\u00eete \u00e0 outils LVE<\/a><\/li>\n<li><div class=\"wp-block-latest-posts__featured-image\"><img loading=\"lazy\" decoding=\"async\" width=\"150\" height=\"150\" src=\"https:\/\/site.ac-martinique.fr\/circonscription-lamentin\/wp-content\/uploads\/sites\/73\/2024\/05\/IMG_0267-150x150.png\" class=\"attachment-thumbnail size-thumbnail wp-post-image\" alt=\"\" style=\"\" srcset=\"https:\/\/site.ac-martinique.fr\/circonscription-lamentin\/wp-content\/uploads\/sites\/73\/2024\/05\/IMG_0267-150x150.png 150w, https:\/\/site.ac-martinique.fr\/circonscription-lamentin\/wp-content\/uploads\/sites\/73\/2024\/05\/IMG_0267-100x100.png 100w\" sizes=\"auto, 100vw\" \/><\/div><a class=\"wp-block-latest-posts__post-title\" href=\"https:\/\/site.ac-martinique.fr\/circonscription-lamentin\/?p=4225\">Finale de la circonscription du \u00ab\u00a0Spelling be contest\u00a0\u00bb<\/a><\/li>\n<li><div class=\"wp-block-latest-posts__featured-image\"><img loading=\"lazy\" decoding=\"async\" width=\"150\" height=\"150\" src=\"https:\/\/site.ac-martinique.fr\/circonscription-lamentin\/wp-content\/uploads\/sites\/73\/2024\/05\/euroscol-logo-150x150.png\" class=\"attachment-thumbnail size-thumbnail wp-post-image\" alt=\"\" style=\"\" srcset=\"https:\/\/site.ac-martinique.fr\/circonscription-lamentin\/wp-content\/uploads\/sites\/73\/2024\/05\/euroscol-logo-150x150.png 150w, https:\/\/site.ac-martinique.fr\/circonscription-lamentin\/wp-content\/uploads\/sites\/73\/2024\/05\/euroscol-logo-100x100.png 100w\" sizes=\"auto, 100vw\" \/><\/div><a class=\"wp-block-latest-posts__post-title\" href=\"https:\/\/site.ac-martinique.fr\/circonscription-lamentin\/?p=4091\">Labellisation EUROSCOL<\/a><\/li>\n<li><div class=\"wp-block-latest-posts__featured-image\"><img loading=\"lazy\" decoding=\"async\" width=\"150\" height=\"150\" src=\"https:\/\/site.ac-martinique.fr\/circonscription-lamentin\/wp-content\/uploads\/sites\/73\/2024\/04\/Design-sans-titre-1-150x150.png\" class=\"attachment-thumbnail size-thumbnail wp-post-image\" alt=\"\" style=\"\" srcset=\"https:\/\/site.ac-martinique.fr\/circonscription-lamentin\/wp-content\/uploads\/sites\/73\/2024\/04\/Design-sans-titre-1-150x150.png 150w, https:\/\/site.ac-martinique.fr\/circonscription-lamentin\/wp-content\/uploads\/sites\/73\/2024\/04\/Design-sans-titre-1-100x100.png 100w\" sizes=\"auto, 100vw\" \/><\/div><a class=\"wp-block-latest-posts__post-title\" href=\"https:\/\/site.ac-martinique.fr\/circonscription-lamentin\/?p=4033\">Le syst\u00e8me solaire en anglais<\/a><\/li>\n<\/ul>","protected":false},"excerpt":{"rendered":"","protected":false},"author":421,"featured_media":0,"parent":0,"menu_order":0,"comment_status":"closed","ping_status":"closed","template":"","meta":{"_uag_custom_page_level_css":"","footnotes":""},"class_list":["post-3333","page","type-page","status-publish","hentry"],"uagb_featured_image_src":{"full":false,"thumbnail":false,"medium":false,"medium_large":false,"large":false,"1536x1536":false,"2048x2048":false,"lambadalite-featured-image":false,"lambadalite-thumbnail-avatar":false},"uagb_author_info":{"display_name":"Amandine ISEL","author_link":"https:\/\/site.ac-martinique.fr\/circonscription-lamentin\/?author=421"},"uagb_comment_info":0,"uagb_excerpt":null,"_links":{"self":[{"href":"https:\/\/site.ac-martinique.fr\/circonscription-lamentin\/index.php?rest_route=\/wp\/v2\/pages\/3333","targetHints":{"allow":["GET"]}}],"collection":[{"href":"https:\/\/site.ac-martinique.fr\/circonscription-lamentin\/index.php?rest_route=\/wp\/v2\/pages"}],"about":[{"href":"https:\/\/site.ac-martinique.fr\/circonscription-lamentin\/index.php?rest_route=\/wp\/v2\/types\/page"}],"author":[{"embeddable":true,"href":"https:\/\/site.ac-martinique.fr\/circonscription-lamentin\/index.php?rest_route=\/wp\/v2\/users\/421"}],"replies":[{"embeddable":true,"href":"https:\/\/site.ac-martinique.fr\/circonscription-lamentin\/index.php?rest_route=%2Fwp%2Fv2%2Fcomments&post=3333"}],"version-history":[{"count":2,"href":"https:\/\/site.ac-martinique.fr\/circonscription-lamentin\/index.php?rest_route=\/wp\/v2\/pages\/3333\/revisions"}],"predecessor-version":[{"id":4125,"href":"https:\/\/site.ac-martinique.fr\/circonscription-lamentin\/index.php?rest_route=\/wp\/v2\/pages\/3333\/revisions\/4125"}],"wp:attachment":[{"href":"https:\/\/site.ac-martinique.fr\/circonscription-lamentin\/index.php?rest_route=%2Fwp%2Fv2%2Fmedia&parent=3333"}],"curies":[{"name":"wp","href":"https:\/\/api.w.org\/{rel}","templated":true}]}}