{"id":4297,"date":"2024-05-17T12:04:49","date_gmt":"2024-05-17T16:04:49","guid":{"rendered":"https:\/\/site.ac-martinique.fr\/circonscription-lamentin\/?page_id=4297"},"modified":"2024-07-01T14:36:18","modified_gmt":"2024-07-01T18:36:18","slug":"numerique","status":"publish","type":"page","link":"https:\/\/site.ac-martinique.fr\/circonscription-lamentin\/?page_id=4297","title":{"rendered":"Num\u00e9rique"},"content":{"rendered":"\n\n<ul class=\"wp-block-latest-posts__list is-grid columns-4 aligncenter wp-block-latest-posts\"><li><div class=\"wp-block-latest-posts__featured-image aligncenter\"><img loading=\"lazy\" decoding=\"async\" width=\"300\" height=\"111\" src=\"https:\/\/site.ac-martinique.fr\/circonscription-lamentin\/wp-content\/uploads\/sites\/73\/2024\/11\/la-forge-300x111.png\" class=\"attachment-medium size-medium wp-post-image\" alt=\"\" style=\"max-width:225px;max-height:225px;\" srcset=\"https:\/\/site.ac-martinique.fr\/circonscription-lamentin\/wp-content\/uploads\/sites\/73\/2024\/11\/la-forge-300x111.png 300w, https:\/\/site.ac-martinique.fr\/circonscription-lamentin\/wp-content\/uploads\/sites\/73\/2024\/11\/la-forge-1024x379.png 1024w, https:\/\/site.ac-martinique.fr\/circonscription-lamentin\/wp-content\/uploads\/sites\/73\/2024\/11\/la-forge-768x284.png 768w, https:\/\/site.ac-martinique.fr\/circonscription-lamentin\/wp-content\/uploads\/sites\/73\/2024\/11\/la-forge-1536x569.png 1536w, https:\/\/site.ac-martinique.fr\/circonscription-lamentin\/wp-content\/uploads\/sites\/73\/2024\/11\/la-forge.png 1920w\" sizes=\"auto, 100vw\" \/><\/div><a class=\"wp-block-latest-posts__post-title\" href=\"https:\/\/site.ac-martinique.fr\/circonscription-lamentin\/?p=4457\">D\u00e9couvrez le portail primaire de la Forge des communs num\u00e9riques<\/a><\/li>\n<li><div class=\"wp-block-latest-posts__featured-image aligncenter\"><img loading=\"lazy\" decoding=\"async\" width=\"228\" height=\"300\" src=\"https:\/\/site.ac-martinique.fr\/circonscription-lamentin\/wp-content\/uploads\/sites\/73\/2024\/10\/Webradio-flyer-e1728930276445-228x300.png\" class=\"attachment-medium size-medium wp-post-image\" alt=\"\" style=\"max-width:225px;max-height:225px;\" srcset=\"https:\/\/site.ac-martinique.fr\/circonscription-lamentin\/wp-content\/uploads\/sites\/73\/2024\/10\/Webradio-flyer-e1728930276445-228x300.png 228w, https:\/\/site.ac-martinique.fr\/circonscription-lamentin\/wp-content\/uploads\/sites\/73\/2024\/10\/Webradio-flyer-e1728930276445.png 546w\" sizes=\"auto, 100vw\" \/><\/div><a class=\"wp-block-latest-posts__post-title\" href=\"https:\/\/site.ac-martinique.fr\/circonscription-lamentin\/?p=4452\">Projet webradio<\/a><\/li>\n<li><a class=\"wp-block-latest-posts__post-title\" href=\"https:\/\/site.ac-martinique.fr\/circonscription-lamentin\/?p=4410\">FICHE PRATIQUE : R\u00e9aliser un podcast<\/a><\/li>\n<li><div class=\"wp-block-latest-posts__featured-image aligncenter\"><img loading=\"lazy\" decoding=\"async\" width=\"300\" height=\"170\" src=\"https:\/\/site.ac-martinique.fr\/circonscription-lamentin\/wp-content\/uploads\/sites\/73\/2024\/06\/Capture-decran-2024-06-27-a-16.10.40-300x170.png\" class=\"attachment-medium size-medium wp-post-image\" alt=\"\" style=\"max-width:225px;max-height:225px;\" srcset=\"https:\/\/site.ac-martinique.fr\/circonscription-lamentin\/wp-content\/uploads\/sites\/73\/2024\/06\/Capture-decran-2024-06-27-a-16.10.40-300x170.png 300w, https:\/\/site.ac-martinique.fr\/circonscription-lamentin\/wp-content\/uploads\/sites\/73\/2024\/06\/Capture-decran-2024-06-27-a-16.10.40-1024x579.png 1024w, https:\/\/site.ac-martinique.fr\/circonscription-lamentin\/wp-content\/uploads\/sites\/73\/2024\/06\/Capture-decran-2024-06-27-a-16.10.40-768x434.png 768w, https:\/\/site.ac-martinique.fr\/circonscription-lamentin\/wp-content\/uploads\/sites\/73\/2024\/06\/Capture-decran-2024-06-27-a-16.10.40.png 1375w\" sizes=\"auto, 100vw\" \/><\/div><a class=\"wp-block-latest-posts__post-title\" href=\"https:\/\/site.ac-martinique.fr\/circonscription-lamentin\/?p=4404\">Les ressources Num\u00e9riques<\/a><\/li>\n<li><div class=\"wp-block-latest-posts__featured-image aligncenter\"><img loading=\"lazy\" decoding=\"async\" width=\"300\" height=\"201\" src=\"https:\/\/site.ac-martinique.fr\/circonscription-lamentin\/wp-content\/uploads\/sites\/73\/2024\/05\/Firefly-antic-olympic-games-53483-e1716837415627-300x201.jpg\" class=\"attachment-medium size-medium wp-post-image\" alt=\"\" style=\"max-width:225px;max-height:225px;\" srcset=\"https:\/\/site.ac-martinique.fr\/circonscription-lamentin\/wp-content\/uploads\/sites\/73\/2024\/05\/Firefly-antic-olympic-games-53483-e1716837415627-300x201.jpg 300w, https:\/\/site.ac-martinique.fr\/circonscription-lamentin\/wp-content\/uploads\/sites\/73\/2024\/05\/Firefly-antic-olympic-games-53483-e1716837415627-1024x687.jpg 1024w, https:\/\/site.ac-martinique.fr\/circonscription-lamentin\/wp-content\/uploads\/sites\/73\/2024\/05\/Firefly-antic-olympic-games-53483-e1716837415627-768x515.jpg 768w, https:\/\/site.ac-martinique.fr\/circonscription-lamentin\/wp-content\/uploads\/sites\/73\/2024\/05\/Firefly-antic-olympic-games-53483-e1716837415627-1536x1030.jpg 1536w, https:\/\/site.ac-martinique.fr\/circonscription-lamentin\/wp-content\/uploads\/sites\/73\/2024\/05\/Firefly-antic-olympic-games-53483-e1716837415627.jpg 1979w\" sizes=\"auto, 100vw\" \/><\/div><a class=\"wp-block-latest-posts__post-title\" href=\"https:\/\/site.ac-martinique.fr\/circonscription-lamentin\/?p=4344\">Projet webradio \u00e0 l&rsquo;\u00e9cole de Pierre Zobda Quitman cycle 3<\/a><\/li>\n<li><div class=\"wp-block-latest-posts__featured-image aligncenter\"><img loading=\"lazy\" decoding=\"async\" width=\"300\" height=\"209\" src=\"https:\/\/site.ac-martinique.fr\/circonscription-lamentin\/wp-content\/uploads\/sites\/73\/2024\/05\/Capture-decran-2024-05-21-a-12.32.17-300x209.png\" class=\"attachment-medium size-medium wp-post-image\" alt=\"\" style=\"max-width:225px;max-height:225px;\" srcset=\"https:\/\/site.ac-martinique.fr\/circonscription-lamentin\/wp-content\/uploads\/sites\/73\/2024\/05\/Capture-decran-2024-05-21-a-12.32.17-300x209.png 300w, https:\/\/site.ac-martinique.fr\/circonscription-lamentin\/wp-content\/uploads\/sites\/73\/2024\/05\/Capture-decran-2024-05-21-a-12.32.17-768x535.png 768w, https:\/\/site.ac-martinique.fr\/circonscription-lamentin\/wp-content\/uploads\/sites\/73\/2024\/05\/Capture-decran-2024-05-21-a-12.32.17.png 947w\" sizes=\"auto, 100vw\" \/><\/div><a class=\"wp-block-latest-posts__post-title\" href=\"https:\/\/site.ac-martinique.fr\/circonscription-lamentin\/?p=4326\">Mod\u00e8le d&rsquo;autorisation d&rsquo;enregistrement voix et image<\/a><\/li>\n<li><div class=\"wp-block-latest-posts__featured-image aligncenter\"><img loading=\"lazy\" decoding=\"async\" width=\"300\" height=\"225\" src=\"https:\/\/site.ac-martinique.fr\/circonscription-lamentin\/wp-content\/uploads\/sites\/73\/2024\/05\/46b30213-84a1-4766-8abf-4a54d6296a42-300x225.jpg\" class=\"attachment-medium size-medium wp-post-image\" alt=\"\" style=\"max-width:225px;max-height:225px;\" srcset=\"https:\/\/site.ac-martinique.fr\/circonscription-lamentin\/wp-content\/uploads\/sites\/73\/2024\/05\/46b30213-84a1-4766-8abf-4a54d6296a42-300x225.jpg 300w, https:\/\/site.ac-martinique.fr\/circonscription-lamentin\/wp-content\/uploads\/sites\/73\/2024\/05\/46b30213-84a1-4766-8abf-4a54d6296a42-1024x768.jpg 1024w, https:\/\/site.ac-martinique.fr\/circonscription-lamentin\/wp-content\/uploads\/sites\/73\/2024\/05\/46b30213-84a1-4766-8abf-4a54d6296a42-768x576.jpg 768w, https:\/\/site.ac-martinique.fr\/circonscription-lamentin\/wp-content\/uploads\/sites\/73\/2024\/05\/46b30213-84a1-4766-8abf-4a54d6296a42-1536x1152.jpg 1536w, https:\/\/site.ac-martinique.fr\/circonscription-lamentin\/wp-content\/uploads\/sites\/73\/2024\/05\/46b30213-84a1-4766-8abf-4a54d6296a42.jpg 1600w\" sizes=\"auto, 100vw\" \/><\/div><a class=\"wp-block-latest-posts__post-title\" href=\"https:\/\/site.ac-martinique.fr\/circonscription-lamentin\/?p=4310\">Entra\u00eenement aux \u00e9valuations d&rsquo;entr\u00e9e en 6\u00e8me<\/a><\/li>\n<\/ul>","protected":false},"excerpt":{"rendered":"","protected":false},"author":421,"featured_media":0,"parent":0,"menu_order":0,"comment_status":"closed","ping_status":"closed","template":"","meta":{"_uag_custom_page_level_css":"","footnotes":""},"class_list":["post-4297","page","type-page","status-publish","hentry"],"uagb_featured_image_src":{"full":false,"thumbnail":false,"medium":false,"medium_large":false,"large":false,"1536x1536":false,"2048x2048":false,"lambadalite-featured-image":false,"lambadalite-thumbnail-avatar":false},"uagb_author_info":{"display_name":"Amandine ISEL","author_link":"https:\/\/site.ac-martinique.fr\/circonscription-lamentin\/?author=421"},"uagb_comment_info":0,"uagb_excerpt":null,"_links":{"self":[{"href":"https:\/\/site.ac-martinique.fr\/circonscription-lamentin\/index.php?rest_route=\/wp\/v2\/pages\/4297","targetHints":{"allow":["GET"]}}],"collection":[{"href":"https:\/\/site.ac-martinique.fr\/circonscription-lamentin\/index.php?rest_route=\/wp\/v2\/pages"}],"about":[{"href":"https:\/\/site.ac-martinique.fr\/circonscription-lamentin\/index.php?rest_route=\/wp\/v2\/types\/page"}],"author":[{"embeddable":true,"href":"https:\/\/site.ac-martinique.fr\/circonscription-lamentin\/index.php?rest_route=\/wp\/v2\/users\/421"}],"replies":[{"embeddable":true,"href":"https:\/\/site.ac-martinique.fr\/circonscription-lamentin\/index.php?rest_route=%2Fwp%2Fv2%2Fcomments&post=4297"}],"version-history":[{"count":3,"href":"https:\/\/site.ac-martinique.fr\/circonscription-lamentin\/index.php?rest_route=\/wp\/v2\/pages\/4297\/revisions"}],"predecessor-version":[{"id":4409,"href":"https:\/\/site.ac-martinique.fr\/circonscription-lamentin\/index.php?rest_route=\/wp\/v2\/pages\/4297\/revisions\/4409"}],"wp:attachment":[{"href":"https:\/\/site.ac-martinique.fr\/circonscription-lamentin\/index.php?rest_route=%2Fwp%2Fv2%2Fmedia&parent=4297"}],"curies":[{"name":"wp","href":"https:\/\/api.w.org\/{rel}","templated":true}]}}