{"id":1461,"date":"2024-01-26T14:02:39","date_gmt":"2024-01-26T18:02:39","guid":{"rendered":"https:\/\/site.ac-martinique.fr\/circonscription-marigot\/?page_id=1461"},"modified":"2025-09-16T11:58:56","modified_gmt":"2025-09-16T15:58:56","slug":"histoire-geographie","status":"publish","type":"page","link":"https:\/\/site.ac-martinique.fr\/circonscription-marigot\/?page_id=1461","title":{"rendered":"Histoire &#038; G\u00e9ographie"},"content":{"rendered":"\n<div class=\"wp-block-cover is-light is-style-rounded has-black-color has-text-color has-link-color wp-elements-75f2441c13f1f25d0bcd5306986e7edb\" style=\"min-height:218px;aspect-ratio:unset;\"><img fetchpriority=\"high\" decoding=\"async\" width=\"1280\" height=\"584\" sizes=\"(max-width: 799px) 200vw, (max-width: 1280px) 100vw, 1280px\" class=\"wp-block-cover__image-background wp-image-1467\" alt=\"\" src=\"https:\/\/site.ac-martinique.fr\/circonscription-marigot\/wp-content\/uploads\/sites\/126\/2024\/01\/Capture-decran-2024-01-26-a-13.25.20.png\" style=\"object-position:65% 100%\" data-object-fit=\"cover\" data-object-position=\"65% 100%\" srcset=\"https:\/\/site.ac-martinique.fr\/circonscription-marigot\/wp-content\/uploads\/sites\/126\/2024\/01\/Capture-decran-2024-01-26-a-13.25.20.png 1280w, https:\/\/site.ac-martinique.fr\/circonscription-marigot\/wp-content\/uploads\/sites\/126\/2024\/01\/Capture-decran-2024-01-26-a-13.25.20-300x137.png 300w, https:\/\/site.ac-martinique.fr\/circonscription-marigot\/wp-content\/uploads\/sites\/126\/2024\/01\/Capture-decran-2024-01-26-a-13.25.20-1024x467.png 1024w, https:\/\/site.ac-martinique.fr\/circonscription-marigot\/wp-content\/uploads\/sites\/126\/2024\/01\/Capture-decran-2024-01-26-a-13.25.20-768x350.png 768w\" \/><span aria-hidden=\"true\" class=\"wp-block-cover__background has-white-background-color has-background-dim-60 has-background-dim\"><\/span><div class=\"wp-block-cover__inner-container is-layout-constrained wp-block-cover-is-layout-constrained\">\n<p class=\"has-text-align-center has-vivid-purple-color has-text-color has-link-color has-x-large-font-size wp-elements-21701a167f63e4936954e6c0308cf3ce\"><strong>Histoire &amp; G\u00e9ographie<\/strong><\/p>\n<\/div><\/div>\n\n\n\n<div class=\"wp-block-file aligncenter\"><a id=\"wp-block-file--media-4cde6c2f-9702-43b7-af9b-7903ce5f0448\" href=\"https:\/\/site.ac-martinique.fr\/circonscription-marigot\/wp-content\/uploads\/sites\/126\/2025\/01\/PROJET-HISTOIRE-2025-PDF-2.pdf\" target=\"_blank\" rel=\"noreferrer noopener\">PROJET HISTOIRE 2025 PDF 2<\/a><a href=\"https:\/\/site.ac-martinique.fr\/circonscription-marigot\/wp-content\/uploads\/sites\/126\/2025\/01\/PROJET-HISTOIRE-2025-PDF-2.pdf\" class=\"wp-block-file__button wp-element-button\" download aria-describedby=\"wp-block-file--media-4cde6c2f-9702-43b7-af9b-7903ce5f0448\">T\u00e9l\u00e9charger<\/a><\/div>\n\n\n\n<hr class=\"wp-block-separator has-alpha-channel-opacity\"\/>\n\n\n\n<details class=\"wp-block-details has-black-color has-text-color has-link-color wp-elements-392a9e8ff335962cb6a44c768ed0d93a is-layout-flow wp-block-details-is-layout-flow\"><summary>Ressources<\/summary>\n<p class=\"has-text-align-center\">Voici des livrets de r\u00e9vision propos\u00e9s par Pass \u00e9ducation sur le th\u00e8me des <strong>jeux Olympiques<\/strong> :<br><a href=\"https:\/\/www.pass-education.fr\/mon-pass-olympique-ce1-ce2-2024-paris\/\" target=\"_blank\" rel=\"noreferrer noopener\">CE1-CE2<\/a><br><a href=\"https:\/\/www.pass-education.fr\/mon-pass-olympique-cm1-cm2-2024-paris\/\" target=\"_blank\" rel=\"noreferrer noopener\">CM1-CM2<\/a><\/p>\n\n\n\n<hr class=\"wp-block-separator has-alpha-channel-opacity is-style-tw-dotted\"\/>\n\n\n\n<details class=\"wp-block-details has-black-color has-text-color has-background has-link-color wp-elements-c2f3dc391cdd015d6f15efd7e2f04c59 is-layout-flow wp-block-details-is-layout-flow\" style=\"background:linear-gradient(135deg,rgb(255,206,236) 0%,rgb(244,222,252) 44%,rgb(152,150,240) 100%)\"><summary>Les roches \u00e0 cupules de la Martinique.<\/summary>\n<p><a href=\"https:\/\/expressionsplurielles.org\/archeologie\/les-roches-a-cupules-de-la-martinique.html\" data-type=\"link\" data-id=\"https:\/\/expressionsplurielles.org\/archeologie\/les-roches-a-cupules-de-la-martinique.html\" target=\"_blank\" rel=\"noreferrer noopener\">Les roches \u00e0 cupules + t\u00e9moignages du pass\u00e9 am\u00e9rindien.<\/a><\/p>\n\n\n\n<p><a href=\"https:\/\/journals.openedition.org\/adlfi\/105729\" target=\"_blank\" rel=\"noreferrer noopener\">La roche \u00e0 Bon Dieu &#8211; Macouba<\/a><\/p>\n<\/details>\n\n\n\n<hr class=\"wp-block-separator has-alpha-channel-opacity is-style-tw-dotted\"\/>\n\n\n\n<blockquote class=\"wp-block-quote is-style-tw-icon has-black-color has-text-color has-link-color wp-elements-392cf97fb9d38c7f8f7e8ca078544c35 is-layout-flow wp-block-quote-is-layout-flow\">\n<p class=\"has-black-color has-text-color has-link-color wp-elements-80dbb582f1726f897780a54c8441700d\">C&rsquo;est l&rsquo;histoire de Kalinago, un jeune gar\u00e7on issu d&rsquo;une tribu des cara\u00efbes, qui doit passer diff\u00e9rentes \u00e9preuves afin de devenir un v\u00e9ritable guerrier. Le chemin est parfois difficile, mais Kalinago saura faire preuve de courage et de t\u00e9nacit\u00e9 afin de prouver sa v\u00e9ritable valeur.<\/p>\n<cite>\u00a0\u00bb Kalinago : Naissance d&rsquo;un guerrier cara\u00efbe \u00a0\u00bb Collectif <br>\u00e9diter par L&rsquo;Harmattan<br>Disponible en format PDF ou papier.<\/cite><\/blockquote>\n\n\n\n<hr class=\"wp-block-separator has-alpha-channel-opacity is-style-tw-dotted\"\/>\n\n\n\n<p class=\"has-text-align-center is-style-tw-icon has-black-color has-blush-light-purple-gradient-background has-text-color has-background has-link-color wp-elements-9cc66fd3b6ad4df184b5a0f9bce27605\">D\u00e9couvrez Sainte-Marie \u00e0 travers son&nbsp;<strong>Histoire<\/strong>, sa&nbsp;<strong>G\u00e9ographie<\/strong>&nbsp;et son&nbsp;<strong>Patrimoine<\/strong>.<br><a href=\"https:\/\/beliasaintemarie.com\"><strong>https:\/\/beliasaintemarie.com<\/strong><\/a><\/p>\n<\/details>\n\n\n\n<hr class=\"wp-block-separator has-alpha-channel-opacity\"\/>\n\n\n\n<div class=\"wp-block-buttons has-custom-font-size has-medium-font-size is-horizontal is-content-justification-center is-layout-flex wp-container-core-buttons-is-layout-67e932e3 wp-block-buttons-is-layout-flex\">\n<div class=\"wp-block-button has-custom-width wp-block-button__width-100 is-style-fill\"><a class=\"wp-block-button__link has-white-color has-vivid-purple-background-color has-text-color has-background has-link-color wp-element-button\" href=\"https:\/\/open.crea-learning.com\/mod_turbolead\/mod\/crealearning\/reader.php?n=NTE4NSYxNzE5NQ%3D%3D\" style=\"border-radius:71px\" target=\"_blank\" rel=\"noreferrer noopener\">Enseigner l&rsquo;histoire de la Martinique au Cycle 3<\/a><\/div>\n<\/div>\n\n\n\n<h1 class=\"wp-block-heading has-text-align-center has-black-color has-text-color has-link-color wp-elements-3f5fdfcd5c01bd1fab4602b65bf56013\"><strong>Dans nos \u00e9coles &#8230;<\/strong><\/h1>\n\n\n<ul class=\"wp-block-latest-posts__list is-grid columns-3 tw-stretched-link wp-block-latest-posts\"><li><div class=\"wp-block-latest-posts__featured-image aligncenter\"><img decoding=\"async\" width=\"300\" height=\"155\" src=\"https:\/\/site.ac-martinique.fr\/circonscription-marigot\/wp-content\/uploads\/sites\/126\/2024\/06\/Capture-decran-2024-06-20-a-12.07.08-300x155.png\" class=\"attachment-medium size-medium wp-post-image\" alt=\"\" style=\"\" srcset=\"https:\/\/site.ac-martinique.fr\/circonscription-marigot\/wp-content\/uploads\/sites\/126\/2024\/06\/Capture-decran-2024-06-20-a-12.07.08-300x155.png 300w, https:\/\/site.ac-martinique.fr\/circonscription-marigot\/wp-content\/uploads\/sites\/126\/2024\/06\/Capture-decran-2024-06-20-a-12.07.08-1024x529.png 1024w, https:\/\/site.ac-martinique.fr\/circonscription-marigot\/wp-content\/uploads\/sites\/126\/2024\/06\/Capture-decran-2024-06-20-a-12.07.08-768x397.png 768w, https:\/\/site.ac-martinique.fr\/circonscription-marigot\/wp-content\/uploads\/sites\/126\/2024\/06\/Capture-decran-2024-06-20-a-12.07.08.png 1256w\" sizes=\"100vw\" \/><\/div><a class=\"wp-block-latest-posts__post-title\" href=\"https:\/\/site.ac-martinique.fr\/circonscription-marigot\/?p=1655\">Fresque Corps en R\u00e9sistance<\/a><\/li>\n<li><div class=\"wp-block-latest-posts__featured-image aligncenter\"><img decoding=\"async\" width=\"300\" height=\"130\" src=\"https:\/\/site.ac-martinique.fr\/circonscription-marigot\/wp-content\/uploads\/sites\/126\/2023\/06\/Capture-decran-2023-06-22-a-14.50.48-300x130.png\" class=\"attachment-medium size-medium wp-post-image\" alt=\"\" style=\"\" srcset=\"https:\/\/site.ac-martinique.fr\/circonscription-marigot\/wp-content\/uploads\/sites\/126\/2023\/06\/Capture-decran-2023-06-22-a-14.50.48-300x130.png 300w, https:\/\/site.ac-martinique.fr\/circonscription-marigot\/wp-content\/uploads\/sites\/126\/2023\/06\/Capture-decran-2023-06-22-a-14.50.48-1024x444.png 1024w, https:\/\/site.ac-martinique.fr\/circonscription-marigot\/wp-content\/uploads\/sites\/126\/2023\/06\/Capture-decran-2023-06-22-a-14.50.48-768x333.png 768w, https:\/\/site.ac-martinique.fr\/circonscription-marigot\/wp-content\/uploads\/sites\/126\/2023\/06\/Capture-decran-2023-06-22-a-14.50.48.png 1152w\" sizes=\"100vw\" \/><\/div><a class=\"wp-block-latest-posts__post-title\" href=\"https:\/\/site.ac-martinique.fr\/circonscription-marigot\/?p=839\">Je d\u00e9couvre SAINTE-MARIE avec Beebot et Bluebot<\/a><\/li>\n<\/ul>","protected":false},"excerpt":{"rendered":"<p>Dans nos \u00e9coles &#8230;<\/p>\n","protected":false},"author":390,"featured_media":0,"parent":0,"menu_order":0,"comment_status":"closed","ping_status":"closed","template":"","meta":{"episode_type":"","audio_file":"","podmotor_file_id":"","podmotor_episode_id":"","cover_image":"","cover_image_id":"","duration":"","filesize":"","filesize_raw":"","date_recorded":"","explicit":"","block":"","itunes_episode_number":"","itunes_title":"","itunes_season_number":"","itunes_episode_type":"","footnotes":""},"class_list":["post-1461","page","type-page","status-publish","hentry"],"_links":{"self":[{"href":"https:\/\/site.ac-martinique.fr\/circonscription-marigot\/index.php?rest_route=\/wp\/v2\/pages\/1461","targetHints":{"allow":["GET"]}}],"collection":[{"href":"https:\/\/site.ac-martinique.fr\/circonscription-marigot\/index.php?rest_route=\/wp\/v2\/pages"}],"about":[{"href":"https:\/\/site.ac-martinique.fr\/circonscription-marigot\/index.php?rest_route=\/wp\/v2\/types\/page"}],"author":[{"embeddable":true,"href":"https:\/\/site.ac-martinique.fr\/circonscription-marigot\/index.php?rest_route=\/wp\/v2\/users\/390"}],"replies":[{"embeddable":true,"href":"https:\/\/site.ac-martinique.fr\/circonscription-marigot\/index.php?rest_route=%2Fwp%2Fv2%2Fcomments&post=1461"}],"version-history":[{"count":20,"href":"https:\/\/site.ac-martinique.fr\/circonscription-marigot\/index.php?rest_route=\/wp\/v2\/pages\/1461\/revisions"}],"predecessor-version":[{"id":2582,"href":"https:\/\/site.ac-martinique.fr\/circonscription-marigot\/index.php?rest_route=\/wp\/v2\/pages\/1461\/revisions\/2582"}],"wp:attachment":[{"href":"https:\/\/site.ac-martinique.fr\/circonscription-marigot\/index.php?rest_route=%2Fwp%2Fv2%2Fmedia&parent=1461"}],"curies":[{"name":"wp","href":"https:\/\/api.w.org\/{rel}","templated":true}]}}