{"id":1854,"date":"2024-10-18T12:32:02","date_gmt":"2024-10-18T16:32:02","guid":{"rendered":"https:\/\/site.ac-martinique.fr\/circonscription-marigot\/?page_id=1854"},"modified":"2024-10-18T12:32:22","modified_gmt":"2024-10-18T16:32:22","slug":"erasmus","status":"publish","type":"page","link":"https:\/\/site.ac-martinique.fr\/circonscription-marigot\/?page_id=1854","title":{"rendered":"ERASMUS"},"content":{"rendered":"\n<h2 class=\"wp-block-heading has-luminous-vivid-orange-color has-text-color has-link-color wp-elements-2f81a39473b1bd474f469e394f00bf25\"><strong>\u00c9cole primaire de MAXIME<\/strong><\/h2>\n\n\n\n<p class=\"has-text-align-center has-black-color has-text-color has-link-color wp-elements-3082c28d92570eadb1716ecbc4180f21\" style=\"font-size:16px\">Suivez quatre enseignantes de l&rsquo;\u00e9cole primaire Maxime au Lorrain <br>\u00e0 la d\u00e9couverte de cultures et de syst\u00e8mes \u00e9ducatifs europ\u00e9ens.<\/p>\n\n\n\n<div class=\"wp-block-columns is-layout-flex wp-container-core-columns-is-layout-abceabcf wp-block-columns-is-layout-flex\">\n<div class=\"wp-block-column is-layout-flow wp-block-column-is-layout-flow\"><div class=\"wp-block-image\">\n<figure class=\"aligncenter size-medium is-resized\"><a href=\"https:\/\/www.instagram.com\/erasmusmaxime?igsh=anNvaXR6cmluanhl&amp;utm_source=qr\" target=\"_blank\" rel=\"noreferrer noopener\"><img fetchpriority=\"high\" decoding=\"async\" width=\"245\" height=\"300\" src=\"https:\/\/site.ac-martinique.fr\/circonscription-marigot\/wp-content\/uploads\/sites\/126\/2024\/10\/IMG_5608-245x300.png\" alt=\"\" class=\"wp-image-1855\" style=\"width:167px;height:auto\" srcset=\"https:\/\/site.ac-martinique.fr\/circonscription-marigot\/wp-content\/uploads\/sites\/126\/2024\/10\/IMG_5608-245x300.png 245w, https:\/\/site.ac-martinique.fr\/circonscription-marigot\/wp-content\/uploads\/sites\/126\/2024\/10\/IMG_5608.png 624w\" sizes=\"(max-width: 245px) 100vw, 245px\" \/><\/a><\/figure>\n<\/div><\/div>\n\n\n\n<div class=\"wp-block-column is-layout-flow wp-block-column-is-layout-flow\"><div class=\"wp-block-image\">\n<figure class=\"aligncenter size-full is-resized\"><a href=\"https:\/\/colibri.ac-martinique.fr\/blog\/pub\/xLS2PyWM2d-erasmus-octobre-2024-stages-d-observations\" target=\"_blank\" rel=\"noreferrer noopener\"><img decoding=\"async\" width=\"736\" height=\"729\" src=\"https:\/\/site.ac-martinique.fr\/circonscription-marigot\/wp-content\/uploads\/sites\/126\/2024\/10\/logo-erasmus-maxime.jpg\" alt=\"\" class=\"wp-image-1859\" style=\"width:184px;height:auto\" srcset=\"https:\/\/site.ac-martinique.fr\/circonscription-marigot\/wp-content\/uploads\/sites\/126\/2024\/10\/logo-erasmus-maxime.jpg 736w, https:\/\/site.ac-martinique.fr\/circonscription-marigot\/wp-content\/uploads\/sites\/126\/2024\/10\/logo-erasmus-maxime-300x297.jpg 300w, https:\/\/site.ac-martinique.fr\/circonscription-marigot\/wp-content\/uploads\/sites\/126\/2024\/10\/logo-erasmus-maxime-150x150.jpg 150w, https:\/\/site.ac-martinique.fr\/circonscription-marigot\/wp-content\/uploads\/sites\/126\/2024\/10\/logo-erasmus-maxime-100x100.jpg 100w\" sizes=\"(max-width: 736px) 100vw, 736px\" \/><\/a><figcaption class=\"wp-element-caption\">le blog<\/figcaption><\/figure>\n<\/div><\/div>\n<\/div>\n\n\n<p><center><iframe title=\"Pr\u00e9sentation \u00e9cole de Maxime LE LORRAIN\" width=\"560\" height=\"315\" src=\"https:\/\/tube-numerique-educatif.apps.education.fr\/videos\/embed\/44f62f89-2d2e-4363-bb8e-70366a478e55\" frameborder=\"0\" allowfullscreen=\"\" sandbox=\"allow-same-origin allow-scripts allow-popups allow-forms\"><\/iframe><\/center><\/p>\n","protected":false},"excerpt":{"rendered":"<p>\u00c9cole primaire de MAXIME Suivez quatre enseignantes de l&rsquo;\u00e9cole primaire Maxime au Lorrain \u00e0 la d\u00e9couverte de cultures et de &hellip; <\/p>\n<p class=\"link-more\"><a href=\"https:\/\/site.ac-martinique.fr\/circonscription-marigot\/?page_id=1854\" class=\"more-link\">Lire la suite&#8230;<span class=\"screen-reader-text\"> \u00ab\u00a0ERASMUS\u00a0\u00bb<\/span><\/a><\/p>\n","protected":false},"author":390,"featured_media":0,"parent":0,"menu_order":0,"comment_status":"closed","ping_status":"closed","template":"","meta":{"episode_type":"","audio_file":"","podmotor_file_id":"","podmotor_episode_id":"","cover_image":"","cover_image_id":"","duration":"","filesize":"","filesize_raw":"","date_recorded":"","explicit":"","block":"","itunes_episode_number":"","itunes_title":"","itunes_season_number":"","itunes_episode_type":"","footnotes":""},"class_list":["post-1854","page","type-page","status-publish","hentry"],"_links":{"self":[{"href":"https:\/\/site.ac-martinique.fr\/circonscription-marigot\/index.php?rest_route=\/wp\/v2\/pages\/1854","targetHints":{"allow":["GET"]}}],"collection":[{"href":"https:\/\/site.ac-martinique.fr\/circonscription-marigot\/index.php?rest_route=\/wp\/v2\/pages"}],"about":[{"href":"https:\/\/site.ac-martinique.fr\/circonscription-marigot\/index.php?rest_route=\/wp\/v2\/types\/page"}],"author":[{"embeddable":true,"href":"https:\/\/site.ac-martinique.fr\/circonscription-marigot\/index.php?rest_route=\/wp\/v2\/users\/390"}],"replies":[{"embeddable":true,"href":"https:\/\/site.ac-martinique.fr\/circonscription-marigot\/index.php?rest_route=%2Fwp%2Fv2%2Fcomments&post=1854"}],"version-history":[{"count":8,"href":"https:\/\/site.ac-martinique.fr\/circonscription-marigot\/index.php?rest_route=\/wp\/v2\/pages\/1854\/revisions"}],"predecessor-version":[{"id":1864,"href":"https:\/\/site.ac-martinique.fr\/circonscription-marigot\/index.php?rest_route=\/wp\/v2\/pages\/1854\/revisions\/1864"}],"wp:attachment":[{"href":"https:\/\/site.ac-martinique.fr\/circonscription-marigot\/index.php?rest_route=%2Fwp%2Fv2%2Fmedia&parent=1854"}],"curies":[{"name":"wp","href":"https:\/\/api.w.org\/{rel}","templated":true}]}}