{"id":2435,"date":"2025-05-26T14:20:02","date_gmt":"2025-05-26T18:20:02","guid":{"rendered":"https:\/\/site.ac-martinique.fr\/circonscription-marigot\/?page_id=2435"},"modified":"2025-05-26T17:19:25","modified_gmt":"2025-05-26T21:19:25","slug":"carnet-de-suivi-des-apprentissages-en-maternelle","status":"publish","type":"page","link":"https:\/\/site.ac-martinique.fr\/circonscription-marigot\/?page_id=2435","title":{"rendered":"Carnet de suivi des apprentissages en maternelle"},"content":{"rendered":"\n<p class=\"has-text-align-center\">Ce carnet de suivi a \u00e9t\u00e9 \u00e9labor\u00e9 en collaboration avec les enseignants de maternelle du REP+ Hubert N\u00e9ro et l\u2019\u00e9quipe de circonscription du Marigot. Ce travail a b\u00e9n\u00e9fici\u00e9 de l\u2019accompagnement de&nbsp; la Commission Maternelle dans la derni\u00e8re phase de sa conception.<\/p>\n\n\n\n<p class=\"has-text-align-center\">C\u2019est un outil conforme aux recommandations Eduscol. Chaque \u00e9quipe peut en disposer librement et le modifier si cela est souhait\u00e9. Pour rappel, le carnet de suivi des apprentissages<strong>&nbsp;n\u2019est pas un outil d\u2019\u00e9valuation exhaustif<\/strong>&nbsp;: ont \u00e9t\u00e9 choisis des r\u00e9ussites propices \u00e0 la&nbsp;<strong>mise en valeur des progr\u00e8s de tous les \u00e9l\u00e8ves.<\/strong><\/p>\n\n\n\n<p class=\"has-text-align-center\">L\u2019objectif essentiel du carnet de suivi est la&nbsp;<strong>motivation de l\u2019\u00e9l\u00e8ve<\/strong>&nbsp;pour ses apprentissages et la&nbsp;<strong>mise en valeur de ses progr\u00e8s<\/strong>.<\/p>\n\n\n\n<p><em>(la police d\u2019\u00e9criture retenue est la police access, t\u00e9l\u00e9chargeable librement<\/em>)<\/p>\n\n\n\n<pre class=\"wp-block-code\"><code><a href=\"https:\/\/acces-editions.com\/policeAE?srsltid=AfmBOoqwnTjN9OPv_9PIC44_YQX-Fga4F9G2eP6LHDTdUPAxPEb0GL_w\">https:\/\/acces-editions.com\/policeAE?srsltid=AfmBOoqwnTjN9OPv_9PIC44_YQX-Fga4F9G2eP6LHDTdUPAxPEb0GL_w<\/a>\n<\/code><\/pre>\n\n\n\n<div class=\"wp-block-file\"><a id=\"wp-block-file--media-85b861a5-7fde-4caa-82a4-bb5ad2f7d7ee\" href=\"https:\/\/site.ac-martinique.fr\/circonscription-marigot\/wp-content\/uploads\/sites\/126\/2025\/05\/Carnet-suivi-portrait-modifiable-v2.docx\">Carnet suivi portrait modifiable v2<\/a><a href=\"https:\/\/site.ac-martinique.fr\/circonscription-marigot\/wp-content\/uploads\/sites\/126\/2025\/05\/Carnet-suivi-portrait-modifiable-v2.docx\" class=\"wp-block-file__button wp-element-button\" download aria-describedby=\"wp-block-file--media-85b861a5-7fde-4caa-82a4-bb5ad2f7d7ee\">T\u00e9l\u00e9charger<\/a><\/div>\n\n\n\n<div class=\"wp-block-file\"><a id=\"wp-block-file--media-e1532bc6-c339-49b2-a55b-be41e09ec532\" href=\"https:\/\/site.ac-martinique.fr\/circonscription-marigot\/wp-content\/uploads\/sites\/126\/2025\/05\/Carnet-suivi-paysage-modifiable-v2.docx\">Carnet suivi  paysage modifiable v2<\/a><a href=\"https:\/\/site.ac-martinique.fr\/circonscription-marigot\/wp-content\/uploads\/sites\/126\/2025\/05\/Carnet-suivi-paysage-modifiable-v2.docx\" class=\"wp-block-file__button wp-element-button\" download aria-describedby=\"wp-block-file--media-e1532bc6-c339-49b2-a55b-be41e09ec532\">T\u00e9l\u00e9charger<\/a><\/div>\n\n\n\n<div data-wp-interactive=\"core\/file\" class=\"wp-block-file\"><object data-wp-bind--hidden=\"!state.hasPdfPreview\" hidden class=\"wp-block-file__embed\" data=\"https:\/\/site.ac-martinique.fr\/circonscription-marigot\/wp-content\/uploads\/sites\/126\/2025\/05\/Carnet-suivi-portrait-PDF.pdf\" type=\"application\/pdf\" style=\"width:100%;height:600px\" aria-label=\"Contenu embarqu\u00e9 Carnet suivi  portrait PDF.\"><\/object><a id=\"wp-block-file--media-09ece19b-b49d-4450-aa5f-2eb5d1589b7a\" href=\"https:\/\/site.ac-martinique.fr\/circonscription-marigot\/wp-content\/uploads\/sites\/126\/2025\/05\/Carnet-suivi-portrait-PDF.pdf\">Carnet suivi  portrait PDF<\/a><a href=\"https:\/\/site.ac-martinique.fr\/circonscription-marigot\/wp-content\/uploads\/sites\/126\/2025\/05\/Carnet-suivi-portrait-PDF.pdf\" class=\"wp-block-file__button wp-element-button\" download aria-describedby=\"wp-block-file--media-09ece19b-b49d-4450-aa5f-2eb5d1589b7a\">T\u00e9l\u00e9charger<\/a><\/div>\n\n\n\n<div data-wp-interactive=\"core\/file\" class=\"wp-block-file\"><object data-wp-bind--hidden=\"!state.hasPdfPreview\" hidden class=\"wp-block-file__embed\" data=\"https:\/\/site.ac-martinique.fr\/circonscription-marigot\/wp-content\/uploads\/sites\/126\/2025\/05\/carnet-de-suivi-paysage-v2-PDF.pdf\" type=\"application\/pdf\" style=\"width:100%;height:600px\" aria-label=\"Contenu embarqu\u00e9 carnet de suivi paysage v2 PDF.\"><\/object><a id=\"wp-block-file--media-0e6a673d-c1f4-49ba-956e-af722237a767\" href=\"https:\/\/site.ac-martinique.fr\/circonscription-marigot\/wp-content\/uploads\/sites\/126\/2025\/05\/carnet-de-suivi-paysage-v2-PDF.pdf\">carnet de suivi paysage v2 PDF<\/a><a href=\"https:\/\/site.ac-martinique.fr\/circonscription-marigot\/wp-content\/uploads\/sites\/126\/2025\/05\/carnet-de-suivi-paysage-v2-PDF.pdf\" class=\"wp-block-file__button wp-element-button\" download aria-describedby=\"wp-block-file--media-0e6a673d-c1f4-49ba-956e-af722237a767\">T\u00e9l\u00e9charger<\/a><\/div>\n","protected":false},"excerpt":{"rendered":"<p>Ce carnet de suivi a \u00e9t\u00e9 \u00e9labor\u00e9 en collaboration avec les enseignants de maternelle du REP+ Hubert N\u00e9ro et l\u2019\u00e9quipe &hellip; <\/p>\n<p class=\"link-more\"><a href=\"https:\/\/site.ac-martinique.fr\/circonscription-marigot\/?page_id=2435\" class=\"more-link\">Lire la suite&#8230;<span class=\"screen-reader-text\"> \u00ab\u00a0Carnet de suivi des apprentissages en maternelle\u00a0\u00bb<\/span><\/a><\/p>\n","protected":false},"author":446,"featured_media":0,"parent":23,"menu_order":0,"comment_status":"closed","ping_status":"closed","template":"","meta":{"episode_type":"","audio_file":"","podmotor_file_id":"","podmotor_episode_id":"","cover_image":"","cover_image_id":"","duration":"","filesize":"","filesize_raw":"","date_recorded":"","explicit":"","block":"","itunes_episode_number":"","itunes_title":"","itunes_season_number":"","itunes_episode_type":"","footnotes":""},"class_list":["post-2435","page","type-page","status-publish","hentry"],"_links":{"self":[{"href":"https:\/\/site.ac-martinique.fr\/circonscription-marigot\/index.php?rest_route=\/wp\/v2\/pages\/2435","targetHints":{"allow":["GET"]}}],"collection":[{"href":"https:\/\/site.ac-martinique.fr\/circonscription-marigot\/index.php?rest_route=\/wp\/v2\/pages"}],"about":[{"href":"https:\/\/site.ac-martinique.fr\/circonscription-marigot\/index.php?rest_route=\/wp\/v2\/types\/page"}],"author":[{"embeddable":true,"href":"https:\/\/site.ac-martinique.fr\/circonscription-marigot\/index.php?rest_route=\/wp\/v2\/users\/446"}],"replies":[{"embeddable":true,"href":"https:\/\/site.ac-martinique.fr\/circonscription-marigot\/index.php?rest_route=%2Fwp%2Fv2%2Fcomments&post=2435"}],"version-history":[{"count":3,"href":"https:\/\/site.ac-martinique.fr\/circonscription-marigot\/index.php?rest_route=\/wp\/v2\/pages\/2435\/revisions"}],"predecessor-version":[{"id":2444,"href":"https:\/\/site.ac-martinique.fr\/circonscription-marigot\/index.php?rest_route=\/wp\/v2\/pages\/2435\/revisions\/2444"}],"up":[{"embeddable":true,"href":"https:\/\/site.ac-martinique.fr\/circonscription-marigot\/index.php?rest_route=\/wp\/v2\/pages\/23"}],"wp:attachment":[{"href":"https:\/\/site.ac-martinique.fr\/circonscription-marigot\/index.php?rest_route=%2Fwp%2Fv2%2Fmedia&parent=2435"}],"curies":[{"name":"wp","href":"https:\/\/api.w.org\/{rel}","templated":true}]}}