{"id":294,"date":"2022-11-18T14:12:00","date_gmt":"2022-11-18T18:12:00","guid":{"rendered":"https:\/\/site.ac-martinique.fr\/circonscription-marigot\/?page_id=294"},"modified":"2024-09-12T15:09:57","modified_gmt":"2024-09-12T19:09:57","slug":"langues-vivantes-regionales","status":"publish","type":"page","link":"https:\/\/site.ac-martinique.fr\/circonscription-marigot\/?page_id=294","title":{"rendered":"Langues Vivantes R\u00e9gionales"},"content":{"rendered":"\n<div class=\"wp-block-cover tw-mb-4 is-style-rounded\" style=\"min-height:213px;aspect-ratio:unset;\"><span aria-hidden=\"true\" class=\"wp-block-cover__background has-background-dim-0 has-background-dim\"><\/span><img fetchpriority=\"high\" decoding=\"async\" width=\"800\" height=\"533\" sizes=\"(max-width: 799px) 200vw, (max-width: 800px) 100vw, 800px\" class=\"wp-block-cover__image-background wp-image-384\" alt=\"\" src=\"https:\/\/site.ac-martinique.fr\/circonscription-marigot\/wp-content\/uploads\/sites\/126\/2022\/11\/bele-timanmay.png\" style=\"object-position:51% 24%\" data-object-fit=\"cover\" data-object-position=\"51% 24%\" srcset=\"https:\/\/site.ac-martinique.fr\/circonscription-marigot\/wp-content\/uploads\/sites\/126\/2022\/11\/bele-timanmay.png 800w, https:\/\/site.ac-martinique.fr\/circonscription-marigot\/wp-content\/uploads\/sites\/126\/2022\/11\/bele-timanmay-300x200.png 300w, https:\/\/site.ac-martinique.fr\/circonscription-marigot\/wp-content\/uploads\/sites\/126\/2022\/11\/bele-timanmay-768x512.png 768w\" \/><div class=\"wp-block-cover__inner-container is-layout-flow wp-block-cover-is-layout-flow\">\n<p><\/p>\n<\/div><\/div>\n\n\n\n<p class=\"tw-mb-0 has-vivid-green-cyan-color has-text-color\" style=\"font-size:20px\"><strong>Actions p\u00e9dagogiques LVR<\/strong><\/p>\n\n\n\n<div class=\"wp-block-columns tw-mb-2 tw-mt-0 tw-gutter-no is-layout-flex wp-container-core-columns-is-layout-abceabcf wp-block-columns-is-layout-flex\" style=\"font-size:15px\">\n<div class=\"wp-block-column is-layout-flow wp-block-column-is-layout-flow\">\n<div class=\"wp-block-file\"><a id=\"wp-block-file--media-ecce5a23-0eb9-4a18-b9bc-9c65f142d25f\" href=\"https:\/\/site.ac-martinique.fr\/circonscription-marigot\/wp-content\/uploads\/sites\/126\/2024\/09\/PROJET-ACTION-De-ti-kamo-jounal-kreyol-2024-2025.docx\" target=\"_blank\" rel=\"noreferrer noopener\">D\u00e9 ti kamo jounal kr\u00e9yol 2024-2025<\/a><\/div>\n\n\n\n<div class=\"wp-block-file\"><a id=\"wp-block-file--media-a5fa753c-325e-4c4b-917f-aa37ae4e4677\" href=\"https:\/\/site.ac-martinique.fr\/circonscription-marigot\/wp-content\/uploads\/sites\/126\/2024\/09\/PROJET-ACTION-SA-SE-LAKARAYIB-2024-2025.docx\" target=\"_blank\" rel=\"noreferrer noopener\">SA SE LAKARAYIB 2024- 2025<\/a><\/div>\n<\/div>\n\n\n\n<div style=\"--col-width:;\" class=\"wp-block-column is-layout-flow wp-block-column-is-layout-flow\">\n<div class=\"wp-block-file\"><a id=\"wp-block-file--media-620516dc-e8c4-4669-9858-f06c462f5b6a\" href=\"https:\/\/site.ac-martinique.fr\/circonscription-marigot\/wp-content\/uploads\/sites\/126\/2024\/09\/PROJET-ACTION-SA-SE-DANSE-EPI-CHANTE-PEYI-A-2024-2025.docx\" target=\"_blank\" rel=\"noreferrer noopener\">SA SE DANSE EPI CHANTE PEYI-A 2024- 2025<\/a><\/div>\n\n\n\n<div class=\"wp-block-file\"><a id=\"wp-block-file--media-ef3373a8-34c0-4e12-9171-d449e348b2fc\" href=\"https:\/\/site.ac-martinique.fr\/circonscription-marigot\/wp-content\/uploads\/sites\/126\/2024\/09\/PROJET-ACTION-Annou-manje-manje-peyi-a-2024-2025.docx\" target=\"_blank\" rel=\"noreferrer noopener\">Annou manj\u00e9 manj\u00e9 p\u00e9yi-a 2024-2025<\/a><\/div>\n<\/div>\n<\/div>\n\n\n\n<h2 class=\"wp-block-heading has-vivid-green-cyan-color has-text-color\" style=\"font-size:20px\"><strong>Dossier p\u00e9dagogique pour P\u00e2ques : <\/strong><\/h2>\n\n\n\n<p>Ce document est perfectible et il sera am\u00e9lior\u00e9 prochainement. <a href=\"https:\/\/drive.google.com\/file\/d\/1sUvAbyyxt1IguNyqQo01kHosvC6VP7y_\/view?usp=drivesdk\" target=\"_blank\" rel=\"noreferrer noopener\">(voir)<\/a><\/p>\n\n\n\n<h2 class=\"wp-block-heading has-text-color\" style=\"color:#00b875;font-size:20px\"><strong>Podcast LVR<\/strong><\/h2>\n\n\n\n<p><a href=\"https:\/\/soundcloud.com\/david-dozine\/fwomaje-a-epi-banbou-a\/s-5iX8Yg82Mmm\" target=\"_blank\" rel=\"noreferrer noopener\">Fwomaj\u00e9-a \u00e9pi bambou-a<\/a><\/p>\n\n\n\n<p><a rel=\"noreferrer noopener\" href=\"https:\/\/soundcloud.com\/david-dozine\/podcast-lvr1-pronom-pers\/s-Pe4VHXVjAqd\" target=\"_blank\">LVR1 Pronom personnel<\/a><\/p>\n\n\n\n<hr class=\"wp-block-separator has-alpha-channel-opacity\"\/>\n\n\n\n<div class=\"wp-block-cover is-light is-style-rounded\" style=\"min-height:175px;aspect-ratio:unset;\"><span aria-hidden=\"true\" class=\"wp-block-cover__background has-background-dim-30 has-background-dim\"><\/span><img decoding=\"async\" width=\"1224\" height=\"816\" sizes=\"(max-width: 799px) 200vw, (max-width: 1224px) 100vw, 1224px\" class=\"wp-block-cover__image-background wp-image-385\" alt=\"\" src=\"https:\/\/site.ac-martinique.fr\/circonscription-marigot\/wp-content\/uploads\/sites\/126\/2022\/11\/tje-marigo.jpg\" style=\"object-position:48% 70%\" data-object-fit=\"cover\" data-object-position=\"48% 70%\" srcset=\"https:\/\/site.ac-martinique.fr\/circonscription-marigot\/wp-content\/uploads\/sites\/126\/2022\/11\/tje-marigo.jpg 1224w, https:\/\/site.ac-martinique.fr\/circonscription-marigot\/wp-content\/uploads\/sites\/126\/2022\/11\/tje-marigo-300x200.jpg 300w, https:\/\/site.ac-martinique.fr\/circonscription-marigot\/wp-content\/uploads\/sites\/126\/2022\/11\/tje-marigo-1024x683.jpg 1024w, https:\/\/site.ac-martinique.fr\/circonscription-marigot\/wp-content\/uploads\/sites\/126\/2022\/11\/tje-marigo-768x512.jpg 768w\" \/><div class=\"wp-block-cover__inner-container is-layout-flow wp-block-cover-is-layout-flow\">\n<p class=\"has-text-align-center has-white-color has-text-color has-large-font-size\"><br><strong>Yonnd\u00e9 kont, kontin ek po\u00e9zi<\/strong><\/p>\n<\/div><\/div>\n\n\n\n<div style=\"height:50px\" aria-hidden=\"true\" class=\"wp-block-spacer\"><\/div>\n\n\n\n<div class=\"wp-block-columns is-layout-flex wp-container-core-columns-is-layout-abceabcf wp-block-columns-is-layout-flex\">\n<div class=\"wp-block-column is-layout-flow wp-block-column-is-layout-flow\">\n<div class=\"wp-block-file\"><a id=\"wp-block-file--media-564660f8-0586-4a85-85bb-2832e8b9fb10\" href=\"https:\/\/site.ac-martinique.fr\/circonscription-marigot\/wp-content\/uploads\/sites\/126\/2022\/11\/Kontin-ek-Poezi.pdf\" target=\"_blank\" rel=\"noreferrer noopener\">Kontin-ek-Poezi<\/a><\/div>\n\n\n\n<div class=\"wp-block-file\"><a id=\"wp-block-file--media-543b8013-94be-4316-ae76-b4031f652141\" href=\"https:\/\/site.ac-martinique.fr\/circonscription-marigot\/wp-content\/uploads\/sites\/126\/2022\/11\/LAFET-PAK-MATINIK.pdf\" target=\"_blank\" rel=\"noreferrer noopener\">LAFET-PAK-MATINIK<\/a><\/div>\n\n\n\n<div class=\"wp-block-file\"><a id=\"wp-block-file--media-cc0d0ce1-780e-4a57-94c1-7c08ec0aaad7\" href=\"https:\/\/site.ac-martinique.fr\/circonscription-marigot\/wp-content\/uploads\/sites\/126\/2022\/11\/LE_CHENE_ET_LE_ROSEAU_TRADUCT_CREOLE.pdf\" target=\"_blank\" rel=\"noreferrer noopener\">LE_CHENE_ET_LE_ROSEAU_TRADUCT_CREOLE<\/a><\/div>\n<\/div>\n\n\n\n<div class=\"wp-block-column is-layout-flow wp-block-column-is-layout-flow\">\n<div class=\"wp-block-file\"><a id=\"wp-block-file--media-dc6f66ce-2e6c-43b4-9a0d-d48bcce15c18\" href=\"https:\/\/site.ac-martinique.fr\/circonscription-marigot\/wp-content\/uploads\/sites\/126\/2022\/11\/KONTIN-KREYOL.docx\" target=\"_blank\" rel=\"noreferrer noopener\">KONTIN-KREYOL<\/a><\/div>\n\n\n\n<div class=\"wp-block-file\"><a id=\"wp-block-file--media-5fc6595c-448b-4c1b-a3bd-4f916223bb59\" href=\"https:\/\/site.ac-martinique.fr\/circonscription-marigot\/wp-content\/uploads\/sites\/126\/2022\/11\/KONPE-LAPEN-EK-KONPE-LEFAN.docx\" target=\"_blank\" rel=\"noreferrer noopener\">KONPE-LAPEN-EK-KONPE-LEFAN<\/a><\/div>\n\n\n\n<div class=\"wp-block-file\"><a id=\"wp-block-file--media-ba043ad7-a54d-4d82-9a17-25da8d80f93a\" href=\"https:\/\/site.ac-martinique.fr\/circonscription-marigot\/wp-content\/uploads\/sites\/126\/2022\/11\/zagriyen-tjou-fe-fil.docx\" target=\"_blank\" rel=\"noreferrer noopener\">zagriyen-tjou-fe-fil<\/a><\/div>\n<\/div>\n<\/div>\n\n\n\n<h1 class=\"wp-block-heading has-text-align-center\"><strong>Dans nos \u00e9coles &#8230;<\/strong><\/h1>\n\n\n<ul class=\"wp-block-latest-posts__list is-grid columns-2 aligncenter tw-stretched-link wp-block-latest-posts\"><li><div class=\"wp-block-latest-posts__featured-image aligncenter\"><img decoding=\"async\" width=\"300\" height=\"80\" src=\"https:\/\/site.ac-martinique.fr\/circonscription-marigot\/wp-content\/uploads\/sites\/126\/2026\/01\/Capture-decran-2026-01-27-a-08.33.58-300x80.png\" class=\"attachment-medium size-medium wp-post-image\" alt=\"\" style=\"\" srcset=\"https:\/\/site.ac-martinique.fr\/circonscription-marigot\/wp-content\/uploads\/sites\/126\/2026\/01\/Capture-decran-2026-01-27-a-08.33.58-300x80.png 300w, https:\/\/site.ac-martinique.fr\/circonscription-marigot\/wp-content\/uploads\/sites\/126\/2026\/01\/Capture-decran-2026-01-27-a-08.33.58-1024x273.png 1024w, https:\/\/site.ac-martinique.fr\/circonscription-marigot\/wp-content\/uploads\/sites\/126\/2026\/01\/Capture-decran-2026-01-27-a-08.33.58-768x205.png 768w, https:\/\/site.ac-martinique.fr\/circonscription-marigot\/wp-content\/uploads\/sites\/126\/2026\/01\/Capture-decran-2026-01-27-a-08.33.58-1536x409.png 1536w, https:\/\/site.ac-martinique.fr\/circonscription-marigot\/wp-content\/uploads\/sites\/126\/2026\/01\/Capture-decran-2026-01-27-a-08.33.58-1320x352.png 1320w, https:\/\/site.ac-martinique.fr\/circonscription-marigot\/wp-content\/uploads\/sites\/126\/2026\/01\/Capture-decran-2026-01-27-a-08.33.58.png 2034w\" sizes=\"100vw\" \/><\/div><a class=\"wp-block-latest-posts__post-title\" href=\"https:\/\/site.ac-martinique.fr\/circonscription-marigot\/?p=2721\">Simenn kr\u00e9yol Isidore PIERRE-LOUIS &#8211; CM2 Man SCHOLASTIQUE<\/a><\/li>\n<li><div class=\"wp-block-latest-posts__featured-image aligncenter\"><img loading=\"lazy\" decoding=\"async\" width=\"300\" height=\"112\" src=\"https:\/\/site.ac-martinique.fr\/circonscription-marigot\/wp-content\/uploads\/sites\/126\/2026\/01\/Capture-decran-2026-01-26-a-08.45.02-300x112.png\" class=\"attachment-medium size-medium wp-post-image\" alt=\"\" style=\"\" srcset=\"https:\/\/site.ac-martinique.fr\/circonscription-marigot\/wp-content\/uploads\/sites\/126\/2026\/01\/Capture-decran-2026-01-26-a-08.45.02-300x112.png 300w, https:\/\/site.ac-martinique.fr\/circonscription-marigot\/wp-content\/uploads\/sites\/126\/2026\/01\/Capture-decran-2026-01-26-a-08.45.02-1024x382.png 1024w, https:\/\/site.ac-martinique.fr\/circonscription-marigot\/wp-content\/uploads\/sites\/126\/2026\/01\/Capture-decran-2026-01-26-a-08.45.02-768x287.png 768w, https:\/\/site.ac-martinique.fr\/circonscription-marigot\/wp-content\/uploads\/sites\/126\/2026\/01\/Capture-decran-2026-01-26-a-08.45.02.png 1200w\" sizes=\"100vw\" \/><\/div><a class=\"wp-block-latest-posts__post-title\" href=\"https:\/\/site.ac-martinique.fr\/circonscription-marigot\/?p=2712\">Moman kr\u00e9yol F\u00e9lix LORNE<\/a><\/li>\n<li><div class=\"wp-block-latest-posts__featured-image aligncenter\"><img loading=\"lazy\" decoding=\"async\" width=\"300\" height=\"143\" src=\"https:\/\/site.ac-martinique.fr\/circonscription-marigot\/wp-content\/uploads\/sites\/126\/2026\/01\/Capture-decran-2026-01-19-a-14.30.54-300x143.png\" class=\"attachment-medium size-medium wp-post-image\" alt=\"\" style=\"\" srcset=\"https:\/\/site.ac-martinique.fr\/circonscription-marigot\/wp-content\/uploads\/sites\/126\/2026\/01\/Capture-decran-2026-01-19-a-14.30.54-300x143.png 300w, https:\/\/site.ac-martinique.fr\/circonscription-marigot\/wp-content\/uploads\/sites\/126\/2026\/01\/Capture-decran-2026-01-19-a-14.30.54-1024x488.png 1024w, https:\/\/site.ac-martinique.fr\/circonscription-marigot\/wp-content\/uploads\/sites\/126\/2026\/01\/Capture-decran-2026-01-19-a-14.30.54-768x366.png 768w, https:\/\/site.ac-martinique.fr\/circonscription-marigot\/wp-content\/uploads\/sites\/126\/2026\/01\/Capture-decran-2026-01-19-a-14.30.54.png 1078w\" sizes=\"100vw\" \/><\/div><a class=\"wp-block-latest-posts__post-title\" href=\"https:\/\/site.ac-martinique.fr\/circonscription-marigot\/?p=2705\">Simenn Kr\u00e9yol Boutons d&rsquo;or<\/a><\/li>\n<li><div class=\"wp-block-latest-posts__featured-image aligncenter\"><img loading=\"lazy\" decoding=\"async\" width=\"300\" height=\"225\" src=\"https:\/\/site.ac-martinique.fr\/circonscription-marigot\/wp-content\/uploads\/sites\/126\/2025\/05\/2-edited-300x225.jpg\" class=\"attachment-medium size-medium wp-post-image\" alt=\"\" style=\"\" srcset=\"https:\/\/site.ac-martinique.fr\/circonscription-marigot\/wp-content\/uploads\/sites\/126\/2025\/05\/2-edited-300x225.jpg 300w, https:\/\/site.ac-martinique.fr\/circonscription-marigot\/wp-content\/uploads\/sites\/126\/2025\/05\/2-edited-768x576.jpg 768w, https:\/\/site.ac-martinique.fr\/circonscription-marigot\/wp-content\/uploads\/sites\/126\/2025\/05\/2-edited.jpg 794w\" sizes=\"100vw\" \/><\/div><a class=\"wp-block-latest-posts__post-title\" href=\"https:\/\/site.ac-martinique.fr\/circonscription-marigot\/?p=2407\">PS\/MS &#8211; an bel ti espektak lanwel l\u00e9kol Euloge ASTAR<\/a><\/li>\n<li><div class=\"wp-block-latest-posts__featured-image aligncenter\"><img loading=\"lazy\" decoding=\"async\" width=\"300\" height=\"148\" src=\"https:\/\/site.ac-martinique.fr\/circonscription-marigot\/wp-content\/uploads\/sites\/126\/2025\/01\/IMG-20250117-WA0057-e1737642966448-300x148.jpg\" class=\"attachment-medium size-medium wp-post-image\" alt=\"\" style=\"\" srcset=\"https:\/\/site.ac-martinique.fr\/circonscription-marigot\/wp-content\/uploads\/sites\/126\/2025\/01\/IMG-20250117-WA0057-e1737642966448-300x148.jpg 300w, https:\/\/site.ac-martinique.fr\/circonscription-marigot\/wp-content\/uploads\/sites\/126\/2025\/01\/IMG-20250117-WA0057-e1737642966448.jpg 423w\" sizes=\"100vw\" \/><\/div><a class=\"wp-block-latest-posts__post-title\" href=\"https:\/\/site.ac-martinique.fr\/circonscription-marigot\/?p=2140\">Kontan w\u00e8 zot bitasion senjak &#8211; l\u00e9kol Senjak ek Valantine BR\u00c9DAS.<\/a><\/li>\n<li><div class=\"wp-block-latest-posts__featured-image aligncenter\"><img loading=\"lazy\" decoding=\"async\" width=\"300\" height=\"225\" src=\"https:\/\/site.ac-martinique.fr\/circonscription-marigot\/wp-content\/uploads\/sites\/126\/2024\/12\/KOUS-AN-SAK-edited-300x225.jpg\" class=\"attachment-medium size-medium wp-post-image\" alt=\"\" style=\"\" srcset=\"https:\/\/site.ac-martinique.fr\/circonscription-marigot\/wp-content\/uploads\/sites\/126\/2024\/12\/KOUS-AN-SAK-edited-300x225.jpg 300w, https:\/\/site.ac-martinique.fr\/circonscription-marigot\/wp-content\/uploads\/sites\/126\/2024\/12\/KOUS-AN-SAK-edited-768x577.jpg 768w, https:\/\/site.ac-martinique.fr\/circonscription-marigot\/wp-content\/uploads\/sites\/126\/2024\/12\/KOUS-AN-SAK-edited.jpg 955w\" sizes=\"100vw\" \/><\/div><a class=\"wp-block-latest-posts__post-title\" href=\"https:\/\/site.ac-martinique.fr\/circonscription-marigot\/?p=2064\">Kr\u00e9yol ka ouv\u00e8 lapot Ritjil\u00e9<\/a><\/li>\n<li><div class=\"wp-block-latest-posts__featured-image aligncenter\"><img loading=\"lazy\" decoding=\"async\" width=\"300\" height=\"225\" src=\"https:\/\/site.ac-martinique.fr\/circonscription-marigot\/wp-content\/uploads\/sites\/126\/2024\/03\/WhatsApp-Image-2024-02-07-at-10.29.16-1-300x225.jpeg\" class=\"attachment-medium size-medium wp-post-image\" alt=\"\" style=\"\" srcset=\"https:\/\/site.ac-martinique.fr\/circonscription-marigot\/wp-content\/uploads\/sites\/126\/2024\/03\/WhatsApp-Image-2024-02-07-at-10.29.16-1-300x225.jpeg 300w, https:\/\/site.ac-martinique.fr\/circonscription-marigot\/wp-content\/uploads\/sites\/126\/2024\/03\/WhatsApp-Image-2024-02-07-at-10.29.16-1-1024x768.jpeg 1024w, https:\/\/site.ac-martinique.fr\/circonscription-marigot\/wp-content\/uploads\/sites\/126\/2024\/03\/WhatsApp-Image-2024-02-07-at-10.29.16-1-768x576.jpeg 768w, https:\/\/site.ac-martinique.fr\/circonscription-marigot\/wp-content\/uploads\/sites\/126\/2024\/03\/WhatsApp-Image-2024-02-07-at-10.29.16-1.jpeg 1280w\" sizes=\"100vw\" \/><\/div><a class=\"wp-block-latest-posts__post-title\" href=\"https:\/\/site.ac-martinique.fr\/circonscription-marigot\/?p=1504\">L&rsquo;\u00e9cole Berteau MARIE-ROSE \u00e0 la Case \u00e0 Manioc RAGALD<\/a><\/li>\n<li><div class=\"wp-block-latest-posts__featured-image aligncenter\"><img loading=\"lazy\" decoding=\"async\" width=\"300\" height=\"195\" src=\"https:\/\/site.ac-martinique.fr\/circonscription-marigot\/wp-content\/uploads\/sites\/126\/2023\/11\/WhatsApp-Image-2023-11-24-at-14.15.06-2-300x195.jpeg\" class=\"attachment-medium size-medium wp-post-image\" alt=\"\" style=\"\" srcset=\"https:\/\/site.ac-martinique.fr\/circonscription-marigot\/wp-content\/uploads\/sites\/126\/2023\/11\/WhatsApp-Image-2023-11-24-at-14.15.06-2-300x195.jpeg 300w, https:\/\/site.ac-martinique.fr\/circonscription-marigot\/wp-content\/uploads\/sites\/126\/2023\/11\/WhatsApp-Image-2023-11-24-at-14.15.06-2-1024x667.jpeg 1024w, https:\/\/site.ac-martinique.fr\/circonscription-marigot\/wp-content\/uploads\/sites\/126\/2023\/11\/WhatsApp-Image-2023-11-24-at-14.15.06-2-768x500.jpeg 768w, https:\/\/site.ac-martinique.fr\/circonscription-marigot\/wp-content\/uploads\/sites\/126\/2023\/11\/WhatsApp-Image-2023-11-24-at-14.15.06-2-1536x1000.jpeg 1536w, https:\/\/site.ac-martinique.fr\/circonscription-marigot\/wp-content\/uploads\/sites\/126\/2023\/11\/WhatsApp-Image-2023-11-24-at-14.15.06-2-1320x860.jpeg 1320w, https:\/\/site.ac-martinique.fr\/circonscription-marigot\/wp-content\/uploads\/sites\/126\/2023\/11\/WhatsApp-Image-2023-11-24-at-14.15.06-2.jpeg 1600w\" sizes=\"100vw\" \/><\/div><a class=\"wp-block-latest-posts__post-title\" href=\"https:\/\/site.ac-martinique.fr\/circonscription-marigot\/?p=1276\">Les tenues traditionnelles martiniquaises \u00e0 Berteau MARIE-ROSE<\/a><\/li>\n<li><div class=\"wp-block-latest-posts__featured-image aligncenter\"><img loading=\"lazy\" decoding=\"async\" width=\"300\" height=\"111\" src=\"https:\/\/site.ac-martinique.fr\/circonscription-marigot\/wp-content\/uploads\/sites\/126\/2023\/11\/Capture-decran-2023-11-09-a-10.41.45-300x111.png\" class=\"attachment-medium size-medium wp-post-image\" alt=\"\" style=\"\" srcset=\"https:\/\/site.ac-martinique.fr\/circonscription-marigot\/wp-content\/uploads\/sites\/126\/2023\/11\/Capture-decran-2023-11-09-a-10.41.45-300x111.png 300w, https:\/\/site.ac-martinique.fr\/circonscription-marigot\/wp-content\/uploads\/sites\/126\/2023\/11\/Capture-decran-2023-11-09-a-10.41.45-768x283.png 768w, https:\/\/site.ac-martinique.fr\/circonscription-marigot\/wp-content\/uploads\/sites\/126\/2023\/11\/Capture-decran-2023-11-09-a-10.41.45.png 846w\" sizes=\"100vw\" \/><\/div><a class=\"wp-block-latest-posts__post-title\" href=\"https:\/\/site.ac-martinique.fr\/circonscription-marigot\/?p=1206\">Pri dous\u00e8 p\u00e9yi-a Berto MARI-WOZ<\/a><\/li>\n<li><div class=\"wp-block-latest-posts__featured-image aligncenter\"><img loading=\"lazy\" decoding=\"async\" width=\"300\" height=\"138\" src=\"https:\/\/site.ac-martinique.fr\/circonscription-marigot\/wp-content\/uploads\/sites\/126\/2023\/07\/Se-timanmay-la-te-bien-jwa-mesi-asosiyasion-pou-travay-la-300x138.jpg\" class=\"attachment-medium size-medium wp-post-image\" alt=\"\" style=\"\" srcset=\"https:\/\/site.ac-martinique.fr\/circonscription-marigot\/wp-content\/uploads\/sites\/126\/2023\/07\/Se-timanmay-la-te-bien-jwa-mesi-asosiyasion-pou-travay-la-300x138.jpg 300w, https:\/\/site.ac-martinique.fr\/circonscription-marigot\/wp-content\/uploads\/sites\/126\/2023\/07\/Se-timanmay-la-te-bien-jwa-mesi-asosiyasion-pou-travay-la-1024x472.jpg 1024w, https:\/\/site.ac-martinique.fr\/circonscription-marigot\/wp-content\/uploads\/sites\/126\/2023\/07\/Se-timanmay-la-te-bien-jwa-mesi-asosiyasion-pou-travay-la-768x354.jpg 768w, https:\/\/site.ac-martinique.fr\/circonscription-marigot\/wp-content\/uploads\/sites\/126\/2023\/07\/Se-timanmay-la-te-bien-jwa-mesi-asosiyasion-pou-travay-la.jpg 1360w\" sizes=\"100vw\" \/><\/div><a class=\"wp-block-latest-posts__post-title\" href=\"https:\/\/site.ac-martinique.fr\/circonscription-marigot\/?p=933\">LASOT\u00c8 PA KOT\u00c9 BOUTONS D&rsquo;OR<\/a><\/li>\n<\/ul>","protected":false},"excerpt":{"rendered":"<p>Actions p\u00e9dagogiques LVR Dossier p\u00e9dagogique pour P\u00e2ques : Ce document est perfectible et il sera am\u00e9lior\u00e9 prochainement. (voir) Podcast LVR &hellip; <\/p>\n<p class=\"link-more\"><a href=\"https:\/\/site.ac-martinique.fr\/circonscription-marigot\/?page_id=294\" class=\"more-link\">Lire la suite&#8230;<span class=\"screen-reader-text\"> \u00ab\u00a0Langues Vivantes R\u00e9gionales\u00a0\u00bb<\/span><\/a><\/p>\n","protected":false},"author":390,"featured_media":0,"parent":23,"menu_order":0,"comment_status":"closed","ping_status":"closed","template":"","meta":{"episode_type":"","audio_file":"","podmotor_file_id":"","podmotor_episode_id":"","cover_image":"","cover_image_id":"","duration":"","filesize":"","filesize_raw":"","date_recorded":"","explicit":"","block":"","itunes_episode_number":"","itunes_title":"","itunes_season_number":"","itunes_episode_type":"","footnotes":""},"class_list":["post-294","page","type-page","status-publish","hentry"],"_links":{"self":[{"href":"https:\/\/site.ac-martinique.fr\/circonscription-marigot\/index.php?rest_route=\/wp\/v2\/pages\/294","targetHints":{"allow":["GET"]}}],"collection":[{"href":"https:\/\/site.ac-martinique.fr\/circonscription-marigot\/index.php?rest_route=\/wp\/v2\/pages"}],"about":[{"href":"https:\/\/site.ac-martinique.fr\/circonscription-marigot\/index.php?rest_route=\/wp\/v2\/types\/page"}],"author":[{"embeddable":true,"href":"https:\/\/site.ac-martinique.fr\/circonscription-marigot\/index.php?rest_route=\/wp\/v2\/users\/390"}],"replies":[{"embeddable":true,"href":"https:\/\/site.ac-martinique.fr\/circonscription-marigot\/index.php?rest_route=%2Fwp%2Fv2%2Fcomments&post=294"}],"version-history":[{"count":24,"href":"https:\/\/site.ac-martinique.fr\/circonscription-marigot\/index.php?rest_route=\/wp\/v2\/pages\/294\/revisions"}],"predecessor-version":[{"id":1752,"href":"https:\/\/site.ac-martinique.fr\/circonscription-marigot\/index.php?rest_route=\/wp\/v2\/pages\/294\/revisions\/1752"}],"up":[{"embeddable":true,"href":"https:\/\/site.ac-martinique.fr\/circonscription-marigot\/index.php?rest_route=\/wp\/v2\/pages\/23"}],"wp:attachment":[{"href":"https:\/\/site.ac-martinique.fr\/circonscription-marigot\/index.php?rest_route=%2Fwp%2Fv2%2Fmedia&parent=294"}],"curies":[{"name":"wp","href":"https:\/\/api.w.org\/{rel}","templated":true}]}}