{"id":534,"date":"2023-03-13T15:42:47","date_gmt":"2023-03-13T19:42:47","guid":{"rendered":"https:\/\/site.ac-martinique.fr\/circonscription-marigot\/?page_id=534"},"modified":"2024-09-13T10:16:28","modified_gmt":"2024-09-13T14:16:28","slug":"tutoriels-a-destination-des-parents","status":"publish","type":"page","link":"https:\/\/site.ac-martinique.fr\/circonscription-marigot\/?page_id=534","title":{"rendered":"Tutoriels \u00e0 destination des parents"},"content":{"rendered":"\n<div class=\"wp-block-media-text alignwide has-media-on-the-right is-stacked-on-mobile is-vertically-aligned-center tw-stack-md\" style=\"grid-template-columns:auto 44%\"><div class=\"wp-block-media-text__content\">\n<h2 class=\"wp-block-heading has-vivid-green-cyan-color has-text-color\"><strong>J&rsquo;ai oubli\u00e9 mon mot de passe \u00c9duconnect<\/strong><\/h2>\n\n\n\n<ol class=\"wp-block-list has-black-color has-text-color\">\n<li>Sur la page de connexion \u00c9duConnect, cliquez sur le lien \u00ab\u00a0Mot de passe oubli\u00e9\u00a0\u00bb.<\/li>\n\n\n\n<li>Renseignez votre identifiant.<\/li>\n\n\n\n<li>S\u00e9lectionnez le moyen de r\u00e9initialisation du mot de passe : par SMS ou par mail.<\/li>\n\n\n\n<li>Vous recevrez un code par SMS ou un lien par mail vous permettant de r\u00e9initialiser votre mot de passe.<\/li>\n<\/ol>\n<\/div><figure class=\"wp-block-media-text__media\"><img fetchpriority=\"high\" decoding=\"async\" width=\"1024\" height=\"766\" src=\"https:\/\/site.ac-martinique.fr\/circonscription-marigot\/wp-content\/uploads\/sites\/126\/2023\/03\/identification-1-1024x766.png\" alt=\"\" class=\"wp-image-640 size-full\" srcset=\"https:\/\/site.ac-martinique.fr\/circonscription-marigot\/wp-content\/uploads\/sites\/126\/2023\/03\/identification-1-1024x766.png 1024w, https:\/\/site.ac-martinique.fr\/circonscription-marigot\/wp-content\/uploads\/sites\/126\/2023\/03\/identification-1-300x224.png 300w, https:\/\/site.ac-martinique.fr\/circonscription-marigot\/wp-content\/uploads\/sites\/126\/2023\/03\/identification-1-768x574.png 768w, https:\/\/site.ac-martinique.fr\/circonscription-marigot\/wp-content\/uploads\/sites\/126\/2023\/03\/identification-1.png 1230w\" sizes=\"(max-width: 767px) 89vw, (max-width: 1000px) 54vw, (max-width: 1071px) 543px, 580px\" \/><\/figure><\/div>\n\n\n\n<div class=\"wp-block-group alignfull\"><div class=\"wp-block-group__inner-container is-layout-flow wp-block-group-is-layout-flow\">\n<div class=\"wp-block-media-text alignwide is-stacked-on-mobile is-vertically-aligned-center tw-stack-md\" style=\"grid-template-columns:44% auto\"><figure class=\"wp-block-media-text__media\"><img decoding=\"async\" width=\"1024\" height=\"802\" src=\"https:\/\/site.ac-martinique.fr\/circonscription-marigot\/wp-content\/uploads\/sites\/126\/2023\/03\/identifiant-oublie-1024x802.png\" alt=\"\" class=\"wp-image-641 size-full\" srcset=\"https:\/\/site.ac-martinique.fr\/circonscription-marigot\/wp-content\/uploads\/sites\/126\/2023\/03\/identifiant-oublie-1024x802.png 1024w, https:\/\/site.ac-martinique.fr\/circonscription-marigot\/wp-content\/uploads\/sites\/126\/2023\/03\/identifiant-oublie-300x235.png 300w, https:\/\/site.ac-martinique.fr\/circonscription-marigot\/wp-content\/uploads\/sites\/126\/2023\/03\/identifiant-oublie-768x602.png 768w, https:\/\/site.ac-martinique.fr\/circonscription-marigot\/wp-content\/uploads\/sites\/126\/2023\/03\/identifiant-oublie.png 1164w\" sizes=\"(max-width: 767px) 89vw, (max-width: 1000px) 54vw, (max-width: 1071px) 543px, 580px\" \/><\/figure><div class=\"wp-block-media-text__content\">\n<h2 class=\"wp-block-heading has-vivid-green-cyan-color has-text-color\"><strong>J&rsquo;ai oubli\u00e9 mon identifiant<\/strong><\/h2>\n\n\n\n<ol class=\"wp-block-list\">\n<li>Sur la page de connexion \u00c9duConnect, cliquez sur le lien \u00ab\u00a0Identifiant oubli\u00e9\u00a0\u00bb.<\/li>\n\n\n\n<li>Choisissez le mode de r\u00e9cup\u00e9ration de votre identifiant : par SMS ou par mail.<\/li>\n\n\n\n<li>Indiquez votre num\u00e9ro de t\u00e9l\u00e9phone OU votre mail et cliquez sur le bouton \u00ab\u00a0suivant\u00a0\u00bb.<\/li>\n\n\n\n<li>Vous recevez votre identifiant par SMS OU par mail.<\/li>\n<\/ol>\n<\/div><\/div>\n<\/div><\/div>\n\n\n\n<p class=\"has-light-green-cyan-color has-text-color\"><em>Pour plus d&rsquo;aide sur \u00c9duconnect vous pouvez consulter la FAQ<\/em> ( <a rel=\"noreferrer noopener\" href=\"https:\/\/educonnect.education.gouv.fr\/educt-aide\/aide\/\" target=\"_blank\">ici<\/a> )<\/p>\n\n\n\n<hr class=\"wp-block-separator has-alpha-channel-opacity\"\/>\n\n\n\n<h2 class=\"wp-block-heading has-vivid-green-cyan-color has-text-color\">Comment consulter le <strong>Livret Scolaire Unique<\/strong> (LSU) de mon(mes) enfant(s) ?<\/h2>\n\n\n\n<p><a rel=\"noreferrer noopener\" href=\"https:\/\/tube-numerique-educatif.apps.education.fr\/w\/qnGgqPFNgfM6fCiXaCJRyE\" target=\"_blank\">Visionnez le tutoriel (ici)<\/a>  ou suivez les \u00e9tapes ci-dessous :<\/p>\n\n\n\n<p><em>1. Aller sur\u00a0<\/em><a href=\"https:\/\/educonnect.education.gouv.fr\/\">https:\/\/educonnect.education.gouv.fr\/<\/a><br><em>2. Entrer son identifiant et son mot de passe;<\/em><br><em>3. Une fois connect\u00e9, cliquer sur \u00ab\u00a0Mes services\u00a0\u00bb<\/em><br><em>4. Les diff\u00e9rents livrets apparaissent (les ann\u00e9es ant\u00e9rieurs et l&rsquo;ann\u00e9e en cours).<\/em><\/p>\n\n\n\n<hr class=\"wp-block-separator has-alpha-channel-opacity\"\/>\n\n\n\n<p class=\"has-vivid-green-cyan-color has-text-color\"><strong>ENT Colibri<\/strong> : Comment installer <strong>One Pocket<\/strong> sur mon t\u00e9l\u00e9phone ?<\/p>\n\n\n\n<p><a href=\"https:\/\/tube-numerique-educatif.apps.education.fr\/w\/6fbHTHZ5HA38aT75AHG6pM\" target=\"_blank\" rel=\"noreferrer noopener\">Vid\u00e9o tutoriel (ici)<\/a> <\/p>\n\n\n\n<hr class=\"wp-block-separator has-alpha-channel-opacity\"\/>\n\n\n\n<h2 class=\"wp-block-heading has-vivid-green-cyan-color has-text-color\"><strong>Comment me connecter \u00e0 l&rsquo;ENT Colibri ?<\/strong><\/h2>\n\n\n\n<div class=\"wp-block-file\"><a id=\"wp-block-file--media-a405526d-96ca-41d4-a998-46b85ca0824a\" href=\"https:\/\/site.ac-martinique.fr\/circonscription-marigot\/wp-content\/uploads\/sites\/126\/2023\/09\/Comment-me-connecter-a-lENT-Colibri.pdf\" target=\"_blank\" rel=\"noreferrer noopener\">Comment me connecter a l&rsquo;ENT Colibri<\/a><\/div>\n","protected":false},"excerpt":{"rendered":"<p>J&rsquo;ai oubli\u00e9 mon identifiant Pour plus d&rsquo;aide sur \u00c9duconnect vous pouvez consulter la FAQ ( ici ) Comment consulter le &hellip; <\/p>\n<p class=\"link-more\"><a href=\"https:\/\/site.ac-martinique.fr\/circonscription-marigot\/?page_id=534\" class=\"more-link\">Lire la suite&#8230;<span class=\"screen-reader-text\"> \u00ab\u00a0Tutoriels \u00e0 destination des parents\u00a0\u00bb<\/span><\/a><\/p>\n","protected":false},"author":390,"featured_media":0,"parent":509,"menu_order":0,"comment_status":"closed","ping_status":"closed","template":"","meta":{"episode_type":"","audio_file":"","podmotor_file_id":"","podmotor_episode_id":"","cover_image":"","cover_image_id":"","duration":"","filesize":"","filesize_raw":"","date_recorded":"","explicit":"","block":"","itunes_episode_number":"","itunes_title":"","itunes_season_number":"","itunes_episode_type":"","footnotes":""},"class_list":["post-534","page","type-page","status-publish","hentry"],"_links":{"self":[{"href":"https:\/\/site.ac-martinique.fr\/circonscription-marigot\/index.php?rest_route=\/wp\/v2\/pages\/534","targetHints":{"allow":["GET"]}}],"collection":[{"href":"https:\/\/site.ac-martinique.fr\/circonscription-marigot\/index.php?rest_route=\/wp\/v2\/pages"}],"about":[{"href":"https:\/\/site.ac-martinique.fr\/circonscription-marigot\/index.php?rest_route=\/wp\/v2\/types\/page"}],"author":[{"embeddable":true,"href":"https:\/\/site.ac-martinique.fr\/circonscription-marigot\/index.php?rest_route=\/wp\/v2\/users\/390"}],"replies":[{"embeddable":true,"href":"https:\/\/site.ac-martinique.fr\/circonscription-marigot\/index.php?rest_route=%2Fwp%2Fv2%2Fcomments&post=534"}],"version-history":[{"count":19,"href":"https:\/\/site.ac-martinique.fr\/circonscription-marigot\/index.php?rest_route=\/wp\/v2\/pages\/534\/revisions"}],"predecessor-version":[{"id":1755,"href":"https:\/\/site.ac-martinique.fr\/circonscription-marigot\/index.php?rest_route=\/wp\/v2\/pages\/534\/revisions\/1755"}],"up":[{"embeddable":true,"href":"https:\/\/site.ac-martinique.fr\/circonscription-marigot\/index.php?rest_route=\/wp\/v2\/pages\/509"}],"wp:attachment":[{"href":"https:\/\/site.ac-martinique.fr\/circonscription-marigot\/index.php?rest_route=%2Fwp%2Fv2%2Fmedia&parent=534"}],"curies":[{"name":"wp","href":"https:\/\/api.w.org\/{rel}","templated":true}]}}