{"id":570,"date":"2023-03-13T15:44:08","date_gmt":"2023-03-13T19:44:08","guid":{"rendered":"https:\/\/site.ac-martinique.fr\/circonscription-marigot\/?page_id=570"},"modified":"2026-01-06T08:14:54","modified_gmt":"2026-01-06T12:14:54","slug":"tutoriel-a-destination-des-enseignants","status":"publish","type":"page","link":"https:\/\/site.ac-martinique.fr\/circonscription-marigot\/?page_id=570","title":{"rendered":"Tutoriel \u00e0 destination des enseignants"},"content":{"rendered":"\n<div class=\"wp-block-file\"><a id=\"wp-block-file--media-98604d2a-8a6b-49fc-a020-619e11a936b7\" href=\"https:\/\/site.ac-martinique.fr\/circonscription-marigot\/wp-content\/uploads\/sites\/126\/2023\/03\/Tuto-minuter-son-diaporama.pdf\" target=\"_blank\" rel=\"noreferrer noopener\"><strong>Tuto minuter son diaporama<\/strong><\/a><\/div>\n\n\n\n<hr class=\"wp-block-separator has-alpha-channel-opacity\"\/>\n\n\n\n<p class=\"has-text-align-center has-vivid-purple-color has-text-color has-medium-font-size\"><strong>Peertubes :<\/strong><\/p>\n\n\n\n<p><a rel=\"noreferrer noopener\" href=\"https:\/\/tube-numerique-educatif.apps.education.fr\/w\/uBUbWDZNiUddFf5XNcsPoP\" target=\"_blank\">Se connecter \u00e0 Peertubes<\/a><\/p>\n\n\n\n<p><a href=\"https:\/\/tube-numerique-educatif.apps.education.fr\/w\/7jYhb5cGv22hLDFLJ7yJaS\" target=\"_blank\" rel=\"noreferrer noopener\">Comment utiliser Peertube pour t\u00e9l\u00e9verser ses propres vid\u00e9os ?<\/a><\/p>\n\n\n\n<hr class=\"wp-block-separator has-alpha-channel-opacity\"\/>\n\n\n\n<h2 class=\"wp-block-heading has-text-align-center has-vivid-purple-color has-text-color\"><strong>SOGO<\/strong> : <\/h2>\n\n\n\n<div class=\"wp-block-file\"><a id=\"wp-block-file--media-6f2264af-11cd-4363-9b33-cbebb584bd70\" href=\"https:\/\/site.ac-martinique.fr\/circonscription-marigot\/wp-content\/uploads\/sites\/126\/2026\/01\/Modifier-sa-signature-sur-la-nouvelle-messagerie-SOGO.pdf\" target=\"_blank\" rel=\"noreferrer noopener\">Modifier-sa-signature-sur-la-messagerie-SOGO<\/a><\/div>\n\n\n\n<div class=\"wp-block-file\"><a id=\"wp-block-file--media-79b260e3-6fd3-4899-9b9d-8e71db7925ad\" href=\"https:\/\/site.ac-martinique.fr\/circonscription-marigot\/wp-content\/uploads\/sites\/126\/2023\/10\/Creer-des-dossiers-dans-SOGO.pdf\" target=\"_blank\" rel=\"noreferrer noopener\">Creer des dossiers dans SOGO<\/a><\/div>\n\n\n\n<div class=\"wp-block-file\"><a id=\"wp-block-file--media-4a7b4fc3-204e-468b-8d72-4404d91a7fec\" href=\"https:\/\/site.ac-martinique.fr\/circonscription-marigot\/wp-content\/uploads\/sites\/126\/2023\/10\/tranfert-de-mail-sur-une-autre-boite-mail.pdf\" target=\"_blank\" rel=\"noreferrer noopener\">Tranfert de mails sur une autre boite mail<\/a><\/div>\n\n\n\n<div class=\"wp-block-file\"><a id=\"wp-block-file--media-f8e04f85-585f-47d4-ac19-c639ecb223ca\" href=\"https:\/\/site.ac-martinique.fr\/circonscription-marigot\/wp-content\/uploads\/sites\/126\/2023\/12\/Creer-une-liste-de-diffusion-sur-SOGO.pdf\" target=\"_blank\" rel=\"noreferrer noopener\">Cr\u00e9er une liste de diffusion sur SOGO<\/a><\/div>\n\n\n\n<hr class=\"wp-block-separator has-alpha-channel-opacity\"\/>\n\n\n\n<h2 class=\"wp-block-heading has-text-align-center has-vivid-purple-color has-text-color has-medium-font-size\"><strong>ENT Colibri :<\/strong><\/h2>\n\n\n\n<div class=\"wp-block-file\"><a id=\"wp-block-file--media-d994b54d-b150-4d05-afad-317c0ecbbb49\" href=\"https:\/\/site.ac-martinique.fr\/circonscription-marigot\/wp-content\/uploads\/sites\/126\/2023\/03\/tutoriel-acces-edumalin-en-3-clics.pdf\" target=\"_blank\" rel=\"noreferrer noopener\">tutoriel acc\u00e8s edumalin en 3 clics<\/a><\/div>\n\n\n\n<div class=\"wp-block-file\"><a id=\"wp-block-file--media-a8627bc0-5867-434d-8f46-cd6b104281fa\" href=\"https:\/\/site.ac-martinique.fr\/circonscription-marigot\/wp-content\/uploads\/sites\/126\/2023\/03\/Creer-un-ou-des-groupes-de-partage.pdf\" target=\"_blank\" rel=\"noreferrer noopener\">Cr\u00e9er un ou des groupes de partage<\/a><\/div>\n\n\n\n<div class=\"wp-block-columns is-layout-flex wp-container-core-columns-is-layout-abceabcf wp-block-columns-is-layout-flex\">\n<div class=\"wp-block-column is-layout-flow wp-block-column-is-layout-flow\">\n<p><strong>ENT Colibri sur mon t\u00e9l\u00e9phone :<\/strong><\/p>\n<\/div>\n\n\n\n<div class=\"wp-block-column is-layout-flow wp-block-column-is-layout-flow\">\n<p class=\"has-text-align-left\"><a href=\"https:\/\/tube-numerique-educatif.apps.education.fr\/w\/6fbHTHZ5HA38aT75AHG6pM\" target=\"_blank\" rel=\"noreferrer noopener\">Installer \u00ab\u00a0ONE Pocket\u00a0\u00bb<\/a><\/p>\n<\/div>\n<\/div>\n\n\n\n<p>Plus de tutoriel sur l&rsquo;ENT Colibri <a href=\"https:\/\/sites.google.com\/site\/erunmarigot\/les-tutoriels-de-colibri\" target=\"_blank\" rel=\"noreferrer noopener\">ici<\/a><\/p>\n\n\n\n<hr class=\"wp-block-separator has-alpha-channel-opacity\"\/>\n\n\n\n<h2 class=\"wp-block-heading has-text-align-center has-vivid-purple-color has-text-color\"><strong>Nuage : <\/strong><\/h2>\n\n\n\n<p><a href=\"https:\/\/tube-numerique-educatif.apps.education.fr\/w\/frFUZfkTHoaEe9coTpRDR9\" target=\"_blank\" rel=\"noreferrer noopener\">Tutoriel Nuage Apps Education<\/a><\/p>\n","protected":false},"excerpt":{"rendered":"<p>Peertubes : Se connecter \u00e0 Peertubes Comment utiliser Peertube pour t\u00e9l\u00e9verser ses propres vid\u00e9os ? SOGO : ENT Colibri : &hellip; <\/p>\n<p class=\"link-more\"><a href=\"https:\/\/site.ac-martinique.fr\/circonscription-marigot\/?page_id=570\" class=\"more-link\">Lire la suite&#8230;<span class=\"screen-reader-text\"> \u00ab\u00a0Tutoriel \u00e0 destination des enseignants\u00a0\u00bb<\/span><\/a><\/p>\n","protected":false},"author":390,"featured_media":0,"parent":509,"menu_order":0,"comment_status":"closed","ping_status":"closed","template":"","meta":{"episode_type":"","audio_file":"","podmotor_file_id":"","podmotor_episode_id":"","cover_image":"","cover_image_id":"","duration":"","filesize":"","filesize_raw":"","date_recorded":"","explicit":"","block":"","itunes_episode_number":"","itunes_title":"","itunes_season_number":"","itunes_episode_type":"","footnotes":""},"class_list":["post-570","page","type-page","status-publish","hentry"],"_links":{"self":[{"href":"https:\/\/site.ac-martinique.fr\/circonscription-marigot\/index.php?rest_route=\/wp\/v2\/pages\/570","targetHints":{"allow":["GET"]}}],"collection":[{"href":"https:\/\/site.ac-martinique.fr\/circonscription-marigot\/index.php?rest_route=\/wp\/v2\/pages"}],"about":[{"href":"https:\/\/site.ac-martinique.fr\/circonscription-marigot\/index.php?rest_route=\/wp\/v2\/types\/page"}],"author":[{"embeddable":true,"href":"https:\/\/site.ac-martinique.fr\/circonscription-marigot\/index.php?rest_route=\/wp\/v2\/users\/390"}],"replies":[{"embeddable":true,"href":"https:\/\/site.ac-martinique.fr\/circonscription-marigot\/index.php?rest_route=%2Fwp%2Fv2%2Fcomments&post=570"}],"version-history":[{"count":40,"href":"https:\/\/site.ac-martinique.fr\/circonscription-marigot\/index.php?rest_route=\/wp\/v2\/pages\/570\/revisions"}],"predecessor-version":[{"id":2693,"href":"https:\/\/site.ac-martinique.fr\/circonscription-marigot\/index.php?rest_route=\/wp\/v2\/pages\/570\/revisions\/2693"}],"up":[{"embeddable":true,"href":"https:\/\/site.ac-martinique.fr\/circonscription-marigot\/index.php?rest_route=\/wp\/v2\/pages\/509"}],"wp:attachment":[{"href":"https:\/\/site.ac-martinique.fr\/circonscription-marigot\/index.php?rest_route=%2Fwp%2Fv2%2Fmedia&parent=570"}],"curies":[{"name":"wp","href":"https:\/\/api.w.org\/{rel}","templated":true}]}}