{"id":661,"date":"2023-03-30T21:34:28","date_gmt":"2023-03-31T01:34:28","guid":{"rendered":"https:\/\/site.ac-martinique.fr\/circonscription-marigot\/?page_id=661"},"modified":"2024-03-12T10:50:48","modified_gmt":"2024-03-12T14:50:48","slug":"mathematiques","status":"publish","type":"page","link":"https:\/\/site.ac-martinique.fr\/circonscription-marigot\/?page_id=661","title":{"rendered":"Math\u00e9matiques"},"content":{"rendered":"<div class=\"wp-block-image is-style-rounded\">\n<figure class=\"aligncenter size-full\"><img fetchpriority=\"high\" decoding=\"async\" width=\"940\" height=\"198\" src=\"https:\/\/site.ac-martinique.fr\/circonscription-marigot\/wp-content\/uploads\/sites\/126\/2023\/03\/bandeau-2021.jpg\" alt=\"\" class=\"wp-image-667\" srcset=\"https:\/\/site.ac-martinique.fr\/circonscription-marigot\/wp-content\/uploads\/sites\/126\/2023\/03\/bandeau-2021.jpg 940w, https:\/\/site.ac-martinique.fr\/circonscription-marigot\/wp-content\/uploads\/sites\/126\/2023\/03\/bandeau-2021-300x63.jpg 300w, https:\/\/site.ac-martinique.fr\/circonscription-marigot\/wp-content\/uploads\/sites\/126\/2023\/03\/bandeau-2021-768x162.jpg 768w\" sizes=\"(max-width: 767px) 89vw, (max-width: 1000px) 54vw, (max-width: 1071px) 543px, 580px\" \/><\/figure>\n<\/div>\n\n\n<figure class=\"wp-block-embed is-type-wp-embed is-provider-circonscription-du-marigot wp-block-embed-circonscription-du-marigot\"><div class=\"wp-block-embed__wrapper\">\n<blockquote class=\"wp-embedded-content\" data-secret=\"NA3XRoYpOG\"><a href=\"https:\/\/site.ac-martinique.fr\/circonscription-marigot\/?p=1122\">Les petits Matheux<\/a><\/blockquote><iframe class=\"wp-embedded-content\" sandbox=\"allow-scripts\" security=\"restricted\" style=\"position: absolute; clip: rect(1px, 1px, 1px, 1px);\" title=\"\u00ab\u00a0Les petits Matheux\u00a0\u00bb &#8212; Circonscription du Marigot\" src=\"https:\/\/site.ac-martinique.fr\/circonscription-marigot\/?p=1122&#038;embed=true#?secret=zRtHqFdyoT#?secret=NA3XRoYpOG\" data-secret=\"NA3XRoYpOG\" width=\"500\" height=\"282\" frameborder=\"0\" marginwidth=\"0\" marginheight=\"0\" scrolling=\"no\"><\/iframe>\n<\/div><\/figure>\n\n\n\n<h2 class=\"wp-block-heading has-vivid-cyan-blue-color has-text-color\"><strong>Plan de continuit\u00e9 p\u00e9dagogique &#8211; mission math\u00e9matique 1er degr\u00e9<\/strong><\/h2>\n\n\n\n<div data-wp-interactive=\"core\/file\" class=\"wp-block-file\"><object data-wp-bind--hidden=\"!state.hasPdfPreview\" hidden class=\"wp-block-file__embed\" data=\"https:\/\/site.ac-martinique.fr\/circonscription-marigot\/wp-content\/uploads\/sites\/126\/2023\/03\/Continuite-pedagogique_-Fiche-action-en-mathematiques-septembre-2021.pdf\" type=\"application\/pdf\" style=\"width:100%;height:460px\" aria-label=\"Contenu embarqu\u00e9 Continuite-pedagogique_-Fiche-action-en-mathematiques-septembre-2021.\"><\/object><a id=\"wp-block-file--media-9ae4e39a-4232-4677-b4d8-fd85815ffb1c\" href=\"https:\/\/site.ac-martinique.fr\/circonscription-marigot\/wp-content\/uploads\/sites\/126\/2023\/03\/Continuite-pedagogique_-Fiche-action-en-mathematiques-septembre-2021.pdf\">Continuite-pedagogique_-Fiche-action-en-mathematiques-septembre-2021<\/a><a href=\"https:\/\/site.ac-martinique.fr\/circonscription-marigot\/wp-content\/uploads\/sites\/126\/2023\/03\/Continuite-pedagogique_-Fiche-action-en-mathematiques-septembre-2021.pdf\" class=\"wp-block-file__button wp-element-button\" download aria-describedby=\"wp-block-file--media-9ae4e39a-4232-4677-b4d8-fd85815ffb1c\">T\u00e9l\u00e9charger<\/a><\/div>\n\n\n\n<hr class=\"wp-block-separator has-alpha-channel-opacity\"\/>\n\n\n\n<p class=\"has-black-color has-text-color\">Site de la mission math\u00e9matique 1 degr\u00e9 Martinique : <br><a href=\"https:\/\/site.ac-martinique.fr\/pole-maths\/\" target=\"_blank\" rel=\"noreferrer noopener\">https:\/\/site.ac-martinique.fr\/pole-maths\/<\/a><\/p>\n\n\n\n<hr class=\"wp-block-separator has-alpha-channel-opacity\"\/>\n\n\n\n<h2 class=\"wp-block-heading has-vivid-cyan-blue-color has-text-color\"><strong>Photos probl\u00e8mes de la circonscription du Marigot :<\/strong><\/h2>\n\n\n\n<p><em>(\u00e0 venir)<\/em><\/p>\n\n\n\n<h1 class=\"wp-block-heading has-text-align-center\"><strong>Dans nos \u00e9coles &#8230;<\/strong><\/h1>\n\n\n<ul class=\"wp-block-latest-posts__list is-grid columns-2 aligncenter tw-stretched-link wp-block-latest-posts\"><li><div class=\"wp-block-latest-posts__featured-image aligncenter\"><img decoding=\"async\" width=\"300\" height=\"138\" src=\"https:\/\/site.ac-martinique.fr\/circonscription-marigot\/wp-content\/uploads\/sites\/126\/2025\/06\/IMG_7277-300x138.jpeg\" class=\"attachment-medium size-medium wp-post-image\" alt=\"\" style=\"\" srcset=\"https:\/\/site.ac-martinique.fr\/circonscription-marigot\/wp-content\/uploads\/sites\/126\/2025\/06\/IMG_7277-300x138.jpeg 300w, https:\/\/site.ac-martinique.fr\/circonscription-marigot\/wp-content\/uploads\/sites\/126\/2025\/06\/IMG_7277-1024x472.jpeg 1024w, https:\/\/site.ac-martinique.fr\/circonscription-marigot\/wp-content\/uploads\/sites\/126\/2025\/06\/IMG_7277-768x354.jpeg 768w, https:\/\/site.ac-martinique.fr\/circonscription-marigot\/wp-content\/uploads\/sites\/126\/2025\/06\/IMG_7277-1536x708.jpeg 1536w, https:\/\/site.ac-martinique.fr\/circonscription-marigot\/wp-content\/uploads\/sites\/126\/2025\/06\/IMG_7277-2048x944.jpeg 2048w, https:\/\/site.ac-martinique.fr\/circonscription-marigot\/wp-content\/uploads\/sites\/126\/2025\/06\/IMG_7277-1320x608.jpeg 1320w\" sizes=\"100vw\" \/><\/div><a class=\"wp-block-latest-posts__post-title\" href=\"https:\/\/site.ac-martinique.fr\/circonscription-marigot\/?p=2510\">Rallye Calcul@tice 2024-2025<\/a><\/li>\n<li><div class=\"wp-block-latest-posts__featured-image aligncenter\"><img decoding=\"async\" width=\"300\" height=\"122\" src=\"https:\/\/site.ac-martinique.fr\/circonscription-marigot\/wp-content\/uploads\/sites\/126\/2025\/06\/Capture-decran-2025-06-27-163855-300x122.png\" class=\"attachment-medium size-medium wp-post-image\" alt=\"\" style=\"\" srcset=\"https:\/\/site.ac-martinique.fr\/circonscription-marigot\/wp-content\/uploads\/sites\/126\/2025\/06\/Capture-decran-2025-06-27-163855-300x122.png 300w, https:\/\/site.ac-martinique.fr\/circonscription-marigot\/wp-content\/uploads\/sites\/126\/2025\/06\/Capture-decran-2025-06-27-163855-1024x416.png 1024w, https:\/\/site.ac-martinique.fr\/circonscription-marigot\/wp-content\/uploads\/sites\/126\/2025\/06\/Capture-decran-2025-06-27-163855-768x312.png 768w, https:\/\/site.ac-martinique.fr\/circonscription-marigot\/wp-content\/uploads\/sites\/126\/2025\/06\/Capture-decran-2025-06-27-163855-1320x536.png 1320w, https:\/\/site.ac-martinique.fr\/circonscription-marigot\/wp-content\/uploads\/sites\/126\/2025\/06\/Capture-decran-2025-06-27-163855.png 1465w\" sizes=\"100vw\" \/><\/div><a class=\"wp-block-latest-posts__post-title\" href=\"https:\/\/site.ac-martinique.fr\/circonscription-marigot\/?p=2504\">Cacul@tice 2025 : un rallye de calcul mental pour muscler les neurones en bin\u00f4me !<\/a><\/li>\n<li><a class=\"wp-block-latest-posts__post-title\" href=\"https:\/\/site.ac-martinique.fr\/circonscription-marigot\/?p=2359\">Banque d&rsquo;outils et de ressources &#8211; EBEP<\/a><\/li>\n<li><div class=\"wp-block-latest-posts__featured-image aligncenter\"><img loading=\"lazy\" decoding=\"async\" width=\"300\" height=\"300\" src=\"https:\/\/site.ac-martinique.fr\/circonscription-marigot\/wp-content\/uploads\/sites\/126\/2025\/03\/WhatsApp-Image-2025-03-24-a-14.41.38_f62f20be-300x300.jpg\" class=\"attachment-medium size-medium wp-post-image\" alt=\"\" style=\"\" srcset=\"https:\/\/site.ac-martinique.fr\/circonscription-marigot\/wp-content\/uploads\/sites\/126\/2025\/03\/WhatsApp-Image-2025-03-24-a-14.41.38_f62f20be-300x300.jpg 300w, https:\/\/site.ac-martinique.fr\/circonscription-marigot\/wp-content\/uploads\/sites\/126\/2025\/03\/WhatsApp-Image-2025-03-24-a-14.41.38_f62f20be-1024x1024.jpg 1024w, https:\/\/site.ac-martinique.fr\/circonscription-marigot\/wp-content\/uploads\/sites\/126\/2025\/03\/WhatsApp-Image-2025-03-24-a-14.41.38_f62f20be-150x150.jpg 150w, https:\/\/site.ac-martinique.fr\/circonscription-marigot\/wp-content\/uploads\/sites\/126\/2025\/03\/WhatsApp-Image-2025-03-24-a-14.41.38_f62f20be-768x768.jpg 768w, https:\/\/site.ac-martinique.fr\/circonscription-marigot\/wp-content\/uploads\/sites\/126\/2025\/03\/WhatsApp-Image-2025-03-24-a-14.41.38_f62f20be-100x100.jpg 100w, https:\/\/site.ac-martinique.fr\/circonscription-marigot\/wp-content\/uploads\/sites\/126\/2025\/03\/WhatsApp-Image-2025-03-24-a-14.41.38_f62f20be.jpg 1280w\" sizes=\"100vw\" \/><\/div><a class=\"wp-block-latest-posts__post-title\" href=\"https:\/\/site.ac-martinique.fr\/circonscription-marigot\/?p=2315\">Semaine des Maths \u00e0 l&rsquo;\u00c9cole L\u00e9on C\u00e9cile : Une C\u00e9l\u00e9bration Ludique des Math\u00e9matiques<\/a><\/li>\n<li><div class=\"wp-block-latest-posts__featured-image aligncenter\"><img loading=\"lazy\" decoding=\"async\" width=\"300\" height=\"99\" src=\"https:\/\/site.ac-martinique.fr\/circonscription-marigot\/wp-content\/uploads\/sites\/126\/2025\/03\/enigme-V.Bredas-300x99.jpg\" class=\"attachment-medium size-medium wp-post-image\" alt=\"\" style=\"\" srcset=\"https:\/\/site.ac-martinique.fr\/circonscription-marigot\/wp-content\/uploads\/sites\/126\/2025\/03\/enigme-V.Bredas-300x99.jpg 300w, https:\/\/site.ac-martinique.fr\/circonscription-marigot\/wp-content\/uploads\/sites\/126\/2025\/03\/enigme-V.Bredas.jpg 520w\" sizes=\"100vw\" \/><\/div><a class=\"wp-block-latest-posts__post-title\" href=\"https:\/\/site.ac-martinique.fr\/circonscription-marigot\/?p=2305\">Les \u00e9nigmes Math\u00e9matiques \u00e0 Valentine BREDAS<\/a><\/li>\n<li><div class=\"wp-block-latest-posts__featured-image aligncenter\"><img loading=\"lazy\" decoding=\"async\" width=\"300\" height=\"130\" src=\"https:\/\/site.ac-martinique.fr\/circonscription-marigot\/wp-content\/uploads\/sites\/126\/2024\/07\/IMG_4500-300x130.jpg\" class=\"attachment-medium size-medium wp-post-image\" alt=\"\" style=\"\" srcset=\"https:\/\/site.ac-martinique.fr\/circonscription-marigot\/wp-content\/uploads\/sites\/126\/2024\/07\/IMG_4500-300x130.jpg 300w, https:\/\/site.ac-martinique.fr\/circonscription-marigot\/wp-content\/uploads\/sites\/126\/2024\/07\/IMG_4500-1024x444.jpg 1024w, https:\/\/site.ac-martinique.fr\/circonscription-marigot\/wp-content\/uploads\/sites\/126\/2024\/07\/IMG_4500-768x333.jpg 768w, https:\/\/site.ac-martinique.fr\/circonscription-marigot\/wp-content\/uploads\/sites\/126\/2024\/07\/IMG_4500.jpg 1184w\" sizes=\"100vw\" \/><\/div><a class=\"wp-block-latest-posts__post-title\" href=\"https:\/\/site.ac-martinique.fr\/circonscription-marigot\/?p=1663\">Rallye Calcul@tice 2023-2024<\/a><\/li>\n<li><div class=\"wp-block-latest-posts__featured-image aligncenter\"><img loading=\"lazy\" decoding=\"async\" width=\"288\" height=\"175\" src=\"https:\/\/site.ac-martinique.fr\/circonscription-marigot\/wp-content\/uploads\/sites\/126\/2023\/10\/images-2.png\" class=\"attachment-medium size-medium wp-post-image\" alt=\"\" style=\"\" sizes=\"100vw\" \/><\/div><a class=\"wp-block-latest-posts__post-title\" href=\"https:\/\/site.ac-martinique.fr\/circonscription-marigot\/?p=1122\">Les petits Matheux<\/a><\/li>\n<li><div class=\"wp-block-latest-posts__featured-image aligncenter\"><img loading=\"lazy\" decoding=\"async\" width=\"300\" height=\"91\" src=\"https:\/\/site.ac-martinique.fr\/circonscription-marigot\/wp-content\/uploads\/sites\/126\/2023\/07\/logo-clc-couleurs-horizontal-transparent-300x91.png\" class=\"attachment-medium size-medium wp-post-image\" alt=\"\" style=\"\" srcset=\"https:\/\/site.ac-martinique.fr\/circonscription-marigot\/wp-content\/uploads\/sites\/126\/2023\/07\/logo-clc-couleurs-horizontal-transparent-300x91.png 300w, https:\/\/site.ac-martinique.fr\/circonscription-marigot\/wp-content\/uploads\/sites\/126\/2023\/07\/logo-clc-couleurs-horizontal-transparent-1024x312.png 1024w, https:\/\/site.ac-martinique.fr\/circonscription-marigot\/wp-content\/uploads\/sites\/126\/2023\/07\/logo-clc-couleurs-horizontal-transparent-768x234.png 768w, https:\/\/site.ac-martinique.fr\/circonscription-marigot\/wp-content\/uploads\/sites\/126\/2023\/07\/logo-clc-couleurs-horizontal-transparent.png 1280w\" sizes=\"100vw\" \/><\/div><a class=\"wp-block-latest-posts__post-title\" href=\"https:\/\/site.ac-martinique.fr\/circonscription-marigot\/?p=916\">Des \u00e9l\u00e8ves r\u00e9compens\u00e9s pour leurs r\u00e9sultats au Rallye Calcul@tice. (2022-2023)<\/a><\/li>\n<li><a class=\"wp-block-latest-posts__post-title\" href=\"https:\/\/site.ac-martinique.fr\/circonscription-marigot\/?p=672\">Plan de continuit\u00e9 p\u00e9dagogique en Math\u00e9matiques<\/a><\/li>\n<li><div class=\"wp-block-latest-posts__featured-image aligncenter\"><img loading=\"lazy\" decoding=\"async\" width=\"300\" height=\"150\" src=\"https:\/\/site.ac-martinique.fr\/circonscription-marigot\/wp-content\/uploads\/sites\/126\/2022\/10\/Leon-CECILE-300x150.jpeg\" class=\"attachment-medium size-medium wp-post-image\" alt=\"\" style=\"\" srcset=\"https:\/\/site.ac-martinique.fr\/circonscription-marigot\/wp-content\/uploads\/sites\/126\/2022\/10\/Leon-CECILE-300x150.jpeg 300w, https:\/\/site.ac-martinique.fr\/circonscription-marigot\/wp-content\/uploads\/sites\/126\/2022\/10\/Leon-CECILE-1024x513.jpeg 1024w, https:\/\/site.ac-martinique.fr\/circonscription-marigot\/wp-content\/uploads\/sites\/126\/2022\/10\/Leon-CECILE-768x384.jpeg 768w, https:\/\/site.ac-martinique.fr\/circonscription-marigot\/wp-content\/uploads\/sites\/126\/2022\/10\/Leon-CECILE-1536x769.jpeg 1536w, https:\/\/site.ac-martinique.fr\/circonscription-marigot\/wp-content\/uploads\/sites\/126\/2022\/10\/Leon-CECILE.jpeg 1600w\" sizes=\"100vw\" \/><\/div><a class=\"wp-block-latest-posts__post-title\" href=\"https:\/\/site.ac-martinique.fr\/circonscription-marigot\/?p=184\">Initiation \u00e0 Calcul@TICE sur le REP+ N\u00c9RO<\/a><\/li>\n<\/ul>","protected":false},"excerpt":{"rendered":"<p>Plan de continuit\u00e9 p\u00e9dagogique &#8211; mission math\u00e9matique 1er degr\u00e9 Site de la mission math\u00e9matique 1 degr\u00e9 Martinique : https:\/\/site.ac-martinique.fr\/pole-maths\/ Photos &hellip; <\/p>\n<p class=\"link-more\"><a href=\"https:\/\/site.ac-martinique.fr\/circonscription-marigot\/?page_id=661\" class=\"more-link\">Lire la suite&#8230;<span class=\"screen-reader-text\"> \u00ab\u00a0Math\u00e9matiques\u00a0\u00bb<\/span><\/a><\/p>\n","protected":false},"author":390,"featured_media":0,"parent":23,"menu_order":0,"comment_status":"closed","ping_status":"closed","template":"","meta":{"episode_type":"","audio_file":"","podmotor_file_id":"","podmotor_episode_id":"","cover_image":"","cover_image_id":"","duration":"","filesize":"","filesize_raw":"","date_recorded":"","explicit":"","block":"","itunes_episode_number":"","itunes_title":"","itunes_season_number":"","itunes_episode_type":"","footnotes":""},"class_list":["post-661","page","type-page","status-publish","hentry"],"_links":{"self":[{"href":"https:\/\/site.ac-martinique.fr\/circonscription-marigot\/index.php?rest_route=\/wp\/v2\/pages\/661","targetHints":{"allow":["GET"]}}],"collection":[{"href":"https:\/\/site.ac-martinique.fr\/circonscription-marigot\/index.php?rest_route=\/wp\/v2\/pages"}],"about":[{"href":"https:\/\/site.ac-martinique.fr\/circonscription-marigot\/index.php?rest_route=\/wp\/v2\/types\/page"}],"author":[{"embeddable":true,"href":"https:\/\/site.ac-martinique.fr\/circonscription-marigot\/index.php?rest_route=\/wp\/v2\/users\/390"}],"replies":[{"embeddable":true,"href":"https:\/\/site.ac-martinique.fr\/circonscription-marigot\/index.php?rest_route=%2Fwp%2Fv2%2Fcomments&post=661"}],"version-history":[{"count":10,"href":"https:\/\/site.ac-martinique.fr\/circonscription-marigot\/index.php?rest_route=\/wp\/v2\/pages\/661\/revisions"}],"predecessor-version":[{"id":1527,"href":"https:\/\/site.ac-martinique.fr\/circonscription-marigot\/index.php?rest_route=\/wp\/v2\/pages\/661\/revisions\/1527"}],"up":[{"embeddable":true,"href":"https:\/\/site.ac-martinique.fr\/circonscription-marigot\/index.php?rest_route=\/wp\/v2\/pages\/23"}],"wp:attachment":[{"href":"https:\/\/site.ac-martinique.fr\/circonscription-marigot\/index.php?rest_route=%2Fwp%2Fv2%2Fmedia&parent=661"}],"curies":[{"name":"wp","href":"https:\/\/api.w.org\/{rel}","templated":true}]}}