{"id":1010,"date":"2024-12-20T10:30:23","date_gmt":"2024-12-20T14:30:23","guid":{"rendered":"https:\/\/site.ac-martinique.fr\/circonscription-marin\/?page_id=1010"},"modified":"2024-12-20T10:30:23","modified_gmt":"2024-12-20T14:30:23","slug":"activites-eleves-impliques","status":"publish","type":"page","link":"https:\/\/site.ac-martinique.fr\/circonscription-marin\/?page_id=1010","title":{"rendered":"Activit\u00e9s \u00e9l\u00e8ves impliqu\u00e9s"},"content":{"rendered":"\n<div class=\"wp-block-file\"><a id=\"wp-block-file--media-210d152b-285d-4f4a-a2af-ad875f295669\" href=\"https:\/\/site.ac-martinique.fr\/circonscription-marin\/wp-content\/uploads\/sites\/134\/2024\/12\/SUIVI-FLUENCE-COMBINATOIRE-AVEC-IMPLICATION-EL.docx\">SUIVI FLUENCE &#8211; COMBINATOIRE AVEC IMPLICATION EL<\/a><a href=\"https:\/\/site.ac-martinique.fr\/circonscription-marin\/wp-content\/uploads\/sites\/134\/2024\/12\/SUIVI-FLUENCE-COMBINATOIRE-AVEC-IMPLICATION-EL.docx\" class=\"wp-block-file__button wp-element-button\" download aria-describedby=\"wp-block-file--media-210d152b-285d-4f4a-a2af-ad875f295669\">T\u00e9l\u00e9charger<\/a><\/div>\n\n\n\n<div class=\"wp-block-file\"><a id=\"wp-block-file--media-50105259-5b40-4b4f-89da-866cf93cf306\" href=\"https:\/\/site.ac-martinique.fr\/circonscription-marin\/wp-content\/uploads\/sites\/134\/2024\/12\/RDP-bus-V2.docx\">RDP bus V2<\/a><a href=\"https:\/\/site.ac-martinique.fr\/circonscription-marin\/wp-content\/uploads\/sites\/134\/2024\/12\/RDP-bus-V2.docx\" class=\"wp-block-file__button wp-element-button\" download aria-describedby=\"wp-block-file--media-50105259-5b40-4b4f-89da-866cf93cf306\">T\u00e9l\u00e9charger<\/a><\/div>\n\n\n\n<div class=\"wp-block-file\"><a id=\"wp-block-file--media-ccaab6bf-bf63-40db-9fcf-44ecff5a2831\" href=\"https:\/\/site.ac-martinique.fr\/circonscription-marin\/wp-content\/uploads\/sites\/134\/2024\/12\/Se-deplacer-et-relever-les-distances.docx\">Se d\u00e9placer et relever les distances<\/a><a href=\"https:\/\/site.ac-martinique.fr\/circonscription-marin\/wp-content\/uploads\/sites\/134\/2024\/12\/Se-deplacer-et-relever-les-distances.docx\" class=\"wp-block-file__button wp-element-button\" download aria-describedby=\"wp-block-file--media-ccaab6bf-bf63-40db-9fcf-44ecff5a2831\">T\u00e9l\u00e9charger<\/a><\/div>\n\n\n\n<div class=\"wp-block-file\"><a id=\"wp-block-file--media-bf9a37be-8876-4e7a-ac9a-02fcbe48c6d4\" href=\"https:\/\/site.ac-martinique.fr\/circonscription-marin\/wp-content\/uploads\/sites\/134\/2024\/12\/SUIVI-eleve-fluence-100p-100-lecteurs.docx\">SUIVI \u00e9l\u00e8ve fluence 100p 100 lecteurs<\/a><a href=\"https:\/\/site.ac-martinique.fr\/circonscription-marin\/wp-content\/uploads\/sites\/134\/2024\/12\/SUIVI-eleve-fluence-100p-100-lecteurs.docx\" class=\"wp-block-file__button wp-element-button\" download aria-describedby=\"wp-block-file--media-bf9a37be-8876-4e7a-ac9a-02fcbe48c6d4\">T\u00e9l\u00e9charger<\/a><\/div>\n\n\n\n<div class=\"wp-block-file\"><a id=\"wp-block-file--media-b6eb0845-044a-4d6d-abb1-797225ce731a\" href=\"https:\/\/site.ac-martinique.fr\/circonscription-marin\/wp-content\/uploads\/sites\/134\/2024\/12\/IMAGE-TETE-QUI-PARLE.docx\">IMAGE TETE QUI PARLE<\/a><a href=\"https:\/\/site.ac-martinique.fr\/circonscription-marin\/wp-content\/uploads\/sites\/134\/2024\/12\/IMAGE-TETE-QUI-PARLE.docx\" class=\"wp-block-file__button wp-element-button\" download aria-describedby=\"wp-block-file--media-b6eb0845-044a-4d6d-abb1-797225ce731a\">T\u00e9l\u00e9charger<\/a><\/div>\n\n\n\n<div class=\"wp-block-file\"><a id=\"wp-block-file--media-dca8a8a5-48f8-482f-a85e-8ec4b3d0deba\" href=\"https:\/\/site.ac-martinique.fr\/circonscription-marin\/wp-content\/uploads\/sites\/134\/2024\/12\/IMAGE-VOLANT-VOITURE.docx\">IMAGE VOLANT VOITURE<\/a><a href=\"https:\/\/site.ac-martinique.fr\/circonscription-marin\/wp-content\/uploads\/sites\/134\/2024\/12\/IMAGE-VOLANT-VOITURE.docx\" class=\"wp-block-file__button wp-element-button\" download aria-describedby=\"wp-block-file--media-dca8a8a5-48f8-482f-a85e-8ec4b3d0deba\">T\u00e9l\u00e9charger<\/a><\/div>\n","protected":false},"excerpt":{"rendered":"","protected":false},"author":444,"featured_media":0,"parent":0,"menu_order":0,"comment_status":"closed","ping_status":"closed","template":"","meta":{"inspiro_hide_title":false,"footnotes":""},"class_list":["post-1010","page","type-page","status-publish","hentry"],"_links":{"self":[{"href":"https:\/\/site.ac-martinique.fr\/circonscription-marin\/index.php?rest_route=\/wp\/v2\/pages\/1010","targetHints":{"allow":["GET"]}}],"collection":[{"href":"https:\/\/site.ac-martinique.fr\/circonscription-marin\/index.php?rest_route=\/wp\/v2\/pages"}],"about":[{"href":"https:\/\/site.ac-martinique.fr\/circonscription-marin\/index.php?rest_route=\/wp\/v2\/types\/page"}],"author":[{"embeddable":true,"href":"https:\/\/site.ac-martinique.fr\/circonscription-marin\/index.php?rest_route=\/wp\/v2\/users\/444"}],"replies":[{"embeddable":true,"href":"https:\/\/site.ac-martinique.fr\/circonscription-marin\/index.php?rest_route=%2Fwp%2Fv2%2Fcomments&post=1010"}],"version-history":[{"count":1,"href":"https:\/\/site.ac-martinique.fr\/circonscription-marin\/index.php?rest_route=\/wp\/v2\/pages\/1010\/revisions"}],"predecessor-version":[{"id":1019,"href":"https:\/\/site.ac-martinique.fr\/circonscription-marin\/index.php?rest_route=\/wp\/v2\/pages\/1010\/revisions\/1019"}],"wp:attachment":[{"href":"https:\/\/site.ac-martinique.fr\/circonscription-marin\/index.php?rest_route=%2Fwp%2Fv2%2Fmedia&parent=1010"}],"curies":[{"name":"wp","href":"https:\/\/api.w.org\/{rel}","templated":true}]}}