{"id":1057,"date":"2025-02-21T13:24:58","date_gmt":"2025-02-21T17:24:58","guid":{"rendered":"https:\/\/site.ac-martinique.fr\/circonscription-marin\/?page_id=1057"},"modified":"2025-02-21T13:24:59","modified_gmt":"2025-02-21T17:24:59","slug":"test-pole-ressource","status":"publish","type":"page","link":"https:\/\/site.ac-martinique.fr\/circonscription-marin\/?page_id=1057","title":{"rendered":"Test p\u00f4le ressource"},"content":{"rendered":"\n<p>Documents mis \u00e0 disposition :<\/p>\n\n\n\n<div class=\"wp-block-file\"><a id=\"wp-block-file--media-d02c2557-788c-44be-9d25-5025742dc9ae\" href=\"https:\/\/site.ac-martinique.fr\/circonscription-marin\/wp-content\/uploads\/sites\/134\/2025\/02\/Vocabulaire-et-eva-reperes-CP-CE1-24.pptx\">Vocabulaire et \u00e9va rep\u00e8res CP CE1 24<\/a><a href=\"https:\/\/site.ac-martinique.fr\/circonscription-marin\/wp-content\/uploads\/sites\/134\/2025\/02\/Vocabulaire-et-eva-reperes-CP-CE1-24.pptx\" class=\"wp-block-file__button wp-element-button\" download aria-describedby=\"wp-block-file--media-d02c2557-788c-44be-9d25-5025742dc9ae\">T\u00e9l\u00e9charger<\/a><\/div>\n\n\n\n<div class=\"wp-block-file\"><a id=\"wp-block-file--media-15202ce9-1458-4762-8bfe-3eedd274d7ce\" href=\"https:\/\/site.ac-martinique.fr\/circonscription-marin\/wp-content\/uploads\/sites\/134\/2025\/02\/FICHE-Enonce-VIERGE-Test-REPERE-WORD.docx\">FICHE  Enonc\u00e9  VIERGE Test REPERE  &#8211; WORD<\/a><a href=\"https:\/\/site.ac-martinique.fr\/circonscription-marin\/wp-content\/uploads\/sites\/134\/2025\/02\/FICHE-Enonce-VIERGE-Test-REPERE-WORD.docx\" class=\"wp-block-file__button wp-element-button\" download aria-describedby=\"wp-block-file--media-15202ce9-1458-4762-8bfe-3eedd274d7ce\">T\u00e9l\u00e9charger<\/a><\/div>\n\n\n\n<div class=\"wp-block-file\"><a id=\"wp-block-file--media-e736297f-1688-440b-9bd6-766438b82169\" href=\"https:\/\/site.ac-martinique.fr\/circonscription-marin\/wp-content\/uploads\/sites\/134\/2025\/02\/PETIT-POISSON-BLANC-TAPUSCRIT-el.docx\">PETIT POISSON BLANC TAPUSCRIT \u00e9l<\/a><a href=\"https:\/\/site.ac-martinique.fr\/circonscription-marin\/wp-content\/uploads\/sites\/134\/2025\/02\/PETIT-POISSON-BLANC-TAPUSCRIT-el.docx\" class=\"wp-block-file__button wp-element-button\" download aria-describedby=\"wp-block-file--media-e736297f-1688-440b-9bd6-766438b82169\">T\u00e9l\u00e9charger<\/a><\/div>\n\n\n\n<div class=\"wp-block-file\"><a id=\"wp-block-file--media-fee8cc82-dbee-4577-b382-183a35de55a2\" href=\"https:\/\/site.ac-martinique.fr\/circonscription-marin\/wp-content\/uploads\/sites\/134\/2025\/02\/CE2-24-Ex-1-La-poule-et-le-pommier-ex-complet.docx\">CE2 24 Ex 1 La poule et le pommier ex complet<\/a><a href=\"https:\/\/site.ac-martinique.fr\/circonscription-marin\/wp-content\/uploads\/sites\/134\/2025\/02\/CE2-24-Ex-1-La-poule-et-le-pommier-ex-complet.docx\" class=\"wp-block-file__button wp-element-button\" download aria-describedby=\"wp-block-file--media-fee8cc82-dbee-4577-b382-183a35de55a2\">T\u00e9l\u00e9charger<\/a><\/div>\n\n\n\n<div class=\"wp-block-file\"><a id=\"wp-block-file--media-50aa936e-4c17-4647-8fa1-93a994737dec\" href=\"https:\/\/site.ac-martinique.fr\/circonscription-marin\/wp-content\/uploads\/sites\/134\/2025\/02\/SUPPORT-EL-EVA-Lecture-ecriture-IEN-MARIN-fin-CP.docx\">SUPPORT EL EVA Lecture \u00e9criture IEN MARIN fin CP<\/a><a href=\"https:\/\/site.ac-martinique.fr\/circonscription-marin\/wp-content\/uploads\/sites\/134\/2025\/02\/SUPPORT-EL-EVA-Lecture-ecriture-IEN-MARIN-fin-CP.docx\" class=\"wp-block-file__button wp-element-button\" download aria-describedby=\"wp-block-file--media-50aa936e-4c17-4647-8fa1-93a994737dec\">T\u00e9l\u00e9charger<\/a><\/div>\n\n\n\n<div class=\"wp-block-file\"><a id=\"wp-block-file--media-222885c8-0554-49e7-8180-8baf460b4113\" href=\"https:\/\/site.ac-martinique.fr\/circonscription-marin\/wp-content\/uploads\/sites\/134\/2025\/02\/SUPPORT-PE-EVA-Lecture-ecriture-IEN-MARIN-fin-CP.docx\">SUPPORT PE EVA Lecture \u00e9criture IEN MARIN fin CP<\/a><a href=\"https:\/\/site.ac-martinique.fr\/circonscription-marin\/wp-content\/uploads\/sites\/134\/2025\/02\/SUPPORT-PE-EVA-Lecture-ecriture-IEN-MARIN-fin-CP.docx\" class=\"wp-block-file__button wp-element-button\" download aria-describedby=\"wp-block-file--media-222885c8-0554-49e7-8180-8baf460b4113\">T\u00e9l\u00e9charger<\/a><\/div>\n\n\n\n<div class=\"wp-block-file\"><a id=\"wp-block-file--media-f5ab2aa1-a352-421f-bc49-934d45155237\" href=\"https:\/\/site.ac-martinique.fr\/circonscription-marin\/wp-content\/uploads\/sites\/134\/2025\/02\/Decomposer-50-avec-presentation-reperes.docx\">D\u00e9composer 50 avec pr\u00e9sentation rep\u00e8res<\/a><a href=\"https:\/\/site.ac-martinique.fr\/circonscription-marin\/wp-content\/uploads\/sites\/134\/2025\/02\/Decomposer-50-avec-presentation-reperes.docx\" class=\"wp-block-file__button wp-element-button\" download aria-describedby=\"wp-block-file--media-f5ab2aa1-a352-421f-bc49-934d45155237\">T\u00e9l\u00e9charger<\/a><\/div>\n\n\n\n<div class=\"wp-block-file\"><a id=\"wp-block-file--media-c101d2e2-0290-4587-a9d0-4b95918a5e2a\" href=\"https:\/\/site.ac-martinique.fr\/circonscription-marin\/wp-content\/uploads\/sites\/134\/2025\/02\/Reperes-CM1-24-ex-8-Dictee-de-mots.docx\">Rep\u00e8res CM1 24 ex 8 Dict\u00e9e de mots<\/a><a href=\"https:\/\/site.ac-martinique.fr\/circonscription-marin\/wp-content\/uploads\/sites\/134\/2025\/02\/Reperes-CM1-24-ex-8-Dictee-de-mots.docx\" class=\"wp-block-file__button wp-element-button\" download aria-describedby=\"wp-block-file--media-c101d2e2-0290-4587-a9d0-4b95918a5e2a\">T\u00e9l\u00e9charger<\/a><\/div>\n\n\n\n<div class=\"wp-block-file\"><a id=\"wp-block-file--media-bc5ada14-3291-4985-ad17-36881565129b\" href=\"https:\/\/site.ac-martinique.fr\/circonscription-marin\/wp-content\/uploads\/sites\/134\/2025\/02\/La-poule-et-le-pommier-texte-seul.docx\">La poule et le pommier texte seul<\/a><a href=\"https:\/\/site.ac-martinique.fr\/circonscription-marin\/wp-content\/uploads\/sites\/134\/2025\/02\/La-poule-et-le-pommier-texte-seul.docx\" class=\"wp-block-file__button wp-element-button\" download aria-describedby=\"wp-block-file--media-bc5ada14-3291-4985-ad17-36881565129b\">T\u00e9l\u00e9charger<\/a><\/div>\n\n\n\n<div class=\"wp-block-file\"><a id=\"wp-block-file--media-23208bfc-8037-4d33-bab8-e3ede8029c90\" href=\"https:\/\/site.ac-martinique.fr\/circonscription-marin\/wp-content\/uploads\/sites\/134\/2025\/02\/PETIT-POISSON-BLANC-TAPUSCRIT.docx\">PETIT POISSON BLANC TAPUSCRIT<\/a><a href=\"https:\/\/site.ac-martinique.fr\/circonscription-marin\/wp-content\/uploads\/sites\/134\/2025\/02\/PETIT-POISSON-BLANC-TAPUSCRIT.docx\" class=\"wp-block-file__button wp-element-button\" download aria-describedby=\"wp-block-file--media-23208bfc-8037-4d33-bab8-e3ede8029c90\">T\u00e9l\u00e9charger<\/a><\/div>\n\n\n\n<div class=\"wp-block-file\"><a id=\"wp-block-file--media-34872f3e-bbd3-4c4b-85ca-e63300a177b8\" href=\"https:\/\/site.ac-martinique.fr\/circonscription-marin\/wp-content\/uploads\/sites\/134\/2025\/02\/PETIT-POISSON-BLANC-Grille-de-score-MCLM.docx\">PETIT POISSON BLANC Grille de score MCLM<\/a><a href=\"https:\/\/site.ac-martinique.fr\/circonscription-marin\/wp-content\/uploads\/sites\/134\/2025\/02\/PETIT-POISSON-BLANC-Grille-de-score-MCLM.docx\" class=\"wp-block-file__button wp-element-button\" download aria-describedby=\"wp-block-file--media-34872f3e-bbd3-4c4b-85ca-e63300a177b8\">T\u00e9l\u00e9charger<\/a><\/div>\n\n\n\n<div class=\"wp-block-file\"><a id=\"wp-block-file--media-9d3701a2-9c7f-40f1-b354-151c8edcf8c1\" href=\"https:\/\/site.ac-martinique.fr\/circonscription-marin\/wp-content\/uploads\/sites\/134\/2025\/02\/Compr-des-ph-CP-24-Mi-CP-25-CE1-24.pptx\">Compr des ph CP 24  Mi-CP 25 CE1 24<\/a><a href=\"https:\/\/site.ac-martinique.fr\/circonscription-marin\/wp-content\/uploads\/sites\/134\/2025\/02\/Compr-des-ph-CP-24-Mi-CP-25-CE1-24.pptx\" class=\"wp-block-file__button wp-element-button\" download aria-describedby=\"wp-block-file--media-9d3701a2-9c7f-40f1-b354-151c8edcf8c1\">T\u00e9l\u00e9charger<\/a><\/div>\n\n\n\n<div class=\"wp-block-file\"><a id=\"wp-block-file--media-d6c64fd8-776d-4965-b3e7-42f2adb6207e\" href=\"https:\/\/site.ac-martinique.fr\/circonscription-marin\/wp-content\/uploads\/sites\/134\/2025\/02\/Saladier-FICHE-DE-JEU-50.doc\">Saladier FICHE DE JEU 50<\/a><a href=\"https:\/\/site.ac-martinique.fr\/circonscription-marin\/wp-content\/uploads\/sites\/134\/2025\/02\/Saladier-FICHE-DE-JEU-50.doc\" class=\"wp-block-file__button wp-element-button\" download aria-describedby=\"wp-block-file--media-d6c64fd8-776d-4965-b3e7-42f2adb6207e\">T\u00e9l\u00e9charger<\/a><\/div>\n\n\n\n<div class=\"wp-block-file\"><a id=\"wp-block-file--media-ba287c7c-95fa-48e3-884b-371e2cb9f62b\" href=\"https:\/\/site.ac-martinique.fr\/circonscription-marin\/wp-content\/uploads\/sites\/134\/2025\/02\/FICHES-ELEVE-VIERGE.docx\">FICHES ELEVE VIERGE<\/a><a href=\"https:\/\/site.ac-martinique.fr\/circonscription-marin\/wp-content\/uploads\/sites\/134\/2025\/02\/FICHES-ELEVE-VIERGE.docx\" class=\"wp-block-file__button wp-element-button\" download aria-describedby=\"wp-block-file--media-ba287c7c-95fa-48e3-884b-371e2cb9f62b\">T\u00e9l\u00e9charger<\/a><\/div>\n\n\n\n<p><\/p>\n","protected":false},"excerpt":{"rendered":"<p>Documents mis \u00e0 disposition :<\/p>\n","protected":false},"author":444,"featured_media":0,"parent":0,"menu_order":0,"comment_status":"closed","ping_status":"closed","template":"","meta":{"inspiro_hide_title":false,"footnotes":""},"class_list":["post-1057","page","type-page","status-publish","hentry"],"_links":{"self":[{"href":"https:\/\/site.ac-martinique.fr\/circonscription-marin\/index.php?rest_route=\/wp\/v2\/pages\/1057","targetHints":{"allow":["GET"]}}],"collection":[{"href":"https:\/\/site.ac-martinique.fr\/circonscription-marin\/index.php?rest_route=\/wp\/v2\/pages"}],"about":[{"href":"https:\/\/site.ac-martinique.fr\/circonscription-marin\/index.php?rest_route=\/wp\/v2\/types\/page"}],"author":[{"embeddable":true,"href":"https:\/\/site.ac-martinique.fr\/circonscription-marin\/index.php?rest_route=\/wp\/v2\/users\/444"}],"replies":[{"embeddable":true,"href":"https:\/\/site.ac-martinique.fr\/circonscription-marin\/index.php?rest_route=%2Fwp%2Fv2%2Fcomments&post=1057"}],"version-history":[{"count":1,"href":"https:\/\/site.ac-martinique.fr\/circonscription-marin\/index.php?rest_route=\/wp\/v2\/pages\/1057\/revisions"}],"predecessor-version":[{"id":1075,"href":"https:\/\/site.ac-martinique.fr\/circonscription-marin\/index.php?rest_route=\/wp\/v2\/pages\/1057\/revisions\/1075"}],"wp:attachment":[{"href":"https:\/\/site.ac-martinique.fr\/circonscription-marin\/index.php?rest_route=%2Fwp%2Fv2%2Fmedia&parent=1057"}],"curies":[{"name":"wp","href":"https:\/\/api.w.org\/{rel}","templated":true}]}}