{"id":323,"date":"2023-10-07T17:25:05","date_gmt":"2023-10-07T21:25:05","guid":{"rendered":"https:\/\/site.ac-martinique.fr\/circonscription-marin\/?page_id=323"},"modified":"2023-10-07T18:48:58","modified_gmt":"2023-10-07T22:48:58","slug":"piste-de-travail-en-poesie","status":"publish","type":"page","link":"https:\/\/site.ac-martinique.fr\/circonscription-marin\/?page_id=323","title":{"rendered":"La po\u00e9sie comme outil de travail"},"content":{"rendered":"\n<p>La po\u00e9sie peut \u00eatre un outil puissant \u00e0 l&rsquo;\u00e9cole pour lutter contre le harc\u00e8lement de plusieurs mani\u00e8res : <\/p>\n\n\n\n<p><strong>1. Expression \u00e9motionnelle : <\/strong>La po\u00e9sie offre aux \u00e9l\u00e8ves un moyen cr\u00e9atif d&rsquo;exprimer leurs \u00e9motions, y compris celles li\u00e9es au harc\u00e8lement. \u00c9crire des po\u00e8mes sur leurs exp\u00e9riences peut aider les \u00e9l\u00e8ves \u00e0 mettre des mots sur leurs sentiments, ce qui peut \u00eatre th\u00e9rapeutique et favoriser la communication. <\/p>\n\n\n\n<p><strong>2. Empathie :<\/strong> La lecture et l&rsquo;\u00e9criture de po\u00e8mes permettent aux \u00e9l\u00e8ves de se mettre \u00e0 la place d&rsquo;autres personnes et de comprendre diff\u00e9rentes perspectives. Cela peut renforcer l&#8217;empathie et les encourager \u00e0 r\u00e9fl\u00e9chir aux cons\u00e9quences de leurs actions sur les autres, contribuant ainsi \u00e0 r\u00e9duire le harc\u00e8lement. <\/p>\n\n\n\n<p><strong>3. Sensibilisation :<\/strong> La po\u00e9sie peut \u00eatre utilis\u00e9e pour sensibiliser les \u00e9l\u00e8ves aux th\u00e8mes du respect, de la tol\u00e9rance et de l&rsquo;inclusion. Les po\u00e8mes qui abordent ces sujets de mani\u00e8re cr\u00e9ative peuvent susciter des discussions significatives sur le harc\u00e8lement et son impact. <\/p>\n\n\n\n<p><strong>4. Cr\u00e9ativit\u00e9 et estime de soi :<\/strong> La cr\u00e9ation de po\u00e8mes permet aux \u00e9l\u00e8ves de d\u00e9velopper leur cr\u00e9ativit\u00e9 et leur confiance en eux. En se sentant comp\u00e9tents dans cet art, les \u00e9l\u00e8ves peuvent renforcer leur estime de soi, ce qui peut les rendre plus r\u00e9silients face au harc\u00e8lement. <\/p>\n\n\n\n<p><strong>5. Communication non violente : <\/strong>La po\u00e9sie encourage une forme de communication non violente. Plut\u00f4t que d&rsquo;utiliser des mots ou des actions blessantes, les \u00e9l\u00e8ves peuvent exprimer leurs pens\u00e9es et leurs \u00e9motions de mani\u00e8re constructive \u00e0 travers la po\u00e9sie, ce qui peut contribuer \u00e0 r\u00e9duire les conflits et le harc\u00e8lement. <\/p>\n\n\n\n<p><strong>6. Cr\u00e9ation d&rsquo;une culture inclusive : <\/strong>L&rsquo;int\u00e9gration de la po\u00e9sie dans le programme scolaire peut promouvoir une culture scolaire inclusive o\u00f9 l&rsquo;expression artistique est valoris\u00e9e. Cela peut aider \u00e0 cr\u00e9er un environnement o\u00f9 chacun se sent respect\u00e9 et accept\u00e9, ce qui peut dissuader le harc\u00e8lement. <\/p>\n\n\n\n<p>En somme, la po\u00e9sie peut \u00eatre un outil efficace pour lutter contre le harc\u00e8lement \u00e0 l&rsquo;\u00e9cole en favorisant l&rsquo;expression \u00e9motionnelle, l&#8217;empathie, la cr\u00e9ativit\u00e9, la communication non violente et la cr\u00e9ation d&rsquo;une culture scolaire inclusive. Elle peut \u00e9galement sensibiliser les \u00e9l\u00e8ves aux enjeux li\u00e9s au harc\u00e8lement et les encourager \u00e0 agir de mani\u00e8re respectueuse envers leurs pairs.<\/p>\n\n\n\n<div data-wp-interactive=\"core\/file\" class=\"wp-block-file\"><object data-wp-bind--hidden=\"!state.hasPdfPreview\" hidden class=\"wp-block-file__embed\" data=\"https:\/\/site.ac-martinique.fr\/circonscription-marin\/wp-content\/uploads\/sites\/134\/2023\/10\/FICHE-DE-SEQUENCE-POESIE-En-guise-de-cauchemar-de-Joseph-Zobel.pdf\" type=\"application\/pdf\" style=\"width:100%;height:600px\" aria-label=\"Contenu embarqu\u00e9 FICHE-DE-SEQUENCE-POESIE-En-guise-de-cauchemar-de-Joseph-Zobel.\"><\/object><a id=\"wp-block-file--media-5bcff20e-808f-46b2-914f-62700158abfb\" href=\"https:\/\/site.ac-martinique.fr\/circonscription-marin\/wp-content\/uploads\/sites\/134\/2023\/10\/FICHE-DE-SEQUENCE-POESIE-En-guise-de-cauchemar-de-Joseph-Zobel.pdf\">FICHE-DE-SEQUENCE-POESIE-En-guise-de-cauchemar-de-Joseph-Zobel<\/a><a href=\"https:\/\/site.ac-martinique.fr\/circonscription-marin\/wp-content\/uploads\/sites\/134\/2023\/10\/FICHE-DE-SEQUENCE-POESIE-En-guise-de-cauchemar-de-Joseph-Zobel.pdf\" class=\"wp-block-file__button wp-element-button\" download aria-describedby=\"wp-block-file--media-5bcff20e-808f-46b2-914f-62700158abfb\">T\u00e9l\u00e9charger<\/a><\/div>\n\n\n\n<div data-wp-interactive=\"core\/file\" class=\"wp-block-file\"><object data-wp-bind--hidden=\"!state.hasPdfPreview\" hidden class=\"wp-block-file__embed\" data=\"https:\/\/site.ac-martinique.fr\/circonscription-marin\/wp-content\/uploads\/sites\/134\/2023\/10\/FICHES-DE-SEANCES-POESIE-En-guise-de-cauchemar-de-Joseph-Zobel.pdf\" type=\"application\/pdf\" style=\"width:100%;height:600px\" aria-label=\"Contenu embarqu\u00e9 FICHES-DE-SEANCES-POESIE-En-guise-de-cauchemar-de-Joseph-Zobel.\"><\/object><a id=\"wp-block-file--media-4d40535b-ee79-4d47-b68d-df6e029faac6\" href=\"https:\/\/site.ac-martinique.fr\/circonscription-marin\/wp-content\/uploads\/sites\/134\/2023\/10\/FICHES-DE-SEANCES-POESIE-En-guise-de-cauchemar-de-Joseph-Zobel.pdf\">FICHES-DE-SEANCES-POESIE-En-guise-de-cauchemar-de-Joseph-Zobel<\/a><a href=\"https:\/\/site.ac-martinique.fr\/circonscription-marin\/wp-content\/uploads\/sites\/134\/2023\/10\/FICHES-DE-SEANCES-POESIE-En-guise-de-cauchemar-de-Joseph-Zobel.pdf\" class=\"wp-block-file__button wp-element-button\" download aria-describedby=\"wp-block-file--media-4d40535b-ee79-4d47-b68d-df6e029faac6\">T\u00e9l\u00e9charger<\/a><\/div>\n\n\n\n<div data-wp-interactive=\"core\/file\" class=\"wp-block-file\"><object data-wp-bind--hidden=\"!state.hasPdfPreview\" hidden class=\"wp-block-file__embed\" data=\"https:\/\/site.ac-martinique.fr\/circonscription-marin\/wp-content\/uploads\/sites\/134\/2023\/10\/En-guise-de-cauchemar.pdf\" type=\"application\/pdf\" style=\"width:100%;height:600px\" aria-label=\"Contenu embarqu\u00e9 En-guise-de-cauchemar.\"><\/object><a id=\"wp-block-file--media-7e02da85-d569-4930-a840-7f467cef2edc\" href=\"https:\/\/site.ac-martinique.fr\/circonscription-marin\/wp-content\/uploads\/sites\/134\/2023\/10\/En-guise-de-cauchemar.pdf\">En-guise-de-cauchemar<\/a><a href=\"https:\/\/site.ac-martinique.fr\/circonscription-marin\/wp-content\/uploads\/sites\/134\/2023\/10\/En-guise-de-cauchemar.pdf\" class=\"wp-block-file__button wp-element-button\" download aria-describedby=\"wp-block-file--media-7e02da85-d569-4930-a840-7f467cef2edc\">T\u00e9l\u00e9charger<\/a><\/div>\n\n\n\n<div data-wp-interactive=\"core\/file\" class=\"wp-block-file\"><object data-wp-bind--hidden=\"!state.hasPdfPreview\" hidden class=\"wp-block-file__embed\" data=\"https:\/\/site.ac-martinique.fr\/circonscription-marin\/wp-content\/uploads\/sites\/134\/2023\/10\/Exemple-de-carnet-de-lecteur.pdf\" type=\"application\/pdf\" style=\"width:100%;height:600px\" aria-label=\"Contenu embarqu\u00e9 Exemple-de-carnet-de-lecteur.\"><\/object><a id=\"wp-block-file--media-c44d2169-e6ca-415a-99d9-036bb3a88b97\" href=\"https:\/\/site.ac-martinique.fr\/circonscription-marin\/wp-content\/uploads\/sites\/134\/2023\/10\/Exemple-de-carnet-de-lecteur.pdf\">Exemple-de-carnet-de-lecteur<\/a><a href=\"https:\/\/site.ac-martinique.fr\/circonscription-marin\/wp-content\/uploads\/sites\/134\/2023\/10\/Exemple-de-carnet-de-lecteur.pdf\" class=\"wp-block-file__button wp-element-button\" download aria-describedby=\"wp-block-file--media-c44d2169-e6ca-415a-99d9-036bb3a88b97\">T\u00e9l\u00e9charger<\/a><\/div>\n\n\n\n<div data-wp-interactive=\"core\/file\" class=\"wp-block-file\"><object data-wp-bind--hidden=\"!state.hasPdfPreview\" hidden class=\"wp-block-file__embed\" data=\"https:\/\/site.ac-martinique.fr\/circonscription-marin\/wp-content\/uploads\/sites\/134\/2023\/10\/Aide-a-la-comprehension-des-textes-narratifs.pdf\" type=\"application\/pdf\" style=\"width:100%;height:600px\" aria-label=\"Contenu embarqu\u00e9 Aide-a-la-comprehension-des-textes-narratifs.\"><\/object><a id=\"wp-block-file--media-d42ed041-23d0-4db0-a61c-8814917ce57a\" href=\"https:\/\/site.ac-martinique.fr\/circonscription-marin\/wp-content\/uploads\/sites\/134\/2023\/10\/Aide-a-la-comprehension-des-textes-narratifs.pdf\">Aide-a-la-comprehension-des-textes-narratifs<\/a><a href=\"https:\/\/site.ac-martinique.fr\/circonscription-marin\/wp-content\/uploads\/sites\/134\/2023\/10\/Aide-a-la-comprehension-des-textes-narratifs.pdf\" class=\"wp-block-file__button wp-element-button\" download aria-describedby=\"wp-block-file--media-d42ed041-23d0-4db0-a61c-8814917ce57a\">T\u00e9l\u00e9charger<\/a><\/div>\n","protected":false},"excerpt":{"rendered":"<p>La po\u00e9sie peut \u00eatre un outil puissant \u00e0 l&rsquo;\u00e9cole pour lutter contre le harc\u00e8lement de plusieurs mani\u00e8res : 1. Expression \u00e9motionnelle : La po\u00e9sie offre aux \u00e9l\u00e8ves un moyen cr\u00e9atif d&rsquo;exprimer leurs \u00e9motions, y compris celles li\u00e9es au harc\u00e8lement. \u00c9crire des po\u00e8mes sur leurs exp\u00e9riences peut aider les \u00e9l\u00e8ves \u00e0 mettre des mots sur leurs &hellip; <\/p>\n<p class=\"link-more\"><a href=\"https:\/\/site.ac-martinique.fr\/circonscription-marin\/?page_id=323\" class=\"more-link\">Lire la suite de<span class=\"screen-reader-text\">\u00ab\u00a0La po\u00e9sie comme outil de travail\u00a0\u00bb<\/span><\/a><\/p>\n","protected":false},"author":444,"featured_media":0,"parent":0,"menu_order":0,"comment_status":"closed","ping_status":"closed","template":"","meta":{"inspiro_hide_title":false,"footnotes":""},"class_list":["post-323","page","type-page","status-publish","hentry"],"_links":{"self":[{"href":"https:\/\/site.ac-martinique.fr\/circonscription-marin\/index.php?rest_route=\/wp\/v2\/pages\/323","targetHints":{"allow":["GET"]}}],"collection":[{"href":"https:\/\/site.ac-martinique.fr\/circonscription-marin\/index.php?rest_route=\/wp\/v2\/pages"}],"about":[{"href":"https:\/\/site.ac-martinique.fr\/circonscription-marin\/index.php?rest_route=\/wp\/v2\/types\/page"}],"author":[{"embeddable":true,"href":"https:\/\/site.ac-martinique.fr\/circonscription-marin\/index.php?rest_route=\/wp\/v2\/users\/444"}],"replies":[{"embeddable":true,"href":"https:\/\/site.ac-martinique.fr\/circonscription-marin\/index.php?rest_route=%2Fwp%2Fv2%2Fcomments&post=323"}],"version-history":[{"count":3,"href":"https:\/\/site.ac-martinique.fr\/circonscription-marin\/index.php?rest_route=\/wp\/v2\/pages\/323\/revisions"}],"predecessor-version":[{"id":346,"href":"https:\/\/site.ac-martinique.fr\/circonscription-marin\/index.php?rest_route=\/wp\/v2\/pages\/323\/revisions\/346"}],"wp:attachment":[{"href":"https:\/\/site.ac-martinique.fr\/circonscription-marin\/index.php?rest_route=%2Fwp%2Fv2%2Fmedia&parent=323"}],"curies":[{"name":"wp","href":"https:\/\/api.w.org\/{rel}","templated":true}]}}