{"id":373,"date":"2023-10-07T23:35:55","date_gmt":"2023-10-08T03:35:55","guid":{"rendered":"https:\/\/site.ac-martinique.fr\/circonscription-marin\/?page_id=373"},"modified":"2023-10-07T23:38:42","modified_gmt":"2023-10-08T03:38:42","slug":"contacts","status":"publish","type":"page","link":"https:\/\/site.ac-martinique.fr\/circonscription-marin\/?page_id=373","title":{"rendered":"Contacts"},"content":{"rendered":"\n<p><strong>T\u00e9l\u00e9phone du secr\u00e9tariat :<\/strong> 05 96 52 26 03<\/p>\n\n\n\n<p><strong>Adresse :<\/strong> Ancienne \u00e9cole du Morne Courbaril, MARIN, 97290<\/p>\n\n\n\n<p><strong>E-mail du secr\u00e9tariat :<\/strong> ce.9720060h@ac-martinique.fr<\/p>\n\n\n\n<p><strong>Horaires :<\/strong><\/p>\n\n\n\n<p>Lundi &#8211; Mardi &#8211; Jeudi &#8211; Vendredi<\/p>\n\n\n\n<p>Matin : 7h30 &#8211; 12h00<br>Apr\u00e8s-Midi : 13h30 &#8211; 17h30<\/p>\n","protected":false},"excerpt":{"rendered":"<p>T\u00e9l\u00e9phone du secr\u00e9tariat : 05 96 52 26 03 Adresse : Ancienne \u00e9cole du Morne Courbaril, MARIN, 97290 E-mail du secr\u00e9tariat : ce.9720060h@ac-martinique.fr Horaires : Lundi &#8211; Mardi &#8211; Jeudi &#8211; Vendredi Matin : 7h30 &#8211; 12h00Apr\u00e8s-Midi : 13h30 &#8211; 17h30<\/p>\n","protected":false},"author":444,"featured_media":0,"parent":0,"menu_order":0,"comment_status":"closed","ping_status":"closed","template":"","meta":{"inspiro_hide_title":false,"footnotes":""},"class_list":["post-373","page","type-page","status-publish","hentry"],"_links":{"self":[{"href":"https:\/\/site.ac-martinique.fr\/circonscription-marin\/index.php?rest_route=\/wp\/v2\/pages\/373","targetHints":{"allow":["GET"]}}],"collection":[{"href":"https:\/\/site.ac-martinique.fr\/circonscription-marin\/index.php?rest_route=\/wp\/v2\/pages"}],"about":[{"href":"https:\/\/site.ac-martinique.fr\/circonscription-marin\/index.php?rest_route=\/wp\/v2\/types\/page"}],"author":[{"embeddable":true,"href":"https:\/\/site.ac-martinique.fr\/circonscription-marin\/index.php?rest_route=\/wp\/v2\/users\/444"}],"replies":[{"embeddable":true,"href":"https:\/\/site.ac-martinique.fr\/circonscription-marin\/index.php?rest_route=%2Fwp%2Fv2%2Fcomments&post=373"}],"version-history":[{"count":2,"href":"https:\/\/site.ac-martinique.fr\/circonscription-marin\/index.php?rest_route=\/wp\/v2\/pages\/373\/revisions"}],"predecessor-version":[{"id":377,"href":"https:\/\/site.ac-martinique.fr\/circonscription-marin\/index.php?rest_route=\/wp\/v2\/pages\/373\/revisions\/377"}],"wp:attachment":[{"href":"https:\/\/site.ac-martinique.fr\/circonscription-marin\/index.php?rest_route=%2Fwp%2Fv2%2Fmedia&parent=373"}],"curies":[{"name":"wp","href":"https:\/\/api.w.org\/{rel}","templated":true}]}}