{"id":386,"date":"2023-10-09T09:49:39","date_gmt":"2023-10-09T13:49:39","guid":{"rendered":"https:\/\/site.ac-martinique.fr\/circonscription-marin\/?page_id=386"},"modified":"2023-10-09T10:07:25","modified_gmt":"2023-10-09T14:07:25","slug":"sensibiliser-courtes-videos","status":"publish","type":"page","link":"https:\/\/site.ac-martinique.fr\/circonscription-marin\/?page_id=386","title":{"rendered":"Sensibiliser : courtes vid\u00e9os"},"content":{"rendered":"\n<p><a href=\"https:\/\/www.vinzetlou.net\/fr\" data-type=\"link\" data-id=\"https:\/\/www.vinzetlou.net\/fr\">Cliquez ici pour acceder aux videos Vinz et Lou. Diff\u00e9rents th\u00e8mes pour aborder avec vos \u00e9l\u00e8ves le harc\u00e8lement.<\/a><br><br>Voici ici un exemple de vid\u00e9o pour sensibiliser au respect d&rsquo;autrui :<\/p>\n\n\n\n<figure class=\"wp-block-video\"><video height=\"240\" style=\"aspect-ratio: 320 \/ 240;\" width=\"320\" controls src=\"https:\/\/site.ac-martinique.fr\/circonscription-marin\/wp-content\/uploads\/sites\/134\/2023\/10\/Vinz-et-Lou-veillent-au-grain-Un-ptit-coin-de-paradis-YouTube-Low-Quality-240p-File2HD.com_-2.mp4\"><\/video><\/figure>\n","protected":false},"excerpt":{"rendered":"<p>Cliquez ici pour acceder aux videos Vinz et Lou. Diff\u00e9rents th\u00e8mes pour aborder avec vos \u00e9l\u00e8ves le harc\u00e8lement. Voici ici un exemple de vid\u00e9o pour sensibiliser au respect d&rsquo;autrui :<\/p>\n","protected":false},"author":444,"featured_media":0,"parent":0,"menu_order":0,"comment_status":"closed","ping_status":"closed","template":"","meta":{"inspiro_hide_title":false,"footnotes":""},"class_list":["post-386","page","type-page","status-publish","hentry"],"_links":{"self":[{"href":"https:\/\/site.ac-martinique.fr\/circonscription-marin\/index.php?rest_route=\/wp\/v2\/pages\/386","targetHints":{"allow":["GET"]}}],"collection":[{"href":"https:\/\/site.ac-martinique.fr\/circonscription-marin\/index.php?rest_route=\/wp\/v2\/pages"}],"about":[{"href":"https:\/\/site.ac-martinique.fr\/circonscription-marin\/index.php?rest_route=\/wp\/v2\/types\/page"}],"author":[{"embeddable":true,"href":"https:\/\/site.ac-martinique.fr\/circonscription-marin\/index.php?rest_route=\/wp\/v2\/users\/444"}],"replies":[{"embeddable":true,"href":"https:\/\/site.ac-martinique.fr\/circonscription-marin\/index.php?rest_route=%2Fwp%2Fv2%2Fcomments&post=386"}],"version-history":[{"count":2,"href":"https:\/\/site.ac-martinique.fr\/circonscription-marin\/index.php?rest_route=\/wp\/v2\/pages\/386\/revisions"}],"predecessor-version":[{"id":393,"href":"https:\/\/site.ac-martinique.fr\/circonscription-marin\/index.php?rest_route=\/wp\/v2\/pages\/386\/revisions\/393"}],"wp:attachment":[{"href":"https:\/\/site.ac-martinique.fr\/circonscription-marin\/index.php?rest_route=%2Fwp%2Fv2%2Fmedia&parent=386"}],"curies":[{"name":"wp","href":"https:\/\/api.w.org\/{rel}","templated":true}]}}