{"id":406,"date":"2023-10-09T12:34:20","date_gmt":"2023-10-09T16:34:20","guid":{"rendered":"https:\/\/site.ac-martinique.fr\/circonscription-marin\/?page_id=406"},"modified":"2023-10-14T11:24:31","modified_gmt":"2023-10-14T15:24:31","slug":"mathematiques","status":"publish","type":"page","link":"https:\/\/site.ac-martinique.fr\/circonscription-marin\/?page_id=406","title":{"rendered":"Math\u00e9matiques"},"content":{"rendered":"\n<p class=\"has-text-align-center has-white-color has-vivid-purple-background-color has-text-color has-background has-large-font-size\"><strong>Projet acad\u00e9mique : \u00ab\u00a0Petits Matheux\u00a0\u00bb<\/strong><\/p>\n\n\n\n<p><strong>Cliquez sur le lien ci-dessous pour acc\u00e9der au padlet complet :<\/strong><\/p>\n\n\n\n<p><a href=\"https:\/\/digipad.app\/p\/424909\/3ff890d6a1a12\">https:\/\/digipad.app\/p\/424909\/3ff890d6a1a12<\/a><\/p>\n\n\n\n<p class=\"has-text-align-left\">L&rsquo;objectif est de ritualiser la r\u00e9solution de probl\u00e8mes et le calcul, sous forme d&rsquo;ateliers dans les classes de CP et CE1. Ce Padlet regroupe le projet complet (dont le sch\u00e9ma d&rsquo;animation des ateliers), ainsi que le r\u00e9f\u00e9rentiel d&rsquo;utilisation. Les ressources sont class\u00e9es par packs. Plus qu&rsquo;un outil \u00ab\u00a0cl\u00e9 en main\u00a0\u00bb, c&rsquo;est une v\u00e9ritable d\u00e9marche que chacun devra s&rsquo;approprier afin de la mettre en oeuvre de mani\u00e8re optimale. La finalit\u00e9 est la prise en compte des difficult\u00e9s et progr\u00e8s de chacun pour am\u00e9liorer les comp\u00e9tences de tous nos \u00e9l\u00e8ves.&nbsp;<br>Madame LESUEUR est \u00e0 votre disposition pour tout compl\u00e9ment d&rsquo;informations. <\/p>\n\n\n\n<p class=\"has-text-align-center has-white-color has-vivid-purple-background-color has-text-color has-background has-large-font-size\"><strong>Banque de probl\u00e8mes<\/strong><\/p>\n\n\n\n<p><\/p>\n\n\n\n<div data-wp-interactive=\"core\/file\" class=\"wp-block-file\"><object data-wp-bind--hidden=\"!state.hasPdfPreview\" hidden class=\"wp-block-file__embed\" data=\"https:\/\/site.ac-martinique.fr\/circonscription-marin\/wp-content\/uploads\/sites\/134\/2023\/10\/BANQUE-DE-PROBLEMES-C2-DE-CIRCONSCRIPTION-1.pdf\" type=\"application\/pdf\" style=\"width:100%;height:600px\" aria-label=\"Contenu embarqu\u00e9 BANQUE-DE-PROBLEMES-C2-DE-CIRCONSCRIPTION-1.\"><\/object><a id=\"wp-block-file--media-aa7a4cdc-9f7c-4f16-a91e-8b4299082445\" href=\"https:\/\/site.ac-martinique.fr\/circonscription-marin\/wp-content\/uploads\/sites\/134\/2023\/10\/BANQUE-DE-PROBLEMES-C2-DE-CIRCONSCRIPTION-1.pdf\">BANQUE-DE-PROBLEMES-C2-DE-CIRCONSCRIPTION-1<\/a><a href=\"https:\/\/site.ac-martinique.fr\/circonscription-marin\/wp-content\/uploads\/sites\/134\/2023\/10\/BANQUE-DE-PROBLEMES-C2-DE-CIRCONSCRIPTION-1.pdf\" class=\"wp-block-file__button wp-element-button\" download aria-describedby=\"wp-block-file--media-aa7a4cdc-9f7c-4f16-a91e-8b4299082445\">T\u00e9l\u00e9charger<\/a><\/div>\n\n\n\n<div data-wp-interactive=\"core\/file\" class=\"wp-block-file\"><object data-wp-bind--hidden=\"!state.hasPdfPreview\" hidden class=\"wp-block-file__embed\" data=\"https:\/\/site.ac-martinique.fr\/circonscription-marin\/wp-content\/uploads\/sites\/134\/2023\/10\/Banque-de-problemes-C3-de-circo.pdf\" type=\"application\/pdf\" style=\"width:100%;height:600px\" aria-label=\"Contenu embarqu\u00e9 Banque-de-problemes-C3-de-circo.\"><\/object><a id=\"wp-block-file--media-0a1cf7a6-e214-44d3-974d-67bf48d1fbb8\" href=\"https:\/\/site.ac-martinique.fr\/circonscription-marin\/wp-content\/uploads\/sites\/134\/2023\/10\/Banque-de-problemes-C3-de-circo.pdf\">Banque-de-problemes-C3-de-circo<\/a><a href=\"https:\/\/site.ac-martinique.fr\/circonscription-marin\/wp-content\/uploads\/sites\/134\/2023\/10\/Banque-de-problemes-C3-de-circo.pdf\" class=\"wp-block-file__button wp-element-button\" download aria-describedby=\"wp-block-file--media-0a1cf7a6-e214-44d3-974d-67bf48d1fbb8\">T\u00e9l\u00e9charger<\/a><\/div>\n\n\n\n<div data-wp-interactive=\"core\/file\" class=\"wp-block-file\"><object data-wp-bind--hidden=\"!state.hasPdfPreview\" hidden class=\"wp-block-file__embed\" data=\"https:\/\/site.ac-martinique.fr\/circonscription-marin\/wp-content\/uploads\/sites\/134\/2023\/10\/Banque-problemes-Niv-1-a-Niv-6-10-problemes-par-semaine-IEN-MARIN-R-23.pdf\" type=\"application\/pdf\" style=\"width:100%;height:600px\" aria-label=\"Contenu embarqu\u00e9 Banque-problemes-Niv-1-a-Niv-6-10-problemes-par-semaine-IEN-MARIN-R-23.\"><\/object><a id=\"wp-block-file--media-93d45b55-bbdc-47dd-9be3-f81defbd39ad\" href=\"https:\/\/site.ac-martinique.fr\/circonscription-marin\/wp-content\/uploads\/sites\/134\/2023\/10\/Banque-problemes-Niv-1-a-Niv-6-10-problemes-par-semaine-IEN-MARIN-R-23.pdf\">Banque-problemes-Niv-1-a-Niv-6-10-problemes-par-semaine-IEN-MARIN-R-23<\/a><a href=\"https:\/\/site.ac-martinique.fr\/circonscription-marin\/wp-content\/uploads\/sites\/134\/2023\/10\/Banque-problemes-Niv-1-a-Niv-6-10-problemes-par-semaine-IEN-MARIN-R-23.pdf\" class=\"wp-block-file__button wp-element-button\" download aria-describedby=\"wp-block-file--media-93d45b55-bbdc-47dd-9be3-f81defbd39ad\">T\u00e9l\u00e9charger<\/a><\/div>\n\n\n\n<div class=\"wp-block-file\"><a id=\"wp-block-file--media-830be3b5-ce31-48ac-bbd9-126a722695d7\" href=\"https:\/\/site.ac-martinique.fr\/circonscription-marin\/wp-content\/uploads\/sites\/134\/2023\/10\/Banque-problemes-supports-manipulation.docx\">Banque-problemes-supports-manipulation<\/a><a href=\"https:\/\/site.ac-martinique.fr\/circonscription-marin\/wp-content\/uploads\/sites\/134\/2023\/10\/Banque-problemes-supports-manipulation.docx\" class=\"wp-block-file__button wp-element-button\" download aria-describedby=\"wp-block-file--media-830be3b5-ce31-48ac-bbd9-126a722695d7\">T\u00e9l\u00e9charger<\/a><\/div>\n","protected":false},"excerpt":{"rendered":"<p>Projet acad\u00e9mique : \u00ab\u00a0Petits Matheux\u00a0\u00bb Cliquez sur le lien ci-dessous pour acc\u00e9der au padlet complet : https:\/\/digipad.app\/p\/424909\/3ff890d6a1a12 L&rsquo;objectif est de ritualiser la r\u00e9solution de probl\u00e8mes et le calcul, sous forme d&rsquo;ateliers dans les classes de CP et CE1. Ce Padlet regroupe le projet complet (dont le sch\u00e9ma d&rsquo;animation des ateliers), ainsi que le r\u00e9f\u00e9rentiel d&rsquo;utilisation. &hellip; <\/p>\n<p class=\"link-more\"><a href=\"https:\/\/site.ac-martinique.fr\/circonscription-marin\/?page_id=406\" class=\"more-link\">Lire la suite de<span class=\"screen-reader-text\">\u00ab\u00a0Math\u00e9matiques\u00a0\u00bb<\/span><\/a><\/p>\n","protected":false},"author":444,"featured_media":0,"parent":0,"menu_order":0,"comment_status":"closed","ping_status":"closed","template":"","meta":{"inspiro_hide_title":false,"footnotes":""},"class_list":["post-406","page","type-page","status-publish","hentry"],"_links":{"self":[{"href":"https:\/\/site.ac-martinique.fr\/circonscription-marin\/index.php?rest_route=\/wp\/v2\/pages\/406","targetHints":{"allow":["GET"]}}],"collection":[{"href":"https:\/\/site.ac-martinique.fr\/circonscription-marin\/index.php?rest_route=\/wp\/v2\/pages"}],"about":[{"href":"https:\/\/site.ac-martinique.fr\/circonscription-marin\/index.php?rest_route=\/wp\/v2\/types\/page"}],"author":[{"embeddable":true,"href":"https:\/\/site.ac-martinique.fr\/circonscription-marin\/index.php?rest_route=\/wp\/v2\/users\/444"}],"replies":[{"embeddable":true,"href":"https:\/\/site.ac-martinique.fr\/circonscription-marin\/index.php?rest_route=%2Fwp%2Fv2%2Fcomments&post=406"}],"version-history":[{"count":5,"href":"https:\/\/site.ac-martinique.fr\/circonscription-marin\/index.php?rest_route=\/wp\/v2\/pages\/406\/revisions"}],"predecessor-version":[{"id":440,"href":"https:\/\/site.ac-martinique.fr\/circonscription-marin\/index.php?rest_route=\/wp\/v2\/pages\/406\/revisions\/440"}],"wp:attachment":[{"href":"https:\/\/site.ac-martinique.fr\/circonscription-marin\/index.php?rest_route=%2Fwp%2Fv2%2Fmedia&parent=406"}],"curies":[{"name":"wp","href":"https:\/\/api.w.org\/{rel}","templated":true}]}}